{"id":2088,"date":"2020-07-06T11:10:30","date_gmt":"2020-07-06T11:10:30","guid":{"rendered":"https:\/\/cooccio.com\/why-cooccio\/"},"modified":"2022-10-26T08:41:12","modified_gmt":"2022-10-26T08:41:12","slug":"why-cooccio","status":"publish","type":"page","link":"https:\/\/cooccio.com\/ca\/why-cooccio\/","title":{"rendered":"Per qu\u00e8 Coocci\u00f3?"},"content":{"rendered":"\t\n<section id=\"cabecera-block_faadf7f1d24478c2bc7e8109ecf164cc\" class=\"section section-cabecera interior\">\n\t<div class=\"section-wrapper\" style=\"background-image: url('https:\/\/cooccio.com\/wp-content\/uploads\/2020\/09\/MG_3948-1024x682.jpg')\">\n\t\t<div class=\"container\">\n\t\t\t<div class=\"row justify-content-center\">\n\t\t\t\t<div class=\"col-lg-7 text-lg-center\">\n\t\t\t\t\t\t\t\t\t\t<div class=\"subtitulo\">Per qu\u00e8 Coocci\u00f3?<\/div>\n\t\t\t\t\t\t\t\t\t\t<div class=\"titular color-blanco\">\n\t\t\t\t\t\tDesenes de negocis i emprenedors confien en nosaltres\t\t\t\t\t<\/div>\n\t\t\t\t<\/div>\n\t\t\t<\/div>\n\t\t<\/div>\n\t<\/div>\n<\/section>\n\n<section id=\"numeros-block_e3b7e9d6074b0b08d9975d25f909b631\" class=\"section section-numeros fondo-negro-claro\">\n\t<div class=\"section-wrapper\">\n\t\t<div class=\"container\">\n\t\t\t<div class=\"row justify-content-center\">\n\t\t\t\t<div class=\"col-12\">\n\t\t\t\t\t<div class=\"titulo-bloque color-blanco text-center\">\n\t\t\t\t\t\tCoocci\u00f3 en n\u00fameros\t\t\t\t\t<\/div>\n\t\t\t\t<\/div>\n\t\t\t<\/div>\n\t\t\t\t\t\t<div class=\"row justify-content-center\">\n\t\t\t\t\t\t\t\t<div class=\"col-6 col-lg-3 col-inea \">\n\t\t\t\t\t<div class=\"numero-elemento text-center\">\n\t\t\t\t\t\t<div class=\"numero color-naranja\">\n\t\t\t\t\t\t\t2016\t\t\t\t\t\t<\/div>\n\t\t\t\t\t\t<div class=\"texto color-blanco\">\n\t\t\t\t\t\t\tel nostre naixement\t\t\t\t\t\t<\/div>\n\t\t\t\t\t<\/div>\n\t\t\t\t<\/div>\n\t\t\t\t\t\t\t\t<div class=\"col-6 col-lg-3 col-inea \">\n\t\t\t\t\t<div class=\"numero-elemento text-center\">\n\t\t\t\t\t\t<div class=\"numero color-naranja\">\n\t\t\t\t\t\t\t1a\t\t\t\t\t\t<\/div>\n\t\t\t\t\t\t<div class=\"texto color-blanco\">\n\t\t\t\t\t\t\tincubadora gastron\u00f2mica i obrador compartit d\u2019Espanya\t\t\t\t\t\t<\/div>\n\t\t\t\t\t<\/div>\n\t\t\t\t<\/div>\n\t\t\t\t\t\t\t\t<div class=\"col-6 col-lg-3 col-inea \">\n\t\t\t\t\t<div class=\"numero-elemento text-center\">\n\t\t\t\t\t\t<div class=\"numero color-naranja\">\n\t\t\t\t\t\t\t520\t\t\t\t\t\t<\/div>\n\t\t\t\t\t\t<div class=\"texto color-blanco\">\n\t\t\t\t\t\t\tm2 de cuina de producci\u00f3 al centre de Barcelona\t\t\t\t\t\t<\/div>\n\t\t\t\t\t<\/div>\n\t\t\t\t<\/div>\n\t\t\t\t\t\t\t\t<div class=\"col-6 col-lg-3 col-inea \">\n\t\t\t\t\t<div class=\"numero-elemento text-center\">\n\t\t\t\t\t\t<div class=\"numero color-naranja\">\n\t\t\t\t\t\t\t1a\t\t\t\t\t\t<\/div>\n\t\t\t\t\t\t<div class=\"texto color-blanco\">\n\t\t\t\t\t\t\tdark Kitchen compartida d\u2019Espanya\t\t\t\t\t\t<\/div>\n\t\t\t\t\t<\/div>\n\t\t\t\t<\/div>\n\t\t\t\t\t\t\t\t<div class=\"col-6 col-lg-3 col-inea \">\n\t\t\t\t\t<div class=\"numero-elemento text-center\">\n\t\t\t\t\t\t<div class=\"numero color-naranja\">\n\t\t\t\t\t\t\t+475\t\t\t\t\t\t<\/div>\n\t\t\t\t\t\t<div class=\"texto color-blanco\">\n\t\t\t\t\t\t\tusuaris\t\t\t\t\t\t<\/div>\n\t\t\t\t\t<\/div>\n\t\t\t\t<\/div>\n\t\t\t\t\t\t\t\t<div class=\"col-6 col-lg-3 col-inea \">\n\t\t\t\t\t<div class=\"numero-elemento text-center\">\n\t\t\t\t\t\t<div class=\"numero color-naranja\">\n\t\t\t\t\t\t\t+50000 \t\t\t\t\t\t<\/div>\n\t\t\t\t\t\t<div class=\"texto color-blanco\">\n\t\t\t\t\t\t\thores a l\u2019obrador\t\t\t\t\t\t<\/div>\n\t\t\t\t\t<\/div>\n\t\t\t\t<\/div>\n\t\t\t\t\t\t\t\t<div class=\"col-6 col-lg-3 col-inea \">\n\t\t\t\t\t<div class=\"numero-elemento text-center\">\n\t\t\t\t\t\t<div class=\"numero color-naranja\">\n\t\t\t\t\t\t\t+30 \t\t\t\t\t\t<\/div>\n\t\t\t\t\t\t<div class=\"texto color-blanco\">\n\t\t\t\t\t\t\trestaurants de delivery des de 2018\t\t\t\t\t\t<\/div>\n\t\t\t\t\t<\/div>\n\t\t\t\t<\/div>\n\t\t\t\t\t\t\t\t<div class=\"col-6 col-lg-3 col-inea \">\n\t\t\t\t\t<div class=\"numero-elemento text-center\">\n\t\t\t\t\t\t<div class=\"numero color-naranja\">\n\t\t\t\t\t\t\t24h\t\t\t\t\t\t<\/div>\n\t\t\t\t\t\t<div class=\"texto color-blanco\">\n\t\t\t\t\t\t\tobert cada dia tots els dies de l\u2019any\t\t\t\t\t\t<\/div>\n\t\t\t\t\t<\/div>\n\t\t\t\t<\/div>\n\t\t\t\t\t\t\t\t\t\n\t\t\t<\/div>\n\t\t\t\t\t<\/div>\n\t<\/div>\n<\/section>\n\n<section id=\"ventajas-block_86adac970b81109e444731642b074d8e\" class=\"section section-ventajas\">\n\t<div class=\"section-wrapper\">\n\t\t<div class=\"container\">\n\t\t\t\n\t\t\t\t\t\t\n\t\t<\/div>\n\t\t<div class=\"container\">\t\n\t\t\t\n\t\t\t\t\t\t<div class=\"listado-ventajas mt-0\">\n\t\t\t\t\t\t\t\t\n\t\t\t\t\n\t\t\t\t<div class=\"row\">\n\t\t\t\t\t\n\t\t\t\t\t\t\t\t\t\t\n\t\t\t\t\t<div class=\"col-lg-4\">\n\t\t\t\t\t\t<div class=\"elemento\" data-mh=\"equal\">\n\t\t\t\t\t\t\t\t\t\t\t\t\t\t<div class=\"titulo-elemento deco color-negro deco-naranja deco-align-left with-other-classes\">\n\t\t\t\t\t\t\t\tLegal\t\t\t\t\t\t\t<\/div>\n\t\t\t\t\t\t\t\t\t\t\t\t\t\t<div class=\"listado color-negro\">\n\t\t\t\t\t\t\t\t\t\t\t\t\t\t\t\t\t\t\t\t\t\t\t\t<ul class=\"list-unstyled color-negro\">\n\t\t\t\t\t\t\t\t\t\t\t\t\t\t\t\t\t\t\n\t\t\t\t\t\t\t\t\t<li>\n\t\t\t\t\t\t\t\t\t\t\t\t\t\t\t\t\t\t\t\t\tProduir a Coocci\u00f3 permet vendre legalment i amb seguretat\t\t\t\t\t\t\t\t\t\t\t\t\t\t\t\t\t\t\t<\/li>\n\t\t\t\t\t\t\t\t\t\t\t\t\t\t\t\t\t\t\n\t\t\t\t\t\t\t\t\t<li>\n\t\t\t\t\t\t\t\t\t\t\t\t\t\t\t\t\t\t\t\t\tCoocci\u00f3 compleix amb els requisits de l\u2019Ag\u00e8ncia de Salut P\u00fablica de Barcelona per a operar sota registre sanitari minorista o industrial\t\t\t\t\t\t\t\t\t\t\t\t\t\t\t\t\t\t\t<\/li>\n\t\t\t\t\t\t\t\t\t\t\t\t\t\t\t\t\t\t\n\t\t\t\t\t\t\t\t\t<li>\n\t\t\t\t\t\t\t\t\t\t\t\t\t\t\t\t\t\t\t\t\t\t\t\t\t\t\t\t\t\t\t\t\t\t\t\t\t\t\t\t<\/li>\n\t\t\t\t\t\t\t\t\t\t\t\t\t\t\t\t\t\t\n\t\t\t\t\t\t\t\t\t<li>\n\t\t\t\t\t\t\t\t\t\t\t\t\t\t\t\t\t\t\t\t\t\t\t\t\t\t\t\t\t\t\t\t\t\t\t\t\t\t\t\t<\/li>\n\t\t\t\t\t\t\t\t\t\t\t\t\t\t\t\t\t\t\n\t\t\t\t\t\t\t\t\t<li>\n\t\t\t\t\t\t\t\t\t\t\t\t\t\t\t\t\t\t\t\t\t\t\t\t\t\t\t\t\t\t\t\t\t\t\t\t\t\t\t\t<\/li>\n\t\t\t\t\t\t\t\t\t\t\t\t\t\t\t\t\t<\/ul>\n\t\t\t\t\t\t\t\t\t\t\t\t\t\t\t<\/div>\n\t\t\t\t\t\t<\/div>\n\t\t\t\t\t<\/div>\n\t\t\t\t\t\t\t\t\t\t\n\t\t\t\t\t<div class=\"col-lg-4\">\n\t\t\t\t\t\t<div class=\"elemento\" data-mh=\"equal\">\n\t\t\t\t\t\t\t\t\t\t\t\t\t\t<div class=\"titulo-elemento deco color-negro deco-naranja deco-align-left with-other-classes\">\n\t\t\t\t\t\t\t\tCertificat\t\t\t\t\t\t\t<\/div>\n\t\t\t\t\t\t\t\t\t\t\t\t\t\t<div class=\"listado color-negro\">\n\t\t\t\t\t\t\t\t\t\t\t\t\t\t\t\t\t\t\t\t\t\t\t\t<ul class=\"list-unstyled color-negro\">\n\t\t\t\t\t\t\t\t\t\t\t\t\t\t\t\t\t\t\n\t\t\t\t\t\t\t\t\t<li>\n\t\t\t\t\t\t\t\t\t\t\t\t\t\t\t\t\t\t\t\t\tComplim amb els requisits de CCPAE per a obtenir la certificaci\u00f3 de la teva producci\u00f3 ecol\u00f2gica\t\t\t\t\t\t\t\t\t\t\t\t\t\t\t\t\t\t\t<\/li>\n\t\t\t\t\t\t\t\t\t\t\t\t\t\t\t\t\t\t\n\t\t\t\t\t\t\t\t\t<li>\n\t\t\t\t\t\t\t\t\t\t\t\t\t\t\t\t\t\t\t\t\tSi necessites qualsevol altre segell de qualitat o distintiu, t\u2019ajudem\t\t\t\t\t\t\t\t\t\t\t\t\t\t\t\t\t\t\t<\/li>\n\t\t\t\t\t\t\t\t\t\t\t\t\t\t\t\t\t<\/ul>\n\t\t\t\t\t\t\t\t\t\t\t\t\t\t\t<\/div>\n\t\t\t\t\t\t<\/div>\n\t\t\t\t\t<\/div>\n\t\t\t\t\t\t\t\t\t\t\n\t\t\t\t\t<div class=\"col-lg-4\">\n\t\t\t\t\t\t<div class=\"elemento\" data-mh=\"equal\">\n\t\t\t\t\t\t\t\t\t\t\t\t\t\t<div class=\"titulo-elemento deco color-negro deco-naranja deco-align-left with-other-classes\">\n\t\t\t\t\t\t\t\t Despeses d\u2019un obrador\t\t\t\t\t\t\t<\/div>\n\t\t\t\t\t\t\t\t\t\t\t\t\t\t<div class=\"listado color-negro\">\n\t\t\t\t\t\t\t\t\t\t\t\t\t\t\t\t\t<div class=\"subtitulo-elemento color-negro\">Inclosos a la teva tarifa a Coocci\u00f3<\/div>\n\t\t\t\t\t\t\t\t\t\t\t\t\t\t\t\t\t\t\t\t\t\t\t\t<ul class=\"list-unstyled color-negro\">\n\t\t\t\t\t\t\t\t\t\t\t\t\t\t\t\t\t\t\n\t\t\t\t\t\t\t\t\t<li>\n\t\t\t\t\t\t\t\t\t\t\t\t\t\t\t\t\t\t\t\t\t\u2014 Lloguer de local i llic\u00e8ncia\t\t\t\t\t\t\t\t\t\t\t\t\t\t\t\t\t\t\t<\/li>\n\t\t\t\t\t\t\t\t\t\t\t\t\t\t\t\t\t\t\n\t\t\t\t\t\t\t\t\t<li>\n\t\t\t\t\t\t\t\t\t\t\t\t\t\t\t\t\t\t\t\t\t\u2014 Llic\u00e8ncia d\u2019activitat\t\t\t\t\t\t\t\t\t\t\t\t\t\t\t\t\t\t\t<\/li>\n\t\t\t\t\t\t\t\t\t\t\t\t\t\t\t\t\t\t\n\t\t\t\t\t\t\t\t\t<li>\n\t\t\t\t\t\t\t\t\t\t\t\t\t\t\t\t\t\t\t\t\t\u2014 Registre sanitari\t\t\t\t\t\t\t\t\t\t\t\t\t\t\t\t\t\t\t<\/li>\n\t\t\t\t\t\t\t\t\t\t\t\t\t\t\t\t\t\t\n\t\t\t\t\t\t\t\t\t<li>\n\t\t\t\t\t\t\t\t\t\t\t\t\t\t\t\t\t\t\t\t\t\u2014 Subministraments\t\t\t\t\t\t\t\t\t\t\t\t\t\t\t\t\t\t\t<\/li>\n\t\t\t\t\t\t\t\t\t\t\t\t\t\t\t\t\t\t\n\t\t\t\t\t\t\t\t\t<li>\n\t\t\t\t\t\t\t\t\t\t\t\t\t\t\t\t\t\t\t\t\t\u2014 Neteja i manteniment\t\t\t\t\t\t\t\t\t\t\t\t\t\t\t\t\t\t\t<\/li>\n\t\t\t\t\t\t\t\t\t\t\t\t\t\t\t\t\t\t\n\t\t\t\t\t\t\t\t\t<li>\n\t\t\t\t\t\t\t\t\t\t\t\t\t\t\t\t\t\t\t\t\t\u2014 Gesti\u00f3 de residus\t\t\t\t\t\t\t\t\t\t\t\t\t\t\t\t\t\t\t<\/li>\n\t\t\t\t\t\t\t\t\t\t\t\t\t\t\t\t\t\t\n\t\t\t\t\t\t\t\t\t<li>\n\t\t\t\t\t\t\t\t\t\t\t\t\t\t\t\t\t\t\t\t\t\u2014 Control de plagues\t\t\t\t\t\t\t\t\t\t\t\t\t\t\t\t\t\t\t<\/li>\n\t\t\t\t\t\t\t\t\t\t\t\t\t\t\t\t\t\t\n\t\t\t\t\t\t\t\t\t<li>\n\t\t\t\t\t\t\t\t\t\t\t\t\t\t\t\t\t\t\t\t\t\u2014 Taxes i impostos\t\t\t\t\t\t\t\t\t\t\t\t\t\t\t\t\t\t\t<\/li>\n\t\t\t\t\t\t\t\t\t\t\t\t\t\t\t\t\t\t\n\t\t\t\t\t\t\t\t\t<li>\n\t\t\t\t\t\t\t\t\t\t\t\t\t\t\t\t\t\t\t\t\t\u2014 Alarma i internet\t\t\t\t\t\t\t\t\t\t\t\t\t\t\t\t\t\t\t<\/li>\n\t\t\t\t\t\t\t\t\t\t\t\t\t\t\t\t\t\t\n\t\t\t\t\t\t\t\t\t<li>\n\t\t\t\t\t\t\t\t\t\t\t\t\t\t\t\t\t\t\t\t\t\u2014 Assegurances i PRL\t\t\t\t\t\t\t\t\t\t\t\t\t\t\t\t\t\t\t<\/li>\n\t\t\t\t\t\t\t\t\t\t\t\t\t\t\t\t\t<\/ul>\n\t\t\t\t\t\t\t\t\t\t\t\t\t\t\t<\/div>\n\t\t\t\t\t\t<\/div>\n\t\t\t\t\t<\/div>\n\t\t\t\t\t\t\t\t\t<\/div>\n\t\t\t<\/div>\n\t\t\t\t\t<\/div>\n\t<\/div>\n<\/section>\n\n\n\n\n\n\n<hr>\n\n\n<section id=\"reviews-block_54695ee9471e2e9339b9045f564b65b3\" class=\"section section-reviews\">\n\t<div class=\"section-wrapper\">\n\t\t<div class=\"container\">\n\t\t\t<div class=\"row justify-content-center\">\n\t\t\t\t<div class=\"col-12\">\n\t\t\t\t\t<div class=\"titulo-bloque color-negro text-center\">\n\t\t\t\t\t\tRessenyes\t\t\t\t\t<\/div>\n\t\t\t\t<\/div>\n\t\t\t<\/div>\n\t\t\t\n\t\t\t\n\t\t\t\n\t\t\t\n\t\t\t<div class=\"row justify-content-center\">\n\t\t\t\t\n\t\t\t\t\t\t\t\t<div class=\"col-lg-4\">\n\t\t\t\t\t<div class=\"review\">\n\t\t\t\t\t\t                        <div class=\"rating\">\n\t                        \n\t                        <span class=\"fas fa-star active\"><\/span><span class=\"fas fa-star active\"><\/span><span class=\"fas fa-star active\"><\/span><span class=\"fas fa-star active\"><\/span><span class=\"fas fa-star active\"><\/span>                        <\/div>\n                                                                        <div class=\"text\">\n\t                       <p>&#8220;El mejor sitio para empezar tu negocio, unas instalaciones incre\u00edbles y una atenci\u00f3n personalizada espectacular.&#8221;<\/p>\n                        <\/div>\n                                                \n                                                <div class=\"meta-data\">\n\t                        \t                        <div class=\"nombre\">\n\t\t                        Nice cookies bcn\t                        <\/div>\n\t                        \t                        \t                        <div class=\"posicion\">\n\t\t                        www.nicecookiesbcn.com\t                        <\/div>\n\t                                                <\/div>\n                                            <\/div>\t\t\t\t\t\t\t\t\n\t\t\t\t<\/div>\n\t\t\t\t\n\t\t\t\t\t\t\t\t<div class=\"col-lg-4\">\n\t\t\t\t\t<div class=\"review\">\n\t\t\t\t\t\t                        <div class=\"rating\">\n\t                        \n\t                        <span class=\"fas fa-star active\"><\/span><span class=\"fas fa-star active\"><\/span><span class=\"fas fa-star active\"><\/span><span class=\"fas fa-star active\"><\/span><span class=\"fas fa-star active\"><\/span>                        <\/div>\n                                                                        <div class=\"text\">\n\t                       <p>\u201cCoocci\u00f3 es un proyecto \u00fanico y polivalente, en donde nuevos emprendedores, ideas e iniciativas pueden crecer. Siempre han estado dispuestos a colaborar, conectar y asesorar mi proyecto personal.&#8221;<\/p>\n                        <\/div>\n                                                \n                                                <div class=\"meta-data\">\n\t                        \t                        <div class=\"nombre\">\n\t\t                        Ana Cec\u00edlia P\u00e9rez Mendoza\t                        <\/div>\n\t                        \t                                                <\/div>\n                                            <\/div>\t\t\t\t\t\t\t\t\n\t\t\t\t<\/div>\n\t\t\t\t\n\t\t\t\t<\/div><div class=\"row justify-content-center\">\t\t\t\t<div class=\"col-lg-4\">\n\t\t\t\t\t<div class=\"review\">\n\t\t\t\t\t\t                        <div class=\"rating\">\n\t                        \n\t                        <span class=\"fas fa-star active\"><\/span><span class=\"fas fa-star active\"><\/span><span class=\"fas fa-star active\"><\/span><span class=\"fas fa-star active\"><\/span><span class=\"fal fa-star\"><\/span>                        <\/div>\n                                                                        <div class=\"text\">\n\t                       <p>\u201cCooworking de cocineros!! \u2764\ufe0f\u2764\ufe0f un lugar ideal para hacer tus trabajos, pruebas, producciones culinarias la \u00fanica pega: mucha demanda !! La atenci\u00f3n de Neus, la coordinadora del espacio es correctisima&#8221;<\/p>\n                        <\/div>\n                                                \n                                                <div class=\"meta-data\">\n\t                        \t                        <div class=\"nombre\">\n\t\t                        Diego Rossini\t                        <\/div>\n\t                        \t                                                <\/div>\n                                            <\/div>\t\t\t\t\t\t\t\t\n\t\t\t\t<\/div>\n\t\t\t\t\n\t\t\t\t\t\t\t\t<div class=\"col-lg-4\">\n\t\t\t\t\t<div class=\"review\">\n\t\t\t\t\t\t                        <div class=\"rating\">\n\t                        \n\t                        <span class=\"fas fa-star active\"><\/span><span class=\"fas fa-star active\"><\/span><span class=\"fas fa-star active\"><\/span><span class=\"fas fa-star active\"><\/span><span class=\"fas fa-star active\"><\/span>                        <\/div>\n                                                                        <div class=\"text\">\n\t                       <p>&#8220;Local para j\u00f3venes emprendedores. Si quieres arrancar tu negocio, sin apenas inversi\u00f3n&#8230; Este es tu sitio!!! Es el centro log\u00edstico de mi empresa, si me visit\u00e1is&#8230; Os explicar\u00e9 m\u00e1s cositas!!!&#8221;<\/p>\n                        <\/div>\n                                                \n                                                <div class=\"meta-data\">\n\t                        \t                        <div class=\"nombre\">\n\t\t                        Violant M\u00e1rquez\t                        <\/div>\n\t                        \t                        \t                        <div class=\"posicion\">\n\t\t                        www.violantmarquez.com\t                        <\/div>\n\t                                                <\/div>\n                                            <\/div>\t\t\t\t\t\t\t\t\n\t\t\t\t<\/div>\n\t\t\t\t\n\t\t\t\t\t\t\t\t\n\t\t\t<\/div>\n\t\t\t\n\t\t<\/div>\n\t<\/div>\n<\/section>\n\n\n\t\n<section id=\"servicios-home-block_5f0eca85fe31d\" class=\"section section-servicios-iconos fondo-marron-claro\">\n\t<div class=\"section-wrapper\">\n\t\t<div class=\"container\">\n\t\t\t<div class=\"row justify-content-center\">\n\t\t\t\t<div class=\"col-lg-6 text-center\">\n\t\t\t\t\t<div class=\"titulo\">\n\t\t\t\t\t\tEn qu\u00e8 podem ajudar-te?\t\t\t\t\t<\/div>\n\t\t\t\t<\/div>\n\t\t\t<\/div>\n\t\t\t\n\t\t\t\t\t\t\n\t\t\t<div class=\"row\">\n\t\t\t\t\n\t\t\t\t\t\t\t\t\n\t\t\t\t<div class=\"col-6 col-lg-3 serv\">\n\t\t\t\t\t<div class=\"servicio\">\n\t\t\t\t\t\t\t\t\t\t\t\t<a href=\"https:\/\/cooccio.com\/obrador\/\">\n\t\t\t\t\t\t\t\t\t\t\t\t<div class=\"icono\" data-mh=\"equal\">\n\t\t\t\t\t\t\t<img decoding=\"async\" src=\"https:\/\/cooccio.com\/wp-content\/uploads\/2020\/07\/cuchillo-1.svg\" class=\"img-fluid\">\n\t\t\t\t\t\t<\/div>\n\t\t\t\t\t\t<div class=\"texto\">\n\t\t\t\t\t\t\tVull llogar una cuina professional\t\t\t\t\t\t<\/div>\n\t\t\t\t\t\t\t\t\t\t\t\t<\/a>\n\t\t\t\t\t\t\t\t\t\t\t<\/div>\n\t\t\t\t<\/div>\n\t\t\t\t\t\t\t\t\n\t\t\t\t<div class=\"col-6 col-lg-3 serv\">\n\t\t\t\t\t<div class=\"servicio\">\n\t\t\t\t\t\t\t\t\t\t\t\t<a href=\"https:\/\/cooccio.com\/incubadora\/\">\n\t\t\t\t\t\t\t\t\t\t\t\t<div class=\"icono\" data-mh=\"equal\">\n\t\t\t\t\t\t\t<img decoding=\"async\" src=\"https:\/\/cooccio.com\/wp-content\/uploads\/2020\/07\/dialogo-1.svg\" class=\"img-fluid\">\n\t\t\t\t\t\t<\/div>\n\t\t\t\t\t\t<div class=\"texto\">\n\t\t\t\t\t\t\tVull assessorar-me sobre el meu negoci\t\t\t\t\t\t<\/div>\n\t\t\t\t\t\t\t\t\t\t\t\t<\/a>\n\t\t\t\t\t\t\t\t\t\t\t<\/div>\n\t\t\t\t<\/div>\n\t\t\t\t\t\t\t\t\n\t\t\t\t<div class=\"col-6 col-lg-3 serv\">\n\t\t\t\t\t<div class=\"servicio\">\n\t\t\t\t\t\t\t\t\t\t\t\t<a href=\"https:\/\/cooccio.com\/obrador\/\">\n\t\t\t\t\t\t\t\t\t\t\t\t<div class=\"icono\" data-mh=\"equal\">\n\t\t\t\t\t\t\t<img decoding=\"async\" src=\"https:\/\/cooccio.com\/wp-content\/uploads\/2020\/07\/tarro-5.svg\" class=\"img-fluid\">\n\t\t\t\t\t\t<\/div>\n\t\t\t\t\t\t<div class=\"texto\">\n\t\t\t\t\t\t\tVull desenvolupar el meu propi producte\t\t\t\t\t\t<\/div>\n\t\t\t\t\t\t\t\t\t\t\t\t<\/a>\n\t\t\t\t\t\t\t\t\t\t\t<\/div>\n\t\t\t\t<\/div>\n\t\t\t\t\t\t\t\t\n\t\t\t\t<div class=\"col-6 col-lg-3 serv\">\n\t\t\t\t\t<div class=\"servicio\">\n\t\t\t\t\t\t\t\t\t\t\t\t<a href=\"https:\/\/cooccio.com\/dark-kitchens\/\">\n\t\t\t\t\t\t\t\t\t\t\t\t<div class=\"icono\" data-mh=\"equal\">\n\t\t\t\t\t\t\t<img decoding=\"async\" src=\"https:\/\/cooccio.com\/wp-content\/uploads\/2020\/07\/burguer-1.svg\" class=\"img-fluid\">\n\t\t\t\t\t\t<\/div>\n\t\t\t\t\t\t<div class=\"texto\">\n\t\t\t\t\t\t\tVull obrir una dark kitchen\t\t\t\t\t\t<\/div>\n\t\t\t\t\t\t\t\t\t\t\t\t<\/a>\n\t\t\t\t\t\t\t\t\t\t\t<\/div>\n\t\t\t\t<\/div>\n\t\t\t\t\t\t\t<\/div>\n\t\t\t\t\t<\/div>\n\t<\/div>\n<\/section>","protected":false},"excerpt":{"rendered":"","protected":false},"author":1,"featured_media":0,"parent":0,"menu_order":0,"comment_status":"closed","ping_status":"closed","template":"page-why-cooccio.php","meta":{"_acf_changed":false,"footnotes":""},"class_list":["post-2088","page","type-page","status-publish","hentry"],"acf":[],"yoast_head":"<!-- This site is optimized with the Yoast SEO plugin v27.5 - https:\/\/yoast.com\/product\/yoast-seo-wordpress\/ -->\n<title>Primera incubadora gastron\u00f2mica i obrador compartit d&#039;Espanya<\/title>\n<meta name=\"description\" content=\"Lloga un espai d&#039;obrador compartit o una cuina individual dark kitchen a Barcelona. Sense inversi\u00f3 inicial i estalviant costos.\" \/>\n<meta name=\"robots\" content=\"index, follow, max-snippet:-1, max-image-preview:large, max-video-preview:-1\" \/>\n<link rel=\"canonical\" href=\"https:\/\/cooccio.com\/ca\/why-cooccio\/\" \/>\n<meta property=\"og:locale\" content=\"ca_ES\" \/>\n<meta property=\"og:type\" content=\"article\" \/>\n<meta property=\"og:title\" content=\"Primera incubadora gastron\u00f2mica i obrador compartit d&#039;Espanya\" \/>\n<meta property=\"og:description\" content=\"Lloga un espai d&#039;obrador compartit o una cuina individual dark kitchen a Barcelona. Sense inversi\u00f3 inicial i estalviant costos.\" \/>\n<meta property=\"og:url\" content=\"https:\/\/cooccio.com\/ca\/why-cooccio\/\" \/>\n<meta property=\"og:site_name\" content=\"Coocci\u014d\" \/>\n<meta property=\"article:modified_time\" content=\"2022-10-26T08:41:12+00:00\" \/>\n<meta name=\"twitter:card\" content=\"summary_large_image\" \/>\n<script type=\"application\/ld+json\" class=\"yoast-schema-graph\">{\"@context\":\"https:\\\/\\\/schema.org\",\"@graph\":[{\"@type\":\"WebPage\",\"@id\":\"https:\\\/\\\/cooccio.com\\\/ca\\\/why-cooccio\\\/\",\"url\":\"https:\\\/\\\/cooccio.com\\\/ca\\\/why-cooccio\\\/\",\"name\":\"Primera incubadora gastron\u00f2mica i obrador compartit d'Espanya\",\"isPartOf\":{\"@id\":\"https:\\\/\\\/cooccio.com\\\/ca\\\/#website\"},\"datePublished\":\"2020-07-06T11:10:30+00:00\",\"dateModified\":\"2022-10-26T08:41:12+00:00\",\"description\":\"Lloga un espai d'obrador compartit o una cuina individual dark kitchen a Barcelona. Sense inversi\u00f3 inicial i estalviant costos.\",\"breadcrumb\":{\"@id\":\"https:\\\/\\\/cooccio.com\\\/ca\\\/why-cooccio\\\/#breadcrumb\"},\"inLanguage\":\"ca\",\"potentialAction\":[{\"@type\":\"ReadAction\",\"target\":[\"https:\\\/\\\/cooccio.com\\\/ca\\\/why-cooccio\\\/\"]}]},{\"@type\":\"BreadcrumbList\",\"@id\":\"https:\\\/\\\/cooccio.com\\\/ca\\\/why-cooccio\\\/#breadcrumb\",\"itemListElement\":[{\"@type\":\"ListItem\",\"position\":1,\"name\":\"Portada\",\"item\":\"https:\\\/\\\/cooccio.com\\\/ca\\\/\"},{\"@type\":\"ListItem\",\"position\":2,\"name\":\"Per qu\u00e8 Coocci\u00f3?\"}]},{\"@type\":\"WebSite\",\"@id\":\"https:\\\/\\\/cooccio.com\\\/ca\\\/#website\",\"url\":\"https:\\\/\\\/cooccio.com\\\/ca\\\/\",\"name\":\"Coocci\u014d\",\"description\":\"Professional shared Kitchens\",\"potentialAction\":[{\"@type\":\"SearchAction\",\"target\":{\"@type\":\"EntryPoint\",\"urlTemplate\":\"https:\\\/\\\/cooccio.com\\\/ca\\\/?s={search_term_string}\"},\"query-input\":{\"@type\":\"PropertyValueSpecification\",\"valueRequired\":true,\"valueName\":\"search_term_string\"}}],\"inLanguage\":\"ca\"}]}<\/script>\n<!-- \/ Yoast SEO plugin. -->","yoast_head_json":{"title":"Primera incubadora gastron\u00f2mica i obrador compartit d'Espanya","description":"Lloga un espai d'obrador compartit o una cuina individual dark kitchen a Barcelona. Sense inversi\u00f3 inicial i estalviant costos.","robots":{"index":"index","follow":"follow","max-snippet":"max-snippet:-1","max-image-preview":"max-image-preview:large","max-video-preview":"max-video-preview:-1"},"canonical":"https:\/\/cooccio.com\/ca\/why-cooccio\/","og_locale":"ca_ES","og_type":"article","og_title":"Primera incubadora gastron\u00f2mica i obrador compartit d'Espanya","og_description":"Lloga un espai d'obrador compartit o una cuina individual dark kitchen a Barcelona. Sense inversi\u00f3 inicial i estalviant costos.","og_url":"https:\/\/cooccio.com\/ca\/why-cooccio\/","og_site_name":"Coocci\u014d","article_modified_time":"2022-10-26T08:41:12+00:00","twitter_card":"summary_large_image","schema":{"@context":"https:\/\/schema.org","@graph":[{"@type":"WebPage","@id":"https:\/\/cooccio.com\/ca\/why-cooccio\/","url":"https:\/\/cooccio.com\/ca\/why-cooccio\/","name":"Primera incubadora gastron\u00f2mica i obrador compartit d'Espanya","isPartOf":{"@id":"https:\/\/cooccio.com\/ca\/#website"},"datePublished":"2020-07-06T11:10:30+00:00","dateModified":"2022-10-26T08:41:12+00:00","description":"Lloga un espai d'obrador compartit o una cuina individual dark kitchen a Barcelona. Sense inversi\u00f3 inicial i estalviant costos.","breadcrumb":{"@id":"https:\/\/cooccio.com\/ca\/why-cooccio\/#breadcrumb"},"inLanguage":"ca","potentialAction":[{"@type":"ReadAction","target":["https:\/\/cooccio.com\/ca\/why-cooccio\/"]}]},{"@type":"BreadcrumbList","@id":"https:\/\/cooccio.com\/ca\/why-cooccio\/#breadcrumb","itemListElement":[{"@type":"ListItem","position":1,"name":"Portada","item":"https:\/\/cooccio.com\/ca\/"},{"@type":"ListItem","position":2,"name":"Per qu\u00e8 Coocci\u00f3?"}]},{"@type":"WebSite","@id":"https:\/\/cooccio.com\/ca\/#website","url":"https:\/\/cooccio.com\/ca\/","name":"Coocci\u014d","description":"Professional shared Kitchens","potentialAction":[{"@type":"SearchAction","target":{"@type":"EntryPoint","urlTemplate":"https:\/\/cooccio.com\/ca\/?s={search_term_string}"},"query-input":{"@type":"PropertyValueSpecification","valueRequired":true,"valueName":"search_term_string"}}],"inLanguage":"ca"}]}},"_links":{"self":[{"href":"https:\/\/cooccio.com\/ca\/wp-json\/wp\/v2\/pages\/2088","targetHints":{"allow":["GET"]}}],"collection":[{"href":"https:\/\/cooccio.com\/ca\/wp-json\/wp\/v2\/pages"}],"about":[{"href":"https:\/\/cooccio.com\/ca\/wp-json\/wp\/v2\/types\/page"}],"author":[{"embeddable":true,"href":"https:\/\/cooccio.com\/ca\/wp-json\/wp\/v2\/users\/1"}],"replies":[{"embeddable":true,"href":"https:\/\/cooccio.com\/ca\/wp-json\/wp\/v2\/comments?post=2088"}],"version-history":[{"count":11,"href":"https:\/\/cooccio.com\/ca\/wp-json\/wp\/v2\/pages\/2088\/revisions"}],"predecessor-version":[{"id":6233,"href":"https:\/\/cooccio.com\/ca\/wp-json\/wp\/v2\/pages\/2088\/revisions\/6233"}],"wp:attachment":[{"href":"https:\/\/cooccio.com\/ca\/wp-json\/wp\/v2\/media?parent=2088"}],"curies":[{"name":"wp","href":"https:\/\/api.w.org\/{rel}","templated":true}]}}