{"id":2111,"date":"2020-07-06T11:10:45","date_gmt":"2020-07-06T11:10:45","guid":{"rendered":"https:\/\/cooccio.com\/equipo\/"},"modified":"2022-10-26T09:07:00","modified_gmt":"2022-10-26T09:07:00","slug":"equip-cooccio","status":"publish","type":"page","link":"https:\/\/cooccio.com\/ca\/equip-cooccio\/","title":{"rendered":"Equip"},"content":{"rendered":"\n<section class=\"section section-equipo\">\n\t<div class=\"section-wrapper\">\n\t\t<div class=\"container\">\n\t\t\t<div class=\"row justify-content-center\">\n\t\t\t\t<div class=\"col-lg-6 text-center\">\n\t\t\t\t\t<div class=\"titulo-bloque\">\n\t\t\t\t\t\tEquip\t\t\t\t\t<\/div>\n\t\t\t\t<\/div>\n\t\t\t<\/div>\n\t\t\t\t\t\t<div class=\"listado-miembros\">\n\t\t\t\t<div class=\"row\">\n\t\t\t\t\t\n\t\t\t\t\t\t\t\t\t\t\n\t\t\t\t\t<div class=\"col-6 col-lg-3\">\n\t\t\t\t\t\t<div class=\"miembro\">\n\t\t\t\t\t\t\t\t\t\t\t\t\t\t\n\t\t\t\t\t\t\t<div class=\"row justify-content-center\">\n\t\t\t\t\t\t\t\t<div class=\"col-10 col-lg-8\">\n\t\t\t\t\t\t\t\t\t<div class=\"imagen rounded-circle\">\n\t\t\t\t\t\t\t\t\t\t<img decoding=\"async\" src=\"https:\/\/cooccio.com\/wp-content\/uploads\/2020\/09\/XaviCarmona-1.jpg\" class=\"img-fluid\">\n\t\t\t\t\t\t\t\t\t<\/div>\n\t\t\t\t\t\t\t\t<\/div>\n\t\t\t\t\t\t\t<\/div>\n\t\t\t\t\t\t\t<div class=\"info text-center\">\n\t\t\t\t\t\t\t\t<div class=\"nombre\">\n\t\t\t\t\t\t\t\t\tXavi Carmona\t\t\t\t\t\t\t\t<\/div>\n\t\t\t\t\t\t\t\t<div class=\"cargo\">\n\t\t\t\t\t\t\t\t\tFundador i CEO\t\t\t\t\t\t\t\t<\/div>\n\t\t\t\t\t\t\t<\/div>\n\t\t\t\t\t\t\t\t\t\t\t\t\t\t\n\t\t\t\t\t\t<\/div>\n\t\t\t\t\t<\/div>\n\t\t\t\t\t\t\t\t\t\t\n\t\t\t\t\t<div class=\"col-6 col-lg-3\">\n\t\t\t\t\t\t<div class=\"miembro\">\n\t\t\t\t\t\t\t\t\t\t\t\t\t\t\n\t\t\t\t\t\t\t<div class=\"row justify-content-center\">\n\t\t\t\t\t\t\t\t<div class=\"col-10 col-lg-8\">\n\t\t\t\t\t\t\t\t\t<div class=\"imagen rounded-circle\">\n\t\t\t\t\t\t\t\t\t\t<img decoding=\"async\" src=\"https:\/\/cooccio.com\/wp-content\/uploads\/2020\/09\/JordiCumelles-1.jpg\" class=\"img-fluid\">\n\t\t\t\t\t\t\t\t\t<\/div>\n\t\t\t\t\t\t\t\t<\/div>\n\t\t\t\t\t\t\t<\/div>\n\t\t\t\t\t\t\t<div class=\"info text-center\">\n\t\t\t\t\t\t\t\t<div class=\"nombre\">\n\t\t\t\t\t\t\t\t\tJordi Cumelles\t\t\t\t\t\t\t\t<\/div>\n\t\t\t\t\t\t\t\t<div class=\"cargo\">\n\t\t\t\t\t\t\t\t\tEconomia &#038; Empresa\t\t\t\t\t\t\t\t<\/div>\n\t\t\t\t\t\t\t<\/div>\n\t\t\t\t\t\t\t\t\t\t\t\t\t\t\n\t\t\t\t\t\t<\/div>\n\t\t\t\t\t<\/div>\n\t\t\t\t\t\t\t\t\t\t\n\t\t\t\t\t<div class=\"col-6 col-lg-3\">\n\t\t\t\t\t\t<div class=\"miembro\">\n\t\t\t\t\t\t\t\t\t\t\t\t\t\t\n\t\t\t\t\t\t\t<div class=\"row justify-content-center\">\n\t\t\t\t\t\t\t\t<div class=\"col-10 col-lg-8\">\n\t\t\t\t\t\t\t\t\t<div class=\"imagen rounded-circle\">\n\t\t\t\t\t\t\t\t\t\t<img decoding=\"async\" src=\"https:\/\/cooccio.com\/wp-content\/uploads\/2020\/09\/ManelFont-1.jpg\" class=\"img-fluid\">\n\t\t\t\t\t\t\t\t\t<\/div>\n\t\t\t\t\t\t\t\t<\/div>\n\t\t\t\t\t\t\t<\/div>\n\t\t\t\t\t\t\t<div class=\"info text-center\">\n\t\t\t\t\t\t\t\t<div class=\"nombre\">\n\t\t\t\t\t\t\t\t\tManel Font\t\t\t\t\t\t\t\t<\/div>\n\t\t\t\t\t\t\t\t<div class=\"cargo\">\n\t\t\t\t\t\t\t\t\tAssessoria &#038; Comunicaci\u00f3\t\t\t\t\t\t\t\t<\/div>\n\t\t\t\t\t\t\t<\/div>\n\t\t\t\t\t\t\t\t\t\t\t\t\t\t\n\t\t\t\t\t\t<\/div>\n\t\t\t\t\t<\/div>\n\t\t\t\t\t\t\t\t\t\t\n\t\t\t\t\t<div class=\"col-6 col-lg-3\">\n\t\t\t\t\t\t<div class=\"miembro\">\n\t\t\t\t\t\t\t\t\t\t\t\t\t\t\n\t\t\t\t\t\t\t<div class=\"row justify-content-center\">\n\t\t\t\t\t\t\t\t<div class=\"col-10 col-lg-8\">\n\t\t\t\t\t\t\t\t\t<div class=\"imagen rounded-circle\">\n\t\t\t\t\t\t\t\t\t\t<img decoding=\"async\" src=\"https:\/\/cooccio.com\/wp-content\/uploads\/2020\/09\/QuimBarnadas-1.jpg\" class=\"img-fluid\">\n\t\t\t\t\t\t\t\t\t<\/div>\n\t\t\t\t\t\t\t\t<\/div>\n\t\t\t\t\t\t\t<\/div>\n\t\t\t\t\t\t\t<div class=\"info text-center\">\n\t\t\t\t\t\t\t\t<div class=\"nombre\">\n\t\t\t\t\t\t\t\t\tQuim Barnadas\t\t\t\t\t\t\t\t<\/div>\n\t\t\t\t\t\t\t\t<div class=\"cargo\">\n\t\t\t\t\t\t\t\t\t Dark Kitchen &#038; Enginyeria\t\t\t\t\t\t\t\t<\/div>\n\t\t\t\t\t\t\t<\/div>\n\t\t\t\t\t\t\t\t\t\t\t\t\t\t\n\t\t\t\t\t\t<\/div>\n\t\t\t\t\t<\/div>\n\t\t\t\t\t\t\t\t\t\t\n\t\t\t\t\t<div class=\"col-6 col-lg-3\">\n\t\t\t\t\t\t<div class=\"miembro\">\n\t\t\t\t\t\t\t\t\t\t\t\t\t\t\n\t\t\t\t\t\t\t<div class=\"row justify-content-center\">\n\t\t\t\t\t\t\t\t<div class=\"col-10 col-lg-8\">\n\t\t\t\t\t\t\t\t\t<div class=\"imagen rounded-circle\">\n\t\t\t\t\t\t\t\t\t\t<img decoding=\"async\" src=\"https:\/\/cooccio.com\/wp-content\/uploads\/2020\/09\/XaviPalouzie-1.jpg\" class=\"img-fluid\">\n\t\t\t\t\t\t\t\t\t<\/div>\n\t\t\t\t\t\t\t\t<\/div>\n\t\t\t\t\t\t\t<\/div>\n\t\t\t\t\t\t\t<div class=\"info text-center\">\n\t\t\t\t\t\t\t\t<div class=\"nombre\">\n\t\t\t\t\t\t\t\t\tXavi Palouzi\u00e9\t\t\t\t\t\t\t\t<\/div>\n\t\t\t\t\t\t\t\t<div class=\"cargo\">\n\t\t\t\t\t\t\t\t\tAssessor\u00eda &#038; Comunicaci\u00f3\t\t\t\t\t\t\t\t<\/div>\n\t\t\t\t\t\t\t<\/div>\n\t\t\t\t\t\t\t\t\t\t\t\t\t\t\n\t\t\t\t\t\t<\/div>\n\t\t\t\t\t<\/div>\n\t\t\t\t\t\t\t\t\t\t\n\t\t\t\t\t<div class=\"col-6 col-lg-3\">\n\t\t\t\t\t\t<div class=\"miembro\">\n\t\t\t\t\t\t\t\t\t\t\t\t\t\t\n\t\t\t\t\t\t\t<div class=\"row justify-content-center\">\n\t\t\t\t\t\t\t\t<div class=\"col-10 col-lg-8\">\n\t\t\t\t\t\t\t\t\t<div class=\"imagen rounded-circle\">\n\t\t\t\t\t\t\t\t\t\t<img decoding=\"async\" src=\"https:\/\/cooccio.com\/wp-content\/uploads\/2020\/09\/EsterOlive-1.jpg\" class=\"img-fluid\">\n\t\t\t\t\t\t\t\t\t<\/div>\n\t\t\t\t\t\t\t\t<\/div>\n\t\t\t\t\t\t\t<\/div>\n\t\t\t\t\t\t\t<div class=\"info text-center\">\n\t\t\t\t\t\t\t\t<div class=\"nombre\">\n\t\t\t\t\t\t\t\t\tEster Oliver\t\t\t\t\t\t\t\t<\/div>\n\t\t\t\t\t\t\t\t<div class=\"cargo\">\n\t\t\t\t\t\t\t\t\tM\u00e0nager de cuina\t\t\t\t\t\t\t\t<\/div>\n\t\t\t\t\t\t\t<\/div>\n\t\t\t\t\t\t\t\t\t\t\t\t\t\t\n\t\t\t\t\t\t<\/div>\n\t\t\t\t\t<\/div>\n\t\t\t\t\t\t\t\t\t<\/div>\n\t\t\t<\/div>\n\t\t\t\t\t<\/div>\n\t<\/div>\n<\/section>\n\n\t\n<section id=\"servicios-home-block_5f0eca85fe31d\" class=\"section section-servicios-iconos fondo-marron-claro\">\n\t<div class=\"section-wrapper\">\n\t\t<div class=\"container\">\n\t\t\t<div class=\"row justify-content-center\">\n\t\t\t\t<div class=\"col-lg-6 text-center\">\n\t\t\t\t\t<div class=\"titulo\">\n\t\t\t\t\t\tEn qu\u00e8 podem ajudar-te?\t\t\t\t\t<\/div>\n\t\t\t\t<\/div>\n\t\t\t<\/div>\n\t\t\t\n\t\t\t\t\t\t\n\t\t\t<div class=\"row\">\n\t\t\t\t\n\t\t\t\t\t\t\t\t\n\t\t\t\t<div class=\"col-6 col-lg-3 serv\">\n\t\t\t\t\t<div class=\"servicio\">\n\t\t\t\t\t\t\t\t\t\t\t\t<a href=\"https:\/\/cooccio.com\/obrador\/\">\n\t\t\t\t\t\t\t\t\t\t\t\t<div class=\"icono\" data-mh=\"equal\">\n\t\t\t\t\t\t\t<img decoding=\"async\" src=\"https:\/\/cooccio.com\/wp-content\/uploads\/2020\/07\/cuchillo-1.svg\" class=\"img-fluid\">\n\t\t\t\t\t\t<\/div>\n\t\t\t\t\t\t<div class=\"texto\">\n\t\t\t\t\t\t\tVull llogar una cuina professional\t\t\t\t\t\t<\/div>\n\t\t\t\t\t\t\t\t\t\t\t\t<\/a>\n\t\t\t\t\t\t\t\t\t\t\t<\/div>\n\t\t\t\t<\/div>\n\t\t\t\t\t\t\t\t\n\t\t\t\t<div class=\"col-6 col-lg-3 serv\">\n\t\t\t\t\t<div class=\"servicio\">\n\t\t\t\t\t\t\t\t\t\t\t\t<a href=\"https:\/\/cooccio.com\/incubadora\/\">\n\t\t\t\t\t\t\t\t\t\t\t\t<div class=\"icono\" data-mh=\"equal\">\n\t\t\t\t\t\t\t<img decoding=\"async\" src=\"https:\/\/cooccio.com\/wp-content\/uploads\/2020\/07\/dialogo-1.svg\" class=\"img-fluid\">\n\t\t\t\t\t\t<\/div>\n\t\t\t\t\t\t<div class=\"texto\">\n\t\t\t\t\t\t\tVull assessorar-me sobre el meu negoci\t\t\t\t\t\t<\/div>\n\t\t\t\t\t\t\t\t\t\t\t\t<\/a>\n\t\t\t\t\t\t\t\t\t\t\t<\/div>\n\t\t\t\t<\/div>\n\t\t\t\t\t\t\t\t\n\t\t\t\t<div class=\"col-6 col-lg-3 serv\">\n\t\t\t\t\t<div class=\"servicio\">\n\t\t\t\t\t\t\t\t\t\t\t\t<a href=\"https:\/\/cooccio.com\/obrador\/\">\n\t\t\t\t\t\t\t\t\t\t\t\t<div class=\"icono\" data-mh=\"equal\">\n\t\t\t\t\t\t\t<img decoding=\"async\" src=\"https:\/\/cooccio.com\/wp-content\/uploads\/2020\/07\/tarro-5.svg\" class=\"img-fluid\">\n\t\t\t\t\t\t<\/div>\n\t\t\t\t\t\t<div class=\"texto\">\n\t\t\t\t\t\t\tVull desenvolupar el meu propi producte\t\t\t\t\t\t<\/div>\n\t\t\t\t\t\t\t\t\t\t\t\t<\/a>\n\t\t\t\t\t\t\t\t\t\t\t<\/div>\n\t\t\t\t<\/div>\n\t\t\t\t\t\t\t\t\n\t\t\t\t<div class=\"col-6 col-lg-3 serv\">\n\t\t\t\t\t<div class=\"servicio\">\n\t\t\t\t\t\t\t\t\t\t\t\t<a href=\"https:\/\/cooccio.com\/dark-kitchens\/\">\n\t\t\t\t\t\t\t\t\t\t\t\t<div class=\"icono\" data-mh=\"equal\">\n\t\t\t\t\t\t\t<img decoding=\"async\" src=\"https:\/\/cooccio.com\/wp-content\/uploads\/2020\/07\/burguer-1.svg\" class=\"img-fluid\">\n\t\t\t\t\t\t<\/div>\n\t\t\t\t\t\t<div class=\"texto\">\n\t\t\t\t\t\t\tVull obrir una dark kitchen\t\t\t\t\t\t<\/div>\n\t\t\t\t\t\t\t\t\t\t\t\t<\/a>\n\t\t\t\t\t\t\t\t\t\t\t<\/div>\n\t\t\t\t<\/div>\n\t\t\t\t\t\t\t<\/div>\n\t\t\t\t\t<\/div>\n\t<\/div>\n<\/section>","protected":false},"excerpt":{"rendered":"","protected":false},"author":1,"featured_media":0,"parent":0,"menu_order":0,"comment_status":"closed","ping_status":"closed","template":"page-equipo.php","meta":{"_acf_changed":false,"footnotes":""},"class_list":["post-2111","page","type-page","status-publish","hentry"],"acf":[],"yoast_head":"<!-- This site is optimized with the Yoast SEO plugin v27.5 - https:\/\/yoast.com\/product\/yoast-seo-wordpress\/ -->\n<title>El nostre Equip \u2014 COOCCI\u014c<\/title>\n<meta name=\"description\" content=\"Coneix l&#039;equip de Coocci\u00f3, compost per experts i professionals. La seva motivaci\u00f3 i dedicaci\u00f3 \u00e9s el motor del nostre \u00e8xit.\" \/>\n<meta name=\"robots\" content=\"index, follow, max-snippet:-1, max-image-preview:large, max-video-preview:-1\" \/>\n<link rel=\"canonical\" href=\"https:\/\/cooccio.com\/ca\/equip-cooccio\/\" \/>\n<meta property=\"og:locale\" content=\"ca_ES\" \/>\n<meta property=\"og:type\" content=\"article\" \/>\n<meta property=\"og:title\" content=\"El nostre Equip \u2014 COOCCI\u014c\" \/>\n<meta property=\"og:description\" content=\"Coneix l&#039;equip de Coocci\u00f3, compost per experts i professionals. La seva motivaci\u00f3 i dedicaci\u00f3 \u00e9s el motor del nostre \u00e8xit.\" \/>\n<meta property=\"og:url\" content=\"https:\/\/cooccio.com\/ca\/equip-cooccio\/\" \/>\n<meta property=\"og:site_name\" content=\"Coocci\u014d\" \/>\n<meta property=\"article:modified_time\" content=\"2022-10-26T09:07:00+00:00\" \/>\n<meta name=\"twitter:card\" content=\"summary_large_image\" \/>\n<script type=\"application\/ld+json\" class=\"yoast-schema-graph\">{\"@context\":\"https:\\\/\\\/schema.org\",\"@graph\":[{\"@type\":\"WebPage\",\"@id\":\"https:\\\/\\\/cooccio.com\\\/ca\\\/equip-cooccio\\\/\",\"url\":\"https:\\\/\\\/cooccio.com\\\/ca\\\/equip-cooccio\\\/\",\"name\":\"El nostre Equip \u2014 COOCCI\u014c\",\"isPartOf\":{\"@id\":\"https:\\\/\\\/cooccio.com\\\/ca\\\/#website\"},\"datePublished\":\"2020-07-06T11:10:45+00:00\",\"dateModified\":\"2022-10-26T09:07:00+00:00\",\"description\":\"Coneix l'equip de Coocci\u00f3, compost per experts i professionals. La seva motivaci\u00f3 i dedicaci\u00f3 \u00e9s el motor del nostre \u00e8xit.\",\"breadcrumb\":{\"@id\":\"https:\\\/\\\/cooccio.com\\\/ca\\\/equip-cooccio\\\/#breadcrumb\"},\"inLanguage\":\"ca\",\"potentialAction\":[{\"@type\":\"ReadAction\",\"target\":[\"https:\\\/\\\/cooccio.com\\\/ca\\\/equip-cooccio\\\/\"]}]},{\"@type\":\"BreadcrumbList\",\"@id\":\"https:\\\/\\\/cooccio.com\\\/ca\\\/equip-cooccio\\\/#breadcrumb\",\"itemListElement\":[{\"@type\":\"ListItem\",\"position\":1,\"name\":\"Portada\",\"item\":\"https:\\\/\\\/cooccio.com\\\/ca\\\/\"},{\"@type\":\"ListItem\",\"position\":2,\"name\":\"Equip\"}]},{\"@type\":\"WebSite\",\"@id\":\"https:\\\/\\\/cooccio.com\\\/ca\\\/#website\",\"url\":\"https:\\\/\\\/cooccio.com\\\/ca\\\/\",\"name\":\"Coocci\u014d\",\"description\":\"Professional shared Kitchens\",\"potentialAction\":[{\"@type\":\"SearchAction\",\"target\":{\"@type\":\"EntryPoint\",\"urlTemplate\":\"https:\\\/\\\/cooccio.com\\\/ca\\\/?s={search_term_string}\"},\"query-input\":{\"@type\":\"PropertyValueSpecification\",\"valueRequired\":true,\"valueName\":\"search_term_string\"}}],\"inLanguage\":\"ca\"}]}<\/script>\n<!-- \/ Yoast SEO plugin. -->","yoast_head_json":{"title":"El nostre Equip \u2014 COOCCI\u014c","description":"Coneix l'equip de Coocci\u00f3, compost per experts i professionals. La seva motivaci\u00f3 i dedicaci\u00f3 \u00e9s el motor del nostre \u00e8xit.","robots":{"index":"index","follow":"follow","max-snippet":"max-snippet:-1","max-image-preview":"max-image-preview:large","max-video-preview":"max-video-preview:-1"},"canonical":"https:\/\/cooccio.com\/ca\/equip-cooccio\/","og_locale":"ca_ES","og_type":"article","og_title":"El nostre Equip \u2014 COOCCI\u014c","og_description":"Coneix l'equip de Coocci\u00f3, compost per experts i professionals. La seva motivaci\u00f3 i dedicaci\u00f3 \u00e9s el motor del nostre \u00e8xit.","og_url":"https:\/\/cooccio.com\/ca\/equip-cooccio\/","og_site_name":"Coocci\u014d","article_modified_time":"2022-10-26T09:07:00+00:00","twitter_card":"summary_large_image","schema":{"@context":"https:\/\/schema.org","@graph":[{"@type":"WebPage","@id":"https:\/\/cooccio.com\/ca\/equip-cooccio\/","url":"https:\/\/cooccio.com\/ca\/equip-cooccio\/","name":"El nostre Equip \u2014 COOCCI\u014c","isPartOf":{"@id":"https:\/\/cooccio.com\/ca\/#website"},"datePublished":"2020-07-06T11:10:45+00:00","dateModified":"2022-10-26T09:07:00+00:00","description":"Coneix l'equip de Coocci\u00f3, compost per experts i professionals. La seva motivaci\u00f3 i dedicaci\u00f3 \u00e9s el motor del nostre \u00e8xit.","breadcrumb":{"@id":"https:\/\/cooccio.com\/ca\/equip-cooccio\/#breadcrumb"},"inLanguage":"ca","potentialAction":[{"@type":"ReadAction","target":["https:\/\/cooccio.com\/ca\/equip-cooccio\/"]}]},{"@type":"BreadcrumbList","@id":"https:\/\/cooccio.com\/ca\/equip-cooccio\/#breadcrumb","itemListElement":[{"@type":"ListItem","position":1,"name":"Portada","item":"https:\/\/cooccio.com\/ca\/"},{"@type":"ListItem","position":2,"name":"Equip"}]},{"@type":"WebSite","@id":"https:\/\/cooccio.com\/ca\/#website","url":"https:\/\/cooccio.com\/ca\/","name":"Coocci\u014d","description":"Professional shared Kitchens","potentialAction":[{"@type":"SearchAction","target":{"@type":"EntryPoint","urlTemplate":"https:\/\/cooccio.com\/ca\/?s={search_term_string}"},"query-input":{"@type":"PropertyValueSpecification","valueRequired":true,"valueName":"search_term_string"}}],"inLanguage":"ca"}]}},"_links":{"self":[{"href":"https:\/\/cooccio.com\/ca\/wp-json\/wp\/v2\/pages\/2111","targetHints":{"allow":["GET"]}}],"collection":[{"href":"https:\/\/cooccio.com\/ca\/wp-json\/wp\/v2\/pages"}],"about":[{"href":"https:\/\/cooccio.com\/ca\/wp-json\/wp\/v2\/types\/page"}],"author":[{"embeddable":true,"href":"https:\/\/cooccio.com\/ca\/wp-json\/wp\/v2\/users\/1"}],"replies":[{"embeddable":true,"href":"https:\/\/cooccio.com\/ca\/wp-json\/wp\/v2\/comments?post=2111"}],"version-history":[{"count":5,"href":"https:\/\/cooccio.com\/ca\/wp-json\/wp\/v2\/pages\/2111\/revisions"}],"predecessor-version":[{"id":6239,"href":"https:\/\/cooccio.com\/ca\/wp-json\/wp\/v2\/pages\/2111\/revisions\/6239"}],"wp:attachment":[{"href":"https:\/\/cooccio.com\/ca\/wp-json\/wp\/v2\/media?parent=2111"}],"curies":[{"name":"wp","href":"https:\/\/api.w.org\/{rel}","templated":true}]}}