{"id":2116,"date":"2020-07-06T11:10:37","date_gmt":"2020-07-06T11:10:37","guid":{"rendered":"https:\/\/cooccio.com\/filosofia\/"},"modified":"2022-10-26T08:46:51","modified_gmt":"2022-10-26T08:46:51","slug":"filosofia","status":"publish","type":"page","link":"https:\/\/cooccio.com\/ca\/filosofia\/","title":{"rendered":"Filosofia"},"content":{"rendered":"<section id=\"texto-block_d44c0714d0e9948a3921db25e61072e0\" class=\"section section-texto\">\n\t<div class=\"section-wrapper\">\n\t\t<div class=\"container\">\n\t\t\t<div class=\"row justify-content-center\">\n\t\t\t\t<div class=\"col-lg-10\">\n\t\t\t\t\t<div class=\"row justify-content-center\">\n\t\t\t\t\t\t<div class=\"col-12\">\n\t\t\t\t\t\t\t<div class=\"titulo-bloque color-negro text-lg-center\">\n\t\t\t\t\t\t\t\tFilosofia\t\t\t\t\t\t\t<\/div>\n\t\t\t\t\t\t<\/div>\n\t\t\t\t\t<\/div>\n\t\t\t\t\t<div class=\"row justify-content-center\">\n\t\t\t\t\t\t<div class=\"col-12\">\n\t\t\t\t\t\t\t<div class=\"texto\">\n\t\t\t\t\t\t\t\t<p style=\"text-align: center;\">Coocci\u00f3 va n\u00e9ixer el 2016 amb la intenci\u00f3 de ser facilitador d&#8217;empreses gastron\u00f2miques.<\/p>\n<p style=\"text-align: center;\">Creiem fermament en l&#8217;espai compartit. La sinergia per a nosaltres no \u00e9s nom\u00e9s una paraula, l&#8217;apliquem a fons en tots els aspectes del nostre dia a dia.<\/p>\n<p style=\"text-align: center;\">Volem servir qualsevol projecte en el m\u00f3n de la gastronomia, per a totes les l\u00ednies de negoci existents, en qualsevol de les seves etapes i per a totes les mides, des de l&#8217;emprenedor fins a l&#8217;empresa internacional.<\/p>\n<p style=\"text-align: center;\">Hem nascut i desenvolupat a Barcelona, centre de negocis internacional i seu de les principals marques internacionals i base dels nous projectes gastron\u00f2mics del sud d&#8217;Europa.<\/p>\n<p style=\"text-align: center;\">Des del suport, sempre, fins al petit emprenedor i l&#8217;assessorament a la gran empresa. Creiem fermament en les sinergies que es generen entre l&#8217;experi\u00e8ncia i la capacitat de la gran empresa i la innovaci\u00f3, imaginaci\u00f3 i flexibilitat de l&#8217;emprenedor.<\/p>\n<p style=\"text-align: center;\">Estem presents en el dia a dia, en la producci\u00f3, en el desenvolupament de productes actuals i en el disseny dels serveis que donen suport als negocis actuals, per\u00f2 sempre des de la innovaci\u00f3. Coocci\u00f3 sempre vol estar present en els canvis que configuren els negocis del futur, innovar juntament amb emprenedors i empreses. Coocci\u00f3 sempre ser\u00e0 conscient de la tend\u00e8ncia i ja hi treballar\u00e0 quan deixi de ser i es converteixi en un negoci.<\/p>\n<p style=\"text-align: center;\"><strong>Des dels seus inicis, donant suport al present, i treballant pel futur del negoci gastron\u00f2mic.<\/strong><\/p>\n<div id=\"gtx-trans\" style=\"position: absolute; left: 731px; top: 285px;\">\n<div class=\"gtx-trans-icon\"><\/div>\n<\/div>\n\n\t\t\t\t\t\t\t<\/div>\n\t\t\t\t\t\t<\/div>\n\t\t\t\t\t<\/div>\n\t\t\t\t<\/div>\n\t\t\t<\/div>\n\t\t<\/div>\n\t<\/div>\n<\/section>\n\n\t\n<section id=\"cabecera-block_ad13c59eefe8087a1e165db2fdcd3ea6\" class=\"section section-cabecera bloque large interior\">\n\t<div class=\"section-wrapper\" style=\"background-image: url('https:\/\/cooccio.com\/wp-content\/uploads\/2020\/07\/filosofia-img-1024x476.jpg')\">\n\t\t<div class=\"container\">\n\t\t\t<div class=\"row justify-content-center\">\n\t\t\t\t<div class=\"col-lg-7 text-lg-center\">\n\t\t\t\t\t\t\t\t\t\t<div class=\"titular color-blanco\">\n\t\t\t\t\t\tNo cook, No food\t\t\t\t\t<\/div>\n\t\t\t\t<\/div>\n\t\t\t<\/div>\n\t\t<\/div>\n\t<\/div>\n<\/section>","protected":false},"excerpt":{"rendered":"","protected":false},"author":1,"featured_media":0,"parent":0,"menu_order":0,"comment_status":"closed","ping_status":"closed","template":"page-filosofia.php","meta":{"_acf_changed":false,"footnotes":""},"class_list":["post-2116","page","type-page","status-publish","hentry"],"acf":[],"yoast_head":"<!-- This site is optimized with the Yoast SEO plugin v27.5 - https:\/\/yoast.com\/product\/yoast-seo-wordpress\/ -->\n<title>Facilitador de Negocis Gastron\u00f2mics \u2014 COOCCI\u014c<\/title>\n<meta name=\"description\" content=\"La nostra filosofia es basa en la sinergia, en el recolzament al petit emprenedor gastron\u00f2mic i en l&#039;assessorament a les grans empreses.\" \/>\n<meta name=\"robots\" content=\"index, follow, max-snippet:-1, max-image-preview:large, max-video-preview:-1\" \/>\n<link rel=\"canonical\" href=\"https:\/\/cooccio.com\/ca\/filosofia\/\" \/>\n<meta property=\"og:locale\" content=\"ca_ES\" \/>\n<meta property=\"og:type\" content=\"article\" \/>\n<meta property=\"og:title\" content=\"Facilitador de Negocis Gastron\u00f2mics \u2014 COOCCI\u014c\" \/>\n<meta property=\"og:description\" content=\"La nostra filosofia es basa en la sinergia, en el recolzament al petit emprenedor gastron\u00f2mic i en l&#039;assessorament a les grans empreses.\" \/>\n<meta property=\"og:url\" content=\"https:\/\/cooccio.com\/ca\/filosofia\/\" \/>\n<meta property=\"og:site_name\" content=\"Coocci\u014d\" \/>\n<meta property=\"article:modified_time\" content=\"2022-10-26T08:46:51+00:00\" \/>\n<meta name=\"twitter:card\" content=\"summary_large_image\" \/>\n<script type=\"application\/ld+json\" class=\"yoast-schema-graph\">{\"@context\":\"https:\\\/\\\/schema.org\",\"@graph\":[{\"@type\":\"WebPage\",\"@id\":\"https:\\\/\\\/cooccio.com\\\/ca\\\/filosofia\\\/\",\"url\":\"https:\\\/\\\/cooccio.com\\\/ca\\\/filosofia\\\/\",\"name\":\"Facilitador de Negocis Gastron\u00f2mics \u2014 COOCCI\u014c\",\"isPartOf\":{\"@id\":\"https:\\\/\\\/cooccio.com\\\/ca\\\/#website\"},\"datePublished\":\"2020-07-06T11:10:37+00:00\",\"dateModified\":\"2022-10-26T08:46:51+00:00\",\"description\":\"La nostra filosofia es basa en la sinergia, en el recolzament al petit emprenedor gastron\u00f2mic i en l'assessorament a les grans empreses.\",\"breadcrumb\":{\"@id\":\"https:\\\/\\\/cooccio.com\\\/ca\\\/filosofia\\\/#breadcrumb\"},\"inLanguage\":\"ca\",\"potentialAction\":[{\"@type\":\"ReadAction\",\"target\":[\"https:\\\/\\\/cooccio.com\\\/ca\\\/filosofia\\\/\"]}]},{\"@type\":\"BreadcrumbList\",\"@id\":\"https:\\\/\\\/cooccio.com\\\/ca\\\/filosofia\\\/#breadcrumb\",\"itemListElement\":[{\"@type\":\"ListItem\",\"position\":1,\"name\":\"Portada\",\"item\":\"https:\\\/\\\/cooccio.com\\\/ca\\\/\"},{\"@type\":\"ListItem\",\"position\":2,\"name\":\"Filosofia\"}]},{\"@type\":\"WebSite\",\"@id\":\"https:\\\/\\\/cooccio.com\\\/ca\\\/#website\",\"url\":\"https:\\\/\\\/cooccio.com\\\/ca\\\/\",\"name\":\"Coocci\u014d\",\"description\":\"Professional shared Kitchens\",\"potentialAction\":[{\"@type\":\"SearchAction\",\"target\":{\"@type\":\"EntryPoint\",\"urlTemplate\":\"https:\\\/\\\/cooccio.com\\\/ca\\\/?s={search_term_string}\"},\"query-input\":{\"@type\":\"PropertyValueSpecification\",\"valueRequired\":true,\"valueName\":\"search_term_string\"}}],\"inLanguage\":\"ca\"}]}<\/script>\n<!-- \/ Yoast SEO plugin. -->","yoast_head_json":{"title":"Facilitador de Negocis Gastron\u00f2mics \u2014 COOCCI\u014c","description":"La nostra filosofia es basa en la sinergia, en el recolzament al petit emprenedor gastron\u00f2mic i en l'assessorament a les grans empreses.","robots":{"index":"index","follow":"follow","max-snippet":"max-snippet:-1","max-image-preview":"max-image-preview:large","max-video-preview":"max-video-preview:-1"},"canonical":"https:\/\/cooccio.com\/ca\/filosofia\/","og_locale":"ca_ES","og_type":"article","og_title":"Facilitador de Negocis Gastron\u00f2mics \u2014 COOCCI\u014c","og_description":"La nostra filosofia es basa en la sinergia, en el recolzament al petit emprenedor gastron\u00f2mic i en l'assessorament a les grans empreses.","og_url":"https:\/\/cooccio.com\/ca\/filosofia\/","og_site_name":"Coocci\u014d","article_modified_time":"2022-10-26T08:46:51+00:00","twitter_card":"summary_large_image","schema":{"@context":"https:\/\/schema.org","@graph":[{"@type":"WebPage","@id":"https:\/\/cooccio.com\/ca\/filosofia\/","url":"https:\/\/cooccio.com\/ca\/filosofia\/","name":"Facilitador de Negocis Gastron\u00f2mics \u2014 COOCCI\u014c","isPartOf":{"@id":"https:\/\/cooccio.com\/ca\/#website"},"datePublished":"2020-07-06T11:10:37+00:00","dateModified":"2022-10-26T08:46:51+00:00","description":"La nostra filosofia es basa en la sinergia, en el recolzament al petit emprenedor gastron\u00f2mic i en l'assessorament a les grans empreses.","breadcrumb":{"@id":"https:\/\/cooccio.com\/ca\/filosofia\/#breadcrumb"},"inLanguage":"ca","potentialAction":[{"@type":"ReadAction","target":["https:\/\/cooccio.com\/ca\/filosofia\/"]}]},{"@type":"BreadcrumbList","@id":"https:\/\/cooccio.com\/ca\/filosofia\/#breadcrumb","itemListElement":[{"@type":"ListItem","position":1,"name":"Portada","item":"https:\/\/cooccio.com\/ca\/"},{"@type":"ListItem","position":2,"name":"Filosofia"}]},{"@type":"WebSite","@id":"https:\/\/cooccio.com\/ca\/#website","url":"https:\/\/cooccio.com\/ca\/","name":"Coocci\u014d","description":"Professional shared Kitchens","potentialAction":[{"@type":"SearchAction","target":{"@type":"EntryPoint","urlTemplate":"https:\/\/cooccio.com\/ca\/?s={search_term_string}"},"query-input":{"@type":"PropertyValueSpecification","valueRequired":true,"valueName":"search_term_string"}}],"inLanguage":"ca"}]}},"_links":{"self":[{"href":"https:\/\/cooccio.com\/ca\/wp-json\/wp\/v2\/pages\/2116","targetHints":{"allow":["GET"]}}],"collection":[{"href":"https:\/\/cooccio.com\/ca\/wp-json\/wp\/v2\/pages"}],"about":[{"href":"https:\/\/cooccio.com\/ca\/wp-json\/wp\/v2\/types\/page"}],"author":[{"embeddable":true,"href":"https:\/\/cooccio.com\/ca\/wp-json\/wp\/v2\/users\/1"}],"replies":[{"embeddable":true,"href":"https:\/\/cooccio.com\/ca\/wp-json\/wp\/v2\/comments?post=2116"}],"version-history":[{"count":4,"href":"https:\/\/cooccio.com\/ca\/wp-json\/wp\/v2\/pages\/2116\/revisions"}],"predecessor-version":[{"id":6235,"href":"https:\/\/cooccio.com\/ca\/wp-json\/wp\/v2\/pages\/2116\/revisions\/6235"}],"wp:attachment":[{"href":"https:\/\/cooccio.com\/ca\/wp-json\/wp\/v2\/media?parent=2116"}],"curies":[{"name":"wp","href":"https:\/\/api.w.org\/{rel}","templated":true}]}}