{"id":2138,"date":"2020-07-06T10:01:12","date_gmt":"2020-07-06T10:01:12","guid":{"rendered":"https:\/\/cooccio.com\/aviso-legal\/"},"modified":"2020-10-16T10:53:44","modified_gmt":"2020-10-16T10:53:44","slug":"aviso-legal","status":"publish","type":"page","link":"https:\/\/cooccio.com\/ca\/aviso-legal\/","title":{"rendered":"Aviso Legal"},"content":{"rendered":"<section id=\"texto-block_5f60dfd0d71cf\" class=\"section section-texto-legal\">\n\t<div class=\"section-wrapper\">\n\t\t<div class=\"container\">\n\t\t\t<div class=\"row justify-content-center\">\n\t\t\t\t<div class=\"col-lg-10\">\n\t\t\t\t\t<div class=\"row justify-content-center\">\n\t\t\t\t\t\t<div class=\"col-12\">\n\t\t\t\t\t\t\t<div class=\"titulo-bloque color-negro text-lg-center\">\n\t\t\t\t\t\t\t\tAviso Legal\t\t\t\t\t\t\t<\/div>\n\t\t\t\t\t\t<\/div>\n\t\t\t\t\t<\/div>\n\t\t\t\t\t<div class=\"row justify-content-center\">\n\t\t\t\t\t\t<div class=\"col-12\">\n\t\t\t\t\t\t\t<div class=\"texto\">\n\t\t\t\t\t\t\t\t<p class=\"p1\">Seg\u00fan lo establecido por el art\u00edculo 10 de la Ley 34\/2002, de 11 de julio, de Servicios de la Sociedad de la Informaci\u00f3n y de Comercio Electr\u00f3nico informamos que cooccio.com es propiedad de Cocina Barcelon S.L. con NIF B-66615931 y domiciliada en la calle Morales 27, 08028 de Barcelona.<\/p>\n<p class=\"p1\">El objetivo de esta web es ofrecer servicios relacionados con el mundo de la gastronom\u00eda, la innovaci\u00f3n y los eventos gastro-culturales.<\/p>\n<p class=\"p1\">Queda prohibida la transmisi\u00f3n, cesi\u00f3n, venta, alquiler y \/ o exposici\u00f3n p\u00fablica de esta web sin la correspondiente autorizaci\u00f3n del propietario. Asimismo, tambi\u00e9n queda prohibido cualquier uso de todos los contenidos de la p\u00e1gina web, concretamente sobre los textos, dise\u00f1o, imagen, logotipos y cualquier otro susceptible de protecci\u00f3n, sin la autorizaci\u00f3n expresa del propietario. Cualquier uso no permitido ser\u00e1 debidamente perseguido. Igualmente, todos los nombres comerciales, marcas o signos distintivos de cualquier clase contenidos en la p\u00e1gina web est\u00e1n protegidos por la ley.<\/p>\n<p class=\"p1\">El propietario no se hace responsable de los contenidos a los que se dirigen los enlaces ubicados en estos web, en su caso, seg\u00fan lo establecido en el art\u00edculo 17 de la LSSI.<\/p>\n<p class=\"p1\">El Usuario se compromete a utilizar la presente p\u00e1gina web de conformidad con la Ley, las buenas costumbres y el orden p\u00fablico. Del mismo modo, el Usuario se obliga a no utilizar la p\u00e1gina web, y sus contenidos con fines il\u00edcitos o lesivos, intereses o derechos de terceros, o que de cualquier otro modo, puedan o inutilizar la p\u00e1gina web, sus contenidos.<\/p>\n<p class=\"p1\">Este aviso legal es de aplicaci\u00f3n para cualquier usuario que acceda a la presente p\u00e1gina web.<\/p>\n<p class=\"p1\">Los usuarios que entreguen sus datos personales para cualquiera de las funcionalidades de la p\u00e1gina web, deber\u00e1n aceptar la Pol\u00edtica de Privacidad descrita a continuaci\u00f3n.<\/p>\n<p class=\"p1\">La presente pol\u00edtica legal queda sujeta a lo establecido en las leyes espa\u00f1olas. Para cualquier conflicto derivado de la interpretaci\u00f3n de las mismas, las partes se someten a la jurisdicci\u00f3n de los Tribunales de Barcelona ciudad, siempre que ello no sea contrario a lo dispuesto en el art\u00edculo 29 de la LSSI.<\/p>\n<div id=\"gtx-trans\" style=\"position: absolute; left: -54px; top: -24px;\">\n<div class=\"gtx-trans-icon\"><\/div>\n<\/div>\n\n\t\t\t\t\t\t\t<\/div>\n\t\t\t\t\t\t<\/div>\n\t\t\t\t\t<\/div>\n\t\t\t\t<\/div>\n\t\t\t<\/div>\n\t\t<\/div>\n\t<\/div>\n<\/section>","protected":false},"excerpt":{"rendered":"","protected":false},"author":1,"featured_media":0,"parent":0,"menu_order":0,"comment_status":"closed","ping_status":"closed","template":"page-legal.php","meta":{"_acf_changed":false,"footnotes":""},"class_list":["post-2138","page","type-page","status-publish","hentry"],"acf":[],"yoast_head":"<!-- This site is optimized with the Yoast SEO plugin v27.5 - https:\/\/yoast.com\/product\/yoast-seo-wordpress\/ -->\n<title>Aviso Legal &#8212; Coocci\u014d<\/title>\n<meta name=\"robots\" content=\"index, follow, max-snippet:-1, max-image-preview:large, max-video-preview:-1\" \/>\n<link rel=\"canonical\" href=\"https:\/\/cooccio.com\/ca\/aviso-legal\/\" \/>\n<meta property=\"og:locale\" content=\"ca_ES\" \/>\n<meta property=\"og:type\" content=\"article\" \/>\n<meta property=\"og:title\" content=\"Aviso Legal &#8212; Coocci\u014d\" \/>\n<meta property=\"og:url\" content=\"https:\/\/cooccio.com\/ca\/aviso-legal\/\" \/>\n<meta property=\"og:site_name\" content=\"Coocci\u014d\" \/>\n<meta property=\"article:modified_time\" content=\"2020-10-16T10:53:44+00:00\" \/>\n<meta name=\"twitter:card\" content=\"summary_large_image\" \/>\n<script type=\"application\/ld+json\" class=\"yoast-schema-graph\">{\"@context\":\"https:\\\/\\\/schema.org\",\"@graph\":[{\"@type\":\"WebPage\",\"@id\":\"https:\\\/\\\/cooccio.com\\\/ca\\\/aviso-legal\\\/\",\"url\":\"https:\\\/\\\/cooccio.com\\\/ca\\\/aviso-legal\\\/\",\"name\":\"Aviso Legal &#8212; Coocci\u014d\",\"isPartOf\":{\"@id\":\"https:\\\/\\\/cooccio.com\\\/ca\\\/#website\"},\"datePublished\":\"2020-07-06T10:01:12+00:00\",\"dateModified\":\"2020-10-16T10:53:44+00:00\",\"breadcrumb\":{\"@id\":\"https:\\\/\\\/cooccio.com\\\/ca\\\/aviso-legal\\\/#breadcrumb\"},\"inLanguage\":\"ca\",\"potentialAction\":[{\"@type\":\"ReadAction\",\"target\":[\"https:\\\/\\\/cooccio.com\\\/ca\\\/aviso-legal\\\/\"]}]},{\"@type\":\"BreadcrumbList\",\"@id\":\"https:\\\/\\\/cooccio.com\\\/ca\\\/aviso-legal\\\/#breadcrumb\",\"itemListElement\":[{\"@type\":\"ListItem\",\"position\":1,\"name\":\"Portada\",\"item\":\"https:\\\/\\\/cooccio.com\\\/ca\\\/\"},{\"@type\":\"ListItem\",\"position\":2,\"name\":\"Aviso Legal\"}]},{\"@type\":\"WebSite\",\"@id\":\"https:\\\/\\\/cooccio.com\\\/ca\\\/#website\",\"url\":\"https:\\\/\\\/cooccio.com\\\/ca\\\/\",\"name\":\"Coocci\u014d\",\"description\":\"Professional shared Kitchens\",\"potentialAction\":[{\"@type\":\"SearchAction\",\"target\":{\"@type\":\"EntryPoint\",\"urlTemplate\":\"https:\\\/\\\/cooccio.com\\\/ca\\\/?s={search_term_string}\"},\"query-input\":{\"@type\":\"PropertyValueSpecification\",\"valueRequired\":true,\"valueName\":\"search_term_string\"}}],\"inLanguage\":\"ca\"}]}<\/script>\n<!-- \/ Yoast SEO plugin. -->","yoast_head_json":{"title":"Aviso Legal &#8212; Coocci\u014d","robots":{"index":"index","follow":"follow","max-snippet":"max-snippet:-1","max-image-preview":"max-image-preview:large","max-video-preview":"max-video-preview:-1"},"canonical":"https:\/\/cooccio.com\/ca\/aviso-legal\/","og_locale":"ca_ES","og_type":"article","og_title":"Aviso Legal &#8212; Coocci\u014d","og_url":"https:\/\/cooccio.com\/ca\/aviso-legal\/","og_site_name":"Coocci\u014d","article_modified_time":"2020-10-16T10:53:44+00:00","twitter_card":"summary_large_image","schema":{"@context":"https:\/\/schema.org","@graph":[{"@type":"WebPage","@id":"https:\/\/cooccio.com\/ca\/aviso-legal\/","url":"https:\/\/cooccio.com\/ca\/aviso-legal\/","name":"Aviso Legal &#8212; Coocci\u014d","isPartOf":{"@id":"https:\/\/cooccio.com\/ca\/#website"},"datePublished":"2020-07-06T10:01:12+00:00","dateModified":"2020-10-16T10:53:44+00:00","breadcrumb":{"@id":"https:\/\/cooccio.com\/ca\/aviso-legal\/#breadcrumb"},"inLanguage":"ca","potentialAction":[{"@type":"ReadAction","target":["https:\/\/cooccio.com\/ca\/aviso-legal\/"]}]},{"@type":"BreadcrumbList","@id":"https:\/\/cooccio.com\/ca\/aviso-legal\/#breadcrumb","itemListElement":[{"@type":"ListItem","position":1,"name":"Portada","item":"https:\/\/cooccio.com\/ca\/"},{"@type":"ListItem","position":2,"name":"Aviso Legal"}]},{"@type":"WebSite","@id":"https:\/\/cooccio.com\/ca\/#website","url":"https:\/\/cooccio.com\/ca\/","name":"Coocci\u014d","description":"Professional shared Kitchens","potentialAction":[{"@type":"SearchAction","target":{"@type":"EntryPoint","urlTemplate":"https:\/\/cooccio.com\/ca\/?s={search_term_string}"},"query-input":{"@type":"PropertyValueSpecification","valueRequired":true,"valueName":"search_term_string"}}],"inLanguage":"ca"}]}},"_links":{"self":[{"href":"https:\/\/cooccio.com\/ca\/wp-json\/wp\/v2\/pages\/2138","targetHints":{"allow":["GET"]}}],"collection":[{"href":"https:\/\/cooccio.com\/ca\/wp-json\/wp\/v2\/pages"}],"about":[{"href":"https:\/\/cooccio.com\/ca\/wp-json\/wp\/v2\/types\/page"}],"author":[{"embeddable":true,"href":"https:\/\/cooccio.com\/ca\/wp-json\/wp\/v2\/users\/1"}],"replies":[{"embeddable":true,"href":"https:\/\/cooccio.com\/ca\/wp-json\/wp\/v2\/comments?post=2138"}],"version-history":[{"count":1,"href":"https:\/\/cooccio.com\/ca\/wp-json\/wp\/v2\/pages\/2138\/revisions"}],"predecessor-version":[{"id":2140,"href":"https:\/\/cooccio.com\/ca\/wp-json\/wp\/v2\/pages\/2138\/revisions\/2140"}],"wp:attachment":[{"href":"https:\/\/cooccio.com\/ca\/wp-json\/wp\/v2\/media?parent=2138"}],"curies":[{"name":"wp","href":"https:\/\/api.w.org\/{rel}","templated":true}]}}