{"id":2148,"date":"2020-07-06T11:11:07","date_gmt":"2020-07-06T11:11:07","guid":{"rendered":"https:\/\/cooccio.com\/nuestra-influencia\/"},"modified":"2022-10-26T09:14:53","modified_gmt":"2022-10-26T09:14:53","slug":"la-nostra-influencia","status":"publish","type":"page","link":"https:\/\/cooccio.com\/ca\/la-nostra-influencia\/","title":{"rendered":"La nostra influ\u00e8ncia"},"content":{"rendered":"\t\n<section id=\"cabecera-block_9e276665e5681f260ea9a512ef57e451\" class=\"section section-cabecera interior\">\n\t<div class=\"section-wrapper\" style=\"background-image: url('https:\/\/cooccio.com\/wp-content\/uploads\/2020\/09\/MG_3892-1024x682.jpg')\">\n\t\t<div class=\"container\">\n\t\t\t<div class=\"row justify-content-center\">\n\t\t\t\t<div class=\"col-lg-7 text-lg-center\">\n\t\t\t\t\t\t\t\t\t\t<div class=\"subtitulo\">La nostra influ\u00e8ncia<\/div>\n\t\t\t\t\t\t\t\t\t\t<div class=\"titular color-blanco\">\n\t\t\t\t\t\tOrgullosos d&#8217;ajudar desenes d&#8217;emprenedors i empreses aliment\u00e0ries\t\t\t\t\t<\/div>\n\t\t\t\t<\/div>\n\t\t\t<\/div>\n\t\t<\/div>\n\t<\/div>\n<\/section>\n\n<section id=\"ventajas-block_8b227bef40e79a609dc8ba8fe411aaf0\" class=\"section section-ventajas comunidad\">\n\t<div class=\"section-wrapper\">\n\t\t<div class=\"container\">\n\t\t\t\n\t\t\t\t\t\t<div class=\"row justify-content-between\">\n\t\t\t\t\t\t\t\t<div class=\"col-lg-6\">\n\t\t\t\t\t<div class=\"titulo-grande-bloque deco deco-naranja deco-align-left with-other-classes\">\n\t\t\t\t\t\t<h3 class=\"tit color-negro\">El teu \u00e8xit \u00e9s el nostre objectiu<\/h3>\n\t\t\t\t\t<\/div>\n\t\t\t\t\t\n\t\t\t\t\t\t\t\t\t\t\t\t\t\t\t\t\t<div class=\"texto color-negro\">\n\t\t\t\t\t\t\t<p>En aquests anys gaireb\u00e9 400 empreses de tot tipus han confiat en nosaltres. Des d&#8217;aliments que han preparat esdeveniments multitudinaris com el Primavera Sound, restaurants que produeixen les seves bases o productes derivats, grans empreses que han fet proves de producci\u00f3 o empreses locals que han preparat la seva obertura.<\/p>\n\t\t\t\t\t\t<\/div>\n\t\t\t\t\t\t\t\t\t\t\t\t\t\t\t\t\n\t\t\t\t<\/div>\n\t\t\t\t\t\t\t\t\t\t\t\t<div class=\"col-lg-5\">\n\t\t\t\t\t\t\t\t\t\t\t\t\t\t<\/div>\n\t\t\t\t\t\t\t<\/div>\n\t\t\t\t\t\t\n\t\t<\/div>\n\t\t<div class=\"container\">\t\n\t\t\t\n\t\t\t\t\t<\/div>\n\t<\/div>\n<\/section>\n\n<section id=\"mapa-block_5c3ae621930a76dfdfac694d4c5955eb\" class=\"section section-ventajas mapa\">\n\t<div class=\"section-wrapper\">\n\t\t<div class=\"container\">\n\t\t\t\t\t\t<div class=\"row justify-content-center\">\n\t\t\t\t<div class=\"col mapa-wrapper\">\n\t\t\t\t\t<div class=\"embed-responsive embed-responsive-16by9\">\n\t\t\t\t\t\t<iframe class=\"embed-responsive-item\" src=\"https:\/\/www.google.com\/maps\/d\/embed?mid=150uXUK1vwXlE-G6jyQpSmmsqYEKACinu\"><\/iframe>\n\t\t\t\t\t<\/div>\n\t\t\t\t<\/div>\n\t\t\t<\/div>\n\t\t\t\t\t\t\n\t\t\t\t\t<\/div>\n\t<\/div>\n<\/section>","protected":false},"excerpt":{"rendered":"","protected":false},"author":1,"featured_media":0,"parent":0,"menu_order":0,"comment_status":"closed","ping_status":"closed","template":"page-influencia.php","meta":{"_acf_changed":false,"footnotes":""},"class_list":["post-2148","page","type-page","status-publish","hentry"],"acf":[],"yoast_head":"<!-- This site is optimized with the Yoast SEO plugin v27.5 - https:\/\/yoast.com\/product\/yoast-seo-wordpress\/ -->\n<title>Casos d&#039;\u00e8xit \u2014 COOCCI\u014c<\/title>\n<meta name=\"description\" content=\"Des de 2016, gaireb\u00e9 400 negocis han confiat en Coocci\u00f3. Estem molt orgullosos d&#039;aix\u00f2 perqu\u00e8 el vostre \u00e8xit \u00e9s el nostre objectiu.\" \/>\n<meta name=\"robots\" content=\"index, follow, max-snippet:-1, max-image-preview:large, max-video-preview:-1\" \/>\n<link rel=\"canonical\" href=\"https:\/\/cooccio.com\/ca\/la-nostra-influencia\/\" \/>\n<meta property=\"og:locale\" content=\"ca_ES\" \/>\n<meta property=\"og:type\" content=\"article\" \/>\n<meta property=\"og:title\" content=\"Casos d&#039;\u00e8xit \u2014 COOCCI\u014c\" \/>\n<meta property=\"og:description\" content=\"Des de 2016, gaireb\u00e9 400 negocis han confiat en Coocci\u00f3. Estem molt orgullosos d&#039;aix\u00f2 perqu\u00e8 el vostre \u00e8xit \u00e9s el nostre objectiu.\" \/>\n<meta property=\"og:url\" content=\"https:\/\/cooccio.com\/ca\/la-nostra-influencia\/\" \/>\n<meta property=\"og:site_name\" content=\"Coocci\u014d\" \/>\n<meta property=\"article:modified_time\" content=\"2022-10-26T09:14:53+00:00\" \/>\n<meta name=\"twitter:card\" content=\"summary_large_image\" \/>\n<script type=\"application\/ld+json\" class=\"yoast-schema-graph\">{\"@context\":\"https:\\\/\\\/schema.org\",\"@graph\":[{\"@type\":\"WebPage\",\"@id\":\"https:\\\/\\\/cooccio.com\\\/ca\\\/la-nostra-influencia\\\/\",\"url\":\"https:\\\/\\\/cooccio.com\\\/ca\\\/la-nostra-influencia\\\/\",\"name\":\"Casos d'\u00e8xit \u2014 COOCCI\u014c\",\"isPartOf\":{\"@id\":\"https:\\\/\\\/cooccio.com\\\/ca\\\/#website\"},\"datePublished\":\"2020-07-06T11:11:07+00:00\",\"dateModified\":\"2022-10-26T09:14:53+00:00\",\"description\":\"Des de 2016, gaireb\u00e9 400 negocis han confiat en Coocci\u00f3. Estem molt orgullosos d'aix\u00f2 perqu\u00e8 el vostre \u00e8xit \u00e9s el nostre objectiu.\",\"breadcrumb\":{\"@id\":\"https:\\\/\\\/cooccio.com\\\/ca\\\/la-nostra-influencia\\\/#breadcrumb\"},\"inLanguage\":\"ca\",\"potentialAction\":[{\"@type\":\"ReadAction\",\"target\":[\"https:\\\/\\\/cooccio.com\\\/ca\\\/la-nostra-influencia\\\/\"]}]},{\"@type\":\"BreadcrumbList\",\"@id\":\"https:\\\/\\\/cooccio.com\\\/ca\\\/la-nostra-influencia\\\/#breadcrumb\",\"itemListElement\":[{\"@type\":\"ListItem\",\"position\":1,\"name\":\"Portada\",\"item\":\"https:\\\/\\\/cooccio.com\\\/ca\\\/\"},{\"@type\":\"ListItem\",\"position\":2,\"name\":\"La nostra influ\u00e8ncia\"}]},{\"@type\":\"WebSite\",\"@id\":\"https:\\\/\\\/cooccio.com\\\/ca\\\/#website\",\"url\":\"https:\\\/\\\/cooccio.com\\\/ca\\\/\",\"name\":\"Coocci\u014d\",\"description\":\"Professional shared Kitchens\",\"potentialAction\":[{\"@type\":\"SearchAction\",\"target\":{\"@type\":\"EntryPoint\",\"urlTemplate\":\"https:\\\/\\\/cooccio.com\\\/ca\\\/?s={search_term_string}\"},\"query-input\":{\"@type\":\"PropertyValueSpecification\",\"valueRequired\":true,\"valueName\":\"search_term_string\"}}],\"inLanguage\":\"ca\"}]}<\/script>\n<!-- \/ Yoast SEO plugin. -->","yoast_head_json":{"title":"Casos d'\u00e8xit \u2014 COOCCI\u014c","description":"Des de 2016, gaireb\u00e9 400 negocis han confiat en Coocci\u00f3. Estem molt orgullosos d'aix\u00f2 perqu\u00e8 el vostre \u00e8xit \u00e9s el nostre objectiu.","robots":{"index":"index","follow":"follow","max-snippet":"max-snippet:-1","max-image-preview":"max-image-preview:large","max-video-preview":"max-video-preview:-1"},"canonical":"https:\/\/cooccio.com\/ca\/la-nostra-influencia\/","og_locale":"ca_ES","og_type":"article","og_title":"Casos d'\u00e8xit \u2014 COOCCI\u014c","og_description":"Des de 2016, gaireb\u00e9 400 negocis han confiat en Coocci\u00f3. Estem molt orgullosos d'aix\u00f2 perqu\u00e8 el vostre \u00e8xit \u00e9s el nostre objectiu.","og_url":"https:\/\/cooccio.com\/ca\/la-nostra-influencia\/","og_site_name":"Coocci\u014d","article_modified_time":"2022-10-26T09:14:53+00:00","twitter_card":"summary_large_image","schema":{"@context":"https:\/\/schema.org","@graph":[{"@type":"WebPage","@id":"https:\/\/cooccio.com\/ca\/la-nostra-influencia\/","url":"https:\/\/cooccio.com\/ca\/la-nostra-influencia\/","name":"Casos d'\u00e8xit \u2014 COOCCI\u014c","isPartOf":{"@id":"https:\/\/cooccio.com\/ca\/#website"},"datePublished":"2020-07-06T11:11:07+00:00","dateModified":"2022-10-26T09:14:53+00:00","description":"Des de 2016, gaireb\u00e9 400 negocis han confiat en Coocci\u00f3. Estem molt orgullosos d'aix\u00f2 perqu\u00e8 el vostre \u00e8xit \u00e9s el nostre objectiu.","breadcrumb":{"@id":"https:\/\/cooccio.com\/ca\/la-nostra-influencia\/#breadcrumb"},"inLanguage":"ca","potentialAction":[{"@type":"ReadAction","target":["https:\/\/cooccio.com\/ca\/la-nostra-influencia\/"]}]},{"@type":"BreadcrumbList","@id":"https:\/\/cooccio.com\/ca\/la-nostra-influencia\/#breadcrumb","itemListElement":[{"@type":"ListItem","position":1,"name":"Portada","item":"https:\/\/cooccio.com\/ca\/"},{"@type":"ListItem","position":2,"name":"La nostra influ\u00e8ncia"}]},{"@type":"WebSite","@id":"https:\/\/cooccio.com\/ca\/#website","url":"https:\/\/cooccio.com\/ca\/","name":"Coocci\u014d","description":"Professional shared Kitchens","potentialAction":[{"@type":"SearchAction","target":{"@type":"EntryPoint","urlTemplate":"https:\/\/cooccio.com\/ca\/?s={search_term_string}"},"query-input":{"@type":"PropertyValueSpecification","valueRequired":true,"valueName":"search_term_string"}}],"inLanguage":"ca"}]}},"_links":{"self":[{"href":"https:\/\/cooccio.com\/ca\/wp-json\/wp\/v2\/pages\/2148","targetHints":{"allow":["GET"]}}],"collection":[{"href":"https:\/\/cooccio.com\/ca\/wp-json\/wp\/v2\/pages"}],"about":[{"href":"https:\/\/cooccio.com\/ca\/wp-json\/wp\/v2\/types\/page"}],"author":[{"embeddable":true,"href":"https:\/\/cooccio.com\/ca\/wp-json\/wp\/v2\/users\/1"}],"replies":[{"embeddable":true,"href":"https:\/\/cooccio.com\/ca\/wp-json\/wp\/v2\/comments?post=2148"}],"version-history":[{"count":4,"href":"https:\/\/cooccio.com\/ca\/wp-json\/wp\/v2\/pages\/2148\/revisions"}],"predecessor-version":[{"id":6242,"href":"https:\/\/cooccio.com\/ca\/wp-json\/wp\/v2\/pages\/2148\/revisions\/6242"}],"wp:attachment":[{"href":"https:\/\/cooccio.com\/ca\/wp-json\/wp\/v2\/media?parent=2148"}],"curies":[{"name":"wp","href":"https:\/\/api.w.org\/{rel}","templated":true}]}}