{"id":4464,"date":"2021-11-30T10:37:56","date_gmt":"2021-11-30T10:37:56","guid":{"rendered":"https:\/\/cooccio.com\/?page_id=4464"},"modified":"2022-10-26T08:34:28","modified_gmt":"2022-10-26T08:34:28","slug":"foodbusiness-fulfillment-logistica-alimentaria","status":"publish","type":"page","link":"https:\/\/cooccio.com\/ca\/foodbusiness-fulfillment-logistica-alimentaria\/","title":{"rendered":"FoodBusiness Fulfillment"},"content":{"rendered":"\t\n<section id=\"cabecera-block_6218dcde37f794d99417c5bc91826359\" class=\"section section-cabecera interior\">\n\t<div class=\"section-wrapper\" style=\"background-image: url('https:\/\/cooccio.com\/wp-content\/uploads\/2021\/11\/26-1024x561.jpg')\">\n\t\t<div class=\"container\">\n\t\t\t<div class=\"row justify-content-center\">\n\t\t\t\t<div class=\"col-lg-7 text-lg-center\">\n\t\t\t\t\t\t\t\t\t\t<div class=\"titular color-blanco\">\n\t\t\t\t\t\tFoodBusiness Fulfillment\t\t\t\t\t<\/div>\n\t\t\t\t<\/div>\n\t\t\t<\/div>\n\t\t<\/div>\n\t<\/div>\n<\/section>\n\n<section id=\"ventajas-block_92cfad28b586f76f30603c44d3301182\" class=\"section section-ventajas\">\n\t<div class=\"section-wrapper\">\n\t\t<div class=\"container\">\n\t\t\t\n\t\t\t\t\t\t<div class=\"row justify-content-between\">\n\t\t\t\t\t\t\t\t<div class=\"col-lg-6\">\n\t\t\t\t\t<div class=\"titulo-grande-bloque deco deco-morado deco-align-left with-other-classes\">\n\t\t\t\t\t\t<h3 class=\"tit color-negro\">Servei de fulfillment per a empreses d&#8217;alimentacio\u0301<\/h3>\n\t\t\t\t\t<\/div>\n\t\t\t\t\t\n\t\t\t\t\t\t\t\t\t\t\n\t\t\t\t<\/div>\n\t\t\t\t\t\t\t\t\t\t\t\t<div class=\"col-lg-5\">\n\t\t\t\t\t\t\t\t\t\t\t\t\t\t\t\t\t\t\t\t\t\t\t\t\t\t<div class=\"listado\">\n\t\t\t\t\t\t<ul class=\"blod list-unstyled color-negro\">\n\t\t\t\t\t\t\t\t\t\t\t\t\t\t<li><span class=\"chechboxsvg-morado\"><\/span> La irrupci\u00f3 del delivery i del comer\u00e7 d&#8217;\u00faltima milla ha creat nous h\u00e0bits en els consumidors<\/li>\n\t\t\t\t\t\t\t\t\t\t\t\t\t\t<li><span class=\"chechboxsvg-morado\"><\/span> Aquest proc\u00e9s, ja consolidat en el m\u00f3n de la restauraci\u00f3, inicia el seu cam\u00ed cap a la resta del negoci gastron\u00f2mic<\/li>\n\t\t\t\t\t\t\t\t\t\t\t\t\t\t<li><span class=\"chechboxsvg-morado\"><\/span> Productes envasats, 4a i 5a gamma i semi-elaborats ja formen part de la oferta complementant comandes<\/li>\n\t\t\t\t\t\t\t\t\t\t\t\t\t\t<li><span class=\"chechboxsvg-morado\"><\/span> L&#8217;impuls de la compra online de producte de gran consum impulsa tambe\u0301 la compra de producte elaborat<\/li>\n\t\t\t\t\t\t\t\t\t\t\t\t\t<\/ul>\n\t\t\t\t\t<\/div>\n\t\t\t\t\t\t\t\t\t<\/div>\n\t\t\t\t\t\t\t<\/div>\n\t\t\t\t\t\t\n\t\t<\/div>\n\t\t<div class=\"container\">\t\n\t\t\t\n\t\t\t\t\t\t<div class=\"listado-ventajas \">\n\t\t\t\t\t\t\t\t<div class=\"row margen-titular\">\n\t\t\t\t\t<div class=\"col\">\n\t\t\t\t\t\t<div class=\"titulo-grande-bloque deco deco-morado deco-align-left with-other-classes\">\n\t\t\t\t\t\t\t<h3 class=\"tit\">Gestionem el &#8220;fast delivery&#8221; del teu producte d&#8217;alimentaci\u00f3<\/h3>\n\t\t\t\t\t\t<\/div>\n\t\t\t\t\t<\/div>\n\t\t\t\t<\/div>\n\t\t\t\t\t\t\t\t\n\t\t\t\t\n\t\t\t\t<div class=\"row\">\n\t\t\t\t\t\n\t\t\t\t\t\t\t\t\t\t\n\t\t\t\t\t<div class=\"col-6 col-lg-3 mb-9r mb-0\">\n\t\t\t\t\t\t<div class=\"elemento\" data-mh=\"equal\">\n\t\t\t\t\t\t\t\t\t\t\t\t\t\t<div class=\"titulo-elemento deco color-negro deco-morado deco-align-left with-other-classes\">\n\t\t\t\t\t\t\t\tComptes digitals\t\t\t\t\t\t\t<\/div>\n\t\t\t\t\t\t\t\t\t\t\t\t\t\t<div class=\"listado color-negro\">\n\t\t\t\t\t\t\t\t\t\t\t\t\t\t\t\t\t<div class=\"subtitulo-elemento color-negro\">Ecommerce, agregadores (Glovo, Uber, Just Eat), plataformes<\/div>\n\t\t\t\t\t\t\t\t\t\t\t\t\t\t\t\t\t\t\t\t\t\t\t<\/div>\n\t\t\t\t\t\t<\/div>\n\t\t\t\t\t<\/div>\n\t\t\t\t\t\t\t\t\t\t\n\t\t\t\t\t<div class=\"col-6 col-lg-3 mb-9r mb-0\">\n\t\t\t\t\t\t<div class=\"elemento\" data-mh=\"equal\">\n\t\t\t\t\t\t\t\t\t\t\t\t\t\t<div class=\"titulo-elemento deco color-negro deco-morado deco-align-left with-other-classes\">\n\t\t\t\t\t\t\t\tEnviaments\t\t\t\t\t\t\t<\/div>\n\t\t\t\t\t\t\t\t\t\t\t\t\t\t<div class=\"listado color-negro\">\n\t\t\t\t\t\t\t\t\t\t\t\t\t\t\t\t\t<div class=\"subtitulo-elemento color-negro\">Mateix dia, immediat, o per franges horaries<\/div>\n\t\t\t\t\t\t\t\t\t\t\t\t\t\t\t\t\t\t\t\t\t\t\t<\/div>\n\t\t\t\t\t\t<\/div>\n\t\t\t\t\t<\/div>\n\t\t\t\t\t\t\t\t\t\t\n\t\t\t\t\t<div class=\"col-6 col-lg-3 mb-9r mb-0\">\n\t\t\t\t\t\t<div class=\"elemento\" data-mh=\"equal\">\n\t\t\t\t\t\t\t\t\t\t\t\t\t\t<div class=\"titulo-elemento deco color-negro deco-morado deco-align-left with-other-classes\">\n\t\t\t\t\t\t\t\tProducte\t\t\t\t\t\t\t<\/div>\n\t\t\t\t\t\t\t\t\t\t\t\t\t\t<div class=\"listado color-negro\">\n\t\t\t\t\t\t\t\t\t\t\t\t\t\t\t\t\t<div class=\"subtitulo-elemento color-negro\">Sec, fred, congelat<\/div>\n\t\t\t\t\t\t\t\t\t\t\t\t\t\t\t\t\t\t\t\t\t\t\t<\/div>\n\t\t\t\t\t\t<\/div>\n\t\t\t\t\t<\/div>\n\t\t\t\t\t\t\t\t\t\t\n\t\t\t\t\t<div class=\"col-6 col-lg-3 mb-9r mb-0\">\n\t\t\t\t\t\t<div class=\"elemento\" data-mh=\"equal\">\n\t\t\t\t\t\t\t\t\t\t\t\t\t\t<div class=\"titulo-elemento deco color-negro deco-morado deco-align-left with-other-classes\">\n\t\t\t\t\t\t\t\tElaboracio\u0301\t\t\t\t\t\t\t<\/div>\n\t\t\t\t\t\t\t\t\t\t\t\t\t\t<div class=\"listado color-negro\">\n\t\t\t\t\t\t\t\t\t\t\t\t\t\t\t\t\t<div class=\"subtitulo-elemento color-negro\">Embossat, envasat, processat, cuinat<\/div>\n\t\t\t\t\t\t\t\t\t\t\t\t\t\t\t\t\t\t\t\t\t\t\t<\/div>\n\t\t\t\t\t\t<\/div>\n\t\t\t\t\t<\/div>\n\t\t\t\t\t\t\t\t\t\t\n\t\t\t\t\t<div class=\"col-6 col-lg-3 mb-9r mb-0\">\n\t\t\t\t\t\t<div class=\"elemento\" data-mh=\"equal\">\n\t\t\t\t\t\t\t\t\t\t\t\t\t\t<div class=\"titulo-elemento deco color-negro deco-morado deco-align-left with-other-classes\">\n\t\t\t\t\t\t\t\tEntrega\t\t\t\t\t\t\t<\/div>\n\t\t\t\t\t\t\t\t\t\t\t\t\t\t<div class=\"listado color-negro\">\n\t\t\t\t\t\t\t\t\t\t\t\t\t\t\t\t\t<div class=\"subtitulo-elemento color-negro\">A domicili o recollida al local. Ampli horari.<\/div>\n\t\t\t\t\t\t\t\t\t\t\t\t\t\t\t\t\t\t\t\t\t\t\t<\/div>\n\t\t\t\t\t\t<\/div>\n\t\t\t\t\t<\/div>\n\t\t\t\t\t\t\t\t\t\t\n\t\t\t\t\t<div class=\"col-6 col-lg-3 mb-9r mb-0\">\n\t\t\t\t\t\t<div class=\"elemento\" data-mh=\"equal\">\n\t\t\t\t\t\t\t\t\t\t\t\t\t\t<div class=\"titulo-elemento deco color-negro deco-morado deco-align-left with-other-classes\">\n\t\t\t\t\t\t\t\tProjecte\t\t\t\t\t\t\t<\/div>\n\t\t\t\t\t\t\t\t\t\t\t\t\t\t<div class=\"listado color-negro\">\n\t\t\t\t\t\t\t\t\t\t\t\t\t\t\t\t\t<div class=\"subtitulo-elemento color-negro\">Qualsevol estadi del projecte: pmv, llan\u00e7ament, creixement<\/div>\n\t\t\t\t\t\t\t\t\t\t\t\t\t\t\t\t\t\t\t\t\t\t\t<\/div>\n\t\t\t\t\t\t<\/div>\n\t\t\t\t\t<\/div>\n\t\t\t\t\t\t\t\t\t<\/div>\n\t\t\t<\/div>\n\t\t\t\t\t<\/div>\n\t<\/div>\n<\/section>\n\n\t\n<section id=\"cabecera-block_473203a95634127e1b2494b9245a77dd\" class=\"section section-cabecera interior\">\n\t<div class=\"section-wrapper\" style=\"background-image: url('https:\/\/cooccio.com\/wp-content\/uploads\/2021\/11\/111-1024x561.jpg')\">\n\t\t<div class=\"container\">\n\t\t\t<div class=\"row justify-content-center\">\n\t\t\t\t<div class=\"col-lg-7 text-lg-center\">\n\t\t\t\t\t\t\t\t\t\t<div class=\"titular color-blanco\">\n\t\t\t\t\t\tFranquiciem noves localitzacions de la teva marca virtual. T&#8217;ajudem a crear i impulsar el teu nou concepte\t\t\t\t\t<\/div>\n\t\t\t\t<\/div>\n\t\t\t<\/div>\n\t\t<\/div>\n\t<\/div>\n<\/section>\n\n<section id=\"ventajas-block_f462c010d85c375e444971774921d965\" class=\"section section-ventajas\">\n\t<div class=\"section-wrapper\">\n\t\t<div class=\"container\">\n\t\t\t\n\t\t\t\t\t\t<div class=\"row justify-content-between\">\n\t\t\t\t\t\t\t\t<div class=\"col-lg-6\">\n\t\t\t\t\t<div class=\"titulo-grande-bloque deco deco-morado deco-align-left with-other-classes\">\n\t\t\t\t\t\t<h3 class=\"tit color-negro\">A qui va dirigit?<\/h3>\n\t\t\t\t\t<\/div>\n\t\t\t\t\t\n\t\t\t\t\t\t\t\t\t\t\n\t\t\t\t<\/div>\n\t\t\t\t\t\t\t\t\t\t\t<\/div>\n\t\t\t\t\t\t\n\t\t<\/div>\n\t\t<div class=\"container\">\t\n\t\t\t\n\t\t\t\t\t\t<div class=\"listado-ventajas \">\n\t\t\t\t\t\t\t\t\n\t\t\t\t\n\t\t\t\t<div class=\"row\">\n\t\t\t\t\t\n\t\t\t\t\t\t\t\t\t\t\n\t\t\t\t\t<div class=\"col-lg-4\">\n\t\t\t\t\t\t<div class=\"elemento\" data-mh=\"equal\">\n\t\t\t\t\t\t\t\t\t\t\t\t\t\t<div class=\"titulo-elemento deco color-negro deco-morado deco-align-left with-other-classes\">\n\t\t\t\t\t\t\t\tEmpreses d&#8217;alimentacio\u0301\t\t\t\t\t\t\t<\/div>\n\t\t\t\t\t\t\t\t\t\t\t\t\t\t<div class=\"listado color-negro\">\n\t\t\t\t\t\t\t\t\t\t\t\t\t\t\t\t\t<div class=\"subtitulo-elemento color-negro\">Amb canals habituals de venda directa al consumidor, offline o online, retail, linial venaa a restauracio\u0301, que vulguin apropar el seu producte al cliente i\/o diversificarlo mitjan\u00e7ant propostes elaborades.<\/div>\n\t\t\t\t\t\t\t\t\t\t\t\t\t\t\t\t\t\t\t\t\t\t\t<\/div>\n\t\t\t\t\t\t<\/div>\n\t\t\t\t\t<\/div>\n\t\t\t\t\t\t\t\t\t\t\n\t\t\t\t\t<div class=\"col-lg-4\">\n\t\t\t\t\t\t<div class=\"elemento\" data-mh=\"equal\">\n\t\t\t\t\t\t\t\t\t\t\t\t\t\t<div class=\"titulo-elemento deco color-negro deco-morado deco-align-left with-other-classes\">\n\t\t\t\t\t\t\t\tRestaurants fi\u0301sics o virtuals\t\t\t\t\t\t\t<\/div>\n\t\t\t\t\t\t\t\t\t\t\t\t\t\t<div class=\"listado color-negro\">\n\t\t\t\t\t\t\t\t\t\t\t\t\t\t\t\t\t<div class=\"subtitulo-elemento color-negro\">Que vulguin obrir noves localitzacions sense necessitat d&#8217;invertir en infrastructura ni contractar personal<\/div>\n\t\t\t\t\t\t\t\t\t\t\t\t\t\t\t\t\t\t\t\t\t\t\t<\/div>\n\t\t\t\t\t\t<\/div>\n\t\t\t\t\t<\/div>\n\t\t\t\t\t\t\t\t\t<\/div>\n\t\t\t<\/div>\n\t\t\t\t\t<\/div>\n\t<\/div>\n<\/section>\n\n\n<hr>\n\n\n<section id=\"ventajas-block_6bf623dc66693c978b16f1dbdc9c8be1\" class=\"section section-ventajas\">\n\t<div class=\"section-wrapper\">\n\t\t<div class=\"container\">\n\t\t\t\n\t\t\t\t\t\t<div class=\"row justify-content-between\">\n\t\t\t\t\t\t\t\t<div class=\"col-lg-6\">\n\t\t\t\t\t<div class=\"titulo-grande-bloque deco deco-morado deco-align-left with-other-classes\">\n\t\t\t\t\t\t<h3 class=\"tit color-negro\">T&#8217;assessorem<\/h3>\n\t\t\t\t\t<\/div>\n\t\t\t\t\t\n\t\t\t\t\t\t\t\t\t\t\n\t\t\t\t<\/div>\n\t\t\t\t\t\t\t\t\t\t\t\t<div class=\"col-lg-5\">\n\t\t\t\t\t\t\t\t\t\t\t\t\t\t\t\t\t\t\t\t\t\t\t\t\t\t<div class=\"listado\">\n\t\t\t\t\t\t<ul class=\"blod list-unstyled color-negro\">\n\t\t\t\t\t\t\t\t\t\t\t\t\t\t<li><span class=\"chechboxsvg-morado\"><\/span> Consultoria gastrono\u00f2mica digital<\/li>\n\t\t\t\t\t\t\t\t\t\t\t\t\t\t<li><span class=\"chechboxsvg-morado\"><\/span> Benchmark. Estrat\u00e8gia Comercial<\/li>\n\t\t\t\t\t\t\t\t\t\t\t\t\t\t<li><span class=\"chechboxsvg-morado\"><\/span> Conversio\u0301, ticket mig, adquisicio\u0301 usuarios<\/li>\n\t\t\t\t\t\t\t\t\t\t\t\t\t\t<li><span class=\"chechboxsvg-morado\"><\/span> Creacio\u0301 \/ adaptacio\u0301 oferta \/ producte<\/li>\n\t\t\t\t\t\t\t\t\t\t\t\t\t\t<li><span class=\"chechboxsvg-morado\"><\/span> Pricing i promocions. Sampling<\/li>\n\t\t\t\t\t\t\t\t\t\t\t\t\t\t<li><span class=\"chechboxsvg-morado\"><\/span> Seguimient, supervisio\u0301 i an\u00e0lisi<\/li>\n\t\t\t\t\t\t\t\t\t\t\t\t\t\t<li><span class=\"chechboxsvg-morado\"><\/span> Omnicanalitat. Ecommerce propi<\/li>\n\t\t\t\t\t\t\t\t\t\t\t\t\t<\/ul>\n\t\t\t\t\t<\/div>\n\t\t\t\t\t\t\t\t\t<\/div>\n\t\t\t\t\t\t\t<\/div>\n\t\t\t\t\t\t\n\t\t<\/div>\n\t\t<div class=\"container\">\t\n\t\t\t\n\t\t\t\t\t<\/div>\n\t<\/div>\n<\/section>\n\n\n<section id=\"packs-block_859206f4cc5803e5d7445065cbd0bb2b\" class=\"section section-partners\">\n\t<div class=\"sction-wrapper\">\n\t\t<div class=\"container\">\n\t\t\t<div class=\"row\">\n\t\t\t\t<div class=\"col-lg-5\">\n\t\t\t\t\t<div class=\"titulo-elemento deco deco-morado deco-align-left with-other-classes\">\n\t\t\t\t\t\tEmpreses que han confiat en nosaltres\t\t\t\t\t<\/div>\n\t\t\t\t\t<div class=\"texto\">\n\t\t\t\t\t\t\t\t\t\t\t<\/div>\n\t\t\t\t<\/div>\n\t\t\t<\/div>\n\t\t\t\t\t\t<div class=\"grid-logos\">\n\t\t\t\t<div class=\"row\">\n\t\t\t\t\t\t\t\t\t\t<div class=\"col-6 col-lg-2\">\n\t\t\t\t\t\t\t\t\t\t\t\t<a href=\"https:\/\/www.amrest.eu\/es\">\n\t\t\t\t\t\t\t\t\t\t\t\t\t<img decoding=\"async\" src=\"https:\/\/cooccio.com\/wp-content\/uploads\/2021\/11\/amrest.png\" class=\"img-fluid\">\n\t\t\t\t\t\t\t\t\t\t\t\t<\/a>\n\t\t\t\t\t\t\t\t\t\t\t<\/div>\n\t\t\t\t\t\t\t\t\t\t<div class=\"col-6 col-lg-2\">\n\t\t\t\t\t\t\t\t\t\t\t\t<a href=\"https:\/\/www.caldoaneto.com\/es\">\n\t\t\t\t\t\t\t\t\t\t\t\t\t<img decoding=\"async\" src=\"https:\/\/cooccio.com\/wp-content\/uploads\/2021\/11\/aneto.png\" class=\"img-fluid\">\n\t\t\t\t\t\t\t\t\t\t\t\t<\/a>\n\t\t\t\t\t\t\t\t\t\t\t<\/div>\n\t\t\t\t\t\t\t\t\t\t<div class=\"col-6 col-lg-2\">\n\t\t\t\t\t\t\t\t\t\t\t\t<a href=\"https:\/\/www.angulas-aguinaga.es\/\">\n\t\t\t\t\t\t\t\t\t\t\t\t\t<img decoding=\"async\" src=\"https:\/\/cooccio.com\/wp-content\/uploads\/2021\/11\/angulasaguinaga.png\" class=\"img-fluid\">\n\t\t\t\t\t\t\t\t\t\t\t\t<\/a>\n\t\t\t\t\t\t\t\t\t\t\t<\/div>\n\t\t\t\t\t\t\t\t\t\t<div class=\"col-6 col-lg-2\">\n\t\t\t\t\t\t\t\t\t\t\t\t<a href=\"https:\/\/www.glovocookroom.com\/\">\n\t\t\t\t\t\t\t\t\t\t\t\t\t<img decoding=\"async\" src=\"https:\/\/cooccio.com\/wp-content\/uploads\/2021\/11\/cookroom.png\" class=\"img-fluid\">\n\t\t\t\t\t\t\t\t\t\t\t\t<\/a>\n\t\t\t\t\t\t\t\t\t\t\t<\/div>\n\t\t\t\t\t\t\t\t\t\t<div class=\"col-6 col-lg-2\">\n\t\t\t\t\t\t\t\t\t\t\t\t<a href=\"https:\/\/www.oetker.es\/es-es\/index\">\n\t\t\t\t\t\t\t\t\t\t\t\t\t<img decoding=\"async\" src=\"https:\/\/cooccio.com\/wp-content\/uploads\/2021\/11\/droetker.png\" class=\"img-fluid\">\n\t\t\t\t\t\t\t\t\t\t\t\t<\/a>\n\t\t\t\t\t\t\t\t\t\t\t<\/div>\n\t\t\t\t\t\t\t\t\t\t<div class=\"col-6 col-lg-2\">\n\t\t\t\t\t\t\t\t\t\t\t\t<a href=\"https:\/\/lindadrinks.com\/\">\n\t\t\t\t\t\t\t\t\t\t\t\t\t<img decoding=\"async\" src=\"https:\/\/cooccio.com\/wp-content\/uploads\/2021\/11\/linda.png\" class=\"img-fluid\">\n\t\t\t\t\t\t\t\t\t\t\t\t<\/a>\n\t\t\t\t\t\t\t\t\t\t\t<\/div>\n\t\t\t\t\t\t\t\t\t\t<div class=\"col-6 col-lg-2\">\n\t\t\t\t\t\t\t\t\t\t\t\t\t<img decoding=\"async\" src=\"\" class=\"img-fluid\">\n\t\t\t\t\t\t\t\t\t\t\t<\/div>\n\t\t\t\t\t\t\t\t\t<\/div>\n\t\t\t<\/div>\n\t\t\t\t\t<\/div>\n\t<\/div>\n<\/section>\n\n<section id=\"contacto-block_bd358f31f3f9bfbfaad4babcc2b31dac\" class=\"section section-contacto\">\n\t<div class=\"section-wrapper\">\n\t\t<div class=\"container\">\n\t\t\t<div class=\"row justify-content-center\">\n\t\t\t\t<div class=\"col-lg-6 text-center\">\n\t\t\t\t\t<div class=\"titulo-bloque\">\n\t\t\t\t\t\tM\u00e9s informaci\u00f3n\t\t\t\t\t<\/div>\n\t\t\t\t<\/div>\n\t\t\t<\/div>\n\t\t\t\n\t\t\t<div class=\"row justify-content-center\">\n\t\t\t\t<div class=\"col-lg-6 con-formulario\">\n\t\t\t\t\t\n<div class=\"wpcf7 no-js\" id=\"wpcf7-f2118-o1\" lang=\"ca\" dir=\"ltr\" data-wpcf7-id=\"2118\">\n<div class=\"screen-reader-response\"><p role=\"status\" aria-live=\"polite\" aria-atomic=\"true\"><\/p> <ul><\/ul><\/div>\n<form action=\"\/ca\/wp-json\/wp\/v2\/pages\/4464#wpcf7-f2118-o1\" method=\"post\" class=\"wpcf7-form init\" aria-label=\"Formulari de contacte\" novalidate=\"novalidate\" data-status=\"init\">\n<fieldset class=\"hidden-fields-container\"><input type=\"hidden\" name=\"_wpcf7\" value=\"2118\" \/><input type=\"hidden\" name=\"_wpcf7_version\" value=\"6.1.5\" \/><input type=\"hidden\" name=\"_wpcf7_locale\" value=\"ca\" \/><input type=\"hidden\" name=\"_wpcf7_unit_tag\" value=\"wpcf7-f2118-o1\" \/><input type=\"hidden\" name=\"_wpcf7_container_post\" value=\"0\" \/><input type=\"hidden\" name=\"_wpcf7_posted_data_hash\" value=\"\" \/><input type=\"hidden\" name=\"_wpcf7dtx_version\" value=\"5.0.5\" \/>\n<\/fieldset>\n<p><span class=\"wpcf7-form-control-wrap\" data-name=\"motivo\"><select class=\"wpcf7-form-control wpcf7-select wpcf7-validates-as-required form-control selectpicker\" id=\"motivo\" aria-required=\"true\" aria-invalid=\"false\" name=\"motivo\"><option value=\"\">Selecciona el teu motiu<\/option><option value=\"visita\">Vull visitar Coocci\u00f3<\/option><option value=\"obrador-4h\">Obrador: Pack 4h<\/option><option value=\"obrador-16h\">Obrador: Pack 16h<\/option><option value=\"obrador-32h\">Obrador: Pack 32h<\/option><option value=\"obrador-160h\">Obrador: Pack 160h<\/option><option value=\"obrador-a-medida\">Obrador: Pack a mida<\/option><option value=\"quiero-ser-miembro\">Vull ser membre<\/option><option value=\"Fulfillment\">Fulfillment<\/option><option value=\"presu-assesoria\">Pressupost d&#039;assessoria<\/option><option value=\"presu-cocina-part\">Pressupost cuina particular<\/option><option value=\"presu-cocina-comp\">Pressupost cuina compartida<\/option><\/select><\/span>\n<\/p>\n<span class=\"wpcf7-form-control-wrap hiddendefault\" data-name=\"hiddendefault\"><input type=\"hidden\" name=\"hiddendefault\" class=\"wpcf7-form-control wpcf7-hidden wpcf7dtx wpcf7dtx-hidden\" aria-invalid=\"false\"><\/span>\n<p><span class=\"wpcf7-form-control-wrap\" data-name=\"your-name\"><input size=\"40\" maxlength=\"400\" class=\"wpcf7-form-control wpcf7-text wpcf7-validates-as-required form-control\" aria-required=\"true\" aria-invalid=\"false\" placeholder=\"Nom i Cognoms\" value=\"\" type=\"text\" name=\"your-name\" \/><\/span>\n<\/p>\n<p><span class=\"wpcf7-form-control-wrap\" data-name=\"your-email\"><input size=\"40\" maxlength=\"400\" class=\"wpcf7-form-control wpcf7-email wpcf7-validates-as-required wpcf7-text wpcf7-validates-as-email form-control\" aria-required=\"true\" aria-invalid=\"false\" placeholder=\"Email\" value=\"\" type=\"email\" name=\"your-email\" \/><\/span>\n<\/p>\n<p><span class=\"wpcf7-form-control-wrap\" data-name=\"your-company\"><input size=\"40\" maxlength=\"400\" class=\"wpcf7-form-control wpcf7-text wpcf7-validates-as-required form-control\" aria-required=\"true\" aria-invalid=\"false\" placeholder=\"Empresa\" value=\"\" type=\"text\" name=\"your-company\" \/><\/span>\n<\/p>\n<p><span class=\"wpcf7-form-control-wrap\" data-name=\"your-phone\"><input size=\"40\" maxlength=\"400\" class=\"wpcf7-form-control wpcf7-tel wpcf7-text wpcf7-validates-as-tel form-control\" aria-invalid=\"false\" placeholder=\"Tel\u00e8fon\" value=\"\" type=\"tel\" name=\"your-phone\" \/><\/span>\n<\/p>\n<p><span class=\"wpcf7-form-control-wrap\" data-name=\"your-message\"><textarea cols=\"40\" rows=\"5\" maxlength=\"2000\" class=\"wpcf7-form-control wpcf7-textarea form-control\" aria-invalid=\"false\" placeholder=\"Escriu el teu missatge aqu\u00ed...\" name=\"your-message\"><\/textarea><\/span>\n<\/p>\n<p><span class=\"wpcf7-form-control-wrap\" data-name=\"acceptance-794\"><span class=\"wpcf7-form-control wpcf7-acceptance optional\"><span class=\"wpcf7-list-item\"><label><input type=\"checkbox\" name=\"acceptance-794\" value=\"1\" aria-invalid=\"false\" \/><span class=\"wpcf7-list-item-label\">Accepto la politica de privacitat i els termes legals d'\u00fas<\/a>.<\/span><\/label><\/span><\/span><\/span>\n<\/p>\n<div class=\"row justify-content-end\">\n\t<div class=\"col-lg-6 text-right\">\n\t\t<p><input class=\"wpcf7-form-control wpcf7-submit has-spinner btn btn-linea btn-negro btn-padding btn-hover-negro\" type=\"submit\" value=\"Enviar\" \/>\n\t\t<\/p>\n\t<\/div>\n<\/div><div class=\"wpcf7-response-output\" aria-hidden=\"true\"><\/div>\n<\/form>\n<\/div>\n\t\t\t\t<\/div>\n\t\t\t<\/div>\n\t\t\t\n\t\t\t\t\t\t\n\t\t\t\n\t\t\t\t\t\t<div class=\"row justify-content-center\">\n\t\t\t\t\n\t\t\t\t\t\t\t\t<div class=\"col-lg-2\">\n\t\t\t\t\t<div class=\"direccion\">\n\t\t\t\t\t\t\t\t\t\t\t<\/div>\n\t\t\t\t<\/div>\n\t\t\t\t\t\t\t<\/div>\n\t\t\t\n\t\t\t\t\t\t\n\t\t<\/div>\n\t<\/div>\n<\/section>","protected":false},"excerpt":{"rendered":"","protected":false},"author":1,"featured_media":0,"parent":0,"menu_order":0,"comment_status":"closed","ping_status":"closed","template":"page-incubadora.php","meta":{"_acf_changed":false,"footnotes":""},"class_list":["post-4464","page","type-page","status-publish","hentry"],"acf":[],"yoast_head":"<!-- This site is optimized with the Yoast SEO plugin v27.5 - https:\/\/yoast.com\/product\/yoast-seo-wordpress\/ -->\n<title>Log\u00edstica Aliment\u00e0ria per a Empreses i Restaurants \u2014 COOCCI\u014c<\/title>\n<meta name=\"description\" content=\"Servei de Food Business Fulfillment: gestionem el teu fast delivery i t&#039;assessorem per a impulsar el teu projecte i la teva marca.\" \/>\n<meta name=\"robots\" content=\"index, follow, max-snippet:-1, max-image-preview:large, max-video-preview:-1\" \/>\n<link rel=\"canonical\" href=\"https:\/\/cooccio.com\/ca\/foodbusiness-fulfillment-logistica-alimentaria\/\" \/>\n<meta property=\"og:locale\" content=\"ca_ES\" \/>\n<meta property=\"og:type\" content=\"article\" \/>\n<meta property=\"og:title\" content=\"Log\u00edstica Aliment\u00e0ria per a Empreses i Restaurants \u2014 COOCCI\u014c\" \/>\n<meta property=\"og:description\" content=\"Servei de Food Business Fulfillment: gestionem el teu fast delivery i t&#039;assessorem per a impulsar el teu projecte i la teva marca.\" \/>\n<meta property=\"og:url\" content=\"https:\/\/cooccio.com\/ca\/foodbusiness-fulfillment-logistica-alimentaria\/\" \/>\n<meta property=\"og:site_name\" content=\"Coocci\u014d\" \/>\n<meta property=\"article:modified_time\" content=\"2022-10-26T08:34:28+00:00\" \/>\n<meta name=\"twitter:card\" content=\"summary_large_image\" \/>\n<script type=\"application\/ld+json\" class=\"yoast-schema-graph\">{\"@context\":\"https:\\\/\\\/schema.org\",\"@graph\":[{\"@type\":\"WebPage\",\"@id\":\"https:\\\/\\\/cooccio.com\\\/ca\\\/foodbusiness-fulfillment-logistica-alimentaria\\\/\",\"url\":\"https:\\\/\\\/cooccio.com\\\/ca\\\/foodbusiness-fulfillment-logistica-alimentaria\\\/\",\"name\":\"Log\u00edstica Aliment\u00e0ria per a Empreses i Restaurants \u2014 COOCCI\u014c\",\"isPartOf\":{\"@id\":\"https:\\\/\\\/cooccio.com\\\/ca\\\/#website\"},\"datePublished\":\"2021-11-30T10:37:56+00:00\",\"dateModified\":\"2022-10-26T08:34:28+00:00\",\"description\":\"Servei de Food Business Fulfillment: gestionem el teu fast delivery i t'assessorem per a impulsar el teu projecte i la teva marca.\",\"breadcrumb\":{\"@id\":\"https:\\\/\\\/cooccio.com\\\/ca\\\/foodbusiness-fulfillment-logistica-alimentaria\\\/#breadcrumb\"},\"inLanguage\":\"ca\",\"potentialAction\":[{\"@type\":\"ReadAction\",\"target\":[\"https:\\\/\\\/cooccio.com\\\/ca\\\/foodbusiness-fulfillment-logistica-alimentaria\\\/\"]}]},{\"@type\":\"BreadcrumbList\",\"@id\":\"https:\\\/\\\/cooccio.com\\\/ca\\\/foodbusiness-fulfillment-logistica-alimentaria\\\/#breadcrumb\",\"itemListElement\":[{\"@type\":\"ListItem\",\"position\":1,\"name\":\"Portada\",\"item\":\"https:\\\/\\\/cooccio.com\\\/ca\\\/\"},{\"@type\":\"ListItem\",\"position\":2,\"name\":\"FoodBusiness Fulfillment\"}]},{\"@type\":\"WebSite\",\"@id\":\"https:\\\/\\\/cooccio.com\\\/ca\\\/#website\",\"url\":\"https:\\\/\\\/cooccio.com\\\/ca\\\/\",\"name\":\"Coocci\u014d\",\"description\":\"Professional shared Kitchens\",\"potentialAction\":[{\"@type\":\"SearchAction\",\"target\":{\"@type\":\"EntryPoint\",\"urlTemplate\":\"https:\\\/\\\/cooccio.com\\\/ca\\\/?s={search_term_string}\"},\"query-input\":{\"@type\":\"PropertyValueSpecification\",\"valueRequired\":true,\"valueName\":\"search_term_string\"}}],\"inLanguage\":\"ca\"}]}<\/script>\n<!-- \/ Yoast SEO plugin. -->","yoast_head_json":{"title":"Log\u00edstica Aliment\u00e0ria per a Empreses i Restaurants \u2014 COOCCI\u014c","description":"Servei de Food Business Fulfillment: gestionem el teu fast delivery i t'assessorem per a impulsar el teu projecte i la teva marca.","robots":{"index":"index","follow":"follow","max-snippet":"max-snippet:-1","max-image-preview":"max-image-preview:large","max-video-preview":"max-video-preview:-1"},"canonical":"https:\/\/cooccio.com\/ca\/foodbusiness-fulfillment-logistica-alimentaria\/","og_locale":"ca_ES","og_type":"article","og_title":"Log\u00edstica Aliment\u00e0ria per a Empreses i Restaurants \u2014 COOCCI\u014c","og_description":"Servei de Food Business Fulfillment: gestionem el teu fast delivery i t'assessorem per a impulsar el teu projecte i la teva marca.","og_url":"https:\/\/cooccio.com\/ca\/foodbusiness-fulfillment-logistica-alimentaria\/","og_site_name":"Coocci\u014d","article_modified_time":"2022-10-26T08:34:28+00:00","twitter_card":"summary_large_image","schema":{"@context":"https:\/\/schema.org","@graph":[{"@type":"WebPage","@id":"https:\/\/cooccio.com\/ca\/foodbusiness-fulfillment-logistica-alimentaria\/","url":"https:\/\/cooccio.com\/ca\/foodbusiness-fulfillment-logistica-alimentaria\/","name":"Log\u00edstica Aliment\u00e0ria per a Empreses i Restaurants \u2014 COOCCI\u014c","isPartOf":{"@id":"https:\/\/cooccio.com\/ca\/#website"},"datePublished":"2021-11-30T10:37:56+00:00","dateModified":"2022-10-26T08:34:28+00:00","description":"Servei de Food Business Fulfillment: gestionem el teu fast delivery i t'assessorem per a impulsar el teu projecte i la teva marca.","breadcrumb":{"@id":"https:\/\/cooccio.com\/ca\/foodbusiness-fulfillment-logistica-alimentaria\/#breadcrumb"},"inLanguage":"ca","potentialAction":[{"@type":"ReadAction","target":["https:\/\/cooccio.com\/ca\/foodbusiness-fulfillment-logistica-alimentaria\/"]}]},{"@type":"BreadcrumbList","@id":"https:\/\/cooccio.com\/ca\/foodbusiness-fulfillment-logistica-alimentaria\/#breadcrumb","itemListElement":[{"@type":"ListItem","position":1,"name":"Portada","item":"https:\/\/cooccio.com\/ca\/"},{"@type":"ListItem","position":2,"name":"FoodBusiness Fulfillment"}]},{"@type":"WebSite","@id":"https:\/\/cooccio.com\/ca\/#website","url":"https:\/\/cooccio.com\/ca\/","name":"Coocci\u014d","description":"Professional shared Kitchens","potentialAction":[{"@type":"SearchAction","target":{"@type":"EntryPoint","urlTemplate":"https:\/\/cooccio.com\/ca\/?s={search_term_string}"},"query-input":{"@type":"PropertyValueSpecification","valueRequired":true,"valueName":"search_term_string"}}],"inLanguage":"ca"}]}},"_links":{"self":[{"href":"https:\/\/cooccio.com\/ca\/wp-json\/wp\/v2\/pages\/4464","targetHints":{"allow":["GET"]}}],"collection":[{"href":"https:\/\/cooccio.com\/ca\/wp-json\/wp\/v2\/pages"}],"about":[{"href":"https:\/\/cooccio.com\/ca\/wp-json\/wp\/v2\/types\/page"}],"author":[{"embeddable":true,"href":"https:\/\/cooccio.com\/ca\/wp-json\/wp\/v2\/users\/1"}],"replies":[{"embeddable":true,"href":"https:\/\/cooccio.com\/ca\/wp-json\/wp\/v2\/comments?post=4464"}],"version-history":[{"count":15,"href":"https:\/\/cooccio.com\/ca\/wp-json\/wp\/v2\/pages\/4464\/revisions"}],"predecessor-version":[{"id":6230,"href":"https:\/\/cooccio.com\/ca\/wp-json\/wp\/v2\/pages\/4464\/revisions\/6230"}],"wp:attachment":[{"href":"https:\/\/cooccio.com\/ca\/wp-json\/wp\/v2\/media?parent=4464"}],"curies":[{"name":"wp","href":"https:\/\/api.w.org\/{rel}","templated":true}]}}