{"id":69,"date":"2020-07-06T11:11:21","date_gmt":"2020-07-06T11:11:21","guid":{"rendered":"https:\/\/cooccio.com\/contacto\/"},"modified":"2023-11-16T11:36:43","modified_gmt":"2023-11-16T11:36:43","slug":"contacte","status":"publish","type":"page","link":"https:\/\/cooccio.com\/ca\/contacte\/","title":{"rendered":"Contacte"},"content":{"rendered":"<section id=\"contacto-block_06c16c937bad1963a9c4ed7e38fb8fc4\" class=\"section section-contacto\">\n\t<div class=\"section-wrapper\">\n\t\t<div class=\"container\">\n\t\t\t<div class=\"row justify-content-center\">\n\t\t\t\t<div class=\"col-lg-6 text-center\">\n\t\t\t\t\t<div class=\"titulo-bloque\">\n\t\t\t\t\t\tSelecciona si vols concertar una cita, o si vols informaci\u00f3 sobre un producte concret i ens posarem en contacte amb tu.\t\t\t\t\t<\/div>\n\t\t\t\t<\/div>\n\t\t\t<\/div>\n\t\t\t\n\t\t\t<div class=\"row justify-content-center\">\n\t\t\t\t<div class=\"col-lg-6 con-formulario\">\n\t\t\t\t\t\n<div class=\"wpcf7 no-js\" id=\"wpcf7-f2118-o1\" lang=\"ca\" dir=\"ltr\" data-wpcf7-id=\"2118\">\n<div class=\"screen-reader-response\"><p role=\"status\" aria-live=\"polite\" aria-atomic=\"true\"><\/p> <ul><\/ul><\/div>\n<form action=\"\/ca\/wp-json\/wp\/v2\/pages\/69#wpcf7-f2118-o1\" method=\"post\" class=\"wpcf7-form init\" aria-label=\"Formulari de contacte\" novalidate=\"novalidate\" data-status=\"init\">\n<fieldset class=\"hidden-fields-container\"><input type=\"hidden\" name=\"_wpcf7\" value=\"2118\" \/><input type=\"hidden\" name=\"_wpcf7_version\" value=\"6.1.5\" \/><input type=\"hidden\" name=\"_wpcf7_locale\" value=\"ca\" \/><input type=\"hidden\" name=\"_wpcf7_unit_tag\" value=\"wpcf7-f2118-o1\" \/><input type=\"hidden\" name=\"_wpcf7_container_post\" value=\"0\" \/><input type=\"hidden\" name=\"_wpcf7_posted_data_hash\" value=\"\" \/><input type=\"hidden\" name=\"_wpcf7dtx_version\" value=\"5.0.5\" \/>\n<\/fieldset>\n<p><span class=\"wpcf7-form-control-wrap\" data-name=\"motivo\"><select class=\"wpcf7-form-control wpcf7-select wpcf7-validates-as-required form-control selectpicker\" id=\"motivo\" aria-required=\"true\" aria-invalid=\"false\" name=\"motivo\"><option value=\"\">Selecciona el teu motiu<\/option><option value=\"visita\">Vull visitar Coocci\u00f3<\/option><option value=\"obrador-4h\">Obrador: Pack 4h<\/option><option value=\"obrador-16h\">Obrador: Pack 16h<\/option><option value=\"obrador-32h\">Obrador: Pack 32h<\/option><option value=\"obrador-160h\">Obrador: Pack 160h<\/option><option value=\"obrador-a-medida\">Obrador: Pack a mida<\/option><option value=\"quiero-ser-miembro\">Vull ser membre<\/option><option value=\"Fulfillment\">Fulfillment<\/option><option value=\"presu-assesoria\">Pressupost d&#039;assessoria<\/option><option value=\"presu-cocina-part\">Pressupost cuina particular<\/option><option value=\"presu-cocina-comp\">Pressupost cuina compartida<\/option><\/select><\/span>\n<\/p>\n<span class=\"wpcf7-form-control-wrap hiddendefault\" data-name=\"hiddendefault\"><input type=\"hidden\" name=\"hiddendefault\" class=\"wpcf7-form-control wpcf7-hidden wpcf7dtx wpcf7dtx-hidden\" aria-invalid=\"false\"><\/span>\n<p><span class=\"wpcf7-form-control-wrap\" data-name=\"your-name\"><input size=\"40\" maxlength=\"400\" class=\"wpcf7-form-control wpcf7-text wpcf7-validates-as-required form-control\" aria-required=\"true\" aria-invalid=\"false\" placeholder=\"Nom i Cognoms\" value=\"\" type=\"text\" name=\"your-name\" \/><\/span>\n<\/p>\n<p><span class=\"wpcf7-form-control-wrap\" data-name=\"your-email\"><input size=\"40\" maxlength=\"400\" class=\"wpcf7-form-control wpcf7-email wpcf7-validates-as-required wpcf7-text wpcf7-validates-as-email form-control\" aria-required=\"true\" aria-invalid=\"false\" placeholder=\"Email\" value=\"\" type=\"email\" name=\"your-email\" \/><\/span>\n<\/p>\n<p><span class=\"wpcf7-form-control-wrap\" data-name=\"your-company\"><input size=\"40\" maxlength=\"400\" class=\"wpcf7-form-control wpcf7-text wpcf7-validates-as-required form-control\" aria-required=\"true\" aria-invalid=\"false\" placeholder=\"Empresa\" value=\"\" type=\"text\" name=\"your-company\" \/><\/span>\n<\/p>\n<p><span class=\"wpcf7-form-control-wrap\" data-name=\"your-phone\"><input size=\"40\" maxlength=\"400\" class=\"wpcf7-form-control wpcf7-tel wpcf7-text wpcf7-validates-as-tel form-control\" aria-invalid=\"false\" placeholder=\"Tel\u00e8fon\" value=\"\" type=\"tel\" name=\"your-phone\" \/><\/span>\n<\/p>\n<p><span class=\"wpcf7-form-control-wrap\" data-name=\"your-message\"><textarea cols=\"40\" rows=\"5\" maxlength=\"2000\" class=\"wpcf7-form-control wpcf7-textarea form-control\" aria-invalid=\"false\" placeholder=\"Escriu el teu missatge aqu\u00ed...\" name=\"your-message\"><\/textarea><\/span>\n<\/p>\n<p><span class=\"wpcf7-form-control-wrap\" data-name=\"acceptance-794\"><span class=\"wpcf7-form-control wpcf7-acceptance optional\"><span class=\"wpcf7-list-item\"><label><input type=\"checkbox\" name=\"acceptance-794\" value=\"1\" aria-invalid=\"false\" \/><span class=\"wpcf7-list-item-label\">Accepto la politica de privacitat i els termes legals d'\u00fas<\/a>.<\/span><\/label><\/span><\/span><\/span>\n<\/p>\n<div class=\"row justify-content-end\">\n\t<div class=\"col-lg-6 text-right\">\n\t\t<p><input class=\"wpcf7-form-control wpcf7-submit has-spinner btn btn-linea btn-negro btn-padding btn-hover-negro\" type=\"submit\" value=\"Enviar\" \/>\n\t\t<\/p>\n\t<\/div>\n<\/div><div class=\"wpcf7-response-output\" aria-hidden=\"true\"><\/div>\n<\/form>\n<\/div>\n\t\t\t\t<\/div>\n\t\t\t<\/div>\n\t\t\t\n\t\t\t\t\t\t<div class=\"row justify-content-center\">\n\t\t\t\t<div class=\"col-lg-6 text-center\">\n\t\t\t\t\t<div class=\"titulo-bloque secundario\">\n\t\t\t\t\t\tDades de contacte\t\t\t\t\t<\/div>\n\t\t\t\t<\/div>\n\t\t\t<\/div>\n\t\t\t\t\t\t\n\t\t\t\n\t\t\t\t\t\t<div class=\"row justify-content-center\">\n\t\t\t\t\n\t\t\t\t\t\t\t\t<div class=\"col-lg-2\">\n\t\t\t\t\t<div class=\"direccion\">\n\t\t\t\t\t\t<p><strong>ON SOM<\/strong><\/p>\n<p>Barcelona<\/p>\n\t\t\t\t\t<\/div>\n\t\t\t\t<\/div>\n\t\t\t\t\t\t\t\t<div class=\"col-lg-2\">\n\t\t\t\t\t<div class=\"direccion\">\n\t\t\t\t\t\t<p><strong>CONTACTE<\/strong><\/p>\n<p><a href=\"mailto:hola@cooccio.com\" target=\"_blank\" rel=\"noopener\">hola@cooccio.com<\/a><\/p>\n\t\t\t\t\t<\/div>\n\t\t\t\t<\/div>\n\t\t\t\t\t\t\t\t<div class=\"col-lg-2\">\n\t\t\t\t\t<div class=\"direccion\">\n\t\t\t\t\t\t<p><strong>HORARI COMERCIAL<\/strong><br \/>\nDe dilluns a divendres: de 9h a 17h<\/p>\n<div id=\"gtx-trans\" style=\"position: absolute; left: 13px; top: 0px;\">\n<div class=\"gtx-trans-icon\"><\/div>\n<\/div>\n\t\t\t\t\t<\/div>\n\t\t\t\t<\/div>\n\t\t\t\t\t\t\t<\/div>\n\t\t\t\n\t\t\t\t\t\t\n\t\t<\/div>\n\t<\/div>\n<\/section>\n\n\t\n<section id=\"servicios-home-block_5f0eca85fe31d\" class=\"section section-servicios-iconos fondo-marron-claro\">\n\t<div class=\"section-wrapper\">\n\t\t<div class=\"container\">\n\t\t\t<div class=\"row justify-content-center\">\n\t\t\t\t<div class=\"col-lg-6 text-center\">\n\t\t\t\t\t<div class=\"titulo\">\n\t\t\t\t\t\tEn qu\u00e8 podem ajudar-te?\t\t\t\t\t<\/div>\n\t\t\t\t<\/div>\n\t\t\t<\/div>\n\t\t\t\n\t\t\t\t\t\t\n\t\t\t<div class=\"row\">\n\t\t\t\t\n\t\t\t\t\t\t\t\t\n\t\t\t\t<div class=\"col-6 col-lg-3 serv\">\n\t\t\t\t\t<div class=\"servicio\">\n\t\t\t\t\t\t\t\t\t\t\t\t<a href=\"https:\/\/cooccio.com\/obrador\/\">\n\t\t\t\t\t\t\t\t\t\t\t\t<div class=\"icono\" data-mh=\"equal\">\n\t\t\t\t\t\t\t<img decoding=\"async\" src=\"https:\/\/cooccio.com\/wp-content\/uploads\/2020\/07\/cuchillo-1.svg\" class=\"img-fluid\">\n\t\t\t\t\t\t<\/div>\n\t\t\t\t\t\t<div class=\"texto\">\n\t\t\t\t\t\t\tVull llogar una cuina professional\t\t\t\t\t\t<\/div>\n\t\t\t\t\t\t\t\t\t\t\t\t<\/a>\n\t\t\t\t\t\t\t\t\t\t\t<\/div>\n\t\t\t\t<\/div>\n\t\t\t\t\t\t\t\t\n\t\t\t\t<div class=\"col-6 col-lg-3 serv\">\n\t\t\t\t\t<div class=\"servicio\">\n\t\t\t\t\t\t\t\t\t\t\t\t<a href=\"https:\/\/cooccio.com\/incubadora\/\">\n\t\t\t\t\t\t\t\t\t\t\t\t<div class=\"icono\" data-mh=\"equal\">\n\t\t\t\t\t\t\t<img decoding=\"async\" src=\"https:\/\/cooccio.com\/wp-content\/uploads\/2020\/07\/dialogo-1.svg\" class=\"img-fluid\">\n\t\t\t\t\t\t<\/div>\n\t\t\t\t\t\t<div class=\"texto\">\n\t\t\t\t\t\t\tVull assessorar-me sobre el meu negoci\t\t\t\t\t\t<\/div>\n\t\t\t\t\t\t\t\t\t\t\t\t<\/a>\n\t\t\t\t\t\t\t\t\t\t\t<\/div>\n\t\t\t\t<\/div>\n\t\t\t\t\t\t\t\t\n\t\t\t\t<div class=\"col-6 col-lg-3 serv\">\n\t\t\t\t\t<div class=\"servicio\">\n\t\t\t\t\t\t\t\t\t\t\t\t<a href=\"https:\/\/cooccio.com\/obrador\/\">\n\t\t\t\t\t\t\t\t\t\t\t\t<div class=\"icono\" data-mh=\"equal\">\n\t\t\t\t\t\t\t<img decoding=\"async\" src=\"https:\/\/cooccio.com\/wp-content\/uploads\/2020\/07\/tarro-5.svg\" class=\"img-fluid\">\n\t\t\t\t\t\t<\/div>\n\t\t\t\t\t\t<div class=\"texto\">\n\t\t\t\t\t\t\tVull desenvolupar el meu propi producte\t\t\t\t\t\t<\/div>\n\t\t\t\t\t\t\t\t\t\t\t\t<\/a>\n\t\t\t\t\t\t\t\t\t\t\t<\/div>\n\t\t\t\t<\/div>\n\t\t\t\t\t\t\t\t\n\t\t\t\t<div class=\"col-6 col-lg-3 serv\">\n\t\t\t\t\t<div class=\"servicio\">\n\t\t\t\t\t\t\t\t\t\t\t\t<a href=\"https:\/\/cooccio.com\/dark-kitchens\/\">\n\t\t\t\t\t\t\t\t\t\t\t\t<div class=\"icono\" data-mh=\"equal\">\n\t\t\t\t\t\t\t<img decoding=\"async\" src=\"https:\/\/cooccio.com\/wp-content\/uploads\/2020\/07\/burguer-1.svg\" class=\"img-fluid\">\n\t\t\t\t\t\t<\/div>\n\t\t\t\t\t\t<div class=\"texto\">\n\t\t\t\t\t\t\tVull obrir una dark kitchen\t\t\t\t\t\t<\/div>\n\t\t\t\t\t\t\t\t\t\t\t\t<\/a>\n\t\t\t\t\t\t\t\t\t\t\t<\/div>\n\t\t\t\t<\/div>\n\t\t\t\t\t\t\t<\/div>\n\t\t\t\t\t<\/div>\n\t<\/div>\n<\/section>","protected":false},"excerpt":{"rendered":"","protected":false},"author":1,"featured_media":0,"parent":0,"menu_order":0,"comment_status":"closed","ping_status":"closed","template":"page-contacto.php","meta":{"_acf_changed":false,"footnotes":""},"class_list":["post-69","page","type-page","status-publish","hentry"],"acf":[],"yoast_head":"<!-- This site is optimized with the Yoast SEO plugin v27.5 - https:\/\/yoast.com\/product\/yoast-seo-wordpress\/ -->\n<title>Contacta amb nosaltres \u2014 COOCCI\u014c<\/title>\n<meta name=\"description\" content=\"Pots contactar amb nosaltres escrivint un correu electr\u00f2nic a hola@cooccio.com o a trav\u00e9s del seg\u00fcent formulari.\" \/>\n<meta name=\"robots\" content=\"index, follow, max-snippet:-1, max-image-preview:large, max-video-preview:-1\" \/>\n<link rel=\"canonical\" href=\"https:\/\/cooccio.com\/ca\/contacte\/\" \/>\n<meta property=\"og:locale\" content=\"ca_ES\" \/>\n<meta property=\"og:type\" content=\"article\" \/>\n<meta property=\"og:title\" content=\"Contacta amb nosaltres \u2014 COOCCI\u014c\" \/>\n<meta property=\"og:description\" content=\"Pots contactar amb nosaltres escrivint un correu electr\u00f2nic a hola@cooccio.com o a trav\u00e9s del seg\u00fcent formulari.\" \/>\n<meta property=\"og:url\" content=\"https:\/\/cooccio.com\/ca\/contacte\/\" \/>\n<meta property=\"og:site_name\" content=\"Coocci\u014d\" \/>\n<meta property=\"article:modified_time\" content=\"2023-11-16T11:36:43+00:00\" \/>\n<meta name=\"twitter:card\" content=\"summary_large_image\" \/>\n<script type=\"application\/ld+json\" class=\"yoast-schema-graph\">{\"@context\":\"https:\\\/\\\/schema.org\",\"@graph\":[{\"@type\":\"WebPage\",\"@id\":\"https:\\\/\\\/cooccio.com\\\/ca\\\/contacte\\\/\",\"url\":\"https:\\\/\\\/cooccio.com\\\/ca\\\/contacte\\\/\",\"name\":\"Contacta amb nosaltres \u2014 COOCCI\u014c\",\"isPartOf\":{\"@id\":\"https:\\\/\\\/cooccio.com\\\/ca\\\/#website\"},\"datePublished\":\"2020-07-06T11:11:21+00:00\",\"dateModified\":\"2023-11-16T11:36:43+00:00\",\"description\":\"Pots contactar amb nosaltres escrivint un correu electr\u00f2nic a hola@cooccio.com o a trav\u00e9s del seg\u00fcent formulari.\",\"breadcrumb\":{\"@id\":\"https:\\\/\\\/cooccio.com\\\/ca\\\/contacte\\\/#breadcrumb\"},\"inLanguage\":\"ca\",\"potentialAction\":[{\"@type\":\"ReadAction\",\"target\":[\"https:\\\/\\\/cooccio.com\\\/ca\\\/contacte\\\/\"]}]},{\"@type\":\"BreadcrumbList\",\"@id\":\"https:\\\/\\\/cooccio.com\\\/ca\\\/contacte\\\/#breadcrumb\",\"itemListElement\":[{\"@type\":\"ListItem\",\"position\":1,\"name\":\"Portada\",\"item\":\"https:\\\/\\\/cooccio.com\\\/ca\\\/\"},{\"@type\":\"ListItem\",\"position\":2,\"name\":\"Contacte\"}]},{\"@type\":\"WebSite\",\"@id\":\"https:\\\/\\\/cooccio.com\\\/ca\\\/#website\",\"url\":\"https:\\\/\\\/cooccio.com\\\/ca\\\/\",\"name\":\"Coocci\u014d\",\"description\":\"Professional shared Kitchens\",\"potentialAction\":[{\"@type\":\"SearchAction\",\"target\":{\"@type\":\"EntryPoint\",\"urlTemplate\":\"https:\\\/\\\/cooccio.com\\\/ca\\\/?s={search_term_string}\"},\"query-input\":{\"@type\":\"PropertyValueSpecification\",\"valueRequired\":true,\"valueName\":\"search_term_string\"}}],\"inLanguage\":\"ca\"}]}<\/script>\n<!-- \/ Yoast SEO plugin. -->","yoast_head_json":{"title":"Contacta amb nosaltres \u2014 COOCCI\u014c","description":"Pots contactar amb nosaltres escrivint un correu electr\u00f2nic a hola@cooccio.com o a trav\u00e9s del seg\u00fcent formulari.","robots":{"index":"index","follow":"follow","max-snippet":"max-snippet:-1","max-image-preview":"max-image-preview:large","max-video-preview":"max-video-preview:-1"},"canonical":"https:\/\/cooccio.com\/ca\/contacte\/","og_locale":"ca_ES","og_type":"article","og_title":"Contacta amb nosaltres \u2014 COOCCI\u014c","og_description":"Pots contactar amb nosaltres escrivint un correu electr\u00f2nic a hola@cooccio.com o a trav\u00e9s del seg\u00fcent formulari.","og_url":"https:\/\/cooccio.com\/ca\/contacte\/","og_site_name":"Coocci\u014d","article_modified_time":"2023-11-16T11:36:43+00:00","twitter_card":"summary_large_image","schema":{"@context":"https:\/\/schema.org","@graph":[{"@type":"WebPage","@id":"https:\/\/cooccio.com\/ca\/contacte\/","url":"https:\/\/cooccio.com\/ca\/contacte\/","name":"Contacta amb nosaltres \u2014 COOCCI\u014c","isPartOf":{"@id":"https:\/\/cooccio.com\/ca\/#website"},"datePublished":"2020-07-06T11:11:21+00:00","dateModified":"2023-11-16T11:36:43+00:00","description":"Pots contactar amb nosaltres escrivint un correu electr\u00f2nic a hola@cooccio.com o a trav\u00e9s del seg\u00fcent formulari.","breadcrumb":{"@id":"https:\/\/cooccio.com\/ca\/contacte\/#breadcrumb"},"inLanguage":"ca","potentialAction":[{"@type":"ReadAction","target":["https:\/\/cooccio.com\/ca\/contacte\/"]}]},{"@type":"BreadcrumbList","@id":"https:\/\/cooccio.com\/ca\/contacte\/#breadcrumb","itemListElement":[{"@type":"ListItem","position":1,"name":"Portada","item":"https:\/\/cooccio.com\/ca\/"},{"@type":"ListItem","position":2,"name":"Contacte"}]},{"@type":"WebSite","@id":"https:\/\/cooccio.com\/ca\/#website","url":"https:\/\/cooccio.com\/ca\/","name":"Coocci\u014d","description":"Professional shared Kitchens","potentialAction":[{"@type":"SearchAction","target":{"@type":"EntryPoint","urlTemplate":"https:\/\/cooccio.com\/ca\/?s={search_term_string}"},"query-input":{"@type":"PropertyValueSpecification","valueRequired":true,"valueName":"search_term_string"}}],"inLanguage":"ca"}]}},"_links":{"self":[{"href":"https:\/\/cooccio.com\/ca\/wp-json\/wp\/v2\/pages\/69","targetHints":{"allow":["GET"]}}],"collection":[{"href":"https:\/\/cooccio.com\/ca\/wp-json\/wp\/v2\/pages"}],"about":[{"href":"https:\/\/cooccio.com\/ca\/wp-json\/wp\/v2\/types\/page"}],"author":[{"embeddable":true,"href":"https:\/\/cooccio.com\/ca\/wp-json\/wp\/v2\/users\/1"}],"replies":[{"embeddable":true,"href":"https:\/\/cooccio.com\/ca\/wp-json\/wp\/v2\/comments?post=69"}],"version-history":[{"count":21,"href":"https:\/\/cooccio.com\/ca\/wp-json\/wp\/v2\/pages\/69\/revisions"}],"predecessor-version":[{"id":6383,"href":"https:\/\/cooccio.com\/ca\/wp-json\/wp\/v2\/pages\/69\/revisions\/6383"}],"wp:attachment":[{"href":"https:\/\/cooccio.com\/ca\/wp-json\/wp\/v2\/media?parent=69"}],"curies":[{"name":"wp","href":"https:\/\/api.w.org\/{rel}","templated":true}]}}