{"id":2468,"date":"2021-07-30T08:18:13","date_gmt":"2021-07-30T08:18:13","guid":{"rendered":"https:\/\/cooccio.com\/?post_type=product&#038;p=2468"},"modified":"2022-04-11T07:40:35","modified_gmt":"2022-04-11T07:40:35","slug":"granola-mediterrania-la-tribu-ca","status":"publish","type":"product","link":"https:\/\/cooccio.com\/ca\/producto\/granola-mediterrania-la-tribu-ca\/","title":{"rendered":"Granola Mediterr\u00e0nia"},"content":{"rendered":"<p>Granola artesana, 100% ecol\u00f2gica i sense sucre.<br \/>\nGranola amb ametlles, coco i llavors.<br \/>\nSense aditius ni sucres refinats, 100% ingredients naturals, fornejats a baixa temperatura.<\/p>\n<p>LA RECEPTA: Aquesta granola nom\u00e9s cont\u00e9 ingredients naturals que hem fornejat amb molta cura a la temperatura adequada per poder preservar-ne les propietats saludables. Tots els ingredients han estat seleccionats per la seva qualitat i s\u00f3n de prove\u00efdors amb certificat ecol\u00f2gic.<\/p>\n<p><strong>INGREDIENTS<\/strong>: Flocs integrals de civada*, ametlles laminades, oli d&#8217;oliva verge extra*, xarop d&#8217;atzavara*, pipes de carabassa*, pipes de gira-sol*, escates de coco*, llavors de xia*, canyella de Ceylan*, sal rosa de l&#8217;Him\u00e0laia.<\/p>\n<p>*Ingredients provinents d&#8217;agricultura ecol\u00f2gica. Ametlles procedents de Llevant. Oli d&#8217;oliva verge extra ecol\u00f2gic de Les Garrigues.<\/p>\n<p><strong>FORMAT<\/strong>: 350 gr.<\/p>\n<p>&nbsp;<\/p>\n","protected":false},"excerpt":{"rendered":"<p>Granola artesana, 100% ecol\u00f2gica i sense sucre.<\/p>\n","protected":false},"featured_media":4714,"template":"","meta":{"_acf_changed":false},"product_brand":[],"product_cat":[119,121],"product_tag":[],"class_list":{"0":"post-2468","1":"product","2":"type-product","3":"status-publish","4":"has-post-thumbnail","6":"productores-la-tribu-ca","7":"product_cat-cooccio-ca","8":"product_cat-granola-artesanal-ca","10":"first","11":"outofstock","12":"shipping-taxable","13":"purchasable","14":"product-type-simple"},"acf":[],"yoast_head":"<!-- This site is optimized with the Yoast SEO plugin v27.5 - https:\/\/yoast.com\/product\/yoast-seo-wordpress\/ -->\n<title>Granola Mediterr\u00e0nia- Bootiga Productors de Barcelona<\/title>\n<meta name=\"description\" content=\"Botiga de productors artesanals de ciutat. Compra online. T&#039;ho portem a casa o ho reculls. Support local.\" \/>\n<meta name=\"robots\" content=\"index, follow, max-snippet:-1, max-image-preview:large, max-video-preview:-1\" \/>\n<link rel=\"canonical\" href=\"https:\/\/cooccio.com\/ca\/producto\/granola-mediterrania-la-tribu-ca\/\" \/>\n<meta property=\"og:locale\" content=\"ca_ES\" \/>\n<meta property=\"og:type\" content=\"article\" \/>\n<meta property=\"og:title\" content=\"Granola Mediterr\u00e0nia- Bootiga Productors de Barcelona\" \/>\n<meta property=\"og:description\" content=\"Botiga de productors artesanals de ciutat. Compra online. T&#039;ho portem a casa o ho reculls. Support local.\" \/>\n<meta property=\"og:url\" content=\"https:\/\/cooccio.com\/ca\/producto\/granola-mediterrania-la-tribu-ca\/\" \/>\n<meta property=\"og:site_name\" content=\"Coocci\u014d\" \/>\n<meta property=\"article:modified_time\" content=\"2022-04-11T07:40:35+00:00\" \/>\n<meta property=\"og:image\" content=\"https:\/\/cooccio.com\/wp-content\/uploads\/2021\/07\/22.jpg\" \/>\n\t<meta property=\"og:image:width\" content=\"756\" \/>\n\t<meta property=\"og:image:height\" content=\"888\" \/>\n\t<meta property=\"og:image:type\" content=\"image\/jpeg\" \/>\n<meta name=\"twitter:card\" content=\"summary_large_image\" \/>\n<meta name=\"twitter:label1\" content=\"Temps estimat de lectura\" \/>\n\t<meta name=\"twitter:data1\" content=\"1 minut\" \/>\n<script type=\"application\/ld+json\" class=\"yoast-schema-graph\">{\"@context\":\"https:\\\/\\\/schema.org\",\"@graph\":[{\"@type\":\"WebPage\",\"@id\":\"https:\\\/\\\/cooccio.com\\\/ca\\\/producto\\\/granola-mediterrania-la-tribu-ca\\\/\",\"url\":\"https:\\\/\\\/cooccio.com\\\/ca\\\/producto\\\/granola-mediterrania-la-tribu-ca\\\/\",\"name\":\"Granola Mediterr\u00e0nia- Bootiga Productors de Barcelona\",\"isPartOf\":{\"@id\":\"https:\\\/\\\/cooccio.com\\\/ca\\\/#website\"},\"primaryImageOfPage\":{\"@id\":\"https:\\\/\\\/cooccio.com\\\/ca\\\/producto\\\/granola-mediterrania-la-tribu-ca\\\/#primaryimage\"},\"image\":{\"@id\":\"https:\\\/\\\/cooccio.com\\\/ca\\\/producto\\\/granola-mediterrania-la-tribu-ca\\\/#primaryimage\"},\"thumbnailUrl\":\"https:\\\/\\\/cooccio.com\\\/wp-content\\\/uploads\\\/2021\\\/07\\\/22.jpg\",\"datePublished\":\"2021-07-30T08:18:13+00:00\",\"dateModified\":\"2022-04-11T07:40:35+00:00\",\"description\":\"Botiga de productors artesanals de ciutat. Compra online. T'ho portem a casa o ho reculls. Support local.\",\"breadcrumb\":{\"@id\":\"https:\\\/\\\/cooccio.com\\\/ca\\\/producto\\\/granola-mediterrania-la-tribu-ca\\\/#breadcrumb\"},\"inLanguage\":\"ca\",\"potentialAction\":[{\"@type\":\"ReadAction\",\"target\":[\"https:\\\/\\\/cooccio.com\\\/ca\\\/producto\\\/granola-mediterrania-la-tribu-ca\\\/\"]}]},{\"@type\":\"ImageObject\",\"inLanguage\":\"ca\",\"@id\":\"https:\\\/\\\/cooccio.com\\\/ca\\\/producto\\\/granola-mediterrania-la-tribu-ca\\\/#primaryimage\",\"url\":\"https:\\\/\\\/cooccio.com\\\/wp-content\\\/uploads\\\/2021\\\/07\\\/22.jpg\",\"contentUrl\":\"https:\\\/\\\/cooccio.com\\\/wp-content\\\/uploads\\\/2021\\\/07\\\/22.jpg\",\"width\":756,\"height\":888},{\"@type\":\"BreadcrumbList\",\"@id\":\"https:\\\/\\\/cooccio.com\\\/ca\\\/producto\\\/granola-mediterrania-la-tribu-ca\\\/#breadcrumb\",\"itemListElement\":[{\"@type\":\"ListItem\",\"position\":1,\"name\":\"Portada\",\"item\":\"https:\\\/\\\/cooccio.com\\\/ca\\\/\"},{\"@type\":\"ListItem\",\"position\":2,\"name\":\"Botiga\",\"item\":\"https:\\\/\\\/cooccio.com\\\/ca\\\/?page_id=3850\"},{\"@type\":\"ListItem\",\"position\":3,\"name\":\"Granola Mediterr\u00e0nia\"}]},{\"@type\":\"WebSite\",\"@id\":\"https:\\\/\\\/cooccio.com\\\/ca\\\/#website\",\"url\":\"https:\\\/\\\/cooccio.com\\\/ca\\\/\",\"name\":\"Coocci\u014d\",\"description\":\"Professional shared Kitchens\",\"potentialAction\":[{\"@type\":\"SearchAction\",\"target\":{\"@type\":\"EntryPoint\",\"urlTemplate\":\"https:\\\/\\\/cooccio.com\\\/ca\\\/?s={search_term_string}\"},\"query-input\":{\"@type\":\"PropertyValueSpecification\",\"valueRequired\":true,\"valueName\":\"search_term_string\"}}],\"inLanguage\":\"ca\"}]}<\/script>\n<!-- \/ Yoast SEO plugin. -->","yoast_head_json":{"title":"Granola Mediterr\u00e0nia- Bootiga Productors de Barcelona","description":"Botiga de productors artesanals de ciutat. Compra online. T'ho portem a casa o ho reculls. Support local.","robots":{"index":"index","follow":"follow","max-snippet":"max-snippet:-1","max-image-preview":"max-image-preview:large","max-video-preview":"max-video-preview:-1"},"canonical":"https:\/\/cooccio.com\/ca\/producto\/granola-mediterrania-la-tribu-ca\/","og_locale":"ca_ES","og_type":"article","og_title":"Granola Mediterr\u00e0nia- Bootiga Productors de Barcelona","og_description":"Botiga de productors artesanals de ciutat. Compra online. T'ho portem a casa o ho reculls. Support local.","og_url":"https:\/\/cooccio.com\/ca\/producto\/granola-mediterrania-la-tribu-ca\/","og_site_name":"Coocci\u014d","article_modified_time":"2022-04-11T07:40:35+00:00","og_image":[{"width":756,"height":888,"url":"https:\/\/cooccio.com\/wp-content\/uploads\/2021\/07\/22.jpg","type":"image\/jpeg"}],"twitter_card":"summary_large_image","twitter_misc":{"Temps estimat de lectura":"1 minut"},"schema":{"@context":"https:\/\/schema.org","@graph":[{"@type":"WebPage","@id":"https:\/\/cooccio.com\/ca\/producto\/granola-mediterrania-la-tribu-ca\/","url":"https:\/\/cooccio.com\/ca\/producto\/granola-mediterrania-la-tribu-ca\/","name":"Granola Mediterr\u00e0nia- Bootiga Productors de Barcelona","isPartOf":{"@id":"https:\/\/cooccio.com\/ca\/#website"},"primaryImageOfPage":{"@id":"https:\/\/cooccio.com\/ca\/producto\/granola-mediterrania-la-tribu-ca\/#primaryimage"},"image":{"@id":"https:\/\/cooccio.com\/ca\/producto\/granola-mediterrania-la-tribu-ca\/#primaryimage"},"thumbnailUrl":"https:\/\/cooccio.com\/wp-content\/uploads\/2021\/07\/22.jpg","datePublished":"2021-07-30T08:18:13+00:00","dateModified":"2022-04-11T07:40:35+00:00","description":"Botiga de productors artesanals de ciutat. Compra online. T'ho portem a casa o ho reculls. Support local.","breadcrumb":{"@id":"https:\/\/cooccio.com\/ca\/producto\/granola-mediterrania-la-tribu-ca\/#breadcrumb"},"inLanguage":"ca","potentialAction":[{"@type":"ReadAction","target":["https:\/\/cooccio.com\/ca\/producto\/granola-mediterrania-la-tribu-ca\/"]}]},{"@type":"ImageObject","inLanguage":"ca","@id":"https:\/\/cooccio.com\/ca\/producto\/granola-mediterrania-la-tribu-ca\/#primaryimage","url":"https:\/\/cooccio.com\/wp-content\/uploads\/2021\/07\/22.jpg","contentUrl":"https:\/\/cooccio.com\/wp-content\/uploads\/2021\/07\/22.jpg","width":756,"height":888},{"@type":"BreadcrumbList","@id":"https:\/\/cooccio.com\/ca\/producto\/granola-mediterrania-la-tribu-ca\/#breadcrumb","itemListElement":[{"@type":"ListItem","position":1,"name":"Portada","item":"https:\/\/cooccio.com\/ca\/"},{"@type":"ListItem","position":2,"name":"Botiga","item":"https:\/\/cooccio.com\/ca\/?page_id=3850"},{"@type":"ListItem","position":3,"name":"Granola Mediterr\u00e0nia"}]},{"@type":"WebSite","@id":"https:\/\/cooccio.com\/ca\/#website","url":"https:\/\/cooccio.com\/ca\/","name":"Coocci\u014d","description":"Professional shared Kitchens","potentialAction":[{"@type":"SearchAction","target":{"@type":"EntryPoint","urlTemplate":"https:\/\/cooccio.com\/ca\/?s={search_term_string}"},"query-input":{"@type":"PropertyValueSpecification","valueRequired":true,"valueName":"search_term_string"}}],"inLanguage":"ca"}]}},"_links":{"self":[{"href":"https:\/\/cooccio.com\/ca\/wp-json\/wp\/v2\/product\/2468","targetHints":{"allow":["GET"]}}],"collection":[{"href":"https:\/\/cooccio.com\/ca\/wp-json\/wp\/v2\/product"}],"about":[{"href":"https:\/\/cooccio.com\/ca\/wp-json\/wp\/v2\/types\/product"}],"wp:featuredmedia":[{"embeddable":true,"href":"https:\/\/cooccio.com\/ca\/wp-json\/wp\/v2\/media\/4714"}],"wp:attachment":[{"href":"https:\/\/cooccio.com\/ca\/wp-json\/wp\/v2\/media?parent=2468"}],"wp:term":[{"taxonomy":"product_brand","embeddable":true,"href":"https:\/\/cooccio.com\/ca\/wp-json\/wp\/v2\/product_brand?post=2468"},{"taxonomy":"product_cat","embeddable":true,"href":"https:\/\/cooccio.com\/ca\/wp-json\/wp\/v2\/product_cat?post=2468"},{"taxonomy":"product_tag","embeddable":true,"href":"https:\/\/cooccio.com\/ca\/wp-json\/wp\/v2\/product_tag?post=2468"}],"curies":[{"name":"wp","href":"https:\/\/api.w.org\/{rel}","templated":true}]}}