{"id":2653,"date":"2021-07-31T10:19:42","date_gmt":"2021-07-31T10:19:42","guid":{"rendered":"https:\/\/cooccio.com\/producto\/probiotic-de-gingebre-i-curcuma\/"},"modified":"2022-04-20T06:53:12","modified_gmt":"2022-04-20T06:53:12","slug":"probiotic-de-gingebre-i-curcuma-froof","status":"publish","type":"product","link":"https:\/\/cooccio.com\/ca\/producto\/probiotic-de-gingebre-i-curcuma-froof\/","title":{"rendered":"Probi\u00f2tic de gingebre i c\u00farcuma"},"content":{"rendered":"<p>Shot probi\u00f2tic amb gingebre i c\u00farcuma.<\/p>\n<p><strong>FORMAT:<\/strong> 60 ml.<\/p>\n","protected":false},"excerpt":{"rendered":"<p>Shot probi\u00f2tic<\/p>\n","protected":false},"featured_media":2651,"template":"","meta":{"_acf_changed":false},"product_brand":[],"product_cat":[125,119,182,220],"product_tag":[],"class_list":{"0":"post-2653","1":"product","2":"type-product","3":"status-publish","4":"has-post-thumbnail","6":"productores-froof-ca","7":"product_cat-beguda-artesanal","8":"product_cat-cooccio-ca","9":"product_cat-fermentat","10":"product_cat-vega","12":"first","13":"onbackorder","14":"shipping-taxable","15":"purchasable","16":"product-type-simple"},"acf":[],"yoast_head":"<!-- This site is optimized with the Yoast SEO plugin v27.5 - https:\/\/yoast.com\/product\/yoast-seo-wordpress\/ -->\n<title>Probi\u00f2tic de gingebre i c\u00farcuma Froof.tv - Bootiga Productors BCN<\/title>\n<meta name=\"description\" content=\"Botiga de productors artesanals de ciutat. Compra online. T&#039;ho portem a casa o ho reculls. Support local.\" \/>\n<meta name=\"robots\" content=\"index, follow, max-snippet:-1, max-image-preview:large, max-video-preview:-1\" \/>\n<link rel=\"canonical\" href=\"https:\/\/cooccio.com\/ca\/producto\/probiotic-de-gingebre-i-curcuma-froof\/\" \/>\n<meta property=\"og:locale\" content=\"ca_ES\" \/>\n<meta property=\"og:type\" content=\"article\" \/>\n<meta property=\"og:title\" content=\"Probi\u00f2tic de gingebre i c\u00farcuma Froof.tv - Bootiga Productors BCN\" \/>\n<meta property=\"og:description\" content=\"Botiga de productors artesanals de ciutat. Compra online. T&#039;ho portem a casa o ho reculls. Support local.\" \/>\n<meta property=\"og:url\" content=\"https:\/\/cooccio.com\/ca\/producto\/probiotic-de-gingebre-i-curcuma-froof\/\" \/>\n<meta property=\"og:site_name\" content=\"Coocci\u014d\" \/>\n<meta property=\"article:modified_time\" content=\"2022-04-20T06:53:12+00:00\" \/>\n<meta property=\"og:image\" content=\"https:\/\/cooccio.com\/wp-content\/uploads\/2021\/07\/Ginger-and-Turmeric.jpg\" \/>\n\t<meta property=\"og:image:width\" content=\"683\" \/>\n\t<meta property=\"og:image:height\" content=\"1024\" \/>\n\t<meta property=\"og:image:type\" content=\"image\/jpeg\" \/>\n<meta name=\"twitter:card\" content=\"summary_large_image\" \/>\n<meta name=\"twitter:label1\" content=\"Temps estimat de lectura\" \/>\n\t<meta name=\"twitter:data1\" content=\"1 minut\" \/>\n<script type=\"application\/ld+json\" class=\"yoast-schema-graph\">{\"@context\":\"https:\\\/\\\/schema.org\",\"@graph\":[{\"@type\":\"WebPage\",\"@id\":\"https:\\\/\\\/cooccio.com\\\/ca\\\/producto\\\/probiotic-de-gingebre-i-curcuma-froof\\\/\",\"url\":\"https:\\\/\\\/cooccio.com\\\/ca\\\/producto\\\/probiotic-de-gingebre-i-curcuma-froof\\\/\",\"name\":\"Probi\u00f2tic de gingebre i c\u00farcuma Froof.tv - Bootiga Productors BCN\",\"isPartOf\":{\"@id\":\"https:\\\/\\\/cooccio.com\\\/ca\\\/#website\"},\"primaryImageOfPage\":{\"@id\":\"https:\\\/\\\/cooccio.com\\\/ca\\\/producto\\\/probiotic-de-gingebre-i-curcuma-froof\\\/#primaryimage\"},\"image\":{\"@id\":\"https:\\\/\\\/cooccio.com\\\/ca\\\/producto\\\/probiotic-de-gingebre-i-curcuma-froof\\\/#primaryimage\"},\"thumbnailUrl\":\"https:\\\/\\\/cooccio.com\\\/wp-content\\\/uploads\\\/2021\\\/07\\\/Ginger-and-Turmeric.jpg\",\"datePublished\":\"2021-07-31T10:19:42+00:00\",\"dateModified\":\"2022-04-20T06:53:12+00:00\",\"description\":\"Botiga de productors artesanals de ciutat. Compra online. T'ho portem a casa o ho reculls. Support local.\",\"breadcrumb\":{\"@id\":\"https:\\\/\\\/cooccio.com\\\/ca\\\/producto\\\/probiotic-de-gingebre-i-curcuma-froof\\\/#breadcrumb\"},\"inLanguage\":\"ca\",\"potentialAction\":[{\"@type\":\"ReadAction\",\"target\":[\"https:\\\/\\\/cooccio.com\\\/ca\\\/producto\\\/probiotic-de-gingebre-i-curcuma-froof\\\/\"]}]},{\"@type\":\"ImageObject\",\"inLanguage\":\"ca\",\"@id\":\"https:\\\/\\\/cooccio.com\\\/ca\\\/producto\\\/probiotic-de-gingebre-i-curcuma-froof\\\/#primaryimage\",\"url\":\"https:\\\/\\\/cooccio.com\\\/wp-content\\\/uploads\\\/2021\\\/07\\\/Ginger-and-Turmeric.jpg\",\"contentUrl\":\"https:\\\/\\\/cooccio.com\\\/wp-content\\\/uploads\\\/2021\\\/07\\\/Ginger-and-Turmeric.jpg\",\"width\":683,\"height\":1024},{\"@type\":\"BreadcrumbList\",\"@id\":\"https:\\\/\\\/cooccio.com\\\/ca\\\/producto\\\/probiotic-de-gingebre-i-curcuma-froof\\\/#breadcrumb\",\"itemListElement\":[{\"@type\":\"ListItem\",\"position\":1,\"name\":\"Portada\",\"item\":\"https:\\\/\\\/cooccio.com\\\/ca\\\/\"},{\"@type\":\"ListItem\",\"position\":2,\"name\":\"Botiga\",\"item\":\"https:\\\/\\\/cooccio.com\\\/ca\\\/?page_id=3850\"},{\"@type\":\"ListItem\",\"position\":3,\"name\":\"Probi\u00f2tic de gingebre i c\u00farcuma\"}]},{\"@type\":\"WebSite\",\"@id\":\"https:\\\/\\\/cooccio.com\\\/ca\\\/#website\",\"url\":\"https:\\\/\\\/cooccio.com\\\/ca\\\/\",\"name\":\"Coocci\u014d\",\"description\":\"Professional shared Kitchens\",\"potentialAction\":[{\"@type\":\"SearchAction\",\"target\":{\"@type\":\"EntryPoint\",\"urlTemplate\":\"https:\\\/\\\/cooccio.com\\\/ca\\\/?s={search_term_string}\"},\"query-input\":{\"@type\":\"PropertyValueSpecification\",\"valueRequired\":true,\"valueName\":\"search_term_string\"}}],\"inLanguage\":\"ca\"}]}<\/script>\n<!-- \/ Yoast SEO plugin. -->","yoast_head_json":{"title":"Probi\u00f2tic de gingebre i c\u00farcuma Froof.tv - Bootiga Productors BCN","description":"Botiga de productors artesanals de ciutat. Compra online. T'ho portem a casa o ho reculls. Support local.","robots":{"index":"index","follow":"follow","max-snippet":"max-snippet:-1","max-image-preview":"max-image-preview:large","max-video-preview":"max-video-preview:-1"},"canonical":"https:\/\/cooccio.com\/ca\/producto\/probiotic-de-gingebre-i-curcuma-froof\/","og_locale":"ca_ES","og_type":"article","og_title":"Probi\u00f2tic de gingebre i c\u00farcuma Froof.tv - Bootiga Productors BCN","og_description":"Botiga de productors artesanals de ciutat. Compra online. T'ho portem a casa o ho reculls. Support local.","og_url":"https:\/\/cooccio.com\/ca\/producto\/probiotic-de-gingebre-i-curcuma-froof\/","og_site_name":"Coocci\u014d","article_modified_time":"2022-04-20T06:53:12+00:00","og_image":[{"width":683,"height":1024,"url":"https:\/\/cooccio.com\/wp-content\/uploads\/2021\/07\/Ginger-and-Turmeric.jpg","type":"image\/jpeg"}],"twitter_card":"summary_large_image","twitter_misc":{"Temps estimat de lectura":"1 minut"},"schema":{"@context":"https:\/\/schema.org","@graph":[{"@type":"WebPage","@id":"https:\/\/cooccio.com\/ca\/producto\/probiotic-de-gingebre-i-curcuma-froof\/","url":"https:\/\/cooccio.com\/ca\/producto\/probiotic-de-gingebre-i-curcuma-froof\/","name":"Probi\u00f2tic de gingebre i c\u00farcuma Froof.tv - Bootiga Productors BCN","isPartOf":{"@id":"https:\/\/cooccio.com\/ca\/#website"},"primaryImageOfPage":{"@id":"https:\/\/cooccio.com\/ca\/producto\/probiotic-de-gingebre-i-curcuma-froof\/#primaryimage"},"image":{"@id":"https:\/\/cooccio.com\/ca\/producto\/probiotic-de-gingebre-i-curcuma-froof\/#primaryimage"},"thumbnailUrl":"https:\/\/cooccio.com\/wp-content\/uploads\/2021\/07\/Ginger-and-Turmeric.jpg","datePublished":"2021-07-31T10:19:42+00:00","dateModified":"2022-04-20T06:53:12+00:00","description":"Botiga de productors artesanals de ciutat. Compra online. T'ho portem a casa o ho reculls. Support local.","breadcrumb":{"@id":"https:\/\/cooccio.com\/ca\/producto\/probiotic-de-gingebre-i-curcuma-froof\/#breadcrumb"},"inLanguage":"ca","potentialAction":[{"@type":"ReadAction","target":["https:\/\/cooccio.com\/ca\/producto\/probiotic-de-gingebre-i-curcuma-froof\/"]}]},{"@type":"ImageObject","inLanguage":"ca","@id":"https:\/\/cooccio.com\/ca\/producto\/probiotic-de-gingebre-i-curcuma-froof\/#primaryimage","url":"https:\/\/cooccio.com\/wp-content\/uploads\/2021\/07\/Ginger-and-Turmeric.jpg","contentUrl":"https:\/\/cooccio.com\/wp-content\/uploads\/2021\/07\/Ginger-and-Turmeric.jpg","width":683,"height":1024},{"@type":"BreadcrumbList","@id":"https:\/\/cooccio.com\/ca\/producto\/probiotic-de-gingebre-i-curcuma-froof\/#breadcrumb","itemListElement":[{"@type":"ListItem","position":1,"name":"Portada","item":"https:\/\/cooccio.com\/ca\/"},{"@type":"ListItem","position":2,"name":"Botiga","item":"https:\/\/cooccio.com\/ca\/?page_id=3850"},{"@type":"ListItem","position":3,"name":"Probi\u00f2tic de gingebre i c\u00farcuma"}]},{"@type":"WebSite","@id":"https:\/\/cooccio.com\/ca\/#website","url":"https:\/\/cooccio.com\/ca\/","name":"Coocci\u014d","description":"Professional shared Kitchens","potentialAction":[{"@type":"SearchAction","target":{"@type":"EntryPoint","urlTemplate":"https:\/\/cooccio.com\/ca\/?s={search_term_string}"},"query-input":{"@type":"PropertyValueSpecification","valueRequired":true,"valueName":"search_term_string"}}],"inLanguage":"ca"}]}},"_links":{"self":[{"href":"https:\/\/cooccio.com\/ca\/wp-json\/wp\/v2\/product\/2653","targetHints":{"allow":["GET"]}}],"collection":[{"href":"https:\/\/cooccio.com\/ca\/wp-json\/wp\/v2\/product"}],"about":[{"href":"https:\/\/cooccio.com\/ca\/wp-json\/wp\/v2\/types\/product"}],"wp:featuredmedia":[{"embeddable":true,"href":"https:\/\/cooccio.com\/ca\/wp-json\/wp\/v2\/media\/2651"}],"wp:attachment":[{"href":"https:\/\/cooccio.com\/ca\/wp-json\/wp\/v2\/media?parent=2653"}],"wp:term":[{"taxonomy":"product_brand","embeddable":true,"href":"https:\/\/cooccio.com\/ca\/wp-json\/wp\/v2\/product_brand?post=2653"},{"taxonomy":"product_cat","embeddable":true,"href":"https:\/\/cooccio.com\/ca\/wp-json\/wp\/v2\/product_cat?post=2653"},{"taxonomy":"product_tag","embeddable":true,"href":"https:\/\/cooccio.com\/ca\/wp-json\/wp\/v2\/product_tag?post=2653"}],"curies":[{"name":"wp","href":"https:\/\/api.w.org\/{rel}","templated":true}]}}