{"id":3521,"date":"2021-08-03T11:55:51","date_gmt":"2021-08-03T11:55:51","guid":{"rendered":"https:\/\/cooccio.com\/producto\/crema-de-anacardos-y-albahaca\/"},"modified":"2022-04-11T07:32:34","modified_gmt":"2022-04-11T07:32:34","slug":"anacards-alfabrega-vacka","status":"publish","type":"product","link":"https:\/\/cooccio.com\/ca\/producto\/anacards-alfabrega-vacka\/","title":{"rendered":"Anacards i Alf\u00e0brega"},"content":{"rendered":"<p>Crema d&#8217;anacards i alf\u00e0brega fermentat ecol\u00f2gic sense pasteuritzar.<\/p>\n<p>Aporta probi\u00f2tics naturals.<\/p>\n<p>Ideal per a afegir a salses, postres o entrepans o com a complement per a amanides.<\/p>\n<p>De textura suau i sabor lleument \u00e0cid produ\u00eft per la fermentaci\u00f3 natural que al mateix temps aporta probi\u00f2tics.<\/p>\n<p><strong>INGREDIENTS:<\/strong> Anacards (70%), alf\u00e0brega (3%), aigua, sal i ferments.<\/p>\n<p>Pot contenir traces d&#8217;ametlles, fruits de cofolla, cacahuet, api, tramussos, mostassa i s\u00e8sam.<\/p>\n<p><strong>FORMAT:<\/strong> 212 gr<\/p>\n","protected":false},"excerpt":{"rendered":"<p>Crema d&#8217;anacards i alf\u00e0brega<\/p>\n","protected":false},"featured_media":2832,"template":"","meta":{"_acf_changed":false},"product_brand":[],"product_cat":[129,182,220],"product_tag":[],"class_list":{"0":"post-3521","1":"product","2":"type-product","3":"status-publish","4":"has-post-thumbnail","6":"productores-vacka-ca","7":"product_cat-bcn-friends-ca","8":"product_cat-fermentat","9":"product_cat-vega","11":"first","12":"outofstock","13":"shipping-taxable","14":"purchasable","15":"product-type-simple"},"acf":[],"yoast_head":"<!-- This site is optimized with the Yoast SEO plugin v27.5 - https:\/\/yoast.com\/product\/yoast-seo-wordpress\/ -->\n<title>Anacards i Alf\u00e0brega V\u00e4cka &#8212; Bootiga Productors de Barcelona<\/title>\n<meta name=\"robots\" content=\"index, follow, max-snippet:-1, max-image-preview:large, max-video-preview:-1\" \/>\n<link rel=\"canonical\" href=\"https:\/\/cooccio.com\/ca\/producto\/anacards-alfabrega-vacka\/\" \/>\n<meta property=\"og:locale\" content=\"ca_ES\" \/>\n<meta property=\"og:type\" content=\"article\" \/>\n<meta property=\"og:title\" content=\"Anacards i Alf\u00e0brega V\u00e4cka &#8212; Bootiga Productors de Barcelona\" \/>\n<meta property=\"og:description\" content=\"Crema d&#039;anacards i alf\u00e0brega\" \/>\n<meta property=\"og:url\" content=\"https:\/\/cooccio.com\/ca\/producto\/anacards-alfabrega-vacka\/\" \/>\n<meta property=\"og:site_name\" content=\"Coocci\u014d\" \/>\n<meta property=\"article:modified_time\" content=\"2022-04-11T07:32:34+00:00\" \/>\n<meta property=\"og:image\" content=\"https:\/\/cooccio.com\/wp-content\/uploads\/2021\/08\/vacka-queso_crema_anacardosalbahaca-mockup-edit.jpg\" \/>\n\t<meta property=\"og:image:width\" content=\"1200\" \/>\n\t<meta property=\"og:image:height\" content=\"1200\" \/>\n\t<meta property=\"og:image:type\" content=\"image\/jpeg\" \/>\n<meta name=\"twitter:card\" content=\"summary_large_image\" \/>\n<meta name=\"twitter:label1\" content=\"Temps estimat de lectura\" \/>\n\t<meta name=\"twitter:data1\" content=\"1 minut\" \/>\n<script type=\"application\/ld+json\" class=\"yoast-schema-graph\">{\"@context\":\"https:\\\/\\\/schema.org\",\"@graph\":[{\"@type\":\"WebPage\",\"@id\":\"https:\\\/\\\/cooccio.com\\\/ca\\\/producto\\\/anacards-alfabrega-vacka\\\/\",\"url\":\"https:\\\/\\\/cooccio.com\\\/ca\\\/producto\\\/anacards-alfabrega-vacka\\\/\",\"name\":\"Anacards i Alf\u00e0brega V\u00e4cka &#8212; Bootiga Productors de Barcelona\",\"isPartOf\":{\"@id\":\"https:\\\/\\\/cooccio.com\\\/ca\\\/#website\"},\"primaryImageOfPage\":{\"@id\":\"https:\\\/\\\/cooccio.com\\\/ca\\\/producto\\\/anacards-alfabrega-vacka\\\/#primaryimage\"},\"image\":{\"@id\":\"https:\\\/\\\/cooccio.com\\\/ca\\\/producto\\\/anacards-alfabrega-vacka\\\/#primaryimage\"},\"thumbnailUrl\":\"https:\\\/\\\/cooccio.com\\\/wp-content\\\/uploads\\\/2021\\\/08\\\/vacka-queso_crema_anacardosalbahaca-mockup-edit.jpg\",\"datePublished\":\"2021-08-03T11:55:51+00:00\",\"dateModified\":\"2022-04-11T07:32:34+00:00\",\"breadcrumb\":{\"@id\":\"https:\\\/\\\/cooccio.com\\\/ca\\\/producto\\\/anacards-alfabrega-vacka\\\/#breadcrumb\"},\"inLanguage\":\"ca\",\"potentialAction\":[{\"@type\":\"ReadAction\",\"target\":[\"https:\\\/\\\/cooccio.com\\\/ca\\\/producto\\\/anacards-alfabrega-vacka\\\/\"]}]},{\"@type\":\"ImageObject\",\"inLanguage\":\"ca\",\"@id\":\"https:\\\/\\\/cooccio.com\\\/ca\\\/producto\\\/anacards-alfabrega-vacka\\\/#primaryimage\",\"url\":\"https:\\\/\\\/cooccio.com\\\/wp-content\\\/uploads\\\/2021\\\/08\\\/vacka-queso_crema_anacardosalbahaca-mockup-edit.jpg\",\"contentUrl\":\"https:\\\/\\\/cooccio.com\\\/wp-content\\\/uploads\\\/2021\\\/08\\\/vacka-queso_crema_anacardosalbahaca-mockup-edit.jpg\",\"width\":1200,\"height\":1200},{\"@type\":\"BreadcrumbList\",\"@id\":\"https:\\\/\\\/cooccio.com\\\/ca\\\/producto\\\/anacards-alfabrega-vacka\\\/#breadcrumb\",\"itemListElement\":[{\"@type\":\"ListItem\",\"position\":1,\"name\":\"Portada\",\"item\":\"https:\\\/\\\/cooccio.com\\\/ca\\\/\"},{\"@type\":\"ListItem\",\"position\":2,\"name\":\"Botiga\",\"item\":\"https:\\\/\\\/cooccio.com\\\/ca\\\/?page_id=3850\"},{\"@type\":\"ListItem\",\"position\":3,\"name\":\"Anacards i Alf\u00e0brega\"}]},{\"@type\":\"WebSite\",\"@id\":\"https:\\\/\\\/cooccio.com\\\/ca\\\/#website\",\"url\":\"https:\\\/\\\/cooccio.com\\\/ca\\\/\",\"name\":\"Coocci\u014d\",\"description\":\"Professional shared Kitchens\",\"potentialAction\":[{\"@type\":\"SearchAction\",\"target\":{\"@type\":\"EntryPoint\",\"urlTemplate\":\"https:\\\/\\\/cooccio.com\\\/ca\\\/?s={search_term_string}\"},\"query-input\":{\"@type\":\"PropertyValueSpecification\",\"valueRequired\":true,\"valueName\":\"search_term_string\"}}],\"inLanguage\":\"ca\"}]}<\/script>\n<!-- \/ Yoast SEO plugin. -->","yoast_head_json":{"title":"Anacards i Alf\u00e0brega V\u00e4cka &#8212; Bootiga Productors de Barcelona","robots":{"index":"index","follow":"follow","max-snippet":"max-snippet:-1","max-image-preview":"max-image-preview:large","max-video-preview":"max-video-preview:-1"},"canonical":"https:\/\/cooccio.com\/ca\/producto\/anacards-alfabrega-vacka\/","og_locale":"ca_ES","og_type":"article","og_title":"Anacards i Alf\u00e0brega V\u00e4cka &#8212; Bootiga Productors de Barcelona","og_description":"Crema d'anacards i alf\u00e0brega","og_url":"https:\/\/cooccio.com\/ca\/producto\/anacards-alfabrega-vacka\/","og_site_name":"Coocci\u014d","article_modified_time":"2022-04-11T07:32:34+00:00","og_image":[{"width":1200,"height":1200,"url":"https:\/\/cooccio.com\/wp-content\/uploads\/2021\/08\/vacka-queso_crema_anacardosalbahaca-mockup-edit.jpg","type":"image\/jpeg"}],"twitter_card":"summary_large_image","twitter_misc":{"Temps estimat de lectura":"1 minut"},"schema":{"@context":"https:\/\/schema.org","@graph":[{"@type":"WebPage","@id":"https:\/\/cooccio.com\/ca\/producto\/anacards-alfabrega-vacka\/","url":"https:\/\/cooccio.com\/ca\/producto\/anacards-alfabrega-vacka\/","name":"Anacards i Alf\u00e0brega V\u00e4cka &#8212; Bootiga Productors de Barcelona","isPartOf":{"@id":"https:\/\/cooccio.com\/ca\/#website"},"primaryImageOfPage":{"@id":"https:\/\/cooccio.com\/ca\/producto\/anacards-alfabrega-vacka\/#primaryimage"},"image":{"@id":"https:\/\/cooccio.com\/ca\/producto\/anacards-alfabrega-vacka\/#primaryimage"},"thumbnailUrl":"https:\/\/cooccio.com\/wp-content\/uploads\/2021\/08\/vacka-queso_crema_anacardosalbahaca-mockup-edit.jpg","datePublished":"2021-08-03T11:55:51+00:00","dateModified":"2022-04-11T07:32:34+00:00","breadcrumb":{"@id":"https:\/\/cooccio.com\/ca\/producto\/anacards-alfabrega-vacka\/#breadcrumb"},"inLanguage":"ca","potentialAction":[{"@type":"ReadAction","target":["https:\/\/cooccio.com\/ca\/producto\/anacards-alfabrega-vacka\/"]}]},{"@type":"ImageObject","inLanguage":"ca","@id":"https:\/\/cooccio.com\/ca\/producto\/anacards-alfabrega-vacka\/#primaryimage","url":"https:\/\/cooccio.com\/wp-content\/uploads\/2021\/08\/vacka-queso_crema_anacardosalbahaca-mockup-edit.jpg","contentUrl":"https:\/\/cooccio.com\/wp-content\/uploads\/2021\/08\/vacka-queso_crema_anacardosalbahaca-mockup-edit.jpg","width":1200,"height":1200},{"@type":"BreadcrumbList","@id":"https:\/\/cooccio.com\/ca\/producto\/anacards-alfabrega-vacka\/#breadcrumb","itemListElement":[{"@type":"ListItem","position":1,"name":"Portada","item":"https:\/\/cooccio.com\/ca\/"},{"@type":"ListItem","position":2,"name":"Botiga","item":"https:\/\/cooccio.com\/ca\/?page_id=3850"},{"@type":"ListItem","position":3,"name":"Anacards i Alf\u00e0brega"}]},{"@type":"WebSite","@id":"https:\/\/cooccio.com\/ca\/#website","url":"https:\/\/cooccio.com\/ca\/","name":"Coocci\u014d","description":"Professional shared Kitchens","potentialAction":[{"@type":"SearchAction","target":{"@type":"EntryPoint","urlTemplate":"https:\/\/cooccio.com\/ca\/?s={search_term_string}"},"query-input":{"@type":"PropertyValueSpecification","valueRequired":true,"valueName":"search_term_string"}}],"inLanguage":"ca"}]}},"_links":{"self":[{"href":"https:\/\/cooccio.com\/ca\/wp-json\/wp\/v2\/product\/3521","targetHints":{"allow":["GET"]}}],"collection":[{"href":"https:\/\/cooccio.com\/ca\/wp-json\/wp\/v2\/product"}],"about":[{"href":"https:\/\/cooccio.com\/ca\/wp-json\/wp\/v2\/types\/product"}],"wp:featuredmedia":[{"embeddable":true,"href":"https:\/\/cooccio.com\/ca\/wp-json\/wp\/v2\/media\/2832"}],"wp:attachment":[{"href":"https:\/\/cooccio.com\/ca\/wp-json\/wp\/v2\/media?parent=3521"}],"wp:term":[{"taxonomy":"product_brand","embeddable":true,"href":"https:\/\/cooccio.com\/ca\/wp-json\/wp\/v2\/product_brand?post=3521"},{"taxonomy":"product_cat","embeddable":true,"href":"https:\/\/cooccio.com\/ca\/wp-json\/wp\/v2\/product_cat?post=3521"},{"taxonomy":"product_tag","embeddable":true,"href":"https:\/\/cooccio.com\/ca\/wp-json\/wp\/v2\/product_tag?post=3521"}],"curies":[{"name":"wp","href":"https:\/\/api.w.org\/{rel}","templated":true}]}}