{"id":3562,"date":"2021-08-27T11:12:49","date_gmt":"2021-08-27T11:12:49","guid":{"rendered":"https:\/\/cooccio.com\/producto\/bone-broth-caldo-ecologico-de-ternera\/"},"modified":"2022-04-11T07:27:46","modified_gmt":"2022-04-11T07:27:46","slug":"bone-broth-brou-ca","status":"publish","type":"product","link":"https:\/\/cooccio.com\/ca\/producto\/bone-broth-brou-ca\/","title":{"rendered":"Bone Broth de vedella"},"content":{"rendered":"<p>Bone Broth de vedella bullit 24 hores amb ossos i verdures ecol\u00f2giques. Sense conservants.<\/p>\n<p>Congelem per mantenir totes les propietats sense processos agressius.<\/p>\n<div id=\"bgLayers_comp-kgffp4w23\" class=\"_3wnIc\" data-hook=\"bgLayers\">\n<div id=\"bgMedia_comp-kgffp4w23\" class=\"_2GUhU\"><span style=\"font-size: 1rem;\">Brou bone broth \u00e9s ric en prote\u00efnes. T\u00e9 un alt valor energ\u00e8tic i \u00e9s molt baix en greixos. Cont\u00e9 un 0% d\u2019hidrats de carboni i de sucres i \u00e9s apte per dietes paleo i gluten free.<\/span><\/div>\n<\/div>\n<div class=\"\" data-mesh-id=\"comp-kgffp4w23inlineContent\" data-testid=\"inline-content\">\n<div data-mesh-id=\"comp-kgffp4w23inlineContent-gridContainer\" data-testid=\"mesh-container-content\">\n<div id=\"comp-kgffp4w24\" class=\"_1Q9if\" data-testid=\"richTextElement\">\n<p class=\"font_9\"><span class=\"color_11\">Els nostres ingredients s\u00f3n seleccionats i de productors locals, amb carns i ossos ecol\u00f2gics i amb verdures procedents d\u2019agricultura ecol\u00f2gica i de proximitat.<\/span><\/p>\n<\/div>\n<\/div>\n<\/div>\n<p><strong>INGREDIENTS:<\/strong> Aigua. Ossos carnossos de vedella ecol\u00f2gica. Verdures* (ceba, pastanaga i api). Gingebre*, llorer*, pebre* i sal*.<br \/>\n*procedents d&#8217;agricultura ecol\u00f2gica<\/p>\n<p><strong>FORMAT: <\/strong>600 ml. Producte congelat.<\/p>\n","protected":false},"excerpt":{"rendered":"<p>Brou d&#8217;ossos ecol\u00f2gic de vedella<\/p>\n","protected":false},"featured_media":3277,"template":"","meta":{"_acf_changed":false},"product_brand":[],"product_cat":[119],"product_tag":[],"class_list":{"0":"post-3562","1":"product","2":"type-product","3":"status-publish","4":"has-post-thumbnail","6":"productores-brou-bone-broth","7":"product_cat-cooccio-ca","9":"first","10":"outofstock","11":"shipping-taxable","12":"purchasable","13":"product-type-simple"},"acf":[],"yoast_head":"<!-- This site is optimized with the Yoast SEO plugin v27.5 - https:\/\/yoast.com\/product\/yoast-seo-wordpress\/ -->\n<title>Bone Broth de vedella Brou &#8212; Bootiga Productors de Barcelona<\/title>\n<meta name=\"robots\" content=\"index, follow, max-snippet:-1, max-image-preview:large, max-video-preview:-1\" \/>\n<link rel=\"canonical\" href=\"https:\/\/cooccio.com\/ca\/producto\/bone-broth-brou-ca\/\" \/>\n<meta property=\"og:locale\" content=\"ca_ES\" \/>\n<meta property=\"og:type\" content=\"article\" \/>\n<meta property=\"og:title\" content=\"Bone Broth de vedella Brou &#8212; Bootiga Productors de Barcelona\" \/>\n<meta property=\"og:description\" content=\"Brou d&#039;ossos ecol\u00f2gic de vedella\" \/>\n<meta property=\"og:url\" content=\"https:\/\/cooccio.com\/ca\/producto\/bone-broth-brou-ca\/\" \/>\n<meta property=\"og:site_name\" content=\"Coocci\u014d\" \/>\n<meta property=\"article:modified_time\" content=\"2022-04-11T07:27:46+00:00\" \/>\n<meta property=\"og:image\" content=\"https:\/\/cooccio.com\/wp-content\/uploads\/2021\/08\/0b074a_0a7cdf952855473ea72a5f16e45f8c20_mv2.jpg\" \/>\n\t<meta property=\"og:image:width\" content=\"425\" \/>\n\t<meta property=\"og:image:height\" content=\"420\" \/>\n\t<meta property=\"og:image:type\" content=\"image\/jpeg\" \/>\n<meta name=\"twitter:card\" content=\"summary_large_image\" \/>\n<meta name=\"twitter:label1\" content=\"Temps estimat de lectura\" \/>\n\t<meta name=\"twitter:data1\" content=\"1 minut\" \/>\n<script type=\"application\/ld+json\" class=\"yoast-schema-graph\">{\"@context\":\"https:\\\/\\\/schema.org\",\"@graph\":[{\"@type\":\"WebPage\",\"@id\":\"https:\\\/\\\/cooccio.com\\\/ca\\\/producto\\\/bone-broth-brou-ca\\\/\",\"url\":\"https:\\\/\\\/cooccio.com\\\/ca\\\/producto\\\/bone-broth-brou-ca\\\/\",\"name\":\"Bone Broth de vedella Brou &#8212; Bootiga Productors de Barcelona\",\"isPartOf\":{\"@id\":\"https:\\\/\\\/cooccio.com\\\/ca\\\/#website\"},\"primaryImageOfPage\":{\"@id\":\"https:\\\/\\\/cooccio.com\\\/ca\\\/producto\\\/bone-broth-brou-ca\\\/#primaryimage\"},\"image\":{\"@id\":\"https:\\\/\\\/cooccio.com\\\/ca\\\/producto\\\/bone-broth-brou-ca\\\/#primaryimage\"},\"thumbnailUrl\":\"https:\\\/\\\/cooccio.com\\\/wp-content\\\/uploads\\\/2021\\\/08\\\/0b074a_0a7cdf952855473ea72a5f16e45f8c20_mv2.jpg\",\"datePublished\":\"2021-08-27T11:12:49+00:00\",\"dateModified\":\"2022-04-11T07:27:46+00:00\",\"breadcrumb\":{\"@id\":\"https:\\\/\\\/cooccio.com\\\/ca\\\/producto\\\/bone-broth-brou-ca\\\/#breadcrumb\"},\"inLanguage\":\"ca\",\"potentialAction\":[{\"@type\":\"ReadAction\",\"target\":[\"https:\\\/\\\/cooccio.com\\\/ca\\\/producto\\\/bone-broth-brou-ca\\\/\"]}]},{\"@type\":\"ImageObject\",\"inLanguage\":\"ca\",\"@id\":\"https:\\\/\\\/cooccio.com\\\/ca\\\/producto\\\/bone-broth-brou-ca\\\/#primaryimage\",\"url\":\"https:\\\/\\\/cooccio.com\\\/wp-content\\\/uploads\\\/2021\\\/08\\\/0b074a_0a7cdf952855473ea72a5f16e45f8c20_mv2.jpg\",\"contentUrl\":\"https:\\\/\\\/cooccio.com\\\/wp-content\\\/uploads\\\/2021\\\/08\\\/0b074a_0a7cdf952855473ea72a5f16e45f8c20_mv2.jpg\",\"width\":425,\"height\":420},{\"@type\":\"BreadcrumbList\",\"@id\":\"https:\\\/\\\/cooccio.com\\\/ca\\\/producto\\\/bone-broth-brou-ca\\\/#breadcrumb\",\"itemListElement\":[{\"@type\":\"ListItem\",\"position\":1,\"name\":\"Portada\",\"item\":\"https:\\\/\\\/cooccio.com\\\/ca\\\/\"},{\"@type\":\"ListItem\",\"position\":2,\"name\":\"Botiga\",\"item\":\"https:\\\/\\\/cooccio.com\\\/ca\\\/?page_id=3850\"},{\"@type\":\"ListItem\",\"position\":3,\"name\":\"Bone Broth de vedella\"}]},{\"@type\":\"WebSite\",\"@id\":\"https:\\\/\\\/cooccio.com\\\/ca\\\/#website\",\"url\":\"https:\\\/\\\/cooccio.com\\\/ca\\\/\",\"name\":\"Coocci\u014d\",\"description\":\"Professional shared Kitchens\",\"potentialAction\":[{\"@type\":\"SearchAction\",\"target\":{\"@type\":\"EntryPoint\",\"urlTemplate\":\"https:\\\/\\\/cooccio.com\\\/ca\\\/?s={search_term_string}\"},\"query-input\":{\"@type\":\"PropertyValueSpecification\",\"valueRequired\":true,\"valueName\":\"search_term_string\"}}],\"inLanguage\":\"ca\"}]}<\/script>\n<!-- \/ Yoast SEO plugin. -->","yoast_head_json":{"title":"Bone Broth de vedella Brou &#8212; Bootiga Productors de Barcelona","robots":{"index":"index","follow":"follow","max-snippet":"max-snippet:-1","max-image-preview":"max-image-preview:large","max-video-preview":"max-video-preview:-1"},"canonical":"https:\/\/cooccio.com\/ca\/producto\/bone-broth-brou-ca\/","og_locale":"ca_ES","og_type":"article","og_title":"Bone Broth de vedella Brou &#8212; Bootiga Productors de Barcelona","og_description":"Brou d'ossos ecol\u00f2gic de vedella","og_url":"https:\/\/cooccio.com\/ca\/producto\/bone-broth-brou-ca\/","og_site_name":"Coocci\u014d","article_modified_time":"2022-04-11T07:27:46+00:00","og_image":[{"width":425,"height":420,"url":"https:\/\/cooccio.com\/wp-content\/uploads\/2021\/08\/0b074a_0a7cdf952855473ea72a5f16e45f8c20_mv2.jpg","type":"image\/jpeg"}],"twitter_card":"summary_large_image","twitter_misc":{"Temps estimat de lectura":"1 minut"},"schema":{"@context":"https:\/\/schema.org","@graph":[{"@type":"WebPage","@id":"https:\/\/cooccio.com\/ca\/producto\/bone-broth-brou-ca\/","url":"https:\/\/cooccio.com\/ca\/producto\/bone-broth-brou-ca\/","name":"Bone Broth de vedella Brou &#8212; Bootiga Productors de Barcelona","isPartOf":{"@id":"https:\/\/cooccio.com\/ca\/#website"},"primaryImageOfPage":{"@id":"https:\/\/cooccio.com\/ca\/producto\/bone-broth-brou-ca\/#primaryimage"},"image":{"@id":"https:\/\/cooccio.com\/ca\/producto\/bone-broth-brou-ca\/#primaryimage"},"thumbnailUrl":"https:\/\/cooccio.com\/wp-content\/uploads\/2021\/08\/0b074a_0a7cdf952855473ea72a5f16e45f8c20_mv2.jpg","datePublished":"2021-08-27T11:12:49+00:00","dateModified":"2022-04-11T07:27:46+00:00","breadcrumb":{"@id":"https:\/\/cooccio.com\/ca\/producto\/bone-broth-brou-ca\/#breadcrumb"},"inLanguage":"ca","potentialAction":[{"@type":"ReadAction","target":["https:\/\/cooccio.com\/ca\/producto\/bone-broth-brou-ca\/"]}]},{"@type":"ImageObject","inLanguage":"ca","@id":"https:\/\/cooccio.com\/ca\/producto\/bone-broth-brou-ca\/#primaryimage","url":"https:\/\/cooccio.com\/wp-content\/uploads\/2021\/08\/0b074a_0a7cdf952855473ea72a5f16e45f8c20_mv2.jpg","contentUrl":"https:\/\/cooccio.com\/wp-content\/uploads\/2021\/08\/0b074a_0a7cdf952855473ea72a5f16e45f8c20_mv2.jpg","width":425,"height":420},{"@type":"BreadcrumbList","@id":"https:\/\/cooccio.com\/ca\/producto\/bone-broth-brou-ca\/#breadcrumb","itemListElement":[{"@type":"ListItem","position":1,"name":"Portada","item":"https:\/\/cooccio.com\/ca\/"},{"@type":"ListItem","position":2,"name":"Botiga","item":"https:\/\/cooccio.com\/ca\/?page_id=3850"},{"@type":"ListItem","position":3,"name":"Bone Broth de vedella"}]},{"@type":"WebSite","@id":"https:\/\/cooccio.com\/ca\/#website","url":"https:\/\/cooccio.com\/ca\/","name":"Coocci\u014d","description":"Professional shared Kitchens","potentialAction":[{"@type":"SearchAction","target":{"@type":"EntryPoint","urlTemplate":"https:\/\/cooccio.com\/ca\/?s={search_term_string}"},"query-input":{"@type":"PropertyValueSpecification","valueRequired":true,"valueName":"search_term_string"}}],"inLanguage":"ca"}]}},"_links":{"self":[{"href":"https:\/\/cooccio.com\/ca\/wp-json\/wp\/v2\/product\/3562","targetHints":{"allow":["GET"]}}],"collection":[{"href":"https:\/\/cooccio.com\/ca\/wp-json\/wp\/v2\/product"}],"about":[{"href":"https:\/\/cooccio.com\/ca\/wp-json\/wp\/v2\/types\/product"}],"wp:featuredmedia":[{"embeddable":true,"href":"https:\/\/cooccio.com\/ca\/wp-json\/wp\/v2\/media\/3277"}],"wp:attachment":[{"href":"https:\/\/cooccio.com\/ca\/wp-json\/wp\/v2\/media?parent=3562"}],"wp:term":[{"taxonomy":"product_brand","embeddable":true,"href":"https:\/\/cooccio.com\/ca\/wp-json\/wp\/v2\/product_brand?post=3562"},{"taxonomy":"product_cat","embeddable":true,"href":"https:\/\/cooccio.com\/ca\/wp-json\/wp\/v2\/product_cat?post=3562"},{"taxonomy":"product_tag","embeddable":true,"href":"https:\/\/cooccio.com\/ca\/wp-json\/wp\/v2\/product_tag?post=3562"}],"curies":[{"name":"wp","href":"https:\/\/api.w.org\/{rel}","templated":true}]}}