{"id":3574,"date":"2021-08-03T15:05:22","date_gmt":"2021-08-03T15:05:22","guid":{"rendered":"https:\/\/cooccio.com\/producto\/yogur-de-coco-2\/"},"modified":"2022-04-11T07:31:37","modified_gmt":"2022-04-11T07:31:37","slug":"iogurt-coco-by-angela","status":"publish","type":"product","link":"https:\/\/cooccio.com\/ca\/producto\/iogurt-coco-by-angela\/","title":{"rendered":"Iogurt de coco"},"content":{"rendered":"<p>Amb la mateixa textura que el iogurt i probi\u00f2tics saludables, per\u00f2 fet amb llet de coco org\u00e0nica i molt carinyo.<br \/>Sense lactis, sense sucres afegits, sense conservants, sense gluten i amb ingredients ecol\u00f2gics.<br \/>Apte per a vegans i per la gent que busca menjar sa i bonissssssima<br \/>Es un producte vers\u00e0til amb m\u00faltiples usos:<br \/>Amb granola o muesli a l&#8217;esmor\u00e7ar, amb fruits secs de temporada o melmelada o com a postre o berenar.<\/p>\n<p>Per a espesar sopes i fer-les cremoses, per a amanides o per fer postres vegans m\u00e9s saborosos.<\/p>\n<p>Per a fer servir enlloc de nata, iogurt de llet de vaca, crema agra, quark o maionesa.<\/p>\n<p><strong>INGREDIENTS: <\/strong>Crema de coco, aigua de coco, mid\u00f3 de blat de moro, mid\u00f3 de tapioca i ferments vegans.<\/p>\n<p><\/p>\n","protected":false},"excerpt":{"rendered":"<p>Coco amb bifidus i lactobacillus<\/p>\n","protected":false},"featured_media":2858,"template":"","meta":{"_acf_changed":false},"product_brand":[],"product_cat":[129,182,220],"product_tag":[],"class_list":{"0":"post-3574","1":"product","2":"type-product","3":"status-publish","4":"has-post-thumbnail","6":"productores-coco-by-angela-ca","7":"product_cat-bcn-friends-ca","8":"product_cat-fermentat","9":"product_cat-vega","11":"first","12":"outofstock","13":"shipping-taxable","14":"purchasable","15":"product-type-variable"},"acf":[],"yoast_head":"<!-- This site is optimized with the Yoast SEO plugin v27.5 - https:\/\/yoast.com\/product\/yoast-seo-wordpress\/ -->\n<title>Iogurt de coco veg\u00e0 by Angela - Bootiga productors de Barcelona<\/title>\n<meta name=\"description\" content=\"Botiga de productors artesanals de ciutat. Compra online. T&#039;ho portem a casa o ho reculls. Support local.\" \/>\n<meta name=\"robots\" content=\"index, follow, max-snippet:-1, max-image-preview:large, max-video-preview:-1\" \/>\n<link rel=\"canonical\" href=\"https:\/\/cooccio.com\/ca\/producto\/iogurt-coco-by-angela\/\" \/>\n<meta property=\"og:locale\" content=\"ca_ES\" \/>\n<meta property=\"og:type\" content=\"article\" \/>\n<meta property=\"og:title\" content=\"Iogurt de coco veg\u00e0 by Angela - Bootiga productors de Barcelona\" \/>\n<meta property=\"og:description\" content=\"Botiga de productors artesanals de ciutat. Compra online. T&#039;ho portem a casa o ho reculls. Support local.\" \/>\n<meta property=\"og:url\" content=\"https:\/\/cooccio.com\/ca\/producto\/iogurt-coco-by-angela\/\" \/>\n<meta property=\"og:site_name\" content=\"Coocci\u014d\" \/>\n<meta property=\"article:modified_time\" content=\"2022-04-11T07:31:37+00:00\" \/>\n<meta property=\"og:image\" content=\"https:\/\/cooccio.com\/wp-content\/uploads\/2021\/08\/yogur-vegano-de-coco-ecologico.jpg\" \/>\n\t<meta property=\"og:image:width\" content=\"398\" \/>\n\t<meta property=\"og:image:height\" content=\"425\" \/>\n\t<meta property=\"og:image:type\" content=\"image\/jpeg\" \/>\n<meta name=\"twitter:card\" content=\"summary_large_image\" \/>\n<meta name=\"twitter:label1\" content=\"Temps estimat de lectura\" \/>\n\t<meta name=\"twitter:data1\" content=\"1 minut\" \/>\n<script type=\"application\/ld+json\" class=\"yoast-schema-graph\">{\"@context\":\"https:\\\/\\\/schema.org\",\"@graph\":[{\"@type\":\"WebPage\",\"@id\":\"https:\\\/\\\/cooccio.com\\\/ca\\\/producto\\\/iogurt-coco-by-angela\\\/\",\"url\":\"https:\\\/\\\/cooccio.com\\\/ca\\\/producto\\\/iogurt-coco-by-angela\\\/\",\"name\":\"Iogurt de coco veg\u00e0 by Angela - Bootiga productors de Barcelona\",\"isPartOf\":{\"@id\":\"https:\\\/\\\/cooccio.com\\\/ca\\\/#website\"},\"primaryImageOfPage\":{\"@id\":\"https:\\\/\\\/cooccio.com\\\/ca\\\/producto\\\/iogurt-coco-by-angela\\\/#primaryimage\"},\"image\":{\"@id\":\"https:\\\/\\\/cooccio.com\\\/ca\\\/producto\\\/iogurt-coco-by-angela\\\/#primaryimage\"},\"thumbnailUrl\":\"https:\\\/\\\/cooccio.com\\\/wp-content\\\/uploads\\\/2021\\\/08\\\/yogur-vegano-de-coco-ecologico.jpg\",\"datePublished\":\"2021-08-03T15:05:22+00:00\",\"dateModified\":\"2022-04-11T07:31:37+00:00\",\"description\":\"Botiga de productors artesanals de ciutat. Compra online. T'ho portem a casa o ho reculls. Support local.\",\"breadcrumb\":{\"@id\":\"https:\\\/\\\/cooccio.com\\\/ca\\\/producto\\\/iogurt-coco-by-angela\\\/#breadcrumb\"},\"inLanguage\":\"ca\",\"potentialAction\":[{\"@type\":\"ReadAction\",\"target\":[\"https:\\\/\\\/cooccio.com\\\/ca\\\/producto\\\/iogurt-coco-by-angela\\\/\"]}]},{\"@type\":\"ImageObject\",\"inLanguage\":\"ca\",\"@id\":\"https:\\\/\\\/cooccio.com\\\/ca\\\/producto\\\/iogurt-coco-by-angela\\\/#primaryimage\",\"url\":\"https:\\\/\\\/cooccio.com\\\/wp-content\\\/uploads\\\/2021\\\/08\\\/yogur-vegano-de-coco-ecologico.jpg\",\"contentUrl\":\"https:\\\/\\\/cooccio.com\\\/wp-content\\\/uploads\\\/2021\\\/08\\\/yogur-vegano-de-coco-ecologico.jpg\",\"width\":398,\"height\":425},{\"@type\":\"BreadcrumbList\",\"@id\":\"https:\\\/\\\/cooccio.com\\\/ca\\\/producto\\\/iogurt-coco-by-angela\\\/#breadcrumb\",\"itemListElement\":[{\"@type\":\"ListItem\",\"position\":1,\"name\":\"Portada\",\"item\":\"https:\\\/\\\/cooccio.com\\\/ca\\\/\"},{\"@type\":\"ListItem\",\"position\":2,\"name\":\"Botiga\",\"item\":\"https:\\\/\\\/cooccio.com\\\/ca\\\/?page_id=3850\"},{\"@type\":\"ListItem\",\"position\":3,\"name\":\"Iogurt de coco\"}]},{\"@type\":\"WebSite\",\"@id\":\"https:\\\/\\\/cooccio.com\\\/ca\\\/#website\",\"url\":\"https:\\\/\\\/cooccio.com\\\/ca\\\/\",\"name\":\"Coocci\u014d\",\"description\":\"Professional shared Kitchens\",\"potentialAction\":[{\"@type\":\"SearchAction\",\"target\":{\"@type\":\"EntryPoint\",\"urlTemplate\":\"https:\\\/\\\/cooccio.com\\\/ca\\\/?s={search_term_string}\"},\"query-input\":{\"@type\":\"PropertyValueSpecification\",\"valueRequired\":true,\"valueName\":\"search_term_string\"}}],\"inLanguage\":\"ca\"}]}<\/script>\n<!-- \/ Yoast SEO plugin. -->","yoast_head_json":{"title":"Iogurt de coco veg\u00e0 by Angela - Bootiga productors de Barcelona","description":"Botiga de productors artesanals de ciutat. Compra online. T'ho portem a casa o ho reculls. Support local.","robots":{"index":"index","follow":"follow","max-snippet":"max-snippet:-1","max-image-preview":"max-image-preview:large","max-video-preview":"max-video-preview:-1"},"canonical":"https:\/\/cooccio.com\/ca\/producto\/iogurt-coco-by-angela\/","og_locale":"ca_ES","og_type":"article","og_title":"Iogurt de coco veg\u00e0 by Angela - Bootiga productors de Barcelona","og_description":"Botiga de productors artesanals de ciutat. Compra online. T'ho portem a casa o ho reculls. Support local.","og_url":"https:\/\/cooccio.com\/ca\/producto\/iogurt-coco-by-angela\/","og_site_name":"Coocci\u014d","article_modified_time":"2022-04-11T07:31:37+00:00","og_image":[{"width":398,"height":425,"url":"https:\/\/cooccio.com\/wp-content\/uploads\/2021\/08\/yogur-vegano-de-coco-ecologico.jpg","type":"image\/jpeg"}],"twitter_card":"summary_large_image","twitter_misc":{"Temps estimat de lectura":"1 minut"},"schema":{"@context":"https:\/\/schema.org","@graph":[{"@type":"WebPage","@id":"https:\/\/cooccio.com\/ca\/producto\/iogurt-coco-by-angela\/","url":"https:\/\/cooccio.com\/ca\/producto\/iogurt-coco-by-angela\/","name":"Iogurt de coco veg\u00e0 by Angela - Bootiga productors de Barcelona","isPartOf":{"@id":"https:\/\/cooccio.com\/ca\/#website"},"primaryImageOfPage":{"@id":"https:\/\/cooccio.com\/ca\/producto\/iogurt-coco-by-angela\/#primaryimage"},"image":{"@id":"https:\/\/cooccio.com\/ca\/producto\/iogurt-coco-by-angela\/#primaryimage"},"thumbnailUrl":"https:\/\/cooccio.com\/wp-content\/uploads\/2021\/08\/yogur-vegano-de-coco-ecologico.jpg","datePublished":"2021-08-03T15:05:22+00:00","dateModified":"2022-04-11T07:31:37+00:00","description":"Botiga de productors artesanals de ciutat. Compra online. T'ho portem a casa o ho reculls. Support local.","breadcrumb":{"@id":"https:\/\/cooccio.com\/ca\/producto\/iogurt-coco-by-angela\/#breadcrumb"},"inLanguage":"ca","potentialAction":[{"@type":"ReadAction","target":["https:\/\/cooccio.com\/ca\/producto\/iogurt-coco-by-angela\/"]}]},{"@type":"ImageObject","inLanguage":"ca","@id":"https:\/\/cooccio.com\/ca\/producto\/iogurt-coco-by-angela\/#primaryimage","url":"https:\/\/cooccio.com\/wp-content\/uploads\/2021\/08\/yogur-vegano-de-coco-ecologico.jpg","contentUrl":"https:\/\/cooccio.com\/wp-content\/uploads\/2021\/08\/yogur-vegano-de-coco-ecologico.jpg","width":398,"height":425},{"@type":"BreadcrumbList","@id":"https:\/\/cooccio.com\/ca\/producto\/iogurt-coco-by-angela\/#breadcrumb","itemListElement":[{"@type":"ListItem","position":1,"name":"Portada","item":"https:\/\/cooccio.com\/ca\/"},{"@type":"ListItem","position":2,"name":"Botiga","item":"https:\/\/cooccio.com\/ca\/?page_id=3850"},{"@type":"ListItem","position":3,"name":"Iogurt de coco"}]},{"@type":"WebSite","@id":"https:\/\/cooccio.com\/ca\/#website","url":"https:\/\/cooccio.com\/ca\/","name":"Coocci\u014d","description":"Professional shared Kitchens","potentialAction":[{"@type":"SearchAction","target":{"@type":"EntryPoint","urlTemplate":"https:\/\/cooccio.com\/ca\/?s={search_term_string}"},"query-input":{"@type":"PropertyValueSpecification","valueRequired":true,"valueName":"search_term_string"}}],"inLanguage":"ca"}]}},"_links":{"self":[{"href":"https:\/\/cooccio.com\/ca\/wp-json\/wp\/v2\/product\/3574","targetHints":{"allow":["GET"]}}],"collection":[{"href":"https:\/\/cooccio.com\/ca\/wp-json\/wp\/v2\/product"}],"about":[{"href":"https:\/\/cooccio.com\/ca\/wp-json\/wp\/v2\/types\/product"}],"wp:featuredmedia":[{"embeddable":true,"href":"https:\/\/cooccio.com\/ca\/wp-json\/wp\/v2\/media\/2858"}],"wp:attachment":[{"href":"https:\/\/cooccio.com\/ca\/wp-json\/wp\/v2\/media?parent=3574"}],"wp:term":[{"taxonomy":"product_brand","embeddable":true,"href":"https:\/\/cooccio.com\/ca\/wp-json\/wp\/v2\/product_brand?post=3574"},{"taxonomy":"product_cat","embeddable":true,"href":"https:\/\/cooccio.com\/ca\/wp-json\/wp\/v2\/product_cat?post=3574"},{"taxonomy":"product_tag","embeddable":true,"href":"https:\/\/cooccio.com\/ca\/wp-json\/wp\/v2\/product_tag?post=3574"}],"curies":[{"name":"wp","href":"https:\/\/api.w.org\/{rel}","templated":true}]}}