{"id":3586,"date":"2021-08-04T07:02:50","date_gmt":"2021-08-04T07:02:50","guid":{"rendered":"https:\/\/cooccio.com\/producto\/cerrado-mineiro-brasil\/"},"modified":"2022-04-11T07:30:34","modified_gmt":"2022-04-11T07:30:34","slug":"cerrado-mineiro-brasil-onyva-ca","status":"publish","type":"product","link":"https:\/\/cooccio.com\/ca\/producto\/cerrado-mineiro-brasil-onyva-ca\/","title":{"rendered":"Cerrado Mineiro Brasil"},"content":{"rendered":"<p>Disfruta d&#8217;un caf\u00e8 d&#8217;especialitat de Brasil amb notes axocolatades. Disfruta de la seva lleugera acidesa l\u00e0ctica i el seu cos crem\u00f3s.<\/p>\n<p>Torrem el caf\u00e8 per a espresso i filtre, \u00e9s un caf\u00e8 vers\u00e0til i del gust de tots.<\/p>\n<p>Aquest caf\u00e9 est\u00e0 compost per grans de caf\u00e8 de les varietats Catua\u00ed i Mondo Novo. Els grans verds pasen per un proc\u00e9s natural, aportant complexitat a aquest caf\u00e8.<\/p>\n<p><strong>FORMAT:<\/strong> 250 gr.<\/p>\n","protected":false},"excerpt":{"rendered":"<p>Caf\u00e8 d&#8217;especialitat de Brasil<\/p>\n","protected":false},"featured_media":2865,"template":"","meta":{"_acf_changed":false},"product_brand":[],"product_cat":[129,225,220],"product_tag":[],"class_list":{"0":"post-3586","1":"product","2":"type-product","3":"status-publish","4":"has-post-thumbnail","6":"productores-on-y-va-ca","7":"product_cat-bcn-friends-ca","8":"product_cat-cafe-despecialitat","9":"product_cat-vega","11":"first","12":"outofstock","13":"shipping-taxable","14":"purchasable","15":"product-type-variable"},"acf":[],"yoast_head":"<!-- This site is optimized with the Yoast SEO plugin v27.5 - https:\/\/yoast.com\/product\/yoast-seo-wordpress\/ -->\n<title>Cerrado Mineiro Brasil On y Va &#8212; Bootiga Produtors de Barccelona<\/title>\n<meta name=\"robots\" content=\"index, follow, max-snippet:-1, max-image-preview:large, max-video-preview:-1\" \/>\n<link rel=\"canonical\" href=\"https:\/\/cooccio.com\/ca\/producto\/cerrado-mineiro-brasil-onyva-ca\/\" \/>\n<meta property=\"og:locale\" content=\"ca_ES\" \/>\n<meta property=\"og:type\" content=\"article\" \/>\n<meta property=\"og:title\" content=\"Cerrado Mineiro Brasil On y Va &#8212; Bootiga Produtors de Barccelona\" \/>\n<meta property=\"og:description\" content=\"Caf\u00e8 d&#039;especialitat de Brasil\" \/>\n<meta property=\"og:url\" content=\"https:\/\/cooccio.com\/ca\/producto\/cerrado-mineiro-brasil-onyva-ca\/\" \/>\n<meta property=\"og:site_name\" content=\"Coocci\u014d\" \/>\n<meta property=\"article:modified_time\" content=\"2022-04-11T07:30:34+00:00\" \/>\n<meta property=\"og:image\" content=\"https:\/\/cooccio.com\/wp-content\/uploads\/2021\/08\/CerradoMineiro.jpg\" \/>\n\t<meta property=\"og:image:width\" content=\"1200\" \/>\n\t<meta property=\"og:image:height\" content=\"835\" \/>\n\t<meta property=\"og:image:type\" content=\"image\/jpeg\" \/>\n<meta name=\"twitter:card\" content=\"summary_large_image\" \/>\n<meta name=\"twitter:label1\" content=\"Temps estimat de lectura\" \/>\n\t<meta name=\"twitter:data1\" content=\"1 minut\" \/>\n<script type=\"application\/ld+json\" class=\"yoast-schema-graph\">{\"@context\":\"https:\\\/\\\/schema.org\",\"@graph\":[{\"@type\":\"WebPage\",\"@id\":\"https:\\\/\\\/cooccio.com\\\/ca\\\/producto\\\/cerrado-mineiro-brasil-onyva-ca\\\/\",\"url\":\"https:\\\/\\\/cooccio.com\\\/ca\\\/producto\\\/cerrado-mineiro-brasil-onyva-ca\\\/\",\"name\":\"Cerrado Mineiro Brasil On y Va &#8212; Bootiga Produtors de Barccelona\",\"isPartOf\":{\"@id\":\"https:\\\/\\\/cooccio.com\\\/ca\\\/#website\"},\"primaryImageOfPage\":{\"@id\":\"https:\\\/\\\/cooccio.com\\\/ca\\\/producto\\\/cerrado-mineiro-brasil-onyva-ca\\\/#primaryimage\"},\"image\":{\"@id\":\"https:\\\/\\\/cooccio.com\\\/ca\\\/producto\\\/cerrado-mineiro-brasil-onyva-ca\\\/#primaryimage\"},\"thumbnailUrl\":\"https:\\\/\\\/cooccio.com\\\/wp-content\\\/uploads\\\/2021\\\/08\\\/CerradoMineiro.jpg\",\"datePublished\":\"2021-08-04T07:02:50+00:00\",\"dateModified\":\"2022-04-11T07:30:34+00:00\",\"breadcrumb\":{\"@id\":\"https:\\\/\\\/cooccio.com\\\/ca\\\/producto\\\/cerrado-mineiro-brasil-onyva-ca\\\/#breadcrumb\"},\"inLanguage\":\"ca\",\"potentialAction\":[{\"@type\":\"ReadAction\",\"target\":[\"https:\\\/\\\/cooccio.com\\\/ca\\\/producto\\\/cerrado-mineiro-brasil-onyva-ca\\\/\"]}]},{\"@type\":\"ImageObject\",\"inLanguage\":\"ca\",\"@id\":\"https:\\\/\\\/cooccio.com\\\/ca\\\/producto\\\/cerrado-mineiro-brasil-onyva-ca\\\/#primaryimage\",\"url\":\"https:\\\/\\\/cooccio.com\\\/wp-content\\\/uploads\\\/2021\\\/08\\\/CerradoMineiro.jpg\",\"contentUrl\":\"https:\\\/\\\/cooccio.com\\\/wp-content\\\/uploads\\\/2021\\\/08\\\/CerradoMineiro.jpg\",\"width\":1200,\"height\":835},{\"@type\":\"BreadcrumbList\",\"@id\":\"https:\\\/\\\/cooccio.com\\\/ca\\\/producto\\\/cerrado-mineiro-brasil-onyva-ca\\\/#breadcrumb\",\"itemListElement\":[{\"@type\":\"ListItem\",\"position\":1,\"name\":\"Portada\",\"item\":\"https:\\\/\\\/cooccio.com\\\/ca\\\/\"},{\"@type\":\"ListItem\",\"position\":2,\"name\":\"Botiga\",\"item\":\"https:\\\/\\\/cooccio.com\\\/ca\\\/?page_id=3850\"},{\"@type\":\"ListItem\",\"position\":3,\"name\":\"Cerrado Mineiro Brasil\"}]},{\"@type\":\"WebSite\",\"@id\":\"https:\\\/\\\/cooccio.com\\\/ca\\\/#website\",\"url\":\"https:\\\/\\\/cooccio.com\\\/ca\\\/\",\"name\":\"Coocci\u014d\",\"description\":\"Professional shared Kitchens\",\"potentialAction\":[{\"@type\":\"SearchAction\",\"target\":{\"@type\":\"EntryPoint\",\"urlTemplate\":\"https:\\\/\\\/cooccio.com\\\/ca\\\/?s={search_term_string}\"},\"query-input\":{\"@type\":\"PropertyValueSpecification\",\"valueRequired\":true,\"valueName\":\"search_term_string\"}}],\"inLanguage\":\"ca\"}]}<\/script>\n<!-- \/ Yoast SEO plugin. -->","yoast_head_json":{"title":"Cerrado Mineiro Brasil On y Va &#8212; Bootiga Produtors de Barccelona","robots":{"index":"index","follow":"follow","max-snippet":"max-snippet:-1","max-image-preview":"max-image-preview:large","max-video-preview":"max-video-preview:-1"},"canonical":"https:\/\/cooccio.com\/ca\/producto\/cerrado-mineiro-brasil-onyva-ca\/","og_locale":"ca_ES","og_type":"article","og_title":"Cerrado Mineiro Brasil On y Va &#8212; Bootiga Produtors de Barccelona","og_description":"Caf\u00e8 d'especialitat de Brasil","og_url":"https:\/\/cooccio.com\/ca\/producto\/cerrado-mineiro-brasil-onyva-ca\/","og_site_name":"Coocci\u014d","article_modified_time":"2022-04-11T07:30:34+00:00","og_image":[{"width":1200,"height":835,"url":"https:\/\/cooccio.com\/wp-content\/uploads\/2021\/08\/CerradoMineiro.jpg","type":"image\/jpeg"}],"twitter_card":"summary_large_image","twitter_misc":{"Temps estimat de lectura":"1 minut"},"schema":{"@context":"https:\/\/schema.org","@graph":[{"@type":"WebPage","@id":"https:\/\/cooccio.com\/ca\/producto\/cerrado-mineiro-brasil-onyva-ca\/","url":"https:\/\/cooccio.com\/ca\/producto\/cerrado-mineiro-brasil-onyva-ca\/","name":"Cerrado Mineiro Brasil On y Va &#8212; Bootiga Produtors de Barccelona","isPartOf":{"@id":"https:\/\/cooccio.com\/ca\/#website"},"primaryImageOfPage":{"@id":"https:\/\/cooccio.com\/ca\/producto\/cerrado-mineiro-brasil-onyva-ca\/#primaryimage"},"image":{"@id":"https:\/\/cooccio.com\/ca\/producto\/cerrado-mineiro-brasil-onyva-ca\/#primaryimage"},"thumbnailUrl":"https:\/\/cooccio.com\/wp-content\/uploads\/2021\/08\/CerradoMineiro.jpg","datePublished":"2021-08-04T07:02:50+00:00","dateModified":"2022-04-11T07:30:34+00:00","breadcrumb":{"@id":"https:\/\/cooccio.com\/ca\/producto\/cerrado-mineiro-brasil-onyva-ca\/#breadcrumb"},"inLanguage":"ca","potentialAction":[{"@type":"ReadAction","target":["https:\/\/cooccio.com\/ca\/producto\/cerrado-mineiro-brasil-onyva-ca\/"]}]},{"@type":"ImageObject","inLanguage":"ca","@id":"https:\/\/cooccio.com\/ca\/producto\/cerrado-mineiro-brasil-onyva-ca\/#primaryimage","url":"https:\/\/cooccio.com\/wp-content\/uploads\/2021\/08\/CerradoMineiro.jpg","contentUrl":"https:\/\/cooccio.com\/wp-content\/uploads\/2021\/08\/CerradoMineiro.jpg","width":1200,"height":835},{"@type":"BreadcrumbList","@id":"https:\/\/cooccio.com\/ca\/producto\/cerrado-mineiro-brasil-onyva-ca\/#breadcrumb","itemListElement":[{"@type":"ListItem","position":1,"name":"Portada","item":"https:\/\/cooccio.com\/ca\/"},{"@type":"ListItem","position":2,"name":"Botiga","item":"https:\/\/cooccio.com\/ca\/?page_id=3850"},{"@type":"ListItem","position":3,"name":"Cerrado Mineiro Brasil"}]},{"@type":"WebSite","@id":"https:\/\/cooccio.com\/ca\/#website","url":"https:\/\/cooccio.com\/ca\/","name":"Coocci\u014d","description":"Professional shared Kitchens","potentialAction":[{"@type":"SearchAction","target":{"@type":"EntryPoint","urlTemplate":"https:\/\/cooccio.com\/ca\/?s={search_term_string}"},"query-input":{"@type":"PropertyValueSpecification","valueRequired":true,"valueName":"search_term_string"}}],"inLanguage":"ca"}]}},"_links":{"self":[{"href":"https:\/\/cooccio.com\/ca\/wp-json\/wp\/v2\/product\/3586","targetHints":{"allow":["GET"]}}],"collection":[{"href":"https:\/\/cooccio.com\/ca\/wp-json\/wp\/v2\/product"}],"about":[{"href":"https:\/\/cooccio.com\/ca\/wp-json\/wp\/v2\/types\/product"}],"wp:featuredmedia":[{"embeddable":true,"href":"https:\/\/cooccio.com\/ca\/wp-json\/wp\/v2\/media\/2865"}],"wp:attachment":[{"href":"https:\/\/cooccio.com\/ca\/wp-json\/wp\/v2\/media?parent=3586"}],"wp:term":[{"taxonomy":"product_brand","embeddable":true,"href":"https:\/\/cooccio.com\/ca\/wp-json\/wp\/v2\/product_brand?post=3586"},{"taxonomy":"product_cat","embeddable":true,"href":"https:\/\/cooccio.com\/ca\/wp-json\/wp\/v2\/product_cat?post=3586"},{"taxonomy":"product_tag","embeddable":true,"href":"https:\/\/cooccio.com\/ca\/wp-json\/wp\/v2\/product_tag?post=3586"}],"curies":[{"name":"wp","href":"https:\/\/api.w.org\/{rel}","templated":true}]}}