{"id":3723,"date":"2021-09-21T09:04:20","date_gmt":"2021-09-21T09:04:20","guid":{"rendered":"https:\/\/cooccio.com\/producto\/gin-llevant\/"},"modified":"2021-10-18T11:35:41","modified_gmt":"2021-10-18T11:35:41","slug":"gin-llevant","status":"publish","type":"product","link":"https:\/\/cooccio.com\/ca\/producto\/gin-llevant\/","title":{"rendered":"Gin Llevant"},"content":{"rendered":"<p>Llevant, nomenada aix\u00ed pel fort vent mediterrani que bufa de l&#8217;est, \u00e9s la ginebra debut de CORPEN. Llevant es defineix pel coriander atrevit, pell de taronja fresca, eucaliptus herbaci i un toc de pebre negra. El corienader, l&#8217;arrel de lliri i l&#8217;arrel d&#8217;ang\u00e8lica afegeixen notes terroses, florals i c\u00edtriques seques per deleitar el seu paladar. Llevant \u00e9s perfecte per barrejar i no es perdr\u00e0 a la barreja. Disfr\u00fata&#8217;l en un gintonic, un martini, un gin fizz o el teu c\u00f3ctel de ginebra favorit.<\/p>\n<p>Sostenibilitat, de proa a popa: Si has passat alg\u00fan temps en un vaixell o a la platja \u00faltimament, saps que la brossa de pl\u00e0stic \u00e9s ara una part ineludible del paisatge. Al voltant de 8 milions de tons m\u00e9triques de pl\u00e0stic, el pes de casi 90 portaavions, acaben al oce\u00e0 cada any. V\u00e0rem decidir desde el principi que no contribuir\u00edam a aquest problema. Quan dissenyem la nostra ampolla de ginebra, deixem el pl\u00e0stic fora: &#8211; La nostra tapa d0ampollla est\u00e0 feta de suro i fusta (100% compostable). &#8211; La nostra c\u00e0psula sembla pl\u00e0sti, per\u00f2 en realitat \u00e9s cel\u00b7lulosa d&#8217;origen vegetal (100% compostable) &#8211; La nostra ampolla \u00e9s de vidre 100% reciclat; de fet, el seu color distintiu prov\u00e9 de la barreja de vidre verd i transparent (100% reciclable).<\/p>\n<p><strong>INGREDIENTS: <\/strong>Baies de ginebre, llavors de coriandre, pell de taronja fresca, fulles d&#8217;eucaliptus, pebre negre, arrel de lliri i arrel d&#8217;ang\u00e8lica, alcohol et\u00edlic i agua.<\/p>\n<p><strong>FORMAT: <\/strong>50 cl, 45% alc. vol<\/p>\n","protected":false},"excerpt":{"rendered":"<p>Gin de petits lots<\/p>\n","protected":false},"featured_media":3706,"template":"","meta":{"_acf_changed":false},"product_brand":[],"product_cat":[129,125],"product_tag":[],"class_list":{"0":"post-3723","1":"product","2":"type-product","3":"status-publish","4":"has-post-thumbnail","6":"productores-corpen-ca","7":"product_cat-bcn-friends-ca","8":"product_cat-beguda-artesanal","10":"first","11":"instock","12":"shipping-taxable","13":"purchasable","14":"product-type-simple"},"acf":[],"yoast_head":"<!-- This site is optimized with the Yoast SEO plugin v27.5 - https:\/\/yoast.com\/product\/yoast-seo-wordpress\/ -->\n<title>Gin Llevant &#8212; Coocci\u014d<\/title>\n<meta name=\"robots\" content=\"index, follow, max-snippet:-1, max-image-preview:large, max-video-preview:-1\" \/>\n<link rel=\"canonical\" href=\"https:\/\/cooccio.com\/ca\/producto\/gin-llevant\/\" \/>\n<meta property=\"og:locale\" content=\"ca_ES\" \/>\n<meta property=\"og:type\" content=\"article\" \/>\n<meta property=\"og:title\" content=\"Gin Llevant &#8212; Coocci\u014d\" \/>\n<meta property=\"og:description\" content=\"Gin de petits lots\" \/>\n<meta property=\"og:url\" content=\"https:\/\/cooccio.com\/ca\/producto\/gin-llevant\/\" \/>\n<meta property=\"og:site_name\" content=\"Coocci\u014d\" \/>\n<meta property=\"article:modified_time\" content=\"2021-10-18T11:35:41+00:00\" \/>\n<meta property=\"og:image\" content=\"https:\/\/cooccio.com\/wp-content\/uploads\/2021\/09\/Corpen-Barcelona-Llevant-Gin-1-GOLD-MEDAL.jpeg\" \/>\n\t<meta property=\"og:image:width\" content=\"853\" \/>\n\t<meta property=\"og:image:height\" content=\"1280\" \/>\n\t<meta property=\"og:image:type\" content=\"image\/jpeg\" \/>\n<meta name=\"twitter:card\" content=\"summary_large_image\" \/>\n<meta name=\"twitter:label1\" content=\"Temps estimat de lectura\" \/>\n\t<meta name=\"twitter:data1\" content=\"2 minuts\" \/>\n<script type=\"application\/ld+json\" class=\"yoast-schema-graph\">{\"@context\":\"https:\\\/\\\/schema.org\",\"@graph\":[{\"@type\":\"WebPage\",\"@id\":\"https:\\\/\\\/cooccio.com\\\/ca\\\/producto\\\/gin-llevant\\\/\",\"url\":\"https:\\\/\\\/cooccio.com\\\/ca\\\/producto\\\/gin-llevant\\\/\",\"name\":\"Gin Llevant &#8212; Coocci\u014d\",\"isPartOf\":{\"@id\":\"https:\\\/\\\/cooccio.com\\\/ca\\\/#website\"},\"primaryImageOfPage\":{\"@id\":\"https:\\\/\\\/cooccio.com\\\/ca\\\/producto\\\/gin-llevant\\\/#primaryimage\"},\"image\":{\"@id\":\"https:\\\/\\\/cooccio.com\\\/ca\\\/producto\\\/gin-llevant\\\/#primaryimage\"},\"thumbnailUrl\":\"https:\\\/\\\/cooccio.com\\\/wp-content\\\/uploads\\\/2021\\\/09\\\/Corpen-Barcelona-Llevant-Gin-1-GOLD-MEDAL.jpeg\",\"datePublished\":\"2021-09-21T09:04:20+00:00\",\"dateModified\":\"2021-10-18T11:35:41+00:00\",\"breadcrumb\":{\"@id\":\"https:\\\/\\\/cooccio.com\\\/ca\\\/producto\\\/gin-llevant\\\/#breadcrumb\"},\"inLanguage\":\"ca\",\"potentialAction\":[{\"@type\":\"ReadAction\",\"target\":[\"https:\\\/\\\/cooccio.com\\\/ca\\\/producto\\\/gin-llevant\\\/\"]}]},{\"@type\":\"ImageObject\",\"inLanguage\":\"ca\",\"@id\":\"https:\\\/\\\/cooccio.com\\\/ca\\\/producto\\\/gin-llevant\\\/#primaryimage\",\"url\":\"https:\\\/\\\/cooccio.com\\\/wp-content\\\/uploads\\\/2021\\\/09\\\/Corpen-Barcelona-Llevant-Gin-1-GOLD-MEDAL.jpeg\",\"contentUrl\":\"https:\\\/\\\/cooccio.com\\\/wp-content\\\/uploads\\\/2021\\\/09\\\/Corpen-Barcelona-Llevant-Gin-1-GOLD-MEDAL.jpeg\",\"width\":853,\"height\":1280},{\"@type\":\"BreadcrumbList\",\"@id\":\"https:\\\/\\\/cooccio.com\\\/ca\\\/producto\\\/gin-llevant\\\/#breadcrumb\",\"itemListElement\":[{\"@type\":\"ListItem\",\"position\":1,\"name\":\"Portada\",\"item\":\"https:\\\/\\\/cooccio.com\\\/ca\\\/\"},{\"@type\":\"ListItem\",\"position\":2,\"name\":\"Botiga\",\"item\":\"https:\\\/\\\/cooccio.com\\\/ca\\\/?page_id=3850\"},{\"@type\":\"ListItem\",\"position\":3,\"name\":\"Gin Llevant\"}]},{\"@type\":\"WebSite\",\"@id\":\"https:\\\/\\\/cooccio.com\\\/ca\\\/#website\",\"url\":\"https:\\\/\\\/cooccio.com\\\/ca\\\/\",\"name\":\"Coocci\u014d\",\"description\":\"Professional shared Kitchens\",\"potentialAction\":[{\"@type\":\"SearchAction\",\"target\":{\"@type\":\"EntryPoint\",\"urlTemplate\":\"https:\\\/\\\/cooccio.com\\\/ca\\\/?s={search_term_string}\"},\"query-input\":{\"@type\":\"PropertyValueSpecification\",\"valueRequired\":true,\"valueName\":\"search_term_string\"}}],\"inLanguage\":\"ca\"}]}<\/script>\n<!-- \/ Yoast SEO plugin. -->","yoast_head_json":{"title":"Gin Llevant &#8212; Coocci\u014d","robots":{"index":"index","follow":"follow","max-snippet":"max-snippet:-1","max-image-preview":"max-image-preview:large","max-video-preview":"max-video-preview:-1"},"canonical":"https:\/\/cooccio.com\/ca\/producto\/gin-llevant\/","og_locale":"ca_ES","og_type":"article","og_title":"Gin Llevant &#8212; Coocci\u014d","og_description":"Gin de petits lots","og_url":"https:\/\/cooccio.com\/ca\/producto\/gin-llevant\/","og_site_name":"Coocci\u014d","article_modified_time":"2021-10-18T11:35:41+00:00","og_image":[{"width":853,"height":1280,"url":"https:\/\/cooccio.com\/wp-content\/uploads\/2021\/09\/Corpen-Barcelona-Llevant-Gin-1-GOLD-MEDAL.jpeg","type":"image\/jpeg"}],"twitter_card":"summary_large_image","twitter_misc":{"Temps estimat de lectura":"2 minuts"},"schema":{"@context":"https:\/\/schema.org","@graph":[{"@type":"WebPage","@id":"https:\/\/cooccio.com\/ca\/producto\/gin-llevant\/","url":"https:\/\/cooccio.com\/ca\/producto\/gin-llevant\/","name":"Gin Llevant &#8212; Coocci\u014d","isPartOf":{"@id":"https:\/\/cooccio.com\/ca\/#website"},"primaryImageOfPage":{"@id":"https:\/\/cooccio.com\/ca\/producto\/gin-llevant\/#primaryimage"},"image":{"@id":"https:\/\/cooccio.com\/ca\/producto\/gin-llevant\/#primaryimage"},"thumbnailUrl":"https:\/\/cooccio.com\/wp-content\/uploads\/2021\/09\/Corpen-Barcelona-Llevant-Gin-1-GOLD-MEDAL.jpeg","datePublished":"2021-09-21T09:04:20+00:00","dateModified":"2021-10-18T11:35:41+00:00","breadcrumb":{"@id":"https:\/\/cooccio.com\/ca\/producto\/gin-llevant\/#breadcrumb"},"inLanguage":"ca","potentialAction":[{"@type":"ReadAction","target":["https:\/\/cooccio.com\/ca\/producto\/gin-llevant\/"]}]},{"@type":"ImageObject","inLanguage":"ca","@id":"https:\/\/cooccio.com\/ca\/producto\/gin-llevant\/#primaryimage","url":"https:\/\/cooccio.com\/wp-content\/uploads\/2021\/09\/Corpen-Barcelona-Llevant-Gin-1-GOLD-MEDAL.jpeg","contentUrl":"https:\/\/cooccio.com\/wp-content\/uploads\/2021\/09\/Corpen-Barcelona-Llevant-Gin-1-GOLD-MEDAL.jpeg","width":853,"height":1280},{"@type":"BreadcrumbList","@id":"https:\/\/cooccio.com\/ca\/producto\/gin-llevant\/#breadcrumb","itemListElement":[{"@type":"ListItem","position":1,"name":"Portada","item":"https:\/\/cooccio.com\/ca\/"},{"@type":"ListItem","position":2,"name":"Botiga","item":"https:\/\/cooccio.com\/ca\/?page_id=3850"},{"@type":"ListItem","position":3,"name":"Gin Llevant"}]},{"@type":"WebSite","@id":"https:\/\/cooccio.com\/ca\/#website","url":"https:\/\/cooccio.com\/ca\/","name":"Coocci\u014d","description":"Professional shared Kitchens","potentialAction":[{"@type":"SearchAction","target":{"@type":"EntryPoint","urlTemplate":"https:\/\/cooccio.com\/ca\/?s={search_term_string}"},"query-input":{"@type":"PropertyValueSpecification","valueRequired":true,"valueName":"search_term_string"}}],"inLanguage":"ca"}]}},"_links":{"self":[{"href":"https:\/\/cooccio.com\/ca\/wp-json\/wp\/v2\/product\/3723","targetHints":{"allow":["GET"]}}],"collection":[{"href":"https:\/\/cooccio.com\/ca\/wp-json\/wp\/v2\/product"}],"about":[{"href":"https:\/\/cooccio.com\/ca\/wp-json\/wp\/v2\/types\/product"}],"wp:featuredmedia":[{"embeddable":true,"href":"https:\/\/cooccio.com\/ca\/wp-json\/wp\/v2\/media\/3706"}],"wp:attachment":[{"href":"https:\/\/cooccio.com\/ca\/wp-json\/wp\/v2\/media?parent=3723"}],"wp:term":[{"taxonomy":"product_brand","embeddable":true,"href":"https:\/\/cooccio.com\/ca\/wp-json\/wp\/v2\/product_brand?post=3723"},{"taxonomy":"product_cat","embeddable":true,"href":"https:\/\/cooccio.com\/ca\/wp-json\/wp\/v2\/product_cat?post=3723"},{"taxonomy":"product_tag","embeddable":true,"href":"https:\/\/cooccio.com\/ca\/wp-json\/wp\/v2\/product_tag?post=3723"}],"curies":[{"name":"wp","href":"https:\/\/api.w.org\/{rel}","templated":true}]}}