{"id":4152,"date":"2021-11-02T13:17:29","date_gmt":"2021-11-02T13:17:29","guid":{"rendered":"https:\/\/cooccio.com\/producto\/kimuchi-de-carbassa\/"},"modified":"2022-04-19T14:29:11","modified_gmt":"2022-04-19T14:29:11","slug":"kimchi-de-carbassa","status":"publish","type":"product","link":"https:\/\/cooccio.com\/ca\/producto\/kimchi-de-carbassa\/","title":{"rendered":"Kim(u)chi de carbassa"},"content":{"rendered":"<p>Elaborat amb carbassa crua, fermentaa de manera natural durant 10 dies. Mant\u00e9 una textura cruixent i t\u00e9 bon equilibri entre picant, acidesa, dol\u00e7or natural de la carbassa i umami.<\/p>\n<p>Tots els ingredietns s\u00f3n ecol\u00f2gics i sense aditius.<\/p>\n<p><strong>INGREDIENTS:<\/strong> Carbassa, aigua, ceba, poma, all, gingebre, patata, farina d&#8217;arr\u00f3s, pebre vermell dol\u00e7, caiena, sal i alga kombu.<\/p>\n<p><strong>FORMAT:<\/strong> 250 g.<\/p>\n","protected":false},"excerpt":{"rendered":"<p>Kimchi de carbassa bio<\/p>\n","protected":false},"featured_media":4726,"template":"","meta":{"_acf_changed":false},"product_brand":[],"product_cat":[119,182,220],"product_tag":[],"class_list":{"0":"post-4152","1":"product","2":"type-product","3":"status-publish","4":"has-post-thumbnail","6":"productores-pickles-natsumi","7":"product_cat-cooccio-ca","8":"product_cat-fermentat","9":"product_cat-vega","11":"first","12":"outofstock","13":"shipping-taxable","14":"purchasable","15":"product-type-simple"},"acf":[],"yoast_head":"<!-- This site is optimized with the Yoast SEO plugin v27.5 - https:\/\/yoast.com\/product\/yoast-seo-wordpress\/ -->\n<title>Kim(u)chi de carbassa &#8212; Coocci\u014d<\/title>\n<meta name=\"robots\" content=\"index, follow, max-snippet:-1, max-image-preview:large, max-video-preview:-1\" \/>\n<link rel=\"canonical\" href=\"https:\/\/cooccio.com\/ca\/producto\/kimchi-de-carbassa\/\" \/>\n<meta property=\"og:locale\" content=\"ca_ES\" \/>\n<meta property=\"og:type\" content=\"article\" \/>\n<meta property=\"og:title\" content=\"Kim(u)chi de carbassa &#8212; Coocci\u014d\" \/>\n<meta property=\"og:description\" content=\"Kimchi de carbassa bio\" \/>\n<meta property=\"og:url\" content=\"https:\/\/cooccio.com\/ca\/producto\/kimchi-de-carbassa\/\" \/>\n<meta property=\"og:site_name\" content=\"Coocci\u014d\" \/>\n<meta property=\"article:modified_time\" content=\"2022-04-19T14:29:11+00:00\" \/>\n<meta property=\"og:image\" content=\"https:\/\/cooccio.com\/wp-content\/uploads\/2021\/11\/39.jpg\" \/>\n\t<meta property=\"og:image:width\" content=\"756\" \/>\n\t<meta property=\"og:image:height\" content=\"645\" \/>\n\t<meta property=\"og:image:type\" content=\"image\/jpeg\" \/>\n<meta name=\"twitter:card\" content=\"summary_large_image\" \/>\n<script type=\"application\/ld+json\" class=\"yoast-schema-graph\">{\"@context\":\"https:\\\/\\\/schema.org\",\"@graph\":[{\"@type\":\"WebPage\",\"@id\":\"https:\\\/\\\/cooccio.com\\\/ca\\\/producto\\\/kimchi-de-carbassa\\\/\",\"url\":\"https:\\\/\\\/cooccio.com\\\/ca\\\/producto\\\/kimchi-de-carbassa\\\/\",\"name\":\"Kim(u)chi de carbassa &#8212; Coocci\u014d\",\"isPartOf\":{\"@id\":\"https:\\\/\\\/cooccio.com\\\/ca\\\/#website\"},\"primaryImageOfPage\":{\"@id\":\"https:\\\/\\\/cooccio.com\\\/ca\\\/producto\\\/kimchi-de-carbassa\\\/#primaryimage\"},\"image\":{\"@id\":\"https:\\\/\\\/cooccio.com\\\/ca\\\/producto\\\/kimchi-de-carbassa\\\/#primaryimage\"},\"thumbnailUrl\":\"https:\\\/\\\/cooccio.com\\\/wp-content\\\/uploads\\\/2021\\\/11\\\/39.jpg\",\"datePublished\":\"2021-11-02T13:17:29+00:00\",\"dateModified\":\"2022-04-19T14:29:11+00:00\",\"breadcrumb\":{\"@id\":\"https:\\\/\\\/cooccio.com\\\/ca\\\/producto\\\/kimchi-de-carbassa\\\/#breadcrumb\"},\"inLanguage\":\"ca\",\"potentialAction\":[{\"@type\":\"ReadAction\",\"target\":[\"https:\\\/\\\/cooccio.com\\\/ca\\\/producto\\\/kimchi-de-carbassa\\\/\"]}]},{\"@type\":\"ImageObject\",\"inLanguage\":\"ca\",\"@id\":\"https:\\\/\\\/cooccio.com\\\/ca\\\/producto\\\/kimchi-de-carbassa\\\/#primaryimage\",\"url\":\"https:\\\/\\\/cooccio.com\\\/wp-content\\\/uploads\\\/2021\\\/11\\\/39.jpg\",\"contentUrl\":\"https:\\\/\\\/cooccio.com\\\/wp-content\\\/uploads\\\/2021\\\/11\\\/39.jpg\",\"width\":756,\"height\":645},{\"@type\":\"BreadcrumbList\",\"@id\":\"https:\\\/\\\/cooccio.com\\\/ca\\\/producto\\\/kimchi-de-carbassa\\\/#breadcrumb\",\"itemListElement\":[{\"@type\":\"ListItem\",\"position\":1,\"name\":\"Portada\",\"item\":\"https:\\\/\\\/cooccio.com\\\/ca\\\/\"},{\"@type\":\"ListItem\",\"position\":2,\"name\":\"Botiga\",\"item\":\"https:\\\/\\\/cooccio.com\\\/ca\\\/?page_id=3850\"},{\"@type\":\"ListItem\",\"position\":3,\"name\":\"Kim(u)chi de carbassa\"}]},{\"@type\":\"WebSite\",\"@id\":\"https:\\\/\\\/cooccio.com\\\/ca\\\/#website\",\"url\":\"https:\\\/\\\/cooccio.com\\\/ca\\\/\",\"name\":\"Coocci\u014d\",\"description\":\"Professional shared Kitchens\",\"potentialAction\":[{\"@type\":\"SearchAction\",\"target\":{\"@type\":\"EntryPoint\",\"urlTemplate\":\"https:\\\/\\\/cooccio.com\\\/ca\\\/?s={search_term_string}\"},\"query-input\":{\"@type\":\"PropertyValueSpecification\",\"valueRequired\":true,\"valueName\":\"search_term_string\"}}],\"inLanguage\":\"ca\"}]}<\/script>\n<!-- \/ Yoast SEO plugin. -->","yoast_head_json":{"title":"Kim(u)chi de carbassa &#8212; Coocci\u014d","robots":{"index":"index","follow":"follow","max-snippet":"max-snippet:-1","max-image-preview":"max-image-preview:large","max-video-preview":"max-video-preview:-1"},"canonical":"https:\/\/cooccio.com\/ca\/producto\/kimchi-de-carbassa\/","og_locale":"ca_ES","og_type":"article","og_title":"Kim(u)chi de carbassa &#8212; Coocci\u014d","og_description":"Kimchi de carbassa bio","og_url":"https:\/\/cooccio.com\/ca\/producto\/kimchi-de-carbassa\/","og_site_name":"Coocci\u014d","article_modified_time":"2022-04-19T14:29:11+00:00","og_image":[{"width":756,"height":645,"url":"https:\/\/cooccio.com\/wp-content\/uploads\/2021\/11\/39.jpg","type":"image\/jpeg"}],"twitter_card":"summary_large_image","schema":{"@context":"https:\/\/schema.org","@graph":[{"@type":"WebPage","@id":"https:\/\/cooccio.com\/ca\/producto\/kimchi-de-carbassa\/","url":"https:\/\/cooccio.com\/ca\/producto\/kimchi-de-carbassa\/","name":"Kim(u)chi de carbassa &#8212; Coocci\u014d","isPartOf":{"@id":"https:\/\/cooccio.com\/ca\/#website"},"primaryImageOfPage":{"@id":"https:\/\/cooccio.com\/ca\/producto\/kimchi-de-carbassa\/#primaryimage"},"image":{"@id":"https:\/\/cooccio.com\/ca\/producto\/kimchi-de-carbassa\/#primaryimage"},"thumbnailUrl":"https:\/\/cooccio.com\/wp-content\/uploads\/2021\/11\/39.jpg","datePublished":"2021-11-02T13:17:29+00:00","dateModified":"2022-04-19T14:29:11+00:00","breadcrumb":{"@id":"https:\/\/cooccio.com\/ca\/producto\/kimchi-de-carbassa\/#breadcrumb"},"inLanguage":"ca","potentialAction":[{"@type":"ReadAction","target":["https:\/\/cooccio.com\/ca\/producto\/kimchi-de-carbassa\/"]}]},{"@type":"ImageObject","inLanguage":"ca","@id":"https:\/\/cooccio.com\/ca\/producto\/kimchi-de-carbassa\/#primaryimage","url":"https:\/\/cooccio.com\/wp-content\/uploads\/2021\/11\/39.jpg","contentUrl":"https:\/\/cooccio.com\/wp-content\/uploads\/2021\/11\/39.jpg","width":756,"height":645},{"@type":"BreadcrumbList","@id":"https:\/\/cooccio.com\/ca\/producto\/kimchi-de-carbassa\/#breadcrumb","itemListElement":[{"@type":"ListItem","position":1,"name":"Portada","item":"https:\/\/cooccio.com\/ca\/"},{"@type":"ListItem","position":2,"name":"Botiga","item":"https:\/\/cooccio.com\/ca\/?page_id=3850"},{"@type":"ListItem","position":3,"name":"Kim(u)chi de carbassa"}]},{"@type":"WebSite","@id":"https:\/\/cooccio.com\/ca\/#website","url":"https:\/\/cooccio.com\/ca\/","name":"Coocci\u014d","description":"Professional shared Kitchens","potentialAction":[{"@type":"SearchAction","target":{"@type":"EntryPoint","urlTemplate":"https:\/\/cooccio.com\/ca\/?s={search_term_string}"},"query-input":{"@type":"PropertyValueSpecification","valueRequired":true,"valueName":"search_term_string"}}],"inLanguage":"ca"}]}},"_links":{"self":[{"href":"https:\/\/cooccio.com\/ca\/wp-json\/wp\/v2\/product\/4152","targetHints":{"allow":["GET"]}}],"collection":[{"href":"https:\/\/cooccio.com\/ca\/wp-json\/wp\/v2\/product"}],"about":[{"href":"https:\/\/cooccio.com\/ca\/wp-json\/wp\/v2\/types\/product"}],"wp:featuredmedia":[{"embeddable":true,"href":"https:\/\/cooccio.com\/ca\/wp-json\/wp\/v2\/media\/4726"}],"wp:attachment":[{"href":"https:\/\/cooccio.com\/ca\/wp-json\/wp\/v2\/media?parent=4152"}],"wp:term":[{"taxonomy":"product_brand","embeddable":true,"href":"https:\/\/cooccio.com\/ca\/wp-json\/wp\/v2\/product_brand?post=4152"},{"taxonomy":"product_cat","embeddable":true,"href":"https:\/\/cooccio.com\/ca\/wp-json\/wp\/v2\/product_cat?post=4152"},{"taxonomy":"product_tag","embeddable":true,"href":"https:\/\/cooccio.com\/ca\/wp-json\/wp\/v2\/product_tag?post=4152"}],"curies":[{"name":"wp","href":"https:\/\/api.w.org\/{rel}","templated":true}]}}