{"id":4367,"date":"2021-11-24T19:02:18","date_gmt":"2021-11-24T19:02:18","guid":{"rendered":"https:\/\/cooccio.com\/producto\/vi-rosat-amb-bombolles\/"},"modified":"2021-11-29T11:56:01","modified_gmt":"2021-11-29T11:56:01","slug":"vi-rosat-amb-bombolles","status":"publish","type":"product","link":"https:\/\/cooccio.com\/ca\/producto\/vi-rosat-amb-bombolles\/","title":{"rendered":"Vi rosat amb bombolles"},"content":{"rendered":"<p>Aquest vi ros\u00e9 mostra el car\u00e0cter fresc i viu, ess\u00e8ncia del Mediterrani. Un vi elegant, refrescant, arom\u00e0tic i vers\u00e0til que maridar\u00e0 excepcionalment amb molts moments especials per a tu.<\/p>\n<p>Consumir entre 6-8\u00baC<\/p>\n<p>Aromes: Aranja, maracui\u00e0, mango, magn\u00f2lia i refrescants notes mentolades i an\u00eds.<\/p>\n<p><strong>FORMAT:<\/strong> 250 ml.<\/p>\n","protected":false},"excerpt":{"rendered":"<p>Vi rosat amb bombolles en llauna<\/p>\n","protected":false},"featured_media":4345,"template":"","meta":{"_acf_changed":false},"product_brand":[],"product_cat":[129,125],"product_tag":[],"class_list":{"0":"post-4367","1":"product","2":"type-product","3":"status-publish","4":"has-post-thumbnail","6":"productores-born-rose-ca","7":"product_cat-bcn-friends-ca","8":"product_cat-beguda-artesanal","10":"first","11":"instock","12":"shipping-taxable","13":"purchasable","14":"product-type-simple"},"acf":[],"yoast_head":"<!-- This site is optimized with the Yoast SEO plugin v27.5 - https:\/\/yoast.com\/product\/yoast-seo-wordpress\/ -->\n<title>Vi rosat amb bombolles &#8212; Coocci\u014d<\/title>\n<meta name=\"robots\" content=\"index, follow, max-snippet:-1, max-image-preview:large, max-video-preview:-1\" \/>\n<link rel=\"canonical\" href=\"https:\/\/cooccio.com\/ca\/producto\/vi-rosat-amb-bombolles\/\" \/>\n<meta property=\"og:locale\" content=\"ca_ES\" \/>\n<meta property=\"og:type\" content=\"article\" \/>\n<meta property=\"og:title\" content=\"Vi rosat amb bombolles &#8212; Coocci\u014d\" \/>\n<meta property=\"og:description\" content=\"Vi rosat amb bombolles en llauna\" \/>\n<meta property=\"og:url\" content=\"https:\/\/cooccio.com\/ca\/producto\/vi-rosat-amb-bombolles\/\" \/>\n<meta property=\"og:site_name\" content=\"Coocci\u014d\" \/>\n<meta property=\"article:modified_time\" content=\"2021-11-29T11:56:01+00:00\" \/>\n<meta property=\"og:image\" content=\"https:\/\/cooccio.com\/wp-content\/uploads\/2021\/11\/12BornRosePSLatas\u00a9ssandinmyshoes.jpg\" \/>\n\t<meta property=\"og:image:width\" content=\"900\" \/>\n\t<meta property=\"og:image:height\" content=\"1200\" \/>\n\t<meta property=\"og:image:type\" content=\"image\/jpeg\" \/>\n<meta name=\"twitter:card\" content=\"summary_large_image\" \/>\n<script type=\"application\/ld+json\" class=\"yoast-schema-graph\">{\"@context\":\"https:\\\/\\\/schema.org\",\"@graph\":[{\"@type\":\"WebPage\",\"@id\":\"https:\\\/\\\/cooccio.com\\\/ca\\\/producto\\\/vi-rosat-amb-bombolles\\\/\",\"url\":\"https:\\\/\\\/cooccio.com\\\/ca\\\/producto\\\/vi-rosat-amb-bombolles\\\/\",\"name\":\"Vi rosat amb bombolles &#8212; Coocci\u014d\",\"isPartOf\":{\"@id\":\"https:\\\/\\\/cooccio.com\\\/ca\\\/#website\"},\"primaryImageOfPage\":{\"@id\":\"https:\\\/\\\/cooccio.com\\\/ca\\\/producto\\\/vi-rosat-amb-bombolles\\\/#primaryimage\"},\"image\":{\"@id\":\"https:\\\/\\\/cooccio.com\\\/ca\\\/producto\\\/vi-rosat-amb-bombolles\\\/#primaryimage\"},\"thumbnailUrl\":\"https:\\\/\\\/cooccio.com\\\/wp-content\\\/uploads\\\/2021\\\/11\\\/12BornRosePSLatas\u00a9ssandinmyshoes.jpg\",\"datePublished\":\"2021-11-24T19:02:18+00:00\",\"dateModified\":\"2021-11-29T11:56:01+00:00\",\"breadcrumb\":{\"@id\":\"https:\\\/\\\/cooccio.com\\\/ca\\\/producto\\\/vi-rosat-amb-bombolles\\\/#breadcrumb\"},\"inLanguage\":\"ca\",\"potentialAction\":[{\"@type\":\"ReadAction\",\"target\":[\"https:\\\/\\\/cooccio.com\\\/ca\\\/producto\\\/vi-rosat-amb-bombolles\\\/\"]}]},{\"@type\":\"ImageObject\",\"inLanguage\":\"ca\",\"@id\":\"https:\\\/\\\/cooccio.com\\\/ca\\\/producto\\\/vi-rosat-amb-bombolles\\\/#primaryimage\",\"url\":\"https:\\\/\\\/cooccio.com\\\/wp-content\\\/uploads\\\/2021\\\/11\\\/12BornRosePSLatas\u00a9ssandinmyshoes.jpg\",\"contentUrl\":\"https:\\\/\\\/cooccio.com\\\/wp-content\\\/uploads\\\/2021\\\/11\\\/12BornRosePSLatas\u00a9ssandinmyshoes.jpg\",\"width\":900,\"height\":1200},{\"@type\":\"BreadcrumbList\",\"@id\":\"https:\\\/\\\/cooccio.com\\\/ca\\\/producto\\\/vi-rosat-amb-bombolles\\\/#breadcrumb\",\"itemListElement\":[{\"@type\":\"ListItem\",\"position\":1,\"name\":\"Portada\",\"item\":\"https:\\\/\\\/cooccio.com\\\/ca\\\/\"},{\"@type\":\"ListItem\",\"position\":2,\"name\":\"Botiga\",\"item\":\"https:\\\/\\\/cooccio.com\\\/ca\\\/?page_id=3850\"},{\"@type\":\"ListItem\",\"position\":3,\"name\":\"Vi rosat amb bombolles\"}]},{\"@type\":\"WebSite\",\"@id\":\"https:\\\/\\\/cooccio.com\\\/ca\\\/#website\",\"url\":\"https:\\\/\\\/cooccio.com\\\/ca\\\/\",\"name\":\"Coocci\u014d\",\"description\":\"Professional shared Kitchens\",\"potentialAction\":[{\"@type\":\"SearchAction\",\"target\":{\"@type\":\"EntryPoint\",\"urlTemplate\":\"https:\\\/\\\/cooccio.com\\\/ca\\\/?s={search_term_string}\"},\"query-input\":{\"@type\":\"PropertyValueSpecification\",\"valueRequired\":true,\"valueName\":\"search_term_string\"}}],\"inLanguage\":\"ca\"}]}<\/script>\n<!-- \/ Yoast SEO plugin. -->","yoast_head_json":{"title":"Vi rosat amb bombolles &#8212; Coocci\u014d","robots":{"index":"index","follow":"follow","max-snippet":"max-snippet:-1","max-image-preview":"max-image-preview:large","max-video-preview":"max-video-preview:-1"},"canonical":"https:\/\/cooccio.com\/ca\/producto\/vi-rosat-amb-bombolles\/","og_locale":"ca_ES","og_type":"article","og_title":"Vi rosat amb bombolles &#8212; Coocci\u014d","og_description":"Vi rosat amb bombolles en llauna","og_url":"https:\/\/cooccio.com\/ca\/producto\/vi-rosat-amb-bombolles\/","og_site_name":"Coocci\u014d","article_modified_time":"2021-11-29T11:56:01+00:00","og_image":[{"width":900,"height":1200,"url":"https:\/\/cooccio.com\/wp-content\/uploads\/2021\/11\/12BornRosePSLatas\u00a9ssandinmyshoes.jpg","type":"image\/jpeg"}],"twitter_card":"summary_large_image","schema":{"@context":"https:\/\/schema.org","@graph":[{"@type":"WebPage","@id":"https:\/\/cooccio.com\/ca\/producto\/vi-rosat-amb-bombolles\/","url":"https:\/\/cooccio.com\/ca\/producto\/vi-rosat-amb-bombolles\/","name":"Vi rosat amb bombolles &#8212; Coocci\u014d","isPartOf":{"@id":"https:\/\/cooccio.com\/ca\/#website"},"primaryImageOfPage":{"@id":"https:\/\/cooccio.com\/ca\/producto\/vi-rosat-amb-bombolles\/#primaryimage"},"image":{"@id":"https:\/\/cooccio.com\/ca\/producto\/vi-rosat-amb-bombolles\/#primaryimage"},"thumbnailUrl":"https:\/\/cooccio.com\/wp-content\/uploads\/2021\/11\/12BornRosePSLatas\u00a9ssandinmyshoes.jpg","datePublished":"2021-11-24T19:02:18+00:00","dateModified":"2021-11-29T11:56:01+00:00","breadcrumb":{"@id":"https:\/\/cooccio.com\/ca\/producto\/vi-rosat-amb-bombolles\/#breadcrumb"},"inLanguage":"ca","potentialAction":[{"@type":"ReadAction","target":["https:\/\/cooccio.com\/ca\/producto\/vi-rosat-amb-bombolles\/"]}]},{"@type":"ImageObject","inLanguage":"ca","@id":"https:\/\/cooccio.com\/ca\/producto\/vi-rosat-amb-bombolles\/#primaryimage","url":"https:\/\/cooccio.com\/wp-content\/uploads\/2021\/11\/12BornRosePSLatas\u00a9ssandinmyshoes.jpg","contentUrl":"https:\/\/cooccio.com\/wp-content\/uploads\/2021\/11\/12BornRosePSLatas\u00a9ssandinmyshoes.jpg","width":900,"height":1200},{"@type":"BreadcrumbList","@id":"https:\/\/cooccio.com\/ca\/producto\/vi-rosat-amb-bombolles\/#breadcrumb","itemListElement":[{"@type":"ListItem","position":1,"name":"Portada","item":"https:\/\/cooccio.com\/ca\/"},{"@type":"ListItem","position":2,"name":"Botiga","item":"https:\/\/cooccio.com\/ca\/?page_id=3850"},{"@type":"ListItem","position":3,"name":"Vi rosat amb bombolles"}]},{"@type":"WebSite","@id":"https:\/\/cooccio.com\/ca\/#website","url":"https:\/\/cooccio.com\/ca\/","name":"Coocci\u014d","description":"Professional shared Kitchens","potentialAction":[{"@type":"SearchAction","target":{"@type":"EntryPoint","urlTemplate":"https:\/\/cooccio.com\/ca\/?s={search_term_string}"},"query-input":{"@type":"PropertyValueSpecification","valueRequired":true,"valueName":"search_term_string"}}],"inLanguage":"ca"}]}},"_links":{"self":[{"href":"https:\/\/cooccio.com\/ca\/wp-json\/wp\/v2\/product\/4367","targetHints":{"allow":["GET"]}}],"collection":[{"href":"https:\/\/cooccio.com\/ca\/wp-json\/wp\/v2\/product"}],"about":[{"href":"https:\/\/cooccio.com\/ca\/wp-json\/wp\/v2\/types\/product"}],"wp:featuredmedia":[{"embeddable":true,"href":"https:\/\/cooccio.com\/ca\/wp-json\/wp\/v2\/media\/4345"}],"wp:attachment":[{"href":"https:\/\/cooccio.com\/ca\/wp-json\/wp\/v2\/media?parent=4367"}],"wp:term":[{"taxonomy":"product_brand","embeddable":true,"href":"https:\/\/cooccio.com\/ca\/wp-json\/wp\/v2\/product_brand?post=4367"},{"taxonomy":"product_cat","embeddable":true,"href":"https:\/\/cooccio.com\/ca\/wp-json\/wp\/v2\/product_cat?post=4367"},{"taxonomy":"product_tag","embeddable":true,"href":"https:\/\/cooccio.com\/ca\/wp-json\/wp\/v2\/product_tag?post=4367"}],"curies":[{"name":"wp","href":"https:\/\/api.w.org\/{rel}","templated":true}]}}