{"id":4372,"date":"2022-04-13T12:17:35","date_gmt":"2022-04-13T12:17:35","guid":{"rendered":"https:\/\/cooccio.com\/?post_type=product&#038;p=4372"},"modified":"2022-04-19T12:37:27","modified_gmt":"2022-04-19T12:37:27","slug":"energy-balls","status":"publish","type":"product","link":"https:\/\/cooccio.com\/ca\/producto\/energy-balls\/","title":{"rendered":"Energy balls"},"content":{"rendered":"<p>Nuestras Energy Balls son el snack perfecto, ya que est\u00e1n rellenas de semillas, frutos secos y superfoods. adem\u00e1s, est\u00e1n hechas con ingredientes de origen vegetal y no las horneamos ni a\u00f1adimos nada extra. Todos los ingredientes se mezclan en crudo, lo que significa que te ofrecemos un producto natural sin alterar sus nutrientes. Tienen un sabor dulce gracias a los d\u00e1tiles naturales, sin necesidad de a\u00f1adir m\u00e1s endulzante.\u00a0<span style=\"font-size: 1rem;\">\u00a1Son las m\u00e1s nutritivas y deliciosas que hayas probado!<\/span><\/p>\n<p><strong>INGREDIENTES:<\/strong><\/p>\n<p>CACAO &amp; AVELLANA D\u00e1tiles, avellanas, cacao en polvo, ch\u00eda, sal marina.<\/p>\n<p>PISTACHO Y MATCHA D\u00e1tiles, pistachos, anacardos, coco rallado, matcha ceremonial.<\/p>\n<p>CREMA DE CACAHUETE: D\u00e1tiles, avena, lino, coco rallado, crema de cacahuete, vainilla, canela, sal.<\/p>\n<p>FRAMBUESA &amp; ARANDANOS: D\u00e1tiles, avena, almendras, ar\u00e1ndanos, frambuesa liofilizada, sal marina.<\/p>\n<p><strong>FORMATO:\u00a0<\/strong>8 unidades.<\/p>\n","protected":false},"excerpt":{"rendered":"<p>Snack dol\u00e7 veg\u00e0<\/p>\n","protected":false},"featured_media":5115,"template":"","meta":{"_acf_changed":false},"product_brand":[],"product_cat":[119,220],"product_tag":[],"class_list":{"0":"post-4372","1":"product","2":"type-product","3":"status-publish","4":"has-post-thumbnail","6":"productores-moon-bites-ca","7":"product_cat-cooccio-ca","8":"product_cat-vega","10":"first","11":"outofstock","12":"shipping-taxable","13":"purchasable","14":"product-type-simple"},"acf":[],"yoast_head":"<!-- This site is optimized with the Yoast SEO plugin v27.5 - https:\/\/yoast.com\/product\/yoast-seo-wordpress\/ -->\n<title>Energy balls &#8212; Coocci\u014d<\/title>\n<meta name=\"robots\" content=\"index, follow, max-snippet:-1, max-image-preview:large, max-video-preview:-1\" \/>\n<link rel=\"canonical\" href=\"https:\/\/cooccio.com\/ca\/producto\/energy-balls\/\" \/>\n<meta property=\"og:locale\" content=\"ca_ES\" \/>\n<meta property=\"og:type\" content=\"article\" \/>\n<meta property=\"og:title\" content=\"Energy balls &#8212; Coocci\u014d\" \/>\n<meta property=\"og:description\" content=\"Snack dol\u00e7 veg\u00e0\" \/>\n<meta property=\"og:url\" content=\"https:\/\/cooccio.com\/ca\/producto\/energy-balls\/\" \/>\n<meta property=\"og:site_name\" content=\"Coocci\u014d\" \/>\n<meta property=\"article:modified_time\" content=\"2022-04-19T12:37:27+00:00\" \/>\n<meta property=\"og:image\" content=\"https:\/\/cooccio.com\/wp-content\/uploads\/2021\/11\/09-scaled.jpg\" \/>\n\t<meta property=\"og:image:width\" content=\"2560\" \/>\n\t<meta property=\"og:image:height\" content=\"1707\" \/>\n\t<meta property=\"og:image:type\" content=\"image\/jpeg\" \/>\n<meta name=\"twitter:card\" content=\"summary_large_image\" \/>\n<meta name=\"twitter:label1\" content=\"Temps estimat de lectura\" \/>\n\t<meta name=\"twitter:data1\" content=\"1 minut\" \/>\n<script type=\"application\/ld+json\" class=\"yoast-schema-graph\">{\"@context\":\"https:\\\/\\\/schema.org\",\"@graph\":[{\"@type\":\"WebPage\",\"@id\":\"https:\\\/\\\/cooccio.com\\\/ca\\\/producto\\\/energy-balls\\\/\",\"url\":\"https:\\\/\\\/cooccio.com\\\/ca\\\/producto\\\/energy-balls\\\/\",\"name\":\"Energy balls &#8212; Coocci\u014d\",\"isPartOf\":{\"@id\":\"https:\\\/\\\/cooccio.com\\\/ca\\\/#website\"},\"primaryImageOfPage\":{\"@id\":\"https:\\\/\\\/cooccio.com\\\/ca\\\/producto\\\/energy-balls\\\/#primaryimage\"},\"image\":{\"@id\":\"https:\\\/\\\/cooccio.com\\\/ca\\\/producto\\\/energy-balls\\\/#primaryimage\"},\"thumbnailUrl\":\"https:\\\/\\\/cooccio.com\\\/wp-content\\\/uploads\\\/2021\\\/11\\\/09-scaled.jpg\",\"datePublished\":\"2022-04-13T12:17:35+00:00\",\"dateModified\":\"2022-04-19T12:37:27+00:00\",\"breadcrumb\":{\"@id\":\"https:\\\/\\\/cooccio.com\\\/ca\\\/producto\\\/energy-balls\\\/#breadcrumb\"},\"inLanguage\":\"ca\",\"potentialAction\":[{\"@type\":\"ReadAction\",\"target\":[\"https:\\\/\\\/cooccio.com\\\/ca\\\/producto\\\/energy-balls\\\/\"]}]},{\"@type\":\"ImageObject\",\"inLanguage\":\"ca\",\"@id\":\"https:\\\/\\\/cooccio.com\\\/ca\\\/producto\\\/energy-balls\\\/#primaryimage\",\"url\":\"https:\\\/\\\/cooccio.com\\\/wp-content\\\/uploads\\\/2021\\\/11\\\/09-scaled.jpg\",\"contentUrl\":\"https:\\\/\\\/cooccio.com\\\/wp-content\\\/uploads\\\/2021\\\/11\\\/09-scaled.jpg\",\"width\":2560,\"height\":1707},{\"@type\":\"BreadcrumbList\",\"@id\":\"https:\\\/\\\/cooccio.com\\\/ca\\\/producto\\\/energy-balls\\\/#breadcrumb\",\"itemListElement\":[{\"@type\":\"ListItem\",\"position\":1,\"name\":\"Portada\",\"item\":\"https:\\\/\\\/cooccio.com\\\/ca\\\/\"},{\"@type\":\"ListItem\",\"position\":2,\"name\":\"Botiga\",\"item\":\"https:\\\/\\\/cooccio.com\\\/ca\\\/?page_id=3850\"},{\"@type\":\"ListItem\",\"position\":3,\"name\":\"Energy balls\"}]},{\"@type\":\"WebSite\",\"@id\":\"https:\\\/\\\/cooccio.com\\\/ca\\\/#website\",\"url\":\"https:\\\/\\\/cooccio.com\\\/ca\\\/\",\"name\":\"Coocci\u014d\",\"description\":\"Professional shared Kitchens\",\"potentialAction\":[{\"@type\":\"SearchAction\",\"target\":{\"@type\":\"EntryPoint\",\"urlTemplate\":\"https:\\\/\\\/cooccio.com\\\/ca\\\/?s={search_term_string}\"},\"query-input\":{\"@type\":\"PropertyValueSpecification\",\"valueRequired\":true,\"valueName\":\"search_term_string\"}}],\"inLanguage\":\"ca\"}]}<\/script>\n<!-- \/ Yoast SEO plugin. -->","yoast_head_json":{"title":"Energy balls &#8212; Coocci\u014d","robots":{"index":"index","follow":"follow","max-snippet":"max-snippet:-1","max-image-preview":"max-image-preview:large","max-video-preview":"max-video-preview:-1"},"canonical":"https:\/\/cooccio.com\/ca\/producto\/energy-balls\/","og_locale":"ca_ES","og_type":"article","og_title":"Energy balls &#8212; Coocci\u014d","og_description":"Snack dol\u00e7 veg\u00e0","og_url":"https:\/\/cooccio.com\/ca\/producto\/energy-balls\/","og_site_name":"Coocci\u014d","article_modified_time":"2022-04-19T12:37:27+00:00","og_image":[{"width":2560,"height":1707,"url":"https:\/\/cooccio.com\/wp-content\/uploads\/2021\/11\/09-scaled.jpg","type":"image\/jpeg"}],"twitter_card":"summary_large_image","twitter_misc":{"Temps estimat de lectura":"1 minut"},"schema":{"@context":"https:\/\/schema.org","@graph":[{"@type":"WebPage","@id":"https:\/\/cooccio.com\/ca\/producto\/energy-balls\/","url":"https:\/\/cooccio.com\/ca\/producto\/energy-balls\/","name":"Energy balls &#8212; Coocci\u014d","isPartOf":{"@id":"https:\/\/cooccio.com\/ca\/#website"},"primaryImageOfPage":{"@id":"https:\/\/cooccio.com\/ca\/producto\/energy-balls\/#primaryimage"},"image":{"@id":"https:\/\/cooccio.com\/ca\/producto\/energy-balls\/#primaryimage"},"thumbnailUrl":"https:\/\/cooccio.com\/wp-content\/uploads\/2021\/11\/09-scaled.jpg","datePublished":"2022-04-13T12:17:35+00:00","dateModified":"2022-04-19T12:37:27+00:00","breadcrumb":{"@id":"https:\/\/cooccio.com\/ca\/producto\/energy-balls\/#breadcrumb"},"inLanguage":"ca","potentialAction":[{"@type":"ReadAction","target":["https:\/\/cooccio.com\/ca\/producto\/energy-balls\/"]}]},{"@type":"ImageObject","inLanguage":"ca","@id":"https:\/\/cooccio.com\/ca\/producto\/energy-balls\/#primaryimage","url":"https:\/\/cooccio.com\/wp-content\/uploads\/2021\/11\/09-scaled.jpg","contentUrl":"https:\/\/cooccio.com\/wp-content\/uploads\/2021\/11\/09-scaled.jpg","width":2560,"height":1707},{"@type":"BreadcrumbList","@id":"https:\/\/cooccio.com\/ca\/producto\/energy-balls\/#breadcrumb","itemListElement":[{"@type":"ListItem","position":1,"name":"Portada","item":"https:\/\/cooccio.com\/ca\/"},{"@type":"ListItem","position":2,"name":"Botiga","item":"https:\/\/cooccio.com\/ca\/?page_id=3850"},{"@type":"ListItem","position":3,"name":"Energy balls"}]},{"@type":"WebSite","@id":"https:\/\/cooccio.com\/ca\/#website","url":"https:\/\/cooccio.com\/ca\/","name":"Coocci\u014d","description":"Professional shared Kitchens","potentialAction":[{"@type":"SearchAction","target":{"@type":"EntryPoint","urlTemplate":"https:\/\/cooccio.com\/ca\/?s={search_term_string}"},"query-input":{"@type":"PropertyValueSpecification","valueRequired":true,"valueName":"search_term_string"}}],"inLanguage":"ca"}]}},"_links":{"self":[{"href":"https:\/\/cooccio.com\/ca\/wp-json\/wp\/v2\/product\/4372","targetHints":{"allow":["GET"]}}],"collection":[{"href":"https:\/\/cooccio.com\/ca\/wp-json\/wp\/v2\/product"}],"about":[{"href":"https:\/\/cooccio.com\/ca\/wp-json\/wp\/v2\/types\/product"}],"wp:featuredmedia":[{"embeddable":true,"href":"https:\/\/cooccio.com\/ca\/wp-json\/wp\/v2\/media\/5115"}],"wp:attachment":[{"href":"https:\/\/cooccio.com\/ca\/wp-json\/wp\/v2\/media?parent=4372"}],"wp:term":[{"taxonomy":"product_brand","embeddable":true,"href":"https:\/\/cooccio.com\/ca\/wp-json\/wp\/v2\/product_brand?post=4372"},{"taxonomy":"product_cat","embeddable":true,"href":"https:\/\/cooccio.com\/ca\/wp-json\/wp\/v2\/product_cat?post=4372"},{"taxonomy":"product_tag","embeddable":true,"href":"https:\/\/cooccio.com\/ca\/wp-json\/wp\/v2\/product_tag?post=4372"}],"curies":[{"name":"wp","href":"https:\/\/api.w.org\/{rel}","templated":true}]}}