{"id":4637,"date":"2021-11-25T18:14:47","date_gmt":"2021-11-25T18:14:47","guid":{"rendered":"https:\/\/cooccio.com\/producto\/te-matxa\/"},"modified":"2022-04-20T06:59:59","modified_gmt":"2022-04-20T06:59:59","slug":"te-matxa-matchaandco-ca","status":"publish","type":"product","link":"https:\/\/cooccio.com\/ca\/producto\/te-matxa-matchaandco-ca\/","title":{"rendered":"Te Matxa"},"content":{"rendered":"<p>Dol\u00e7 i suau, perfecte per principiants.<\/p>\n<p>Te Matcha ecol\u00f2gic d&#8217;alta qualitat del Jap\u00f3. Un poder\u00f3s antioxidant que proporciona energia i accelera el metabolisme. Sense colorants, conservants ni sucre.<\/p>\n","protected":false},"excerpt":{"rendered":"<p>100% ecol\u00f2gic<\/p>\n","protected":false},"featured_media":5827,"template":"","meta":{"_acf_changed":false},"product_brand":[],"product_cat":[129,125,220],"product_tag":[],"class_list":{"0":"post-4637","1":"product","2":"type-product","3":"status-publish","4":"has-post-thumbnail","6":"productores-matcha-co-ca","7":"product_cat-bcn-friends-ca","8":"product_cat-beguda-artesanal","9":"product_cat-vega","11":"first","12":"outofstock","13":"shipping-taxable","14":"purchasable","15":"product-type-variable"},"acf":[],"yoast_head":"<!-- This site is optimized with the Yoast SEO plugin v27.5 - https:\/\/yoast.com\/product\/yoast-seo-wordpress\/ -->\n<title>T\u00e9 matcha ecol\u00f3gico Matcha &amp; Co - Bootiga Productors de Barcelona<\/title>\n<meta name=\"description\" content=\"Botiga de productors artesanals de ciutat. Compra online. T&#039;ho portem a casa o ho reculls. Support local.\" \/>\n<meta name=\"robots\" content=\"index, follow, max-snippet:-1, max-image-preview:large, max-video-preview:-1\" \/>\n<link rel=\"canonical\" href=\"https:\/\/cooccio.com\/ca\/producto\/te-matxa-matchaandco-ca\/\" \/>\n<meta property=\"og:locale\" content=\"ca_ES\" \/>\n<meta property=\"og:type\" content=\"article\" \/>\n<meta property=\"og:title\" content=\"T\u00e9 matcha ecol\u00f3gico Matcha &amp; Co - Bootiga Productors de Barcelona\" \/>\n<meta property=\"og:description\" content=\"Botiga de productors artesanals de ciutat. Compra online. T&#039;ho portem a casa o ho reculls. Support local.\" \/>\n<meta property=\"og:url\" content=\"https:\/\/cooccio.com\/ca\/producto\/te-matxa-matchaandco-ca\/\" \/>\n<meta property=\"og:site_name\" content=\"Coocci\u014d\" \/>\n<meta property=\"article:modified_time\" content=\"2022-04-20T06:59:59+00:00\" \/>\n<meta property=\"og:image\" content=\"https:\/\/cooccio.com\/wp-content\/uploads\/2021\/11\/matcha_chico.png\" \/>\n\t<meta property=\"og:image:width\" content=\"2048\" \/>\n\t<meta property=\"og:image:height\" content=\"2048\" \/>\n\t<meta property=\"og:image:type\" content=\"image\/png\" \/>\n<meta name=\"twitter:card\" content=\"summary_large_image\" \/>\n<script type=\"application\/ld+json\" class=\"yoast-schema-graph\">{\"@context\":\"https:\\\/\\\/schema.org\",\"@graph\":[{\"@type\":\"WebPage\",\"@id\":\"https:\\\/\\\/cooccio.com\\\/ca\\\/producto\\\/te-matxa-matchaandco-ca\\\/\",\"url\":\"https:\\\/\\\/cooccio.com\\\/ca\\\/producto\\\/te-matxa-matchaandco-ca\\\/\",\"name\":\"T\u00e9 matcha ecol\u00f3gico Matcha & Co - Bootiga Productors de Barcelona\",\"isPartOf\":{\"@id\":\"https:\\\/\\\/cooccio.com\\\/ca\\\/#website\"},\"primaryImageOfPage\":{\"@id\":\"https:\\\/\\\/cooccio.com\\\/ca\\\/producto\\\/te-matxa-matchaandco-ca\\\/#primaryimage\"},\"image\":{\"@id\":\"https:\\\/\\\/cooccio.com\\\/ca\\\/producto\\\/te-matxa-matchaandco-ca\\\/#primaryimage\"},\"thumbnailUrl\":\"https:\\\/\\\/cooccio.com\\\/wp-content\\\/uploads\\\/2021\\\/11\\\/matcha_chico.png\",\"datePublished\":\"2021-11-25T18:14:47+00:00\",\"dateModified\":\"2022-04-20T06:59:59+00:00\",\"description\":\"Botiga de productors artesanals de ciutat. Compra online. T'ho portem a casa o ho reculls. Support local.\",\"breadcrumb\":{\"@id\":\"https:\\\/\\\/cooccio.com\\\/ca\\\/producto\\\/te-matxa-matchaandco-ca\\\/#breadcrumb\"},\"inLanguage\":\"ca\",\"potentialAction\":[{\"@type\":\"ReadAction\",\"target\":[\"https:\\\/\\\/cooccio.com\\\/ca\\\/producto\\\/te-matxa-matchaandco-ca\\\/\"]}]},{\"@type\":\"ImageObject\",\"inLanguage\":\"ca\",\"@id\":\"https:\\\/\\\/cooccio.com\\\/ca\\\/producto\\\/te-matxa-matchaandco-ca\\\/#primaryimage\",\"url\":\"https:\\\/\\\/cooccio.com\\\/wp-content\\\/uploads\\\/2021\\\/11\\\/matcha_chico.png\",\"contentUrl\":\"https:\\\/\\\/cooccio.com\\\/wp-content\\\/uploads\\\/2021\\\/11\\\/matcha_chico.png\",\"width\":2048,\"height\":2048},{\"@type\":\"BreadcrumbList\",\"@id\":\"https:\\\/\\\/cooccio.com\\\/ca\\\/producto\\\/te-matxa-matchaandco-ca\\\/#breadcrumb\",\"itemListElement\":[{\"@type\":\"ListItem\",\"position\":1,\"name\":\"Portada\",\"item\":\"https:\\\/\\\/cooccio.com\\\/ca\\\/\"},{\"@type\":\"ListItem\",\"position\":2,\"name\":\"Botiga\",\"item\":\"https:\\\/\\\/cooccio.com\\\/ca\\\/?page_id=3850\"},{\"@type\":\"ListItem\",\"position\":3,\"name\":\"Te Matxa\"}]},{\"@type\":\"WebSite\",\"@id\":\"https:\\\/\\\/cooccio.com\\\/ca\\\/#website\",\"url\":\"https:\\\/\\\/cooccio.com\\\/ca\\\/\",\"name\":\"Coocci\u014d\",\"description\":\"Professional shared Kitchens\",\"potentialAction\":[{\"@type\":\"SearchAction\",\"target\":{\"@type\":\"EntryPoint\",\"urlTemplate\":\"https:\\\/\\\/cooccio.com\\\/ca\\\/?s={search_term_string}\"},\"query-input\":{\"@type\":\"PropertyValueSpecification\",\"valueRequired\":true,\"valueName\":\"search_term_string\"}}],\"inLanguage\":\"ca\"}]}<\/script>\n<!-- \/ Yoast SEO plugin. -->","yoast_head_json":{"title":"T\u00e9 matcha ecol\u00f3gico Matcha & Co - Bootiga Productors de Barcelona","description":"Botiga de productors artesanals de ciutat. Compra online. T'ho portem a casa o ho reculls. Support local.","robots":{"index":"index","follow":"follow","max-snippet":"max-snippet:-1","max-image-preview":"max-image-preview:large","max-video-preview":"max-video-preview:-1"},"canonical":"https:\/\/cooccio.com\/ca\/producto\/te-matxa-matchaandco-ca\/","og_locale":"ca_ES","og_type":"article","og_title":"T\u00e9 matcha ecol\u00f3gico Matcha & Co - Bootiga Productors de Barcelona","og_description":"Botiga de productors artesanals de ciutat. Compra online. T'ho portem a casa o ho reculls. Support local.","og_url":"https:\/\/cooccio.com\/ca\/producto\/te-matxa-matchaandco-ca\/","og_site_name":"Coocci\u014d","article_modified_time":"2022-04-20T06:59:59+00:00","og_image":[{"width":2048,"height":2048,"url":"https:\/\/cooccio.com\/wp-content\/uploads\/2021\/11\/matcha_chico.png","type":"image\/png"}],"twitter_card":"summary_large_image","schema":{"@context":"https:\/\/schema.org","@graph":[{"@type":"WebPage","@id":"https:\/\/cooccio.com\/ca\/producto\/te-matxa-matchaandco-ca\/","url":"https:\/\/cooccio.com\/ca\/producto\/te-matxa-matchaandco-ca\/","name":"T\u00e9 matcha ecol\u00f3gico Matcha & Co - Bootiga Productors de Barcelona","isPartOf":{"@id":"https:\/\/cooccio.com\/ca\/#website"},"primaryImageOfPage":{"@id":"https:\/\/cooccio.com\/ca\/producto\/te-matxa-matchaandco-ca\/#primaryimage"},"image":{"@id":"https:\/\/cooccio.com\/ca\/producto\/te-matxa-matchaandco-ca\/#primaryimage"},"thumbnailUrl":"https:\/\/cooccio.com\/wp-content\/uploads\/2021\/11\/matcha_chico.png","datePublished":"2021-11-25T18:14:47+00:00","dateModified":"2022-04-20T06:59:59+00:00","description":"Botiga de productors artesanals de ciutat. Compra online. T'ho portem a casa o ho reculls. Support local.","breadcrumb":{"@id":"https:\/\/cooccio.com\/ca\/producto\/te-matxa-matchaandco-ca\/#breadcrumb"},"inLanguage":"ca","potentialAction":[{"@type":"ReadAction","target":["https:\/\/cooccio.com\/ca\/producto\/te-matxa-matchaandco-ca\/"]}]},{"@type":"ImageObject","inLanguage":"ca","@id":"https:\/\/cooccio.com\/ca\/producto\/te-matxa-matchaandco-ca\/#primaryimage","url":"https:\/\/cooccio.com\/wp-content\/uploads\/2021\/11\/matcha_chico.png","contentUrl":"https:\/\/cooccio.com\/wp-content\/uploads\/2021\/11\/matcha_chico.png","width":2048,"height":2048},{"@type":"BreadcrumbList","@id":"https:\/\/cooccio.com\/ca\/producto\/te-matxa-matchaandco-ca\/#breadcrumb","itemListElement":[{"@type":"ListItem","position":1,"name":"Portada","item":"https:\/\/cooccio.com\/ca\/"},{"@type":"ListItem","position":2,"name":"Botiga","item":"https:\/\/cooccio.com\/ca\/?page_id=3850"},{"@type":"ListItem","position":3,"name":"Te Matxa"}]},{"@type":"WebSite","@id":"https:\/\/cooccio.com\/ca\/#website","url":"https:\/\/cooccio.com\/ca\/","name":"Coocci\u014d","description":"Professional shared Kitchens","potentialAction":[{"@type":"SearchAction","target":{"@type":"EntryPoint","urlTemplate":"https:\/\/cooccio.com\/ca\/?s={search_term_string}"},"query-input":{"@type":"PropertyValueSpecification","valueRequired":true,"valueName":"search_term_string"}}],"inLanguage":"ca"}]}},"_links":{"self":[{"href":"https:\/\/cooccio.com\/ca\/wp-json\/wp\/v2\/product\/4637","targetHints":{"allow":["GET"]}}],"collection":[{"href":"https:\/\/cooccio.com\/ca\/wp-json\/wp\/v2\/product"}],"about":[{"href":"https:\/\/cooccio.com\/ca\/wp-json\/wp\/v2\/types\/product"}],"wp:featuredmedia":[{"embeddable":true,"href":"https:\/\/cooccio.com\/ca\/wp-json\/wp\/v2\/media\/5827"}],"wp:attachment":[{"href":"https:\/\/cooccio.com\/ca\/wp-json\/wp\/v2\/media?parent=4637"}],"wp:term":[{"taxonomy":"product_brand","embeddable":true,"href":"https:\/\/cooccio.com\/ca\/wp-json\/wp\/v2\/product_brand?post=4637"},{"taxonomy":"product_cat","embeddable":true,"href":"https:\/\/cooccio.com\/ca\/wp-json\/wp\/v2\/product_cat?post=4637"},{"taxonomy":"product_tag","embeddable":true,"href":"https:\/\/cooccio.com\/ca\/wp-json\/wp\/v2\/product_tag?post=4637"}],"curies":[{"name":"wp","href":"https:\/\/api.w.org\/{rel}","templated":true}]}}