{"id":5161,"date":"2021-12-02T16:43:52","date_gmt":"2021-12-02T16:43:52","guid":{"rendered":"https:\/\/cooccio.com\/producto\/palets-de-pa-robingood\/"},"modified":"2022-04-08T18:13:00","modified_gmt":"2022-04-08T18:13:00","slug":"palets-de-pa-robingood","status":"publish","type":"product","link":"https:\/\/cooccio.com\/ca\/producto\/palets-de-pa-robingood\/","title":{"rendered":"Palets de pa"},"content":{"rendered":"<p>Palets de pa elaborats amb ingredients naturals. Aquesta \u00e9s la ra\u00f3 per la que tenen un potent aroma i sabor aut\u00e8ntic. La recepta tradicional junt amb el fornejat els converteix en un snack cruixent i sabor\u00f3s.<\/p>\n<p>Amb un alt contingut de fibra, 100% vegetals, sense aditius i fornejats. Els crackers salats s\u00f3n l&#8217;excusa perfecta per a picar entre hores mantenint la dieta equilibrada i un estil de vida saludable.<\/p>\n<p><strong>FORMAT:<\/strong> 100 gr.<\/p>\n","protected":false},"excerpt":{"rendered":"<p>Pastanaga \/ Formatge \/ Pipes<\/p>\n","protected":false},"featured_media":2785,"template":"","meta":{"_acf_changed":false},"product_brand":[],"product_cat":[129,220],"product_tag":[],"class_list":{"0":"post-5161","1":"product","2":"type-product","3":"status-publish","4":"has-post-thumbnail","6":"productores-robingood-ca","7":"product_cat-bcn-friends-ca","8":"product_cat-vega","10":"first","11":"outofstock","12":"shipping-taxable","13":"purchasable","14":"product-type-variable"},"acf":[],"yoast_head":"<!-- This site is optimized with the Yoast SEO plugin v27.5 - https:\/\/yoast.com\/product\/yoast-seo-wordpress\/ -->\n<title>Palets de pa Robin Good &#8212; Bootiga Productors de Barcelona<\/title>\n<meta name=\"description\" content=\"Botiga de productors artesanals de ciutat. Compra online. T&#039;ho portem a casa o ho reculls. Support local.\" \/>\n<meta name=\"robots\" content=\"index, follow, max-snippet:-1, max-image-preview:large, max-video-preview:-1\" \/>\n<link rel=\"canonical\" href=\"https:\/\/cooccio.com\/ca\/producto\/palets-de-pa-robingood\/\" \/>\n<meta property=\"og:locale\" content=\"ca_ES\" \/>\n<meta property=\"og:type\" content=\"article\" \/>\n<meta property=\"og:title\" content=\"Palets de pa Robin Good &#8212; Bootiga Productors de Barcelona\" \/>\n<meta property=\"og:description\" content=\"Botiga de productors artesanals de ciutat. Compra online. T&#039;ho portem a casa o ho reculls. Support local.\" \/>\n<meta property=\"og:url\" content=\"https:\/\/cooccio.com\/ca\/producto\/palets-de-pa-robingood\/\" \/>\n<meta property=\"og:site_name\" content=\"Coocci\u014d\" \/>\n<meta property=\"article:modified_time\" content=\"2022-04-08T18:13:00+00:00\" \/>\n<meta property=\"og:image\" content=\"https:\/\/cooccio.com\/wp-content\/uploads\/2021\/07\/Mix.png\" \/>\n\t<meta property=\"og:image:width\" content=\"665\" \/>\n\t<meta property=\"og:image:height\" content=\"665\" \/>\n\t<meta property=\"og:image:type\" content=\"image\/png\" \/>\n<meta name=\"twitter:card\" content=\"summary_large_image\" \/>\n<script type=\"application\/ld+json\" class=\"yoast-schema-graph\">{\"@context\":\"https:\\\/\\\/schema.org\",\"@graph\":[{\"@type\":\"WebPage\",\"@id\":\"https:\\\/\\\/cooccio.com\\\/ca\\\/producto\\\/palets-de-pa-robingood\\\/\",\"url\":\"https:\\\/\\\/cooccio.com\\\/ca\\\/producto\\\/palets-de-pa-robingood\\\/\",\"name\":\"Palets de pa Robin Good &#8212; Bootiga Productors de Barcelona\",\"isPartOf\":{\"@id\":\"https:\\\/\\\/cooccio.com\\\/ca\\\/#website\"},\"primaryImageOfPage\":{\"@id\":\"https:\\\/\\\/cooccio.com\\\/ca\\\/producto\\\/palets-de-pa-robingood\\\/#primaryimage\"},\"image\":{\"@id\":\"https:\\\/\\\/cooccio.com\\\/ca\\\/producto\\\/palets-de-pa-robingood\\\/#primaryimage\"},\"thumbnailUrl\":\"https:\\\/\\\/cooccio.com\\\/wp-content\\\/uploads\\\/2021\\\/07\\\/Mix.png\",\"datePublished\":\"2021-12-02T16:43:52+00:00\",\"dateModified\":\"2022-04-08T18:13:00+00:00\",\"description\":\"Botiga de productors artesanals de ciutat. Compra online. T'ho portem a casa o ho reculls. Support local.\",\"breadcrumb\":{\"@id\":\"https:\\\/\\\/cooccio.com\\\/ca\\\/producto\\\/palets-de-pa-robingood\\\/#breadcrumb\"},\"inLanguage\":\"ca\",\"potentialAction\":[{\"@type\":\"ReadAction\",\"target\":[\"https:\\\/\\\/cooccio.com\\\/ca\\\/producto\\\/palets-de-pa-robingood\\\/\"]}]},{\"@type\":\"ImageObject\",\"inLanguage\":\"ca\",\"@id\":\"https:\\\/\\\/cooccio.com\\\/ca\\\/producto\\\/palets-de-pa-robingood\\\/#primaryimage\",\"url\":\"https:\\\/\\\/cooccio.com\\\/wp-content\\\/uploads\\\/2021\\\/07\\\/Mix.png\",\"contentUrl\":\"https:\\\/\\\/cooccio.com\\\/wp-content\\\/uploads\\\/2021\\\/07\\\/Mix.png\",\"width\":665,\"height\":665},{\"@type\":\"BreadcrumbList\",\"@id\":\"https:\\\/\\\/cooccio.com\\\/ca\\\/producto\\\/palets-de-pa-robingood\\\/#breadcrumb\",\"itemListElement\":[{\"@type\":\"ListItem\",\"position\":1,\"name\":\"Portada\",\"item\":\"https:\\\/\\\/cooccio.com\\\/ca\\\/\"},{\"@type\":\"ListItem\",\"position\":2,\"name\":\"Botiga\",\"item\":\"https:\\\/\\\/cooccio.com\\\/ca\\\/?page_id=3850\"},{\"@type\":\"ListItem\",\"position\":3,\"name\":\"Palets de pa\"}]},{\"@type\":\"WebSite\",\"@id\":\"https:\\\/\\\/cooccio.com\\\/ca\\\/#website\",\"url\":\"https:\\\/\\\/cooccio.com\\\/ca\\\/\",\"name\":\"Coocci\u014d\",\"description\":\"Professional shared Kitchens\",\"potentialAction\":[{\"@type\":\"SearchAction\",\"target\":{\"@type\":\"EntryPoint\",\"urlTemplate\":\"https:\\\/\\\/cooccio.com\\\/ca\\\/?s={search_term_string}\"},\"query-input\":{\"@type\":\"PropertyValueSpecification\",\"valueRequired\":true,\"valueName\":\"search_term_string\"}}],\"inLanguage\":\"ca\"}]}<\/script>\n<!-- \/ Yoast SEO plugin. -->","yoast_head_json":{"title":"Palets de pa Robin Good &#8212; Bootiga Productors de Barcelona","description":"Botiga de productors artesanals de ciutat. Compra online. T'ho portem a casa o ho reculls. Support local.","robots":{"index":"index","follow":"follow","max-snippet":"max-snippet:-1","max-image-preview":"max-image-preview:large","max-video-preview":"max-video-preview:-1"},"canonical":"https:\/\/cooccio.com\/ca\/producto\/palets-de-pa-robingood\/","og_locale":"ca_ES","og_type":"article","og_title":"Palets de pa Robin Good &#8212; Bootiga Productors de Barcelona","og_description":"Botiga de productors artesanals de ciutat. Compra online. T'ho portem a casa o ho reculls. Support local.","og_url":"https:\/\/cooccio.com\/ca\/producto\/palets-de-pa-robingood\/","og_site_name":"Coocci\u014d","article_modified_time":"2022-04-08T18:13:00+00:00","og_image":[{"width":665,"height":665,"url":"https:\/\/cooccio.com\/wp-content\/uploads\/2021\/07\/Mix.png","type":"image\/png"}],"twitter_card":"summary_large_image","schema":{"@context":"https:\/\/schema.org","@graph":[{"@type":"WebPage","@id":"https:\/\/cooccio.com\/ca\/producto\/palets-de-pa-robingood\/","url":"https:\/\/cooccio.com\/ca\/producto\/palets-de-pa-robingood\/","name":"Palets de pa Robin Good &#8212; Bootiga Productors de Barcelona","isPartOf":{"@id":"https:\/\/cooccio.com\/ca\/#website"},"primaryImageOfPage":{"@id":"https:\/\/cooccio.com\/ca\/producto\/palets-de-pa-robingood\/#primaryimage"},"image":{"@id":"https:\/\/cooccio.com\/ca\/producto\/palets-de-pa-robingood\/#primaryimage"},"thumbnailUrl":"https:\/\/cooccio.com\/wp-content\/uploads\/2021\/07\/Mix.png","datePublished":"2021-12-02T16:43:52+00:00","dateModified":"2022-04-08T18:13:00+00:00","description":"Botiga de productors artesanals de ciutat. Compra online. T'ho portem a casa o ho reculls. Support local.","breadcrumb":{"@id":"https:\/\/cooccio.com\/ca\/producto\/palets-de-pa-robingood\/#breadcrumb"},"inLanguage":"ca","potentialAction":[{"@type":"ReadAction","target":["https:\/\/cooccio.com\/ca\/producto\/palets-de-pa-robingood\/"]}]},{"@type":"ImageObject","inLanguage":"ca","@id":"https:\/\/cooccio.com\/ca\/producto\/palets-de-pa-robingood\/#primaryimage","url":"https:\/\/cooccio.com\/wp-content\/uploads\/2021\/07\/Mix.png","contentUrl":"https:\/\/cooccio.com\/wp-content\/uploads\/2021\/07\/Mix.png","width":665,"height":665},{"@type":"BreadcrumbList","@id":"https:\/\/cooccio.com\/ca\/producto\/palets-de-pa-robingood\/#breadcrumb","itemListElement":[{"@type":"ListItem","position":1,"name":"Portada","item":"https:\/\/cooccio.com\/ca\/"},{"@type":"ListItem","position":2,"name":"Botiga","item":"https:\/\/cooccio.com\/ca\/?page_id=3850"},{"@type":"ListItem","position":3,"name":"Palets de pa"}]},{"@type":"WebSite","@id":"https:\/\/cooccio.com\/ca\/#website","url":"https:\/\/cooccio.com\/ca\/","name":"Coocci\u014d","description":"Professional shared Kitchens","potentialAction":[{"@type":"SearchAction","target":{"@type":"EntryPoint","urlTemplate":"https:\/\/cooccio.com\/ca\/?s={search_term_string}"},"query-input":{"@type":"PropertyValueSpecification","valueRequired":true,"valueName":"search_term_string"}}],"inLanguage":"ca"}]}},"_links":{"self":[{"href":"https:\/\/cooccio.com\/ca\/wp-json\/wp\/v2\/product\/5161","targetHints":{"allow":["GET"]}}],"collection":[{"href":"https:\/\/cooccio.com\/ca\/wp-json\/wp\/v2\/product"}],"about":[{"href":"https:\/\/cooccio.com\/ca\/wp-json\/wp\/v2\/types\/product"}],"wp:featuredmedia":[{"embeddable":true,"href":"https:\/\/cooccio.com\/ca\/wp-json\/wp\/v2\/media\/2785"}],"wp:attachment":[{"href":"https:\/\/cooccio.com\/ca\/wp-json\/wp\/v2\/media?parent=5161"}],"wp:term":[{"taxonomy":"product_brand","embeddable":true,"href":"https:\/\/cooccio.com\/ca\/wp-json\/wp\/v2\/product_brand?post=5161"},{"taxonomy":"product_cat","embeddable":true,"href":"https:\/\/cooccio.com\/ca\/wp-json\/wp\/v2\/product_cat?post=5161"},{"taxonomy":"product_tag","embeddable":true,"href":"https:\/\/cooccio.com\/ca\/wp-json\/wp\/v2\/product_tag?post=5161"}],"curies":[{"name":"wp","href":"https:\/\/api.w.org\/{rel}","templated":true}]}}