{"id":5172,"date":"2021-12-02T15:13:58","date_gmt":"2021-12-02T15:13:58","guid":{"rendered":"https:\/\/cooccio.com\/producto\/tree-soul-guatemala\/"},"modified":"2022-04-08T18:13:57","modified_gmt":"2022-04-08T18:13:57","slug":"tree-soul-guatemala","status":"publish","type":"product","link":"https:\/\/cooccio.com\/ca\/producto\/tree-soul-guatemala\/","title":{"rendered":"Tree Soul Guatemala"},"content":{"rendered":"<p>Tree Soul \u00e9s un caf\u00e8 que fa una abra\u00e7ada a l&#8217;\u00e0nima amb les seves notes dolces i axocolatades. Tamb\u00e9 disfrutar\u00e0s de notes de fruits grocs. \u00c9s la barreja perfecta de cremositat amb una acidesa lleugera.<\/p>\n<p><strong>FORMAT:<\/strong> 250 gr.<\/p>\n","protected":false},"excerpt":{"rendered":"<p>Caf\u00e8 d&#8217;especialitat de Guatemala<\/p>\n","protected":false},"featured_media":5149,"template":"","meta":{"_acf_changed":false},"product_brand":[],"product_cat":[129,225],"product_tag":[],"class_list":{"0":"post-5172","1":"product","2":"type-product","3":"status-publish","4":"has-post-thumbnail","6":"productores-on-y-va-ca","7":"product_cat-bcn-friends-ca","8":"product_cat-cafe-despecialitat","10":"first","11":"outofstock","12":"shipping-taxable","13":"purchasable","14":"product-type-variable"},"acf":[],"yoast_head":"<!-- This site is optimized with the Yoast SEO plugin v27.5 - https:\/\/yoast.com\/product\/yoast-seo-wordpress\/ -->\n<title>Tree Soul Guatemala On y Va - Bootiga Productors de Barcelona<\/title>\n<meta name=\"robots\" content=\"index, follow, max-snippet:-1, max-image-preview:large, max-video-preview:-1\" \/>\n<link rel=\"canonical\" href=\"https:\/\/cooccio.com\/ca\/producto\/tree-soul-guatemala\/\" \/>\n<meta property=\"og:locale\" content=\"ca_ES\" \/>\n<meta property=\"og:type\" content=\"article\" \/>\n<meta property=\"og:title\" content=\"Tree Soul Guatemala On y Va - Bootiga Productors de Barcelona\" \/>\n<meta property=\"og:description\" content=\"Caf\u00e8 d&#039;especialitat de Guatemala\" \/>\n<meta property=\"og:url\" content=\"https:\/\/cooccio.com\/ca\/producto\/tree-soul-guatemala\/\" \/>\n<meta property=\"og:site_name\" content=\"Coocci\u014d\" \/>\n<meta property=\"article:modified_time\" content=\"2022-04-08T18:13:57+00:00\" \/>\n<meta property=\"og:image\" content=\"https:\/\/cooccio.com\/wp-content\/uploads\/2021\/12\/TreeSoul.jpg\" \/>\n\t<meta property=\"og:image:width\" content=\"1200\" \/>\n\t<meta property=\"og:image:height\" content=\"835\" \/>\n\t<meta property=\"og:image:type\" content=\"image\/jpeg\" \/>\n<meta name=\"twitter:card\" content=\"summary_large_image\" \/>\n<script type=\"application\/ld+json\" class=\"yoast-schema-graph\">{\"@context\":\"https:\\\/\\\/schema.org\",\"@graph\":[{\"@type\":\"WebPage\",\"@id\":\"https:\\\/\\\/cooccio.com\\\/ca\\\/producto\\\/tree-soul-guatemala\\\/\",\"url\":\"https:\\\/\\\/cooccio.com\\\/ca\\\/producto\\\/tree-soul-guatemala\\\/\",\"name\":\"Tree Soul Guatemala On y Va - Bootiga Productors de Barcelona\",\"isPartOf\":{\"@id\":\"https:\\\/\\\/cooccio.com\\\/ca\\\/#website\"},\"primaryImageOfPage\":{\"@id\":\"https:\\\/\\\/cooccio.com\\\/ca\\\/producto\\\/tree-soul-guatemala\\\/#primaryimage\"},\"image\":{\"@id\":\"https:\\\/\\\/cooccio.com\\\/ca\\\/producto\\\/tree-soul-guatemala\\\/#primaryimage\"},\"thumbnailUrl\":\"https:\\\/\\\/cooccio.com\\\/wp-content\\\/uploads\\\/2021\\\/12\\\/TreeSoul.jpg\",\"datePublished\":\"2021-12-02T15:13:58+00:00\",\"dateModified\":\"2022-04-08T18:13:57+00:00\",\"breadcrumb\":{\"@id\":\"https:\\\/\\\/cooccio.com\\\/ca\\\/producto\\\/tree-soul-guatemala\\\/#breadcrumb\"},\"inLanguage\":\"ca\",\"potentialAction\":[{\"@type\":\"ReadAction\",\"target\":[\"https:\\\/\\\/cooccio.com\\\/ca\\\/producto\\\/tree-soul-guatemala\\\/\"]}]},{\"@type\":\"ImageObject\",\"inLanguage\":\"ca\",\"@id\":\"https:\\\/\\\/cooccio.com\\\/ca\\\/producto\\\/tree-soul-guatemala\\\/#primaryimage\",\"url\":\"https:\\\/\\\/cooccio.com\\\/wp-content\\\/uploads\\\/2021\\\/12\\\/TreeSoul.jpg\",\"contentUrl\":\"https:\\\/\\\/cooccio.com\\\/wp-content\\\/uploads\\\/2021\\\/12\\\/TreeSoul.jpg\",\"width\":1200,\"height\":835},{\"@type\":\"BreadcrumbList\",\"@id\":\"https:\\\/\\\/cooccio.com\\\/ca\\\/producto\\\/tree-soul-guatemala\\\/#breadcrumb\",\"itemListElement\":[{\"@type\":\"ListItem\",\"position\":1,\"name\":\"Portada\",\"item\":\"https:\\\/\\\/cooccio.com\\\/ca\\\/\"},{\"@type\":\"ListItem\",\"position\":2,\"name\":\"Botiga\",\"item\":\"https:\\\/\\\/cooccio.com\\\/ca\\\/?page_id=3850\"},{\"@type\":\"ListItem\",\"position\":3,\"name\":\"Tree Soul Guatemala\"}]},{\"@type\":\"WebSite\",\"@id\":\"https:\\\/\\\/cooccio.com\\\/ca\\\/#website\",\"url\":\"https:\\\/\\\/cooccio.com\\\/ca\\\/\",\"name\":\"Coocci\u014d\",\"description\":\"Professional shared Kitchens\",\"potentialAction\":[{\"@type\":\"SearchAction\",\"target\":{\"@type\":\"EntryPoint\",\"urlTemplate\":\"https:\\\/\\\/cooccio.com\\\/ca\\\/?s={search_term_string}\"},\"query-input\":{\"@type\":\"PropertyValueSpecification\",\"valueRequired\":true,\"valueName\":\"search_term_string\"}}],\"inLanguage\":\"ca\"}]}<\/script>\n<!-- \/ Yoast SEO plugin. -->","yoast_head_json":{"title":"Tree Soul Guatemala On y Va - Bootiga Productors de Barcelona","robots":{"index":"index","follow":"follow","max-snippet":"max-snippet:-1","max-image-preview":"max-image-preview:large","max-video-preview":"max-video-preview:-1"},"canonical":"https:\/\/cooccio.com\/ca\/producto\/tree-soul-guatemala\/","og_locale":"ca_ES","og_type":"article","og_title":"Tree Soul Guatemala On y Va - Bootiga Productors de Barcelona","og_description":"Caf\u00e8 d'especialitat de Guatemala","og_url":"https:\/\/cooccio.com\/ca\/producto\/tree-soul-guatemala\/","og_site_name":"Coocci\u014d","article_modified_time":"2022-04-08T18:13:57+00:00","og_image":[{"width":1200,"height":835,"url":"https:\/\/cooccio.com\/wp-content\/uploads\/2021\/12\/TreeSoul.jpg","type":"image\/jpeg"}],"twitter_card":"summary_large_image","schema":{"@context":"https:\/\/schema.org","@graph":[{"@type":"WebPage","@id":"https:\/\/cooccio.com\/ca\/producto\/tree-soul-guatemala\/","url":"https:\/\/cooccio.com\/ca\/producto\/tree-soul-guatemala\/","name":"Tree Soul Guatemala On y Va - Bootiga Productors de Barcelona","isPartOf":{"@id":"https:\/\/cooccio.com\/ca\/#website"},"primaryImageOfPage":{"@id":"https:\/\/cooccio.com\/ca\/producto\/tree-soul-guatemala\/#primaryimage"},"image":{"@id":"https:\/\/cooccio.com\/ca\/producto\/tree-soul-guatemala\/#primaryimage"},"thumbnailUrl":"https:\/\/cooccio.com\/wp-content\/uploads\/2021\/12\/TreeSoul.jpg","datePublished":"2021-12-02T15:13:58+00:00","dateModified":"2022-04-08T18:13:57+00:00","breadcrumb":{"@id":"https:\/\/cooccio.com\/ca\/producto\/tree-soul-guatemala\/#breadcrumb"},"inLanguage":"ca","potentialAction":[{"@type":"ReadAction","target":["https:\/\/cooccio.com\/ca\/producto\/tree-soul-guatemala\/"]}]},{"@type":"ImageObject","inLanguage":"ca","@id":"https:\/\/cooccio.com\/ca\/producto\/tree-soul-guatemala\/#primaryimage","url":"https:\/\/cooccio.com\/wp-content\/uploads\/2021\/12\/TreeSoul.jpg","contentUrl":"https:\/\/cooccio.com\/wp-content\/uploads\/2021\/12\/TreeSoul.jpg","width":1200,"height":835},{"@type":"BreadcrumbList","@id":"https:\/\/cooccio.com\/ca\/producto\/tree-soul-guatemala\/#breadcrumb","itemListElement":[{"@type":"ListItem","position":1,"name":"Portada","item":"https:\/\/cooccio.com\/ca\/"},{"@type":"ListItem","position":2,"name":"Botiga","item":"https:\/\/cooccio.com\/ca\/?page_id=3850"},{"@type":"ListItem","position":3,"name":"Tree Soul Guatemala"}]},{"@type":"WebSite","@id":"https:\/\/cooccio.com\/ca\/#website","url":"https:\/\/cooccio.com\/ca\/","name":"Coocci\u014d","description":"Professional shared Kitchens","potentialAction":[{"@type":"SearchAction","target":{"@type":"EntryPoint","urlTemplate":"https:\/\/cooccio.com\/ca\/?s={search_term_string}"},"query-input":{"@type":"PropertyValueSpecification","valueRequired":true,"valueName":"search_term_string"}}],"inLanguage":"ca"}]}},"_links":{"self":[{"href":"https:\/\/cooccio.com\/ca\/wp-json\/wp\/v2\/product\/5172","targetHints":{"allow":["GET"]}}],"collection":[{"href":"https:\/\/cooccio.com\/ca\/wp-json\/wp\/v2\/product"}],"about":[{"href":"https:\/\/cooccio.com\/ca\/wp-json\/wp\/v2\/types\/product"}],"wp:featuredmedia":[{"embeddable":true,"href":"https:\/\/cooccio.com\/ca\/wp-json\/wp\/v2\/media\/5149"}],"wp:attachment":[{"href":"https:\/\/cooccio.com\/ca\/wp-json\/wp\/v2\/media?parent=5172"}],"wp:term":[{"taxonomy":"product_brand","embeddable":true,"href":"https:\/\/cooccio.com\/ca\/wp-json\/wp\/v2\/product_brand?post=5172"},{"taxonomy":"product_cat","embeddable":true,"href":"https:\/\/cooccio.com\/ca\/wp-json\/wp\/v2\/product_cat?post=5172"},{"taxonomy":"product_tag","embeddable":true,"href":"https:\/\/cooccio.com\/ca\/wp-json\/wp\/v2\/product_tag?post=5172"}],"curies":[{"name":"wp","href":"https:\/\/api.w.org\/{rel}","templated":true}]}}