{"id":5175,"date":"2021-12-02T14:02:54","date_gmt":"2021-12-02T14:02:54","guid":{"rendered":"https:\/\/cooccio.com\/producto\/chili-oli\/"},"modified":"2022-04-08T18:17:49","modified_gmt":"2022-04-08T18:17:49","slug":"chili-oli-bravasa-ca","status":"publish","type":"product","link":"https:\/\/cooccio.com\/ca\/producto\/chili-oli-bravasa-ca\/","title":{"rendered":"Chili Oli"},"content":{"rendered":"<p>Fet amb aj\u00ed limo, llavors d&#8217;aj\u00ed groc i rocoto, all, pebrot xoricer, nyora. Aquest oli ha sigut aromatitzat amb llorer, all i esp\u00e8cies.<\/p>\n<p>\u00a1Llest per acompanyar els teus \u00e0pats tant freds com calents!<\/p>\n<p><strong>FORMAT:<\/strong> 167 ml.<\/p>\n<p>&nbsp;<\/p>\n","protected":false},"excerpt":{"rendered":"<p>Oli Picant<\/p>\n","protected":false},"featured_media":5139,"template":"","meta":{"_acf_changed":false},"product_brand":[],"product_cat":[119,220],"product_tag":[],"class_list":{"0":"post-5175","1":"product","2":"type-product","3":"status-publish","4":"has-post-thumbnail","6":"productores-bravasa-ca","7":"product_cat-cooccio-ca","8":"product_cat-vega","10":"first","11":"outofstock","12":"shipping-taxable","13":"purchasable","14":"product-type-simple"},"acf":[],"yoast_head":"<!-- This site is optimized with the Yoast SEO plugin v27.5 - https:\/\/yoast.com\/product\/yoast-seo-wordpress\/ -->\n<title>Chili Oli Bravasa - Bootiga Productors de Barcelona<\/title>\n<meta name=\"description\" content=\"Botiga de productors artesanals de ciutat. Compra online. T&#039;ho portem a casa o ho reculls. Support local.\" \/>\n<meta name=\"robots\" content=\"index, follow, max-snippet:-1, max-image-preview:large, max-video-preview:-1\" \/>\n<link rel=\"canonical\" href=\"https:\/\/cooccio.com\/ca\/producto\/chili-oli-bravasa-ca\/\" \/>\n<meta property=\"og:locale\" content=\"ca_ES\" \/>\n<meta property=\"og:type\" content=\"article\" \/>\n<meta property=\"og:title\" content=\"Chili Oli Bravasa - Bootiga Productors de Barcelona\" \/>\n<meta property=\"og:description\" content=\"Botiga de productors artesanals de ciutat. Compra online. T&#039;ho portem a casa o ho reculls. Support local.\" \/>\n<meta property=\"og:url\" content=\"https:\/\/cooccio.com\/ca\/producto\/chili-oli-bravasa-ca\/\" \/>\n<meta property=\"og:site_name\" content=\"Coocci\u014d\" \/>\n<meta property=\"article:modified_time\" content=\"2022-04-08T18:17:49+00:00\" \/>\n<meta property=\"og:image\" content=\"https:\/\/cooccio.com\/wp-content\/uploads\/2021\/12\/DSC7558-salsa-bravasa-1-scaled.jpg\" \/>\n\t<meta property=\"og:image:width\" content=\"2560\" \/>\n\t<meta property=\"og:image:height\" content=\"1707\" \/>\n\t<meta property=\"og:image:type\" content=\"image\/jpeg\" \/>\n<meta name=\"twitter:card\" content=\"summary_large_image\" \/>\n<script type=\"application\/ld+json\" class=\"yoast-schema-graph\">{\"@context\":\"https:\\\/\\\/schema.org\",\"@graph\":[{\"@type\":\"WebPage\",\"@id\":\"https:\\\/\\\/cooccio.com\\\/ca\\\/producto\\\/chili-oli-bravasa-ca\\\/\",\"url\":\"https:\\\/\\\/cooccio.com\\\/ca\\\/producto\\\/chili-oli-bravasa-ca\\\/\",\"name\":\"Chili Oli Bravasa - Bootiga Productors de Barcelona\",\"isPartOf\":{\"@id\":\"https:\\\/\\\/cooccio.com\\\/ca\\\/#website\"},\"primaryImageOfPage\":{\"@id\":\"https:\\\/\\\/cooccio.com\\\/ca\\\/producto\\\/chili-oli-bravasa-ca\\\/#primaryimage\"},\"image\":{\"@id\":\"https:\\\/\\\/cooccio.com\\\/ca\\\/producto\\\/chili-oli-bravasa-ca\\\/#primaryimage\"},\"thumbnailUrl\":\"https:\\\/\\\/cooccio.com\\\/wp-content\\\/uploads\\\/2021\\\/12\\\/DSC7558-salsa-bravasa-1-scaled.jpg\",\"datePublished\":\"2021-12-02T14:02:54+00:00\",\"dateModified\":\"2022-04-08T18:17:49+00:00\",\"description\":\"Botiga de productors artesanals de ciutat. Compra online. T'ho portem a casa o ho reculls. Support local.\",\"breadcrumb\":{\"@id\":\"https:\\\/\\\/cooccio.com\\\/ca\\\/producto\\\/chili-oli-bravasa-ca\\\/#breadcrumb\"},\"inLanguage\":\"ca\",\"potentialAction\":[{\"@type\":\"ReadAction\",\"target\":[\"https:\\\/\\\/cooccio.com\\\/ca\\\/producto\\\/chili-oli-bravasa-ca\\\/\"]}]},{\"@type\":\"ImageObject\",\"inLanguage\":\"ca\",\"@id\":\"https:\\\/\\\/cooccio.com\\\/ca\\\/producto\\\/chili-oli-bravasa-ca\\\/#primaryimage\",\"url\":\"https:\\\/\\\/cooccio.com\\\/wp-content\\\/uploads\\\/2021\\\/12\\\/DSC7558-salsa-bravasa-1-scaled.jpg\",\"contentUrl\":\"https:\\\/\\\/cooccio.com\\\/wp-content\\\/uploads\\\/2021\\\/12\\\/DSC7558-salsa-bravasa-1-scaled.jpg\",\"width\":2560,\"height\":1707},{\"@type\":\"BreadcrumbList\",\"@id\":\"https:\\\/\\\/cooccio.com\\\/ca\\\/producto\\\/chili-oli-bravasa-ca\\\/#breadcrumb\",\"itemListElement\":[{\"@type\":\"ListItem\",\"position\":1,\"name\":\"Portada\",\"item\":\"https:\\\/\\\/cooccio.com\\\/ca\\\/\"},{\"@type\":\"ListItem\",\"position\":2,\"name\":\"Botiga\",\"item\":\"https:\\\/\\\/cooccio.com\\\/ca\\\/?page_id=3850\"},{\"@type\":\"ListItem\",\"position\":3,\"name\":\"Chili Oli\"}]},{\"@type\":\"WebSite\",\"@id\":\"https:\\\/\\\/cooccio.com\\\/ca\\\/#website\",\"url\":\"https:\\\/\\\/cooccio.com\\\/ca\\\/\",\"name\":\"Coocci\u014d\",\"description\":\"Professional shared Kitchens\",\"potentialAction\":[{\"@type\":\"SearchAction\",\"target\":{\"@type\":\"EntryPoint\",\"urlTemplate\":\"https:\\\/\\\/cooccio.com\\\/ca\\\/?s={search_term_string}\"},\"query-input\":{\"@type\":\"PropertyValueSpecification\",\"valueRequired\":true,\"valueName\":\"search_term_string\"}}],\"inLanguage\":\"ca\"}]}<\/script>\n<!-- \/ Yoast SEO plugin. -->","yoast_head_json":{"title":"Chili Oli Bravasa - Bootiga Productors de Barcelona","description":"Botiga de productors artesanals de ciutat. Compra online. T'ho portem a casa o ho reculls. Support local.","robots":{"index":"index","follow":"follow","max-snippet":"max-snippet:-1","max-image-preview":"max-image-preview:large","max-video-preview":"max-video-preview:-1"},"canonical":"https:\/\/cooccio.com\/ca\/producto\/chili-oli-bravasa-ca\/","og_locale":"ca_ES","og_type":"article","og_title":"Chili Oli Bravasa - Bootiga Productors de Barcelona","og_description":"Botiga de productors artesanals de ciutat. Compra online. T'ho portem a casa o ho reculls. Support local.","og_url":"https:\/\/cooccio.com\/ca\/producto\/chili-oli-bravasa-ca\/","og_site_name":"Coocci\u014d","article_modified_time":"2022-04-08T18:17:49+00:00","og_image":[{"width":2560,"height":1707,"url":"https:\/\/cooccio.com\/wp-content\/uploads\/2021\/12\/DSC7558-salsa-bravasa-1-scaled.jpg","type":"image\/jpeg"}],"twitter_card":"summary_large_image","schema":{"@context":"https:\/\/schema.org","@graph":[{"@type":"WebPage","@id":"https:\/\/cooccio.com\/ca\/producto\/chili-oli-bravasa-ca\/","url":"https:\/\/cooccio.com\/ca\/producto\/chili-oli-bravasa-ca\/","name":"Chili Oli Bravasa - Bootiga Productors de Barcelona","isPartOf":{"@id":"https:\/\/cooccio.com\/ca\/#website"},"primaryImageOfPage":{"@id":"https:\/\/cooccio.com\/ca\/producto\/chili-oli-bravasa-ca\/#primaryimage"},"image":{"@id":"https:\/\/cooccio.com\/ca\/producto\/chili-oli-bravasa-ca\/#primaryimage"},"thumbnailUrl":"https:\/\/cooccio.com\/wp-content\/uploads\/2021\/12\/DSC7558-salsa-bravasa-1-scaled.jpg","datePublished":"2021-12-02T14:02:54+00:00","dateModified":"2022-04-08T18:17:49+00:00","description":"Botiga de productors artesanals de ciutat. Compra online. T'ho portem a casa o ho reculls. Support local.","breadcrumb":{"@id":"https:\/\/cooccio.com\/ca\/producto\/chili-oli-bravasa-ca\/#breadcrumb"},"inLanguage":"ca","potentialAction":[{"@type":"ReadAction","target":["https:\/\/cooccio.com\/ca\/producto\/chili-oli-bravasa-ca\/"]}]},{"@type":"ImageObject","inLanguage":"ca","@id":"https:\/\/cooccio.com\/ca\/producto\/chili-oli-bravasa-ca\/#primaryimage","url":"https:\/\/cooccio.com\/wp-content\/uploads\/2021\/12\/DSC7558-salsa-bravasa-1-scaled.jpg","contentUrl":"https:\/\/cooccio.com\/wp-content\/uploads\/2021\/12\/DSC7558-salsa-bravasa-1-scaled.jpg","width":2560,"height":1707},{"@type":"BreadcrumbList","@id":"https:\/\/cooccio.com\/ca\/producto\/chili-oli-bravasa-ca\/#breadcrumb","itemListElement":[{"@type":"ListItem","position":1,"name":"Portada","item":"https:\/\/cooccio.com\/ca\/"},{"@type":"ListItem","position":2,"name":"Botiga","item":"https:\/\/cooccio.com\/ca\/?page_id=3850"},{"@type":"ListItem","position":3,"name":"Chili Oli"}]},{"@type":"WebSite","@id":"https:\/\/cooccio.com\/ca\/#website","url":"https:\/\/cooccio.com\/ca\/","name":"Coocci\u014d","description":"Professional shared Kitchens","potentialAction":[{"@type":"SearchAction","target":{"@type":"EntryPoint","urlTemplate":"https:\/\/cooccio.com\/ca\/?s={search_term_string}"},"query-input":{"@type":"PropertyValueSpecification","valueRequired":true,"valueName":"search_term_string"}}],"inLanguage":"ca"}]}},"_links":{"self":[{"href":"https:\/\/cooccio.com\/ca\/wp-json\/wp\/v2\/product\/5175","targetHints":{"allow":["GET"]}}],"collection":[{"href":"https:\/\/cooccio.com\/ca\/wp-json\/wp\/v2\/product"}],"about":[{"href":"https:\/\/cooccio.com\/ca\/wp-json\/wp\/v2\/types\/product"}],"wp:featuredmedia":[{"embeddable":true,"href":"https:\/\/cooccio.com\/ca\/wp-json\/wp\/v2\/media\/5139"}],"wp:attachment":[{"href":"https:\/\/cooccio.com\/ca\/wp-json\/wp\/v2\/media?parent=5175"}],"wp:term":[{"taxonomy":"product_brand","embeddable":true,"href":"https:\/\/cooccio.com\/ca\/wp-json\/wp\/v2\/product_brand?post=5175"},{"taxonomy":"product_cat","embeddable":true,"href":"https:\/\/cooccio.com\/ca\/wp-json\/wp\/v2\/product_cat?post=5175"},{"taxonomy":"product_tag","embeddable":true,"href":"https:\/\/cooccio.com\/ca\/wp-json\/wp\/v2\/product_tag?post=5175"}],"curies":[{"name":"wp","href":"https:\/\/api.w.org\/{rel}","templated":true}]}}