{"id":2089,"date":"2020-07-06T11:10:30","date_gmt":"2020-07-06T11:10:30","guid":{"rendered":"https:\/\/cooccio.com\/why-cooccio\/"},"modified":"2022-10-26T08:37:28","modified_gmt":"2022-10-26T08:37:28","slug":"why-cooccio","status":"publish","type":"page","link":"https:\/\/cooccio.com\/en\/why-cooccio\/","title":{"rendered":"Why Coocci\u00f3?"},"content":{"rendered":"\t\n<section id=\"cabecera-block_5f1748bbfbb65438419908a7023085fe\" class=\"section section-cabecera interior\">\n\t<div class=\"section-wrapper\" style=\"background-image: url('https:\/\/cooccio.com\/wp-content\/uploads\/2020\/09\/MG_3948-1024x682.jpg')\">\n\t\t<div class=\"container\">\n\t\t\t<div class=\"row justify-content-center\">\n\t\t\t\t<div class=\"col-lg-7 text-lg-center\">\n\t\t\t\t\t\t\t\t\t\t<div class=\"subtitulo\">Why Coocci\u00f3?<\/div>\n\t\t\t\t\t\t\t\t\t\t<div class=\"titular color-blanco\">\n\t\t\t\t\t\tDozens of businesses and entrepreneurs trust us\t\t\t\t\t<\/div>\n\t\t\t\t<\/div>\n\t\t\t<\/div>\n\t\t<\/div>\n\t<\/div>\n<\/section>\n\n<section id=\"numeros-block_558140a9da7513b20ee1fc63bf80f948\" class=\"section section-numeros fondo-negro-claro\">\n\t<div class=\"section-wrapper\">\n\t\t<div class=\"container\">\n\t\t\t<div class=\"row justify-content-center\">\n\t\t\t\t<div class=\"col-12\">\n\t\t\t\t\t<div class=\"titulo-bloque color-blanco text-center\">\n\t\t\t\t\t\tCoocci\u00f3 in numbers\t\t\t\t\t<\/div>\n\t\t\t\t<\/div>\n\t\t\t<\/div>\n\t\t\t\t\t\t<div class=\"row justify-content-center\">\n\t\t\t\t\t\t\t\t<div class=\"col-6 col-lg-3 col-inea \">\n\t\t\t\t\t<div class=\"numero-elemento text-center\">\n\t\t\t\t\t\t<div class=\"numero color-naranja\">\n\t\t\t\t\t\t\t2016\t\t\t\t\t\t<\/div>\n\t\t\t\t\t\t<div class=\"texto color-blanco\">\n\t\t\t\t\t\t\tour birth\t\t\t\t\t\t<\/div>\n\t\t\t\t\t<\/div>\n\t\t\t\t<\/div>\n\t\t\t\t\t\t\t\t<div class=\"col-6 col-lg-3 col-inea \">\n\t\t\t\t\t<div class=\"numero-elemento text-center\">\n\t\t\t\t\t\t<div class=\"numero color-naranja\">\n\t\t\t\t\t\t\t1st\t\t\t\t\t\t<\/div>\n\t\t\t\t\t\t<div class=\"texto color-blanco\">\n\t\t\t\t\t\t\tgastronomic incubator and shared-use commissary kitchen in Spain\t\t\t\t\t\t<\/div>\n\t\t\t\t\t<\/div>\n\t\t\t\t<\/div>\n\t\t\t\t\t\t\t\t<div class=\"col-6 col-lg-3 col-inea \">\n\t\t\t\t\t<div class=\"numero-elemento text-center\">\n\t\t\t\t\t\t<div class=\"numero color-naranja\">\n\t\t\t\t\t\t\t520\t\t\t\t\t\t<\/div>\n\t\t\t\t\t\t<div class=\"texto color-blanco\">\n\t\t\t\t\t\t\tm2 of production kitchen in the centre of Barcelona\t\t\t\t\t\t<\/div>\n\t\t\t\t\t<\/div>\n\t\t\t\t<\/div>\n\t\t\t\t\t\t\t\t<div class=\"col-6 col-lg-3 col-inea \">\n\t\t\t\t\t<div class=\"numero-elemento text-center\">\n\t\t\t\t\t\t<div class=\"numero color-naranja\">\n\t\t\t\t\t\t\t1st\t\t\t\t\t\t<\/div>\n\t\t\t\t\t\t<div class=\"texto color-blanco\">\n\t\t\t\t\t\t\tshared Dark Kitchen in Spain\t\t\t\t\t\t<\/div>\n\t\t\t\t\t<\/div>\n\t\t\t\t<\/div>\n\t\t\t\t\t\t\t\t<div class=\"col-6 col-lg-3 col-inea \">\n\t\t\t\t\t<div class=\"numero-elemento text-center\">\n\t\t\t\t\t\t<div class=\"numero color-naranja\">\n\t\t\t\t\t\t\t+475\t\t\t\t\t\t<\/div>\n\t\t\t\t\t\t<div class=\"texto color-blanco\">\n\t\t\t\t\t\t\tusers\t\t\t\t\t\t<\/div>\n\t\t\t\t\t<\/div>\n\t\t\t\t<\/div>\n\t\t\t\t\t\t\t\t<div class=\"col-6 col-lg-3 col-inea \">\n\t\t\t\t\t<div class=\"numero-elemento text-center\">\n\t\t\t\t\t\t<div class=\"numero color-naranja\">\n\t\t\t\t\t\t\t+50000 \t\t\t\t\t\t<\/div>\n\t\t\t\t\t\t<div class=\"texto color-blanco\">\n\t\t\t\t\t\t\thours shared in the kitchen\t\t\t\t\t\t<\/div>\n\t\t\t\t\t<\/div>\n\t\t\t\t<\/div>\n\t\t\t\t\t\t\t\t<div class=\"col-6 col-lg-3 col-inea \">\n\t\t\t\t\t<div class=\"numero-elemento text-center\">\n\t\t\t\t\t\t<div class=\"numero color-naranja\">\n\t\t\t\t\t\t\t+30 \t\t\t\t\t\t<\/div>\n\t\t\t\t\t\t<div class=\"texto color-blanco\">\n\t\t\t\t\t\t\tdelivery restaurants since 2018\t\t\t\t\t\t<\/div>\n\t\t\t\t\t<\/div>\n\t\t\t\t<\/div>\n\t\t\t\t\t\t\t\t<div class=\"col-6 col-lg-3 col-inea \">\n\t\t\t\t\t<div class=\"numero-elemento text-center\">\n\t\t\t\t\t\t<div class=\"numero color-naranja\">\n\t\t\t\t\t\t\t24h\t\t\t\t\t\t<\/div>\n\t\t\t\t\t\t<div class=\"texto color-blanco\">\n\t\t\t\t\t\t\topen every day of the week, every day of the year\t\t\t\t\t\t<\/div>\n\t\t\t\t\t<\/div>\n\t\t\t\t<\/div>\n\t\t\t\t\t\t\t\t\t\n\t\t\t<\/div>\n\t\t\t\t\t<\/div>\n\t<\/div>\n<\/section>\n\n<section id=\"ventajas-block_5ed507b1529dcff66f98cd78ad0cd1cc\" class=\"section section-ventajas\">\n\t<div class=\"section-wrapper\">\n\t\t<div class=\"container\">\n\t\t\t\n\t\t\t\t\t\t\n\t\t<\/div>\n\t\t<div class=\"container\">\t\n\t\t\t\n\t\t\t\t\t\t<div class=\"listado-ventajas mt-0\">\n\t\t\t\t\t\t\t\t\n\t\t\t\t\n\t\t\t\t<div class=\"row\">\n\t\t\t\t\t\n\t\t\t\t\t\t\t\t\t\t\n\t\t\t\t\t<div class=\"col-lg-4\">\n\t\t\t\t\t\t<div class=\"elemento\" data-mh=\"equal\">\n\t\t\t\t\t\t\t\t\t\t\t\t\t\t<div class=\"titulo-elemento deco color-negro deco-naranja deco-align-left with-other-classes\">\n\t\t\t\t\t\t\t\tLegal\t\t\t\t\t\t\t<\/div>\n\t\t\t\t\t\t\t\t\t\t\t\t\t\t<div class=\"listado color-negro\">\n\t\t\t\t\t\t\t\t\t\t\t\t\t\t\t\t\t\t\t\t\t\t\t\t<ul class=\"list-unstyled color-negro\">\n\t\t\t\t\t\t\t\t\t\t\t\t\t\t\t\t\t\t\n\t\t\t\t\t\t\t\t\t<li>\n\t\t\t\t\t\t\t\t\t\t\t\t\t\t\t\t\t\t\t\t\tProducing in Coocci\u00f3 allows you to sell legally and safely. \t\t\t\t\t\t\t\t\t\t\t\t\t\t\t\t\t\t\t<\/li>\n\t\t\t\t\t\t\t\t\t\t\t\t\t\t\t\t\t\t\n\t\t\t\t\t\t\t\t\t<li>\n\t\t\t\t\t\t\t\t\t\t\t\t\t\t\t\t\t\t\t\t\tCoocci\u00f3 complies with the requirements of the Ag\u00e8ncia de Salut P\u00fablica de Barcelona to operate under a retail or industrial health registry.\t\t\t\t\t\t\t\t\t\t\t\t\t\t\t\t\t\t\t<\/li>\n\t\t\t\t\t\t\t\t\t\t\t\t\t\t\t\t\t\t\n\t\t\t\t\t\t\t\t\t<li>\n\t\t\t\t\t\t\t\t\t\t\t\t\t\t\t\t\t\t\t\t\t\t\t\t\t\t\t\t\t\t\t\t\t\t\t\t\t\t\t\t<\/li>\n\t\t\t\t\t\t\t\t\t\t\t\t\t\t\t\t\t\t\n\t\t\t\t\t\t\t\t\t<li>\n\t\t\t\t\t\t\t\t\t\t\t\t\t\t\t\t\t\t\t\t\t\t\t\t\t\t\t\t\t\t\t\t\t\t\t\t\t\t\t\t<\/li>\n\t\t\t\t\t\t\t\t\t\t\t\t\t\t\t\t\t\t\n\t\t\t\t\t\t\t\t\t<li>\n\t\t\t\t\t\t\t\t\t\t\t\t\t\t\t\t\t\t\t\t\t\t\t\t\t\t\t\t\t\t\t\t\t\t\t\t\t\t\t\t<\/li>\n\t\t\t\t\t\t\t\t\t\t\t\t\t\t\t\t\t<\/ul>\n\t\t\t\t\t\t\t\t\t\t\t\t\t\t\t<\/div>\n\t\t\t\t\t\t<\/div>\n\t\t\t\t\t<\/div>\n\t\t\t\t\t\t\t\t\t\t\n\t\t\t\t\t<div class=\"col-lg-4\">\n\t\t\t\t\t\t<div class=\"elemento\" data-mh=\"equal\">\n\t\t\t\t\t\t\t\t\t\t\t\t\t\t<div class=\"titulo-elemento deco color-negro deco-naranja deco-align-left with-other-classes\">\n\t\t\t\t\t\t\t\tCertificate\t\t\t\t\t\t\t<\/div>\n\t\t\t\t\t\t\t\t\t\t\t\t\t\t<div class=\"listado color-negro\">\n\t\t\t\t\t\t\t\t\t\t\t\t\t\t\t\t\t\t\t\t\t\t\t\t<ul class=\"list-unstyled color-negro\">\n\t\t\t\t\t\t\t\t\t\t\t\t\t\t\t\t\t\t\n\t\t\t\t\t\t\t\t\t<li>\n\t\t\t\t\t\t\t\t\t\t\t\t\t\t\t\t\t\t\t\t\tWe comply with the CCPAE requirements, to obtain the certification of your organic production. \t\t\t\t\t\t\t\t\t\t\t\t\t\t\t\t\t\t\t<\/li>\n\t\t\t\t\t\t\t\t\t\t\t\t\t\t\t\t\t\t\n\t\t\t\t\t\t\t\t\t<li>\n\t\t\t\t\t\t\t\t\t\t\t\t\t\t\t\t\t\t\t\t\tWe will he happy to help with any other seal of quality or distinctive you may need.\t\t\t\t\t\t\t\t\t\t\t\t\t\t\t\t\t\t\t<\/li>\n\t\t\t\t\t\t\t\t\t\t\t\t\t\t\t\t\t<\/ul>\n\t\t\t\t\t\t\t\t\t\t\t\t\t\t\t<\/div>\n\t\t\t\t\t\t<\/div>\n\t\t\t\t\t<\/div>\n\t\t\t\t\t\t\t\t\t\t\n\t\t\t\t\t<div class=\"col-lg-4\">\n\t\t\t\t\t\t<div class=\"elemento\" data-mh=\"equal\">\n\t\t\t\t\t\t\t\t\t\t\t\t\t\t<div class=\"titulo-elemento deco color-negro deco-naranja deco-align-left with-other-classes\">\n\t\t\t\t\t\t\t\tCosts of commissary kitchen\t\t\t\t\t\t\t<\/div>\n\t\t\t\t\t\t\t\t\t\t\t\t\t\t<div class=\"listado color-negro\">\n\t\t\t\t\t\t\t\t\t\t\t\t\t\t\t\t\t<div class=\"subtitulo-elemento color-negro\">Included in your rate at Coocci\u00f3<\/div>\n\t\t\t\t\t\t\t\t\t\t\t\t\t\t\t\t\t\t\t\t\t\t\t\t<ul class=\"list-unstyled color-negro\">\n\t\t\t\t\t\t\t\t\t\t\t\t\t\t\t\t\t\t\n\t\t\t\t\t\t\t\t\t<li>\n\t\t\t\t\t\t\t\t\t\t\t\t\t\t\t\t\t\t\t\t\t\u2014 Local rental and licence\t\t\t\t\t\t\t\t\t\t\t\t\t\t\t\t\t\t\t<\/li>\n\t\t\t\t\t\t\t\t\t\t\t\t\t\t\t\t\t\t\n\t\t\t\t\t\t\t\t\t<li>\n\t\t\t\t\t\t\t\t\t\t\t\t\t\t\t\t\t\t\t\t\t\u2014 Activity licence\t\t\t\t\t\t\t\t\t\t\t\t\t\t\t\t\t\t\t<\/li>\n\t\t\t\t\t\t\t\t\t\t\t\t\t\t\t\t\t\t\n\t\t\t\t\t\t\t\t\t<li>\n\t\t\t\t\t\t\t\t\t\t\t\t\t\t\t\t\t\t\t\t\t\u2014 Health register\t\t\t\t\t\t\t\t\t\t\t\t\t\t\t\t\t\t\t<\/li>\n\t\t\t\t\t\t\t\t\t\t\t\t\t\t\t\t\t\t\n\t\t\t\t\t\t\t\t\t<li>\n\t\t\t\t\t\t\t\t\t\t\t\t\t\t\t\t\t\t\t\t\t\u2014 Supplies\t\t\t\t\t\t\t\t\t\t\t\t\t\t\t\t\t\t\t<\/li>\n\t\t\t\t\t\t\t\t\t\t\t\t\t\t\t\t\t\t\n\t\t\t\t\t\t\t\t\t<li>\n\t\t\t\t\t\t\t\t\t\t\t\t\t\t\t\t\t\t\t\t\t\u2014 Cleaning and maintenance\t\t\t\t\t\t\t\t\t\t\t\t\t\t\t\t\t\t\t<\/li>\n\t\t\t\t\t\t\t\t\t\t\t\t\t\t\t\t\t\t\n\t\t\t\t\t\t\t\t\t<li>\n\t\t\t\t\t\t\t\t\t\t\t\t\t\t\t\t\t\t\t\t\t\u2014 Waste management\t\t\t\t\t\t\t\t\t\t\t\t\t\t\t\t\t\t\t<\/li>\n\t\t\t\t\t\t\t\t\t\t\t\t\t\t\t\t\t\t\n\t\t\t\t\t\t\t\t\t<li>\n\t\t\t\t\t\t\t\t\t\t\t\t\t\t\t\t\t\t\t\t\t\u2014 Pest control\t\t\t\t\t\t\t\t\t\t\t\t\t\t\t\t\t\t\t<\/li>\n\t\t\t\t\t\t\t\t\t\t\t\t\t\t\t\t\t\t\n\t\t\t\t\t\t\t\t\t<li>\n\t\t\t\t\t\t\t\t\t\t\t\t\t\t\t\t\t\t\t\t\t\u2014 Taxes and fees\t\t\t\t\t\t\t\t\t\t\t\t\t\t\t\t\t\t\t<\/li>\n\t\t\t\t\t\t\t\t\t\t\t\t\t\t\t\t\t\t\n\t\t\t\t\t\t\t\t\t<li>\n\t\t\t\t\t\t\t\t\t\t\t\t\t\t\t\t\t\t\t\t\t\u2014 Alarm and internet\t\t\t\t\t\t\t\t\t\t\t\t\t\t\t\t\t\t\t<\/li>\n\t\t\t\t\t\t\t\t\t\t\t\t\t\t\t\t\t\t\n\t\t\t\t\t\t\t\t\t<li>\n\t\t\t\t\t\t\t\t\t\t\t\t\t\t\t\t\t\t\t\t\t\u2014 Insurance and Occupational Risk Prevention\t\t\t\t\t\t\t\t\t\t\t\t\t\t\t\t\t\t\t<\/li>\n\t\t\t\t\t\t\t\t\t\t\t\t\t\t\t\t\t<\/ul>\n\t\t\t\t\t\t\t\t\t\t\t\t\t\t\t<\/div>\n\t\t\t\t\t\t<\/div>\n\t\t\t\t\t<\/div>\n\t\t\t\t\t\t\t\t\t<\/div>\n\t\t\t<\/div>\n\t\t\t\t\t<\/div>\n\t<\/div>\n<\/section>\n\n\n<section id=\"packs-block_5f1036f4e8444\" class=\"section section-partners incubadora\">\n\t<div class=\"sction-wrapper\">\n\t\t<div class=\"container\">\n\t\t\t<div class=\"row\">\n\t\t\t\t<div class=\"col-lg-5\">\n\t\t\t\t\t<div class=\"titulo-elemento deco deco-naranja deco-align-left with-other-classes\">\n\t\t\t\t\t\tEuropean subsidies\t\t\t\t\t<\/div>\n\t\t\t\t\t<div class=\"texto\">\n\t\t\t\t\t\t<p>&#8220;Coocci\u00f3 ha sido beneficiaria del Fondo Europeo de Desarrollo Regional cuyo objetivo es mejorar la competitividad de las Pymes y gracias al cual ha puesto en marcha un Plan de Marketing Digital  Internacional con el objetivo de mejorar su posicionamiento online en mercados exteriores durante el a\u00f1o 2020. Para ello ha contado con el apoyo del Programa TICC\u00c1MARAS 2020\u2013Convocatoria Extraordinaria de la C\u00e1mara de Comercio de Barcelona.\u201d Una manera de hacer Europa.<\/p>\n\t\t\t\t\t<\/div>\n\t\t\t\t<\/div>\n\t\t\t<\/div>\n\t\t\t\t\t\t<div class=\"grid-logos\">\n\t\t\t\t<div class=\"row\">\n\t\t\t\t\t\t\t\t\t\t<div class=\"col-6 col-lg-2\">\n\t\t\t\t\t\t\t\t\t\t\t\t\t<img decoding=\"async\" src=\"https:\/\/cooccio.com\/wp-content\/uploads\/2021\/01\/Captura-de-pantalla-2021-01-14-a-las-15.56.57.png\" class=\"img-fluid\">\n\t\t\t\t\t\t\t\t\t\t\t<\/div>\n\t\t\t\t\t\t\t\t\t\t<div class=\"col-6 col-lg-2\">\n\t\t\t\t\t\t\t\t\t\t\t\t\t<img decoding=\"async\" src=\"https:\/\/cooccio.com\/wp-content\/uploads\/2021\/01\/Captura-de-pantalla-2021-01-14-a-las-15.57.00.png\" class=\"img-fluid\">\n\t\t\t\t\t\t\t\t\t\t\t<\/div>\n\t\t\t\t\t\t\t\t\t\t<div class=\"col-6 col-lg-2\">\n\t\t\t\t\t\t\t\t\t\t\t\t\t<img decoding=\"async\" src=\"https:\/\/cooccio.com\/wp-content\/uploads\/2021\/01\/Captura-de-pantalla-2021-01-14-a-las-15.57.05.png\" class=\"img-fluid\">\n\t\t\t\t\t\t\t\t\t\t\t<\/div>\n\t\t\t\t\t\t\t\t\t\t<div class=\"col-6 col-lg-2\">\n\t\t\t\t\t\t\t\t\t\t\t\t\t<img decoding=\"async\" src=\"https:\/\/cooccio.com\/wp-content\/uploads\/2021\/01\/Captura-de-pantalla-2021-01-14-a-las-15.57.09.png\" class=\"img-fluid\">\n\t\t\t\t\t\t\t\t\t\t\t<\/div>\n\t\t\t\t\t\t\t\t\t<\/div>\n\t\t\t<\/div>\n\t\t\t\t\t<\/div>\n\t<\/div>\n<\/section>\n\n\n<p><\/p>\n\n\n\n\n\n<hr>\n\n\n<section id=\"reviews-block_c87514b15cd738800f51c423b03a0787\" class=\"section section-reviews\">\n\t<div class=\"section-wrapper\">\n\t\t<div class=\"container\">\n\t\t\t<div class=\"row justify-content-center\">\n\t\t\t\t<div class=\"col-12\">\n\t\t\t\t\t<div class=\"titulo-bloque color-negro text-center\">\n\t\t\t\t\t\tReviews\t\t\t\t\t<\/div>\n\t\t\t\t<\/div>\n\t\t\t<\/div>\n\t\t\t\n\t\t\t\n\t\t\t\n\t\t\t\n\t\t\t<div class=\"row justify-content-center\">\n\t\t\t\t\n\t\t\t\t\t\t\t\t<div class=\"col-lg-4\">\n\t\t\t\t\t<div class=\"review\">\n\t\t\t\t\t\t                        <div class=\"rating\">\n\t                        \n\t                        <span class=\"fas fa-star active\"><\/span><span class=\"fas fa-star active\"><\/span><span class=\"fas fa-star active\"><\/span><span class=\"fas fa-star active\"><\/span><span class=\"fas fa-star active\"><\/span>                        <\/div>\n                                                                        <div class=\"text\">\n\t                       <p>&#8220;El mejor sitio para empezar tu negocio, unas instalaciones incre\u00edbles y una atenci\u00f3n personalizada espectacular.&#8221;<\/p>\n                        <\/div>\n                                                \n                                                <div class=\"meta-data\">\n\t                        \t                        <div class=\"nombre\">\n\t\t                        Nice cookies bcn\t                        <\/div>\n\t                        \t                        \t                        <div class=\"posicion\">\n\t\t                        www.nicecookiesbcn.com\t                        <\/div>\n\t                                                <\/div>\n                                            <\/div>\t\t\t\t\t\t\t\t\n\t\t\t\t<\/div>\n\t\t\t\t\n\t\t\t\t\t\t\t\t<div class=\"col-lg-4\">\n\t\t\t\t\t<div class=\"review\">\n\t\t\t\t\t\t                        <div class=\"rating\">\n\t                        \n\t                        <span class=\"fas fa-star active\"><\/span><span class=\"fas fa-star active\"><\/span><span class=\"fas fa-star active\"><\/span><span class=\"fas fa-star active\"><\/span><span class=\"fas fa-star active\"><\/span>                        <\/div>\n                                                                        <div class=\"text\">\n\t                       <p>&#8220;Local para j\u00f3venes emprendedores. Si quieres arrancar tu negocio, sin apenas inversi\u00f3n&#8230; Este es tu sitio!!! Es el centro log\u00edstico de mi empresa, si me visit\u00e1is&#8230; Os explicar\u00e9 m\u00e1s cositas!!!&#8221;<\/p>\n                        <\/div>\n                                                \n                                                <div class=\"meta-data\">\n\t                        \t                        <div class=\"nombre\">\n\t\t                        Violant M\u00e1rquez\t                        <\/div>\n\t                        \t                        \t                        <div class=\"posicion\">\n\t\t                        www.violantmarquez.com\t                        <\/div>\n\t                                                <\/div>\n                                            <\/div>\t\t\t\t\t\t\t\t\n\t\t\t\t<\/div>\n\t\t\t\t\n\t\t\t\t<\/div><div class=\"row justify-content-center\">\t\t\t\t<div class=\"col-lg-4\">\n\t\t\t\t\t<div class=\"review\">\n\t\t\t\t\t\t                        <div class=\"rating\">\n\t                        \n\t                        <span class=\"fas fa-star active\"><\/span><span class=\"fas fa-star active\"><\/span><span class=\"fas fa-star active\"><\/span><span class=\"fas fa-star active\"><\/span><span class=\"fas fa-star active\"><\/span>                        <\/div>\n                                                                        <div class=\"text\">\n\t                       <p>\u201cCoocci\u00f3 es un proyecto \u00fanico y polivalente, en donde nuevos emprendedores, ideas e iniciativas pueden crecer. Siempre han estado dispuestos a colaborar, conectar y asesorar mi proyecto personal.&#8221;<\/p>\n                        <\/div>\n                                                \n                                                <div class=\"meta-data\">\n\t                        \t                        <div class=\"nombre\">\n\t\t                        Ana Cec\u00edlia P\u00e9rez Mendoza\t                        <\/div>\n\t                        \t                                                <\/div>\n                                            <\/div>\t\t\t\t\t\t\t\t\n\t\t\t\t<\/div>\n\t\t\t\t\n\t\t\t\t\t\t\t\t<div class=\"col-lg-4\">\n\t\t\t\t\t<div class=\"review\">\n\t\t\t\t\t\t                        <div class=\"rating\">\n\t                        \n\t                        <span class=\"fas fa-star active\"><\/span><span class=\"fas fa-star active\"><\/span><span class=\"fas fa-star active\"><\/span><span class=\"fas fa-star active\"><\/span><span class=\"fal fa-star\"><\/span>                        <\/div>\n                                                                        <div class=\"text\">\n\t                       <p>\u201cCooworking de cocineros!! \u2764\ufe0f\u2764\ufe0f un lugar ideal para hacer tus trabajos, pruebas, producciones culinarias la \u00fanica pega: mucha demanda !! La atenci\u00f3n de Neus, la coordinadora del espacio es correctisima&#8221;<\/p>\n                        <\/div>\n                                                \n                                                <div class=\"meta-data\">\n\t                        \t                        <div class=\"nombre\">\n\t\t                        Diego Rossini\t                        <\/div>\n\t                        \t                                                <\/div>\n                                            <\/div>\t\t\t\t\t\t\t\t\n\t\t\t\t<\/div>\n\t\t\t\t\n\t\t\t\t\t\t\t\t\n\t\t\t<\/div>\n\t\t\t\n\t\t<\/div>\n\t<\/div>\n<\/section>\n\n\n\t\n<section id=\"servicios-home-block_5f0eca85fe31d\" class=\"section section-servicios-iconos fondo-marron-claro\">\n\t<div class=\"section-wrapper\">\n\t\t<div class=\"container\">\n\t\t\t<div class=\"row justify-content-center\">\n\t\t\t\t<div class=\"col-lg-6 text-center\">\n\t\t\t\t\t<div class=\"titulo\">\n\t\t\t\t\t\tHow can we help you?\t\t\t\t\t<\/div>\n\t\t\t\t<\/div>\n\t\t\t<\/div>\n\t\t\t\n\t\t\t\t\t\t\n\t\t\t<div class=\"row\">\n\t\t\t\t\n\t\t\t\t\t\t\t\t\n\t\t\t\t<div class=\"col-6 col-lg-3 serv\">\n\t\t\t\t\t<div class=\"servicio\">\n\t\t\t\t\t\t\t\t\t\t\t\t<a href=\"https:\/\/cooccio.com\/obrador\/\">\n\t\t\t\t\t\t\t\t\t\t\t\t<div class=\"icono\" data-mh=\"equal\">\n\t\t\t\t\t\t\t<img decoding=\"async\" src=\"https:\/\/cooccio.com\/wp-content\/uploads\/2020\/07\/cuchillo-1.svg\" class=\"img-fluid\">\n\t\t\t\t\t\t<\/div>\n\t\t\t\t\t\t<div class=\"texto\">\n\t\t\t\t\t\t\tI want to rent a professional kitchen\t\t\t\t\t\t<\/div>\n\t\t\t\t\t\t\t\t\t\t\t\t<\/a>\n\t\t\t\t\t\t\t\t\t\t\t<\/div>\n\t\t\t\t<\/div>\n\t\t\t\t\t\t\t\t\n\t\t\t\t<div class=\"col-6 col-lg-3 serv\">\n\t\t\t\t\t<div class=\"servicio\">\n\t\t\t\t\t\t\t\t\t\t\t\t<a href=\"https:\/\/cooccio.com\/incubadora\/\">\n\t\t\t\t\t\t\t\t\t\t\t\t<div class=\"icono\" data-mh=\"equal\">\n\t\t\t\t\t\t\t<img decoding=\"async\" src=\"https:\/\/cooccio.com\/wp-content\/uploads\/2020\/07\/dialogo-1.svg\" class=\"img-fluid\">\n\t\t\t\t\t\t<\/div>\n\t\t\t\t\t\t<div class=\"texto\">\n\t\t\t\t\t\t\tI want advice on my business\t\t\t\t\t\t<\/div>\n\t\t\t\t\t\t\t\t\t\t\t\t<\/a>\n\t\t\t\t\t\t\t\t\t\t\t<\/div>\n\t\t\t\t<\/div>\n\t\t\t\t\t\t\t\t\n\t\t\t\t<div class=\"col-6 col-lg-3 serv\">\n\t\t\t\t\t<div class=\"servicio\">\n\t\t\t\t\t\t\t\t\t\t\t\t<a href=\"https:\/\/cooccio.com\/obrador\/\">\n\t\t\t\t\t\t\t\t\t\t\t\t<div class=\"icono\" data-mh=\"equal\">\n\t\t\t\t\t\t\t<img decoding=\"async\" src=\"https:\/\/cooccio.com\/wp-content\/uploads\/2020\/07\/tarro-5.svg\" class=\"img-fluid\">\n\t\t\t\t\t\t<\/div>\n\t\t\t\t\t\t<div class=\"texto\">\n\t\t\t\t\t\t\tI want to develop my own product\t\t\t\t\t\t<\/div>\n\t\t\t\t\t\t\t\t\t\t\t\t<\/a>\n\t\t\t\t\t\t\t\t\t\t\t<\/div>\n\t\t\t\t<\/div>\n\t\t\t\t\t\t\t\t\n\t\t\t\t<div class=\"col-6 col-lg-3 serv\">\n\t\t\t\t\t<div class=\"servicio\">\n\t\t\t\t\t\t\t\t\t\t\t\t<a href=\"https:\/\/cooccio.com\/dark-kitchens\/\">\n\t\t\t\t\t\t\t\t\t\t\t\t<div class=\"icono\" data-mh=\"equal\">\n\t\t\t\t\t\t\t<img decoding=\"async\" src=\"https:\/\/cooccio.com\/wp-content\/uploads\/2020\/07\/burguer-1.svg\" class=\"img-fluid\">\n\t\t\t\t\t\t<\/div>\n\t\t\t\t\t\t<div class=\"texto\">\n\t\t\t\t\t\t\tI want to open a Dark Kitchen \t\t\t\t\t\t<\/div>\n\t\t\t\t\t\t\t\t\t\t\t\t<\/a>\n\t\t\t\t\t\t\t\t\t\t\t<\/div>\n\t\t\t\t<\/div>\n\t\t\t\t\t\t\t<\/div>\n\t\t\t\t\t<\/div>\n\t<\/div>\n<\/section>","protected":false},"excerpt":{"rendered":"","protected":false},"author":1,"featured_media":0,"parent":0,"menu_order":0,"comment_status":"closed","ping_status":"closed","template":"page-why-cooccio.php","meta":{"_acf_changed":false,"footnotes":""},"class_list":["post-2089","page","type-page","status-publish","hentry"],"acf":[],"yoast_head":"<!-- This site is optimized with the Yoast SEO plugin v27.5 - https:\/\/yoast.com\/product\/yoast-seo-wordpress\/ -->\n<title>First foodie incubator and shared commissary kitchen in Spain<\/title>\n<meta name=\"description\" content=\"Rent a shared commissary kitchen or your own dark kitchen in Barcelona. Start saving money, no initial investments needed!\" \/>\n<meta name=\"robots\" content=\"index, follow, max-snippet:-1, max-image-preview:large, max-video-preview:-1\" \/>\n<link rel=\"canonical\" href=\"https:\/\/cooccio.com\/en\/why-cooccio\/\" \/>\n<meta property=\"og:locale\" content=\"en_US\" \/>\n<meta property=\"og:type\" content=\"article\" \/>\n<meta property=\"og:title\" content=\"First foodie incubator and shared commissary kitchen in Spain\" \/>\n<meta property=\"og:description\" content=\"Rent a shared commissary kitchen or your own dark kitchen in Barcelona. Start saving money, no initial investments needed!\" \/>\n<meta property=\"og:url\" content=\"https:\/\/cooccio.com\/en\/why-cooccio\/\" \/>\n<meta property=\"og:site_name\" content=\"Coocci\u014d\" \/>\n<meta property=\"article:modified_time\" content=\"2022-10-26T08:37:28+00:00\" \/>\n<meta name=\"twitter:card\" content=\"summary_large_image\" \/>\n<script type=\"application\/ld+json\" class=\"yoast-schema-graph\">{\"@context\":\"https:\\\/\\\/schema.org\",\"@graph\":[{\"@type\":\"WebPage\",\"@id\":\"https:\\\/\\\/cooccio.com\\\/en\\\/why-cooccio\\\/\",\"url\":\"https:\\\/\\\/cooccio.com\\\/en\\\/why-cooccio\\\/\",\"name\":\"First foodie incubator and shared commissary kitchen in Spain\",\"isPartOf\":{\"@id\":\"https:\\\/\\\/cooccio.com\\\/en\\\/#website\"},\"datePublished\":\"2020-07-06T11:10:30+00:00\",\"dateModified\":\"2022-10-26T08:37:28+00:00\",\"description\":\"Rent a shared commissary kitchen or your own dark kitchen in Barcelona. Start saving money, no initial investments needed!\",\"breadcrumb\":{\"@id\":\"https:\\\/\\\/cooccio.com\\\/en\\\/why-cooccio\\\/#breadcrumb\"},\"inLanguage\":\"en-US\",\"potentialAction\":[{\"@type\":\"ReadAction\",\"target\":[\"https:\\\/\\\/cooccio.com\\\/en\\\/why-cooccio\\\/\"]}]},{\"@type\":\"BreadcrumbList\",\"@id\":\"https:\\\/\\\/cooccio.com\\\/en\\\/why-cooccio\\\/#breadcrumb\",\"itemListElement\":[{\"@type\":\"ListItem\",\"position\":1,\"name\":\"Portada\",\"item\":\"https:\\\/\\\/cooccio.com\\\/en\\\/\"},{\"@type\":\"ListItem\",\"position\":2,\"name\":\"Why Coocci\u00f3?\"}]},{\"@type\":\"WebSite\",\"@id\":\"https:\\\/\\\/cooccio.com\\\/en\\\/#website\",\"url\":\"https:\\\/\\\/cooccio.com\\\/en\\\/\",\"name\":\"Coocci\u014d\",\"description\":\"Professional shared Kitchens\",\"potentialAction\":[{\"@type\":\"SearchAction\",\"target\":{\"@type\":\"EntryPoint\",\"urlTemplate\":\"https:\\\/\\\/cooccio.com\\\/en\\\/?s={search_term_string}\"},\"query-input\":{\"@type\":\"PropertyValueSpecification\",\"valueRequired\":true,\"valueName\":\"search_term_string\"}}],\"inLanguage\":\"en-US\"}]}<\/script>\n<!-- \/ Yoast SEO plugin. -->","yoast_head_json":{"title":"First foodie incubator and shared commissary kitchen in Spain","description":"Rent a shared commissary kitchen or your own dark kitchen in Barcelona. Start saving money, no initial investments needed!","robots":{"index":"index","follow":"follow","max-snippet":"max-snippet:-1","max-image-preview":"max-image-preview:large","max-video-preview":"max-video-preview:-1"},"canonical":"https:\/\/cooccio.com\/en\/why-cooccio\/","og_locale":"en_US","og_type":"article","og_title":"First foodie incubator and shared commissary kitchen in Spain","og_description":"Rent a shared commissary kitchen or your own dark kitchen in Barcelona. Start saving money, no initial investments needed!","og_url":"https:\/\/cooccio.com\/en\/why-cooccio\/","og_site_name":"Coocci\u014d","article_modified_time":"2022-10-26T08:37:28+00:00","twitter_card":"summary_large_image","schema":{"@context":"https:\/\/schema.org","@graph":[{"@type":"WebPage","@id":"https:\/\/cooccio.com\/en\/why-cooccio\/","url":"https:\/\/cooccio.com\/en\/why-cooccio\/","name":"First foodie incubator and shared commissary kitchen in Spain","isPartOf":{"@id":"https:\/\/cooccio.com\/en\/#website"},"datePublished":"2020-07-06T11:10:30+00:00","dateModified":"2022-10-26T08:37:28+00:00","description":"Rent a shared commissary kitchen or your own dark kitchen in Barcelona. Start saving money, no initial investments needed!","breadcrumb":{"@id":"https:\/\/cooccio.com\/en\/why-cooccio\/#breadcrumb"},"inLanguage":"en-US","potentialAction":[{"@type":"ReadAction","target":["https:\/\/cooccio.com\/en\/why-cooccio\/"]}]},{"@type":"BreadcrumbList","@id":"https:\/\/cooccio.com\/en\/why-cooccio\/#breadcrumb","itemListElement":[{"@type":"ListItem","position":1,"name":"Portada","item":"https:\/\/cooccio.com\/en\/"},{"@type":"ListItem","position":2,"name":"Why Coocci\u00f3?"}]},{"@type":"WebSite","@id":"https:\/\/cooccio.com\/en\/#website","url":"https:\/\/cooccio.com\/en\/","name":"Coocci\u014d","description":"Professional shared Kitchens","potentialAction":[{"@type":"SearchAction","target":{"@type":"EntryPoint","urlTemplate":"https:\/\/cooccio.com\/en\/?s={search_term_string}"},"query-input":{"@type":"PropertyValueSpecification","valueRequired":true,"valueName":"search_term_string"}}],"inLanguage":"en-US"}]}},"_links":{"self":[{"href":"https:\/\/cooccio.com\/en\/wp-json\/wp\/v2\/pages\/2089","targetHints":{"allow":["GET"]}}],"collection":[{"href":"https:\/\/cooccio.com\/en\/wp-json\/wp\/v2\/pages"}],"about":[{"href":"https:\/\/cooccio.com\/en\/wp-json\/wp\/v2\/types\/page"}],"author":[{"embeddable":true,"href":"https:\/\/cooccio.com\/en\/wp-json\/wp\/v2\/users\/1"}],"replies":[{"embeddable":true,"href":"https:\/\/cooccio.com\/en\/wp-json\/wp\/v2\/comments?post=2089"}],"version-history":[{"count":15,"href":"https:\/\/cooccio.com\/en\/wp-json\/wp\/v2\/pages\/2089\/revisions"}],"predecessor-version":[{"id":6232,"href":"https:\/\/cooccio.com\/en\/wp-json\/wp\/v2\/pages\/2089\/revisions\/6232"}],"wp:attachment":[{"href":"https:\/\/cooccio.com\/en\/wp-json\/wp\/v2\/media?parent=2089"}],"curies":[{"name":"wp","href":"https:\/\/api.w.org\/{rel}","templated":true}]}}