{"id":2135,"date":"2020-06-25T09:48:39","date_gmt":"2020-06-25T09:48:39","guid":{"rendered":"https:\/\/cooccio.com\/politica-privacidad\/"},"modified":"2021-01-18T16:19:10","modified_gmt":"2021-01-18T16:19:10","slug":"politica-privacidad","status":"publish","type":"page","link":"https:\/\/cooccio.com\/en\/politica-privacidad\/","title":{"rendered":"Pol\u00edtica de privacidad"},"content":{"rendered":"<section id=\"texto-block_5f60df0082e80\" class=\"section section-texto-legal\">\n\t<div class=\"section-wrapper\">\n\t\t<div class=\"container\">\n\t\t\t<div class=\"row justify-content-center\">\n\t\t\t\t<div class=\"col-lg-10\">\n\t\t\t\t\t<div class=\"row justify-content-center\">\n\t\t\t\t\t\t<div class=\"col-12\">\n\t\t\t\t\t\t\t<div class=\"titulo-bloque color-negro text-lg-center\">\n\t\t\t\t\t\t\t\tPol\u00edtica de privacidad\t\t\t\t\t\t\t<\/div>\n\t\t\t\t\t\t<\/div>\n\t\t\t\t\t<\/div>\n\t\t\t\t\t<div class=\"row justify-content-center\">\n\t\t\t\t\t\t<div class=\"col-12\">\n\t\t\t\t\t\t\t<div class=\"texto\">\n\t\t\t\t\t\t\t\t<p class=\"p1\">De conformidad con lo establecido en la Ley Org\u00e1nica 15\/1999 de Protecci\u00f3n de Datos (LOPD) de Car\u00e1cter Personal queremos comunicaros que los datos recogidos en nuestros formularios se incorporar\u00e1n a un fichero registrado en la Agencia Espa\u00f1ola de Protecci\u00f3n de Datos, del cual es responsable Cocina Barcelona SL , Con domicilio social en la calle Morales 27, 08028 Barcelona, Tel\u00e9fono: 936 818 768 e inscrita en el Registro Mercantil de Barcelona al volumen 45005, Folio 62, Hoja B-473999 y CIF: B-66615931 con las finalidades que se establecen en cada uno de los formularios de recogida establecidos en el presente sitio web y para poder remitir informaci\u00f3n de productos y servicios de nuestra entidad y \/ o sus partners incluso por medio de correo electr\u00f3nico.<\/p>\n<p class=\"p1\">Mediante la indicaci\u00f3n de sus datos, y de conformidad con lo establecido en el art\u00edculo 6 de la Ley Org\u00e1nica 15\/1999, de 13 de diciembre, de protecci\u00f3n de datos de car\u00e1cter personal, consiente de forma inequ\u00edvoca el tratamiento de sus datos para la finalidad indicada en el apartado anterior.<\/p>\n<p class=\"p1\">La aceptaci\u00f3n de esta Pol\u00edtica de Privacidad supondr\u00e1 el consentimiento para la incorporaci\u00f3n de sus datos al fichero incidente con anterioridad.<\/p>\n<p class=\"p1\">\n<p class=\"p1\"><b>POL\u00cdTICA DE PROTECCI\u00d3N DE DATOS<\/b><\/p>\n<p class=\"p1\">Cuina Barcelona S.L., pone a su disposici\u00f3n la informaci\u00f3n adicional concerniente al tratamiento de sus datos personales, tal y como establece la normativa en la materia:\u00a0<b>REGLAMENTO (UE) 2016\/679 DEL PARLAMENTO EUROPEO Y DEL CONSEJO de 27 de abril de 2016 (RGPD)<\/b>.<\/p>\n<p class=\"p1\"><b>A) Datos del responsable:<\/b><\/p>\n<p class=\"p1\">Cuina Barcelona S.L<br \/>\nTitular del sitio web: cooccio.com<br \/>\nCarrer Morales 27 \u2013 Baixos E, 08028 Barcelona<\/p>\n<p class=\"p1\"><span class=\"s1\">hola@cooccio.com<\/span><br \/>\nC.I.F.: B-66615931<\/p>\n<p class=\"p1\"><b>B) \u00bfCon qu\u00e9 finalidad trata coocci\u014d sus datos personales?<\/b><br \/>\nEn coocci\u014d tratamos la informaci\u00f3n que nos facilitan las personas interesadas en nuestros servicios de acuerdo con las siguientes finalidades:<br \/>\n\u2013 Gestionar la solicitud de contacto.<br \/>\n\u2013 Env\u00edo de Newsletter de cooccio con informaci\u00f3n y publicidad del sector.<br \/>\n<b>C) \u00bfPor cu\u00e1nto tiempo conservamos sus datos personales?<\/b><\/p>\n<p class=\"p1\">Los datos proporcionados se conservar\u00e1n mientras se mantenga la relaci\u00f3n comercial o durante los a\u00f1os necesarios para cumplir con las obligaciones legales, teniendo en cuenta que coocci\u014d debe poder probar las diferentes actuaciones con el cliente y usuario (alta, pago, consultas y cancelaciones del usuario).<\/p>\n<p class=\"p1\">Respecto al env\u00edo de la Newsletter se conservar\u00e1n los datos personales mientras no se solicite la supresi\u00f3n de la recepci\u00f3n del Newsletter por el interesado.<\/p>\n<p class=\"p1\">Asimismo, coocci\u014d lleva a cabo peri\u00f3dicamente un an\u00e1lisis de los periodos de conservaci\u00f3n de los datos, eliminando los datos de oficio por considerar que la informaci\u00f3n haya quedado obsoleta o desactualizada.<\/p>\n<p class=\"p1\"><b>D) \u00bfCu\u00e1l es la legitimaci\u00f3n para el tratamiento de sus datos?<\/b><\/p>\n<p class=\"p1\">La base legal para el tratamiento de sus datos se basa en el consentimiento otorgado al completar cualquiera de los formularios que dispone coocci\u014d de sus servicios a trav\u00e9s de la web.<\/p>\n<p class=\"p1\">Sin que en ning\u00fan caso la retirada del consentimiento para recibir la Newsletter condicione el mantenimiento del consentimiento de la relaci\u00f3n de los servicios y viceversa.<\/p>\n<p class=\"p1\"><b>E) \u00bfA qu\u00e9 destinatarios se comunicar\u00e1n sus datos?<\/b><\/p>\n<p class=\"p1\">No se prev\u00e9 la cesi\u00f3n de los datos a terceros, salvo los que establezca la normativa como obligatorios.<\/p>\n<p class=\"p1\"><b>F) \u00bfCu\u00e1les son sus derechos cuando nos facilita sus datos?<\/b><\/p>\n<p class=\"p1\">Cualquier persona tiene el derecho a solicitar el acceso a sus datos personales, su rectificaci\u00f3n o supresi\u00f3n, o la limitaci\u00f3n de tratamiento, o a oponerse al tratamiento, as\u00ed como el derecho a la portabilidad de los datos. As\u00ed como el derecho a retirar el consentimiento en cualquiera de sus finalidades.<\/p>\n<p class=\"p1\">Para ello puede dirigir una carta a coocci\u014d (C\/ Morales 27- baixos\u00a0E, 08028 Barcelona) o mediante correo electr\u00f3nico escribiendo a\u00a0<a href=\"mailto:hola@cooccio.com\"><span class=\"s2\">hola@cooccio.com<\/span><\/a>\u00a0indicando el ejercicio que desea ejercer. Deber\u00e1 acreditarse la identidad del solicitante acompa\u00f1ando fotocopia del DNI.<\/p>\n<p class=\"p1\">Asimismo, le informamos de que tiene derecho a presentar una reclamaci\u00f3n ante la autoridad de control competente (Agencia Espa\u00f1ola de Protecci\u00f3n de Datos), si considera que se ha producido alg\u00fan tipo de vulneraci\u00f3n en relaci\u00f3n con el tratamiento de sus datos personales.<\/p>\n<p class=\"p1\">En el caso que se solicite la limitaci\u00f3n del tratamiento de sus datos \u00fanicamente los conservaremos para el ejercicio o la defensa de reclamaciones y en los casos de oposici\u00f3n dejar\u00e1n de tratarse los datos, salvo por motivos leg\u00edtimos imperiosos, o el ejercicio o la defensa de posibles reclamaciones.<\/p>\n<p class=\"p1\">Asimismo, para garantizar que los datos que tenemos son correctos y se encuentran actualizados, le rogamos que, si se produce alguna modificaci\u00f3n en sus datos, o si, por cualquier motivo, detecta que tenemos alg\u00fan dato suyo incorrecto, nos lo comunique a la mayor brevedad para proceder a la oportuna subsanaci\u00f3n.<\/p>\n\n\t\t\t\t\t\t\t<\/div>\n\t\t\t\t\t\t<\/div>\n\t\t\t\t\t<\/div>\n\t\t\t\t<\/div>\n\t\t\t<\/div>\n\t\t<\/div>\n\t<\/div>\n<\/section>","protected":false},"excerpt":{"rendered":"","protected":false},"author":1,"featured_media":0,"parent":0,"menu_order":0,"comment_status":"closed","ping_status":"closed","template":"page-legal.php","meta":{"_acf_changed":false,"footnotes":""},"class_list":["post-2135","page","type-page","status-publish","hentry"],"acf":[],"yoast_head":"<!-- This site is optimized with the Yoast SEO plugin v27.5 - https:\/\/yoast.com\/product\/yoast-seo-wordpress\/ -->\n<title>Pol\u00edtica de privacidad &#8212; Coocci\u014d<\/title>\n<meta name=\"robots\" content=\"index, follow, max-snippet:-1, max-image-preview:large, max-video-preview:-1\" \/>\n<link rel=\"canonical\" href=\"https:\/\/cooccio.com\/en\/politica-privacidad\/\" \/>\n<meta property=\"og:locale\" content=\"en_US\" \/>\n<meta property=\"og:type\" content=\"article\" \/>\n<meta property=\"og:title\" content=\"Pol\u00edtica de privacidad &#8212; Coocci\u014d\" \/>\n<meta property=\"og:url\" content=\"https:\/\/cooccio.com\/en\/politica-privacidad\/\" \/>\n<meta property=\"og:site_name\" content=\"Coocci\u014d\" \/>\n<meta property=\"article:modified_time\" content=\"2021-01-18T16:19:10+00:00\" \/>\n<meta name=\"twitter:card\" content=\"summary_large_image\" \/>\n<script type=\"application\/ld+json\" class=\"yoast-schema-graph\">{\"@context\":\"https:\\\/\\\/schema.org\",\"@graph\":[{\"@type\":\"WebPage\",\"@id\":\"https:\\\/\\\/cooccio.com\\\/en\\\/politica-privacidad\\\/\",\"url\":\"https:\\\/\\\/cooccio.com\\\/en\\\/politica-privacidad\\\/\",\"name\":\"Pol\u00edtica de privacidad &#8212; Coocci\u014d\",\"isPartOf\":{\"@id\":\"https:\\\/\\\/cooccio.com\\\/en\\\/#website\"},\"datePublished\":\"2020-06-25T09:48:39+00:00\",\"dateModified\":\"2021-01-18T16:19:10+00:00\",\"breadcrumb\":{\"@id\":\"https:\\\/\\\/cooccio.com\\\/en\\\/politica-privacidad\\\/#breadcrumb\"},\"inLanguage\":\"en-US\",\"potentialAction\":[{\"@type\":\"ReadAction\",\"target\":[\"https:\\\/\\\/cooccio.com\\\/en\\\/politica-privacidad\\\/\"]}]},{\"@type\":\"BreadcrumbList\",\"@id\":\"https:\\\/\\\/cooccio.com\\\/en\\\/politica-privacidad\\\/#breadcrumb\",\"itemListElement\":[{\"@type\":\"ListItem\",\"position\":1,\"name\":\"Portada\",\"item\":\"https:\\\/\\\/cooccio.com\\\/en\\\/\"},{\"@type\":\"ListItem\",\"position\":2,\"name\":\"Pol\u00edtica de privacidad\"}]},{\"@type\":\"WebSite\",\"@id\":\"https:\\\/\\\/cooccio.com\\\/en\\\/#website\",\"url\":\"https:\\\/\\\/cooccio.com\\\/en\\\/\",\"name\":\"Coocci\u014d\",\"description\":\"Professional shared Kitchens\",\"potentialAction\":[{\"@type\":\"SearchAction\",\"target\":{\"@type\":\"EntryPoint\",\"urlTemplate\":\"https:\\\/\\\/cooccio.com\\\/en\\\/?s={search_term_string}\"},\"query-input\":{\"@type\":\"PropertyValueSpecification\",\"valueRequired\":true,\"valueName\":\"search_term_string\"}}],\"inLanguage\":\"en-US\"}]}<\/script>\n<!-- \/ Yoast SEO plugin. -->","yoast_head_json":{"title":"Pol\u00edtica de privacidad &#8212; Coocci\u014d","robots":{"index":"index","follow":"follow","max-snippet":"max-snippet:-1","max-image-preview":"max-image-preview:large","max-video-preview":"max-video-preview:-1"},"canonical":"https:\/\/cooccio.com\/en\/politica-privacidad\/","og_locale":"en_US","og_type":"article","og_title":"Pol\u00edtica de privacidad &#8212; Coocci\u014d","og_url":"https:\/\/cooccio.com\/en\/politica-privacidad\/","og_site_name":"Coocci\u014d","article_modified_time":"2021-01-18T16:19:10+00:00","twitter_card":"summary_large_image","schema":{"@context":"https:\/\/schema.org","@graph":[{"@type":"WebPage","@id":"https:\/\/cooccio.com\/en\/politica-privacidad\/","url":"https:\/\/cooccio.com\/en\/politica-privacidad\/","name":"Pol\u00edtica de privacidad &#8212; Coocci\u014d","isPartOf":{"@id":"https:\/\/cooccio.com\/en\/#website"},"datePublished":"2020-06-25T09:48:39+00:00","dateModified":"2021-01-18T16:19:10+00:00","breadcrumb":{"@id":"https:\/\/cooccio.com\/en\/politica-privacidad\/#breadcrumb"},"inLanguage":"en-US","potentialAction":[{"@type":"ReadAction","target":["https:\/\/cooccio.com\/en\/politica-privacidad\/"]}]},{"@type":"BreadcrumbList","@id":"https:\/\/cooccio.com\/en\/politica-privacidad\/#breadcrumb","itemListElement":[{"@type":"ListItem","position":1,"name":"Portada","item":"https:\/\/cooccio.com\/en\/"},{"@type":"ListItem","position":2,"name":"Pol\u00edtica de privacidad"}]},{"@type":"WebSite","@id":"https:\/\/cooccio.com\/en\/#website","url":"https:\/\/cooccio.com\/en\/","name":"Coocci\u014d","description":"Professional shared Kitchens","potentialAction":[{"@type":"SearchAction","target":{"@type":"EntryPoint","urlTemplate":"https:\/\/cooccio.com\/en\/?s={search_term_string}"},"query-input":{"@type":"PropertyValueSpecification","valueRequired":true,"valueName":"search_term_string"}}],"inLanguage":"en-US"}]}},"_links":{"self":[{"href":"https:\/\/cooccio.com\/en\/wp-json\/wp\/v2\/pages\/2135","targetHints":{"allow":["GET"]}}],"collection":[{"href":"https:\/\/cooccio.com\/en\/wp-json\/wp\/v2\/pages"}],"about":[{"href":"https:\/\/cooccio.com\/en\/wp-json\/wp\/v2\/types\/page"}],"author":[{"embeddable":true,"href":"https:\/\/cooccio.com\/en\/wp-json\/wp\/v2\/users\/1"}],"replies":[{"embeddable":true,"href":"https:\/\/cooccio.com\/en\/wp-json\/wp\/v2\/comments?post=2135"}],"version-history":[{"count":1,"href":"https:\/\/cooccio.com\/en\/wp-json\/wp\/v2\/pages\/2135\/revisions"}],"predecessor-version":[{"id":2137,"href":"https:\/\/cooccio.com\/en\/wp-json\/wp\/v2\/pages\/2135\/revisions\/2137"}],"wp:attachment":[{"href":"https:\/\/cooccio.com\/en\/wp-json\/wp\/v2\/media?parent=2135"}],"curies":[{"name":"wp","href":"https:\/\/api.w.org\/{rel}","templated":true}]}}