{"id":2469,"date":"2021-07-30T08:18:13","date_gmt":"2021-07-30T08:18:13","guid":{"rendered":"https:\/\/cooccio.com\/?post_type=product&#038;p=2469"},"modified":"2022-11-21T21:03:37","modified_gmt":"2022-11-21T21:03:37","slug":"granola-mediterrania-la-tribu","status":"publish","type":"product","link":"https:\/\/cooccio.com\/en\/producto\/granola-mediterrania-la-tribu\/","title":{"rendered":"Granola Mediterr\u00e1nea"},"content":{"rendered":"<p>Granola artesana, 100% ecol\u00f3gica y sin az\u00facar.<br \/>\nGranola con almendras, coco y semillas.<br \/>\nSin aditivos ni az\u00facares refinados, 100% ingredientes naturales, horneados a baja temperatura.<\/p>\n<p>LA RECETA: Esta granola solo contiene ingredientes naturales que hemos horneado con mucho cuidado a la temperatura adecuada para poder preservar las propiedades saludables. Todos los ingredientes han sido seleccionados por su calidad y son de proveedores con certificado ecol\u00f3gico.<\/p>\n<p><strong>INGREDIENTES<\/strong>: Copos integrales de avena*, almendras laminadas, aceite de oliva virgen extra*, jarabe de \u00e1gave*, pipas de calabaza*, pipas de girasol*, escamas de coco*, semillas de ch\u00eda*, canela de Ceyl\u00e1n* y sal rosa del Himalaya.<\/p>\n<p>*Ingredientes procedentes de agricultura ecol\u00f3gica. Almendras de levante. AOVE ecol\u00f3gico de Les Garrigues.<\/p>\n<p><strong>FORMATO<\/strong>: 350 gr.<\/p>\n<p>&nbsp;<\/p>\n","protected":false},"excerpt":{"rendered":"<p>Granola artesana, 100% ecol\u00f3gica sin az\u00facar<\/p>\n","protected":false},"featured_media":4715,"template":"","meta":{"_acf_changed":false},"product_brand":[],"product_cat":[120,122],"product_tag":[],"class_list":{"0":"post-2469","1":"product","2":"type-product","3":"status-publish","4":"has-post-thumbnail","6":"productores-la-tribu-en","7":"product_cat-cooccio-en","8":"product_cat-granola-en","10":"first","11":"outofstock","12":"shipping-taxable","13":"purchasable","14":"product-type-simple"},"acf":[],"yoast_head":"<!-- This site is optimized with the Yoast SEO plugin v27.5 - https:\/\/yoast.com\/product\/yoast-seo-wordpress\/ -->\n<title>Granola Mediterr\u00e1nea- Bootiga Productors de Barcelona<\/title>\n<meta name=\"description\" content=\"Granola artesana con ingredientes naturales procedentes de agricultura ecol\u00f3gica. Compra online. Support local.\" \/>\n<meta name=\"robots\" content=\"index, follow, max-snippet:-1, max-image-preview:large, max-video-preview:-1\" \/>\n<link rel=\"canonical\" href=\"https:\/\/cooccio.com\/en\/producto\/granola-mediterrania-la-tribu\/\" \/>\n<meta property=\"og:locale\" content=\"en_US\" \/>\n<meta property=\"og:type\" content=\"article\" \/>\n<meta property=\"og:title\" content=\"Granola Mediterr\u00e1nea- Bootiga Productors de Barcelona\" \/>\n<meta property=\"og:description\" content=\"Granola artesana con ingredientes naturales procedentes de agricultura ecol\u00f3gica. Compra online. Support local.\" \/>\n<meta property=\"og:url\" content=\"https:\/\/cooccio.com\/en\/producto\/granola-mediterrania-la-tribu\/\" \/>\n<meta property=\"og:site_name\" content=\"Coocci\u014d\" \/>\n<meta property=\"article:modified_time\" content=\"2022-11-21T21:03:37+00:00\" \/>\n<meta property=\"og:image\" content=\"https:\/\/cooccio.com\/wp-content\/uploads\/2021\/07\/22.jpg\" \/>\n\t<meta property=\"og:image:width\" content=\"756\" \/>\n\t<meta property=\"og:image:height\" content=\"888\" \/>\n\t<meta property=\"og:image:type\" content=\"image\/jpeg\" \/>\n<meta name=\"twitter:card\" content=\"summary_large_image\" \/>\n<meta name=\"twitter:label1\" content=\"Est. reading time\" \/>\n\t<meta name=\"twitter:data1\" content=\"1 minute\" \/>\n<script type=\"application\/ld+json\" class=\"yoast-schema-graph\">{\"@context\":\"https:\\\/\\\/schema.org\",\"@graph\":[{\"@type\":\"WebPage\",\"@id\":\"https:\\\/\\\/cooccio.com\\\/en\\\/producto\\\/granola-mediterrania-la-tribu\\\/\",\"url\":\"https:\\\/\\\/cooccio.com\\\/en\\\/producto\\\/granola-mediterrania-la-tribu\\\/\",\"name\":\"Granola Mediterr\u00e1nea- Bootiga Productors de Barcelona\",\"isPartOf\":{\"@id\":\"https:\\\/\\\/cooccio.com\\\/en\\\/#website\"},\"primaryImageOfPage\":{\"@id\":\"https:\\\/\\\/cooccio.com\\\/en\\\/producto\\\/granola-mediterrania-la-tribu\\\/#primaryimage\"},\"image\":{\"@id\":\"https:\\\/\\\/cooccio.com\\\/en\\\/producto\\\/granola-mediterrania-la-tribu\\\/#primaryimage\"},\"thumbnailUrl\":\"https:\\\/\\\/cooccio.com\\\/wp-content\\\/uploads\\\/2021\\\/07\\\/22.jpg\",\"datePublished\":\"2021-07-30T08:18:13+00:00\",\"dateModified\":\"2022-11-21T21:03:37+00:00\",\"description\":\"Granola artesana con ingredientes naturales procedentes de agricultura ecol\u00f3gica. Compra online. Support local.\",\"breadcrumb\":{\"@id\":\"https:\\\/\\\/cooccio.com\\\/en\\\/producto\\\/granola-mediterrania-la-tribu\\\/#breadcrumb\"},\"inLanguage\":\"en-US\",\"potentialAction\":[{\"@type\":\"ReadAction\",\"target\":[\"https:\\\/\\\/cooccio.com\\\/en\\\/producto\\\/granola-mediterrania-la-tribu\\\/\"]}]},{\"@type\":\"ImageObject\",\"inLanguage\":\"en-US\",\"@id\":\"https:\\\/\\\/cooccio.com\\\/en\\\/producto\\\/granola-mediterrania-la-tribu\\\/#primaryimage\",\"url\":\"https:\\\/\\\/cooccio.com\\\/wp-content\\\/uploads\\\/2021\\\/07\\\/22.jpg\",\"contentUrl\":\"https:\\\/\\\/cooccio.com\\\/wp-content\\\/uploads\\\/2021\\\/07\\\/22.jpg\",\"width\":756,\"height\":888},{\"@type\":\"BreadcrumbList\",\"@id\":\"https:\\\/\\\/cooccio.com\\\/en\\\/producto\\\/granola-mediterrania-la-tribu\\\/#breadcrumb\",\"itemListElement\":[{\"@type\":\"ListItem\",\"position\":1,\"name\":\"Portada\",\"item\":\"https:\\\/\\\/cooccio.com\\\/en\\\/\"},{\"@type\":\"ListItem\",\"position\":2,\"name\":\"Shop\",\"item\":\"https:\\\/\\\/cooccio.com\\\/en\\\/?page_id=3854\"},{\"@type\":\"ListItem\",\"position\":3,\"name\":\"Granola Mediterr\u00e1nea\"}]},{\"@type\":\"WebSite\",\"@id\":\"https:\\\/\\\/cooccio.com\\\/en\\\/#website\",\"url\":\"https:\\\/\\\/cooccio.com\\\/en\\\/\",\"name\":\"Coocci\u014d\",\"description\":\"Professional shared Kitchens\",\"potentialAction\":[{\"@type\":\"SearchAction\",\"target\":{\"@type\":\"EntryPoint\",\"urlTemplate\":\"https:\\\/\\\/cooccio.com\\\/en\\\/?s={search_term_string}\"},\"query-input\":{\"@type\":\"PropertyValueSpecification\",\"valueRequired\":true,\"valueName\":\"search_term_string\"}}],\"inLanguage\":\"en-US\"}]}<\/script>\n<!-- \/ Yoast SEO plugin. -->","yoast_head_json":{"title":"Granola Mediterr\u00e1nea- Bootiga Productors de Barcelona","description":"Granola artesana con ingredientes naturales procedentes de agricultura ecol\u00f3gica. Compra online. Support local.","robots":{"index":"index","follow":"follow","max-snippet":"max-snippet:-1","max-image-preview":"max-image-preview:large","max-video-preview":"max-video-preview:-1"},"canonical":"https:\/\/cooccio.com\/en\/producto\/granola-mediterrania-la-tribu\/","og_locale":"en_US","og_type":"article","og_title":"Granola Mediterr\u00e1nea- Bootiga Productors de Barcelona","og_description":"Granola artesana con ingredientes naturales procedentes de agricultura ecol\u00f3gica. Compra online. Support local.","og_url":"https:\/\/cooccio.com\/en\/producto\/granola-mediterrania-la-tribu\/","og_site_name":"Coocci\u014d","article_modified_time":"2022-11-21T21:03:37+00:00","og_image":[{"width":756,"height":888,"url":"https:\/\/cooccio.com\/wp-content\/uploads\/2021\/07\/22.jpg","type":"image\/jpeg"}],"twitter_card":"summary_large_image","twitter_misc":{"Est. reading time":"1 minute"},"schema":{"@context":"https:\/\/schema.org","@graph":[{"@type":"WebPage","@id":"https:\/\/cooccio.com\/en\/producto\/granola-mediterrania-la-tribu\/","url":"https:\/\/cooccio.com\/en\/producto\/granola-mediterrania-la-tribu\/","name":"Granola Mediterr\u00e1nea- Bootiga Productors de Barcelona","isPartOf":{"@id":"https:\/\/cooccio.com\/en\/#website"},"primaryImageOfPage":{"@id":"https:\/\/cooccio.com\/en\/producto\/granola-mediterrania-la-tribu\/#primaryimage"},"image":{"@id":"https:\/\/cooccio.com\/en\/producto\/granola-mediterrania-la-tribu\/#primaryimage"},"thumbnailUrl":"https:\/\/cooccio.com\/wp-content\/uploads\/2021\/07\/22.jpg","datePublished":"2021-07-30T08:18:13+00:00","dateModified":"2022-11-21T21:03:37+00:00","description":"Granola artesana con ingredientes naturales procedentes de agricultura ecol\u00f3gica. Compra online. Support local.","breadcrumb":{"@id":"https:\/\/cooccio.com\/en\/producto\/granola-mediterrania-la-tribu\/#breadcrumb"},"inLanguage":"en-US","potentialAction":[{"@type":"ReadAction","target":["https:\/\/cooccio.com\/en\/producto\/granola-mediterrania-la-tribu\/"]}]},{"@type":"ImageObject","inLanguage":"en-US","@id":"https:\/\/cooccio.com\/en\/producto\/granola-mediterrania-la-tribu\/#primaryimage","url":"https:\/\/cooccio.com\/wp-content\/uploads\/2021\/07\/22.jpg","contentUrl":"https:\/\/cooccio.com\/wp-content\/uploads\/2021\/07\/22.jpg","width":756,"height":888},{"@type":"BreadcrumbList","@id":"https:\/\/cooccio.com\/en\/producto\/granola-mediterrania-la-tribu\/#breadcrumb","itemListElement":[{"@type":"ListItem","position":1,"name":"Portada","item":"https:\/\/cooccio.com\/en\/"},{"@type":"ListItem","position":2,"name":"Shop","item":"https:\/\/cooccio.com\/en\/?page_id=3854"},{"@type":"ListItem","position":3,"name":"Granola Mediterr\u00e1nea"}]},{"@type":"WebSite","@id":"https:\/\/cooccio.com\/en\/#website","url":"https:\/\/cooccio.com\/en\/","name":"Coocci\u014d","description":"Professional shared Kitchens","potentialAction":[{"@type":"SearchAction","target":{"@type":"EntryPoint","urlTemplate":"https:\/\/cooccio.com\/en\/?s={search_term_string}"},"query-input":{"@type":"PropertyValueSpecification","valueRequired":true,"valueName":"search_term_string"}}],"inLanguage":"en-US"}]}},"_links":{"self":[{"href":"https:\/\/cooccio.com\/en\/wp-json\/wp\/v2\/product\/2469","targetHints":{"allow":["GET"]}}],"collection":[{"href":"https:\/\/cooccio.com\/en\/wp-json\/wp\/v2\/product"}],"about":[{"href":"https:\/\/cooccio.com\/en\/wp-json\/wp\/v2\/types\/product"}],"wp:featuredmedia":[{"embeddable":true,"href":"https:\/\/cooccio.com\/en\/wp-json\/wp\/v2\/media\/4715"}],"wp:attachment":[{"href":"https:\/\/cooccio.com\/en\/wp-json\/wp\/v2\/media?parent=2469"}],"wp:term":[{"taxonomy":"product_brand","embeddable":true,"href":"https:\/\/cooccio.com\/en\/wp-json\/wp\/v2\/product_brand?post=2469"},{"taxonomy":"product_cat","embeddable":true,"href":"https:\/\/cooccio.com\/en\/wp-json\/wp\/v2\/product_cat?post=2469"},{"taxonomy":"product_tag","embeddable":true,"href":"https:\/\/cooccio.com\/en\/wp-json\/wp\/v2\/product_tag?post=2469"}],"curies":[{"name":"wp","href":"https:\/\/api.w.org\/{rel}","templated":true}]}}