{"id":3454,"date":"2021-08-31T09:57:03","date_gmt":"2021-08-31T09:57:03","guid":{"rendered":"https:\/\/cooccio.com\/producto\/by-qooqer-delantal\/"},"modified":"2022-04-07T17:05:48","modified_gmt":"2022-04-07T17:05:48","slug":"by-qooqer-delantal","status":"publish","type":"product","link":"https:\/\/cooccio.com\/en\/producto\/by-qooqer-delantal\/","title":{"rendered":"Delantal By Qooqer"},"content":{"rendered":"<p>Un delantal confeccionado en denim org\u00e1nico, te\u00f1ido artesanalmente con un color y acabados incomparables. Su dise\u00f1o est\u00e1 pensado para tu comodidad, con 1 bolsillo superior y 2 inferiores.<br \/>\nUnisex.<br \/>\nTalla \u00fanica, ajustable.<br \/>\nTama\u00f1o: 73,5 x 88,5 cm.<br \/>\nTejido denim te\u00f1ido 100% algod\u00f3n org\u00e1nico.<\/p>\n<p>Fabricado a mano en Espa\u00f1a con la sabidur\u00eda de manos expertas. Marca: QOOQER<\/p>\n","protected":false},"excerpt":{"rendered":"<p>Delantal Cooccio by Qooqer<\/p>\n","protected":false},"featured_media":4709,"template":"","meta":{"_acf_changed":false},"product_brand":[],"product_cat":[120],"product_tag":[],"class_list":{"0":"post-3454","1":"product","2":"type-product","3":"status-publish","4":"has-post-thumbnail","6":"productores-qooqer-en","7":"product_cat-cooccio-en","9":"first","10":"instock","11":"shipping-taxable","12":"purchasable","13":"product-type-simple"},"acf":[],"yoast_head":"<!-- This site is optimized with the Yoast SEO plugin v27.5 - https:\/\/yoast.com\/product\/yoast-seo-wordpress\/ -->\n<title>Delantal By Qooqer &#8212; Coocci\u014d<\/title>\n<meta name=\"robots\" content=\"index, follow, max-snippet:-1, max-image-preview:large, max-video-preview:-1\" \/>\n<link rel=\"canonical\" href=\"https:\/\/cooccio.com\/en\/producto\/by-qooqer-delantal\/\" \/>\n<meta property=\"og:locale\" content=\"en_US\" \/>\n<meta property=\"og:type\" content=\"article\" \/>\n<meta property=\"og:title\" content=\"Delantal By Qooqer &#8212; Coocci\u014d\" \/>\n<meta property=\"og:description\" content=\"Delantal Cooccio by Qooqer\" \/>\n<meta property=\"og:url\" content=\"https:\/\/cooccio.com\/en\/producto\/by-qooqer-delantal\/\" \/>\n<meta property=\"og:site_name\" content=\"Coocci\u014d\" \/>\n<meta property=\"article:modified_time\" content=\"2022-04-07T17:05:48+00:00\" \/>\n<meta property=\"og:image\" content=\"https:\/\/cooccio.com\/wp-content\/uploads\/2021\/08\/13.jpg\" \/>\n\t<meta property=\"og:image:width\" content=\"756\" \/>\n\t<meta property=\"og:image:height\" content=\"888\" \/>\n\t<meta property=\"og:image:type\" content=\"image\/jpeg\" \/>\n<meta name=\"twitter:card\" content=\"summary_large_image\" \/>\n<script type=\"application\/ld+json\" class=\"yoast-schema-graph\">{\"@context\":\"https:\\\/\\\/schema.org\",\"@graph\":[{\"@type\":\"WebPage\",\"@id\":\"https:\\\/\\\/cooccio.com\\\/en\\\/producto\\\/by-qooqer-delantal\\\/\",\"url\":\"https:\\\/\\\/cooccio.com\\\/en\\\/producto\\\/by-qooqer-delantal\\\/\",\"name\":\"Delantal By Qooqer &#8212; Coocci\u014d\",\"isPartOf\":{\"@id\":\"https:\\\/\\\/cooccio.com\\\/en\\\/#website\"},\"primaryImageOfPage\":{\"@id\":\"https:\\\/\\\/cooccio.com\\\/en\\\/producto\\\/by-qooqer-delantal\\\/#primaryimage\"},\"image\":{\"@id\":\"https:\\\/\\\/cooccio.com\\\/en\\\/producto\\\/by-qooqer-delantal\\\/#primaryimage\"},\"thumbnailUrl\":\"https:\\\/\\\/cooccio.com\\\/wp-content\\\/uploads\\\/2021\\\/08\\\/13.jpg\",\"datePublished\":\"2021-08-31T09:57:03+00:00\",\"dateModified\":\"2022-04-07T17:05:48+00:00\",\"breadcrumb\":{\"@id\":\"https:\\\/\\\/cooccio.com\\\/en\\\/producto\\\/by-qooqer-delantal\\\/#breadcrumb\"},\"inLanguage\":\"en-US\",\"potentialAction\":[{\"@type\":\"ReadAction\",\"target\":[\"https:\\\/\\\/cooccio.com\\\/en\\\/producto\\\/by-qooqer-delantal\\\/\"]}]},{\"@type\":\"ImageObject\",\"inLanguage\":\"en-US\",\"@id\":\"https:\\\/\\\/cooccio.com\\\/en\\\/producto\\\/by-qooqer-delantal\\\/#primaryimage\",\"url\":\"https:\\\/\\\/cooccio.com\\\/wp-content\\\/uploads\\\/2021\\\/08\\\/13.jpg\",\"contentUrl\":\"https:\\\/\\\/cooccio.com\\\/wp-content\\\/uploads\\\/2021\\\/08\\\/13.jpg\",\"width\":756,\"height\":888},{\"@type\":\"BreadcrumbList\",\"@id\":\"https:\\\/\\\/cooccio.com\\\/en\\\/producto\\\/by-qooqer-delantal\\\/#breadcrumb\",\"itemListElement\":[{\"@type\":\"ListItem\",\"position\":1,\"name\":\"Portada\",\"item\":\"https:\\\/\\\/cooccio.com\\\/en\\\/\"},{\"@type\":\"ListItem\",\"position\":2,\"name\":\"Shop\",\"item\":\"https:\\\/\\\/cooccio.com\\\/en\\\/?page_id=3854\"},{\"@type\":\"ListItem\",\"position\":3,\"name\":\"Delantal By Qooqer\"}]},{\"@type\":\"WebSite\",\"@id\":\"https:\\\/\\\/cooccio.com\\\/en\\\/#website\",\"url\":\"https:\\\/\\\/cooccio.com\\\/en\\\/\",\"name\":\"Coocci\u014d\",\"description\":\"Professional shared Kitchens\",\"potentialAction\":[{\"@type\":\"SearchAction\",\"target\":{\"@type\":\"EntryPoint\",\"urlTemplate\":\"https:\\\/\\\/cooccio.com\\\/en\\\/?s={search_term_string}\"},\"query-input\":{\"@type\":\"PropertyValueSpecification\",\"valueRequired\":true,\"valueName\":\"search_term_string\"}}],\"inLanguage\":\"en-US\"}]}<\/script>\n<!-- \/ Yoast SEO plugin. -->","yoast_head_json":{"title":"Delantal By Qooqer &#8212; Coocci\u014d","robots":{"index":"index","follow":"follow","max-snippet":"max-snippet:-1","max-image-preview":"max-image-preview:large","max-video-preview":"max-video-preview:-1"},"canonical":"https:\/\/cooccio.com\/en\/producto\/by-qooqer-delantal\/","og_locale":"en_US","og_type":"article","og_title":"Delantal By Qooqer &#8212; Coocci\u014d","og_description":"Delantal Cooccio by Qooqer","og_url":"https:\/\/cooccio.com\/en\/producto\/by-qooqer-delantal\/","og_site_name":"Coocci\u014d","article_modified_time":"2022-04-07T17:05:48+00:00","og_image":[{"width":756,"height":888,"url":"https:\/\/cooccio.com\/wp-content\/uploads\/2021\/08\/13.jpg","type":"image\/jpeg"}],"twitter_card":"summary_large_image","schema":{"@context":"https:\/\/schema.org","@graph":[{"@type":"WebPage","@id":"https:\/\/cooccio.com\/en\/producto\/by-qooqer-delantal\/","url":"https:\/\/cooccio.com\/en\/producto\/by-qooqer-delantal\/","name":"Delantal By Qooqer &#8212; Coocci\u014d","isPartOf":{"@id":"https:\/\/cooccio.com\/en\/#website"},"primaryImageOfPage":{"@id":"https:\/\/cooccio.com\/en\/producto\/by-qooqer-delantal\/#primaryimage"},"image":{"@id":"https:\/\/cooccio.com\/en\/producto\/by-qooqer-delantal\/#primaryimage"},"thumbnailUrl":"https:\/\/cooccio.com\/wp-content\/uploads\/2021\/08\/13.jpg","datePublished":"2021-08-31T09:57:03+00:00","dateModified":"2022-04-07T17:05:48+00:00","breadcrumb":{"@id":"https:\/\/cooccio.com\/en\/producto\/by-qooqer-delantal\/#breadcrumb"},"inLanguage":"en-US","potentialAction":[{"@type":"ReadAction","target":["https:\/\/cooccio.com\/en\/producto\/by-qooqer-delantal\/"]}]},{"@type":"ImageObject","inLanguage":"en-US","@id":"https:\/\/cooccio.com\/en\/producto\/by-qooqer-delantal\/#primaryimage","url":"https:\/\/cooccio.com\/wp-content\/uploads\/2021\/08\/13.jpg","contentUrl":"https:\/\/cooccio.com\/wp-content\/uploads\/2021\/08\/13.jpg","width":756,"height":888},{"@type":"BreadcrumbList","@id":"https:\/\/cooccio.com\/en\/producto\/by-qooqer-delantal\/#breadcrumb","itemListElement":[{"@type":"ListItem","position":1,"name":"Portada","item":"https:\/\/cooccio.com\/en\/"},{"@type":"ListItem","position":2,"name":"Shop","item":"https:\/\/cooccio.com\/en\/?page_id=3854"},{"@type":"ListItem","position":3,"name":"Delantal By Qooqer"}]},{"@type":"WebSite","@id":"https:\/\/cooccio.com\/en\/#website","url":"https:\/\/cooccio.com\/en\/","name":"Coocci\u014d","description":"Professional shared Kitchens","potentialAction":[{"@type":"SearchAction","target":{"@type":"EntryPoint","urlTemplate":"https:\/\/cooccio.com\/en\/?s={search_term_string}"},"query-input":{"@type":"PropertyValueSpecification","valueRequired":true,"valueName":"search_term_string"}}],"inLanguage":"en-US"}]}},"_links":{"self":[{"href":"https:\/\/cooccio.com\/en\/wp-json\/wp\/v2\/product\/3454","targetHints":{"allow":["GET"]}}],"collection":[{"href":"https:\/\/cooccio.com\/en\/wp-json\/wp\/v2\/product"}],"about":[{"href":"https:\/\/cooccio.com\/en\/wp-json\/wp\/v2\/types\/product"}],"wp:featuredmedia":[{"embeddable":true,"href":"https:\/\/cooccio.com\/en\/wp-json\/wp\/v2\/media\/4709"}],"wp:attachment":[{"href":"https:\/\/cooccio.com\/en\/wp-json\/wp\/v2\/media?parent=3454"}],"wp:term":[{"taxonomy":"product_brand","embeddable":true,"href":"https:\/\/cooccio.com\/en\/wp-json\/wp\/v2\/product_brand?post=3454"},{"taxonomy":"product_cat","embeddable":true,"href":"https:\/\/cooccio.com\/en\/wp-json\/wp\/v2\/product_cat?post=3454"},{"taxonomy":"product_tag","embeddable":true,"href":"https:\/\/cooccio.com\/en\/wp-json\/wp\/v2\/product_tag?post=3454"}],"curies":[{"name":"wp","href":"https:\/\/api.w.org\/{rel}","templated":true}]}}