{"id":3587,"date":"2021-08-04T07:02:50","date_gmt":"2021-08-04T07:02:50","guid":{"rendered":"https:\/\/cooccio.com\/producto\/cerrado-mineiro-brasil\/"},"modified":"2022-12-10T11:05:46","modified_gmt":"2022-12-10T11:05:46","slug":"cerrado-mineiro-brasil-onyva","status":"publish","type":"product","link":"https:\/\/cooccio.com\/en\/producto\/cerrado-mineiro-brasil-onyva\/","title":{"rendered":"Cerrado Mineiro Brasil"},"content":{"rendered":"<p>Disfruta de un caf\u00e9 de especialidad de Brasil con notas achocolatadas. Disfruta su ligero acidez l\u00e1ctico y su cuerpo cremoso. Tostamos el caf\u00e9 para espresso y filtro, es un caf\u00e9 vers\u00e1til y\u00a0del agrado de\u00a0todos.<\/p>\n<p>Este caf\u00e9 est\u00e1 compuesto por granos de caf\u00e9 de las variedades Catua\u00ed y Mondo Novo.\u00a0Los granos verdes pasan por un proceso natural, aportando\u00a0complejidad a este caf\u00e9.<\/p>\n<p><strong>FORMATO:<\/strong> 250 gr.<\/p>\n","protected":false},"excerpt":{"rendered":"<p>Caf\u00e9 de especialidad de Brasil<\/p>\n","protected":false},"featured_media":2866,"template":"","meta":{"_acf_changed":false},"product_brand":[],"product_cat":[130,228,221],"product_tag":[],"class_list":{"0":"post-3587","1":"product","2":"type-product","3":"status-publish","4":"has-post-thumbnail","6":"productores-on-y-va-en","7":"product_cat-bcn-friends-en","8":"product_cat-cafe-en","9":"product_cat-vegetariano-vegano-en","11":"first","12":"outofstock","13":"shipping-taxable","14":"purchasable","15":"product-type-variable"},"acf":[],"yoast_head":"<!-- This site is optimized with the Yoast SEO plugin v27.5 - https:\/\/yoast.com\/product\/yoast-seo-wordpress\/ -->\n<title>Cerrado Mineiro Brasil On y Va &#8212; Bootiga Produtors de Barccelona<\/title>\n<meta name=\"robots\" content=\"index, follow, max-snippet:-1, max-image-preview:large, max-video-preview:-1\" \/>\n<link rel=\"canonical\" href=\"https:\/\/cooccio.com\/en\/producto\/cerrado-mineiro-brasil-onyva\/\" \/>\n<meta property=\"og:locale\" content=\"en_US\" \/>\n<meta property=\"og:type\" content=\"article\" \/>\n<meta property=\"og:title\" content=\"Cerrado Mineiro Brasil On y Va &#8212; Bootiga Produtors de Barccelona\" \/>\n<meta property=\"og:description\" content=\"Caf\u00e9 de especialidad de Brasil\" \/>\n<meta property=\"og:url\" content=\"https:\/\/cooccio.com\/en\/producto\/cerrado-mineiro-brasil-onyva\/\" \/>\n<meta property=\"og:site_name\" content=\"Coocci\u014d\" \/>\n<meta property=\"article:modified_time\" content=\"2022-12-10T11:05:46+00:00\" \/>\n<meta property=\"og:image\" content=\"https:\/\/cooccio.com\/wp-content\/uploads\/2021\/08\/CerradoMineiro.jpg\" \/>\n\t<meta property=\"og:image:width\" content=\"1200\" \/>\n\t<meta property=\"og:image:height\" content=\"835\" \/>\n\t<meta property=\"og:image:type\" content=\"image\/jpeg\" \/>\n<meta name=\"twitter:card\" content=\"summary_large_image\" \/>\n<script type=\"application\/ld+json\" class=\"yoast-schema-graph\">{\"@context\":\"https:\\\/\\\/schema.org\",\"@graph\":[{\"@type\":\"WebPage\",\"@id\":\"https:\\\/\\\/cooccio.com\\\/en\\\/producto\\\/cerrado-mineiro-brasil-onyva\\\/\",\"url\":\"https:\\\/\\\/cooccio.com\\\/en\\\/producto\\\/cerrado-mineiro-brasil-onyva\\\/\",\"name\":\"Cerrado Mineiro Brasil On y Va &#8212; Bootiga Produtors de Barccelona\",\"isPartOf\":{\"@id\":\"https:\\\/\\\/cooccio.com\\\/en\\\/#website\"},\"primaryImageOfPage\":{\"@id\":\"https:\\\/\\\/cooccio.com\\\/en\\\/producto\\\/cerrado-mineiro-brasil-onyva\\\/#primaryimage\"},\"image\":{\"@id\":\"https:\\\/\\\/cooccio.com\\\/en\\\/producto\\\/cerrado-mineiro-brasil-onyva\\\/#primaryimage\"},\"thumbnailUrl\":\"https:\\\/\\\/cooccio.com\\\/wp-content\\\/uploads\\\/2021\\\/08\\\/CerradoMineiro.jpg\",\"datePublished\":\"2021-08-04T07:02:50+00:00\",\"dateModified\":\"2022-12-10T11:05:46+00:00\",\"breadcrumb\":{\"@id\":\"https:\\\/\\\/cooccio.com\\\/en\\\/producto\\\/cerrado-mineiro-brasil-onyva\\\/#breadcrumb\"},\"inLanguage\":\"en-US\",\"potentialAction\":[{\"@type\":\"ReadAction\",\"target\":[\"https:\\\/\\\/cooccio.com\\\/en\\\/producto\\\/cerrado-mineiro-brasil-onyva\\\/\"]}]},{\"@type\":\"ImageObject\",\"inLanguage\":\"en-US\",\"@id\":\"https:\\\/\\\/cooccio.com\\\/en\\\/producto\\\/cerrado-mineiro-brasil-onyva\\\/#primaryimage\",\"url\":\"https:\\\/\\\/cooccio.com\\\/wp-content\\\/uploads\\\/2021\\\/08\\\/CerradoMineiro.jpg\",\"contentUrl\":\"https:\\\/\\\/cooccio.com\\\/wp-content\\\/uploads\\\/2021\\\/08\\\/CerradoMineiro.jpg\",\"width\":1200,\"height\":835},{\"@type\":\"BreadcrumbList\",\"@id\":\"https:\\\/\\\/cooccio.com\\\/en\\\/producto\\\/cerrado-mineiro-brasil-onyva\\\/#breadcrumb\",\"itemListElement\":[{\"@type\":\"ListItem\",\"position\":1,\"name\":\"Portada\",\"item\":\"https:\\\/\\\/cooccio.com\\\/en\\\/\"},{\"@type\":\"ListItem\",\"position\":2,\"name\":\"Shop\",\"item\":\"https:\\\/\\\/cooccio.com\\\/en\\\/?page_id=3854\"},{\"@type\":\"ListItem\",\"position\":3,\"name\":\"Cerrado Mineiro Brasil\"}]},{\"@type\":\"WebSite\",\"@id\":\"https:\\\/\\\/cooccio.com\\\/en\\\/#website\",\"url\":\"https:\\\/\\\/cooccio.com\\\/en\\\/\",\"name\":\"Coocci\u014d\",\"description\":\"Professional shared Kitchens\",\"potentialAction\":[{\"@type\":\"SearchAction\",\"target\":{\"@type\":\"EntryPoint\",\"urlTemplate\":\"https:\\\/\\\/cooccio.com\\\/en\\\/?s={search_term_string}\"},\"query-input\":{\"@type\":\"PropertyValueSpecification\",\"valueRequired\":true,\"valueName\":\"search_term_string\"}}],\"inLanguage\":\"en-US\"}]}<\/script>\n<!-- \/ Yoast SEO plugin. -->","yoast_head_json":{"title":"Cerrado Mineiro Brasil On y Va &#8212; Bootiga Produtors de Barccelona","robots":{"index":"index","follow":"follow","max-snippet":"max-snippet:-1","max-image-preview":"max-image-preview:large","max-video-preview":"max-video-preview:-1"},"canonical":"https:\/\/cooccio.com\/en\/producto\/cerrado-mineiro-brasil-onyva\/","og_locale":"en_US","og_type":"article","og_title":"Cerrado Mineiro Brasil On y Va &#8212; Bootiga Produtors de Barccelona","og_description":"Caf\u00e9 de especialidad de Brasil","og_url":"https:\/\/cooccio.com\/en\/producto\/cerrado-mineiro-brasil-onyva\/","og_site_name":"Coocci\u014d","article_modified_time":"2022-12-10T11:05:46+00:00","og_image":[{"width":1200,"height":835,"url":"https:\/\/cooccio.com\/wp-content\/uploads\/2021\/08\/CerradoMineiro.jpg","type":"image\/jpeg"}],"twitter_card":"summary_large_image","schema":{"@context":"https:\/\/schema.org","@graph":[{"@type":"WebPage","@id":"https:\/\/cooccio.com\/en\/producto\/cerrado-mineiro-brasil-onyva\/","url":"https:\/\/cooccio.com\/en\/producto\/cerrado-mineiro-brasil-onyva\/","name":"Cerrado Mineiro Brasil On y Va &#8212; Bootiga Produtors de Barccelona","isPartOf":{"@id":"https:\/\/cooccio.com\/en\/#website"},"primaryImageOfPage":{"@id":"https:\/\/cooccio.com\/en\/producto\/cerrado-mineiro-brasil-onyva\/#primaryimage"},"image":{"@id":"https:\/\/cooccio.com\/en\/producto\/cerrado-mineiro-brasil-onyva\/#primaryimage"},"thumbnailUrl":"https:\/\/cooccio.com\/wp-content\/uploads\/2021\/08\/CerradoMineiro.jpg","datePublished":"2021-08-04T07:02:50+00:00","dateModified":"2022-12-10T11:05:46+00:00","breadcrumb":{"@id":"https:\/\/cooccio.com\/en\/producto\/cerrado-mineiro-brasil-onyva\/#breadcrumb"},"inLanguage":"en-US","potentialAction":[{"@type":"ReadAction","target":["https:\/\/cooccio.com\/en\/producto\/cerrado-mineiro-brasil-onyva\/"]}]},{"@type":"ImageObject","inLanguage":"en-US","@id":"https:\/\/cooccio.com\/en\/producto\/cerrado-mineiro-brasil-onyva\/#primaryimage","url":"https:\/\/cooccio.com\/wp-content\/uploads\/2021\/08\/CerradoMineiro.jpg","contentUrl":"https:\/\/cooccio.com\/wp-content\/uploads\/2021\/08\/CerradoMineiro.jpg","width":1200,"height":835},{"@type":"BreadcrumbList","@id":"https:\/\/cooccio.com\/en\/producto\/cerrado-mineiro-brasil-onyva\/#breadcrumb","itemListElement":[{"@type":"ListItem","position":1,"name":"Portada","item":"https:\/\/cooccio.com\/en\/"},{"@type":"ListItem","position":2,"name":"Shop","item":"https:\/\/cooccio.com\/en\/?page_id=3854"},{"@type":"ListItem","position":3,"name":"Cerrado Mineiro Brasil"}]},{"@type":"WebSite","@id":"https:\/\/cooccio.com\/en\/#website","url":"https:\/\/cooccio.com\/en\/","name":"Coocci\u014d","description":"Professional shared Kitchens","potentialAction":[{"@type":"SearchAction","target":{"@type":"EntryPoint","urlTemplate":"https:\/\/cooccio.com\/en\/?s={search_term_string}"},"query-input":{"@type":"PropertyValueSpecification","valueRequired":true,"valueName":"search_term_string"}}],"inLanguage":"en-US"}]}},"_links":{"self":[{"href":"https:\/\/cooccio.com\/en\/wp-json\/wp\/v2\/product\/3587","targetHints":{"allow":["GET"]}}],"collection":[{"href":"https:\/\/cooccio.com\/en\/wp-json\/wp\/v2\/product"}],"about":[{"href":"https:\/\/cooccio.com\/en\/wp-json\/wp\/v2\/types\/product"}],"wp:featuredmedia":[{"embeddable":true,"href":"https:\/\/cooccio.com\/en\/wp-json\/wp\/v2\/media\/2866"}],"wp:attachment":[{"href":"https:\/\/cooccio.com\/en\/wp-json\/wp\/v2\/media?parent=3587"}],"wp:term":[{"taxonomy":"product_brand","embeddable":true,"href":"https:\/\/cooccio.com\/en\/wp-json\/wp\/v2\/product_brand?post=3587"},{"taxonomy":"product_cat","embeddable":true,"href":"https:\/\/cooccio.com\/en\/wp-json\/wp\/v2\/product_cat?post=3587"},{"taxonomy":"product_tag","embeddable":true,"href":"https:\/\/cooccio.com\/en\/wp-json\/wp\/v2\/product_tag?post=3587"}],"curies":[{"name":"wp","href":"https:\/\/api.w.org\/{rel}","templated":true}]}}